{"id":3195,"date":"2026-03-20T15:30:31","date_gmt":"2026-03-20T13:30:31","guid":{"rendered":"https:\/\/leptokariarealestate.gr\/product\/luksuzna-investiciona-prilika-turisticki-objekat-sa-7-soba-u-leptokariji-pieria\/"},"modified":"2026-03-20T15:30:31","modified_gmt":"2026-03-20T13:30:31","slug":"luksuzna-investiciona-prilika-turisticki-objekat-sa-7-soba-u-leptokariji-pieria","status":"publish","type":"product","link":"https:\/\/leptokariarealestate.gr\/sr\/\u043f\u0440\u043e\u0438\u0437\u0432\u043e\u0434\/luksuzna-investiciona-prilika-turisticki-objekat-sa-7-soba-u-leptokariji-pieria\/","title":{"rendered":"Luksuzna investiciona prilika \u2013 Turisti\u010dki objekat sa 7 soba u Leptokariji, Pieria"},"content":{"rendered":"<p>Luksuzna investiciona prilika \u2013 Turisti\u010dki objekat sa 7 soba u Leptokariji, Pieria<br \/>\nNa prodaju je izuzetna turisti\u010dka investiciona nekretnina na jednoj od najcentralnijih i najtra\u017eenijih lokacija na pla\u017ei Leptokarya u oblasti Pieria, koja se sastoji od 7 potpuno funkcionalnih studija (rooms to let) sme\u0161tenih u jednoj zgradi.<br \/>\nObjekat se nalazi samo 1 minut hoda od pla\u017ee Leptokarije (oko 50 metara) i nudi lep pogled na more i na veli\u010danstvenu planinu Olimp. Istovremeno, lokacija je veoma prakti\u010dna, jer se u neposrednoj blizini nalaze prodavnice, tavern\u0435, kafi\u0107i, usluge i glavni saobra\u0107ajni pravci, \u0161to ga \u010dini veoma atraktivnim za turisti\u010dku delatnost.<br \/>\nOsnovne karakteristike nekretnine<br \/>\n\u2022 7 potpuno opremljenih studija<br \/>\n\u2022 6 \u010detvorokrevetnih i 1 dvokrevetna soba<br \/>\n\u2022 Ukupna neto povr\u0161ina: 160 m\u00b2 (prizemlje)<br \/>\n\u2022 Potpuno renovirano pro\u0161le godine \u2013 u odli\u010dnom stanju<br \/>\n\u2022 Veoma lep izgled i kvalitetna gradnja<br \/>\nOprema i sadr\u017eaji<br \/>\n\u2022 Prodaje se potpuno name\u0161teno i opremljeno<br \/>\n\u2022 Uklju\u010duje:<br \/>\n\u2013 Fri\u017eidere<br \/>\n\u2013 Kuhinje<br \/>\n\u2013 Klima ure\u0111aje<br \/>\n\u2013 Tende<br \/>\n\u2013 Anatomske krevete<br \/>\n\u2022 Solarni sistem za toplu vodu<br \/>\n\u2022 Termo fasada (energetska efikasnost)<br \/>\n\u2022 Kvalitetne spoljne inox ograde<br \/>\nSpolja\u0161nji prostor i mogu\u0107nosti pro\u0161irenja<br \/>\n\u2022 Dvori\u0161te 200 m\u00b2<br \/>\n\u2022 Ostava 10 m\u00b2 u dvori\u0161tu<br \/>\n\u2022 Mogu\u0107nost dodatne gradnje do 50% gra\u0111evinskog koeficijenta, \u0161to pru\u017ea zna\u010dajan potencijal za dalji turisti\u010dki razvoj<br \/>\nRadi se o veoma atraktivnoj turisti\u010dkoj investiciji, na odli\u010dnoj lokaciji sa velikim turisti\u010dkim prometom, idealnoj za vo\u0111enje boutique sme\u0161taja ili rooms-to-let objekta, sa spremnom infrastrukturom i mogu\u0107no\u0161\u0107u trenutnog poslovanja.<br \/>\nCena: 550.000 \u20ac<br \/>\n\ud83d\udcde Telefon: +30 6932 648378<\/p>\n","protected":false},"excerpt":{"rendered":"<p>Luksuzna investiciona prilika \u2013 Turisti\u010dki objekat sa 7 soba u Leptokariji, Pieria<br \/>\nNa prodaju je izuzetna turisti\u010dka investiciona nekretnina na jednoj od najcentralnijih i najtra\u017eenijih lokacija na pla\u017ei Leptokarya u oblasti Pieria, koja se sastoji od 7 potpuno funkcionalnih studija (rooms to let) sme\u0161tenih u jednoj zgradi.<br \/>\nObjekat se nalazi samo 1 minut hoda od pla\u017ee Leptokarije (oko 50 metara) i nudi lep pogled na more i na veli\u010danstvenu planinu Olimp. Istovremeno, lokacija je veoma prakti\u010dna, jer se u neposrednoj blizini nalaze prodavnice, tavern\u0435, kafi\u0107i, usluge i glavni saobra\u0107ajni pravci, \u0161to ga \u010dini veoma atraktivnim za turisti\u010dku delatnost.<br \/>\nOsnovne karakteristike nekretnine<br \/>\n\u2022 7 potpuno opremljenih studija<br \/>\n\u2022 6 \u010detvorokrevetnih i 1 dvokrevetna soba<br \/>\n\u2022 Ukupna neto povr\u0161ina: 160 m\u00b2 (prizemlje)<br \/>\n\u2022 Potpuno renovirano pro\u0161le godine \u2013 u odli\u010dnom stanju<br \/>\n\u2022 Veoma lep izgled i kvalitetna gradnja<br \/>\nOprema i sadr\u017eaji<br \/>\n\u2022 Prodaje se potpuno name\u0161teno i opremljeno<br \/>\n\u2022 Uklju\u010duje:<br \/>\n\u2013 Fri\u017eidere<br \/>\n\u2013 Kuhinje<br \/>\n\u2013 Klima ure\u0111aje<br \/>\n\u2013 Tende<br \/>\n\u2013 Anatomske krevete<br \/>\n\u2022 Solarni sistem za toplu vodu<br \/>\n\u2022 Termo fasada (energetska efikasnost)<br \/>\n\u2022 Kvalitetne spoljne inox ograde<br \/>\nSpolja\u0161nji prostor i mogu\u0107nosti pro\u0161irenja<br \/>\n\u2022 Dvori\u0161te 200 m\u00b2<br \/>\n\u2022 Ostava 10 m\u00b2 u dvori\u0161tu<br \/>\n\u2022 Mogu\u0107nost dodatne gradnje do 50% gra\u0111evinskog koeficijenta, \u0161to pru\u017ea zna\u010dajan potencijal za dalji turisti\u010dki razvoj<br \/>\nRadi se o veoma atraktivnoj turisti\u010dkoj investiciji, na odli\u010dnoj lokaciji sa velikim turisti\u010dkim prometom, idealnoj za vo\u0111enje boutique sme\u0161taja ili rooms-to-let objekta, sa spremnom infrastrukturom i mogu\u0107no\u0161\u0107u trenutnog poslovanja.<br \/>\nCena: 550.000 \u20ac<br \/>\n\ud83d\udcde Telefon: +30 6932 648378<\/p>\n","protected":false},"featured_media":3194,"template":"","meta":[],"product_cat":[87,69,71],"product_tag":[],"yoast_head":"<!-- This site is optimized with the Yoast SEO plugin v22.8 - https:\/\/yoast.com\/wordpress\/plugins\/seo\/ -->\n<title>Luksuzna investiciona prilika \u2013 Turisti\u010dki objekat sa 7 soba u Leptokariji, Pieria - Leptokaria Real Estate<\/title>\n<meta name=\"robots\" content=\"index, follow, max-snippet:-1, max-image-preview:large, max-video-preview:-1\" \/>\n<link rel=\"canonical\" href=\"https:\/\/leptokariarealestate.gr\/sr\/\u043f\u0440\u043e\u0438\u0437\u0432\u043e\u0434\/luksuzna-investiciona-prilika-turisticki-objekat-sa-7-soba-u-leptokariji-pieria\/\" \/>\n<meta property=\"og:locale\" content=\"sr_RS\" \/>\n<meta property=\"og:type\" content=\"article\" \/>\n<meta property=\"og:title\" content=\"Luksuzna investiciona prilika \u2013 Turisti\u010dki objekat sa 7 soba u Leptokariji, Pieria - Leptokaria Real Estate\" \/>\n<meta property=\"og:description\" content=\"Luksuzna investiciona prilika \u2013 Turisti\u010dki objekat sa 7 soba u Leptokariji, Pieria Na prodaju je izuzetna turisti\u010dka investiciona nekretnina na jednoj od najcentralnijih i najtra\u017eenijih lokacija na pla\u017ei Leptokarya u oblasti Pieria, koja se sastoji od 7 potpuno funkcionalnih studija (rooms to let) sme\u0161tenih u jednoj zgradi. Objekat se nalazi samo 1 minut hoda od pla\u017ee Leptokarije (oko 50 metara) i nudi lep pogled na more i na veli\u010danstvenu planinu Olimp. Istovremeno, lokacija je veoma prakti\u010dna, jer se u neposrednoj blizini nalaze prodavnice, tavern\u0435, kafi\u0107i, usluge i glavni saobra\u0107ajni pravci, \u0161to ga \u010dini veoma atraktivnim za turisti\u010dku delatnost. Osnovne karakteristike nekretnine \u2022 7 potpuno opremljenih studija \u2022 6 \u010detvorokrevetnih i 1 dvokrevetna soba \u2022 Ukupna neto povr\u0161ina: 160 m\u00b2 (prizemlje) \u2022 Potpuno renovirano pro\u0161le godine \u2013 u odli\u010dnom stanju \u2022 Veoma lep izgled i kvalitetna gradnja Oprema i sadr\u017eaji \u2022 Prodaje se potpuno name\u0161teno i opremljeno \u2022 Uklju\u010duje: \u2013 Fri\u017eidere \u2013 Kuhinje \u2013 Klima ure\u0111aje \u2013 Tende \u2013 Anatomske krevete \u2022 Solarni sistem za toplu vodu \u2022 Termo fasada (energetska efikasnost) \u2022 Kvalitetne spoljne inox ograde Spolja\u0161nji prostor i mogu\u0107nosti pro\u0161irenja \u2022 Dvori\u0161te 200 m\u00b2 \u2022 Ostava 10 m\u00b2 u dvori\u0161tu \u2022 Mogu\u0107nost dodatne gradnje do 50% gra\u0111evinskog koeficijenta, \u0161to pru\u017ea zna\u010dajan potencijal za dalji turisti\u010dki razvoj Radi se o veoma atraktivnoj turisti\u010dkoj investiciji, na odli\u010dnoj lokaciji sa velikim turisti\u010dkim prometom, idealnoj za vo\u0111enje boutique sme\u0161taja ili rooms-to-let objekta, sa spremnom infrastrukturom i mogu\u0107no\u0161\u0107u trenutnog poslovanja. Cena: 550.000 \u20ac \ud83d\udcde Telefon: +30 6932 648378\" \/>\n<meta property=\"og:url\" content=\"https:\/\/leptokariarealestate.gr\/sr\/\u043f\u0440\u043e\u0438\u0437\u0432\u043e\u0434\/luksuzna-investiciona-prilika-turisticki-objekat-sa-7-soba-u-leptokariji-pieria\/\" \/>\n<meta property=\"og:site_name\" content=\"Leptokaria Real Estate\" \/>\n<meta property=\"article:publisher\" content=\"https:\/\/www.facebook.com\/jannis.karakitsios\" \/>\n<meta name=\"twitter:card\" content=\"summary_large_image\" \/>\n<meta name=\"twitter:label1\" content=\"\u041f\u0440\u043e\u0446\u0435\u045a\u0435\u043d\u043e \u0432\u0440\u0435\u043c\u0435 \u0447\u0438\u0442\u0430\u045a\u0430\" \/>\n\t<meta name=\"twitter:data1\" content=\"1 \u043c\u0438\u043d\u0443\u0442\" \/>\n<script type=\"application\/ld+json\" class=\"yoast-schema-graph\">{\"@context\":\"https:\/\/schema.org\",\"@graph\":[{\"@type\":\"WebPage\",\"@id\":\"https:\/\/leptokariarealestate.gr\/sr\/\u043f\u0440\u043e\u0438\u0437\u0432\u043e\u0434\/luksuzna-investiciona-prilika-turisticki-objekat-sa-7-soba-u-leptokariji-pieria\/\",\"url\":\"https:\/\/leptokariarealestate.gr\/sr\/\u043f\u0440\u043e\u0438\u0437\u0432\u043e\u0434\/luksuzna-investiciona-prilika-turisticki-objekat-sa-7-soba-u-leptokariji-pieria\/\",\"name\":\"Luksuzna investiciona prilika \u2013 Turisti\u010dki objekat sa 7 soba u Leptokariji, Pieria - Leptokaria Real Estate\",\"isPartOf\":{\"@id\":\"https:\/\/leptokariarealestate.gr\/sr\/#website\"},\"primaryImageOfPage\":{\"@id\":\"https:\/\/leptokariarealestate.gr\/sr\/\u043f\u0440\u043e\u0438\u0437\u0432\u043e\u0434\/luksuzna-investiciona-prilika-turisticki-objekat-sa-7-soba-u-leptokariji-pieria\/#primaryimage\"},\"image\":{\"@id\":\"https:\/\/leptokariarealestate.gr\/sr\/\u043f\u0440\u043e\u0438\u0437\u0432\u043e\u0434\/luksuzna-investiciona-prilika-turisticki-objekat-sa-7-soba-u-leptokariji-pieria\/#primaryimage\"},\"thumbnailUrl\":\"https:\/\/leptokariarealestate.gr\/wp-content\/uploads\/2026\/03\/viber_image_2026-03-12_12-50-37-397-1.jpg\",\"datePublished\":\"2026-03-20T13:30:31+00:00\",\"dateModified\":\"2026-03-20T13:30:31+00:00\",\"breadcrumb\":{\"@id\":\"https:\/\/leptokariarealestate.gr\/sr\/\u043f\u0440\u043e\u0438\u0437\u0432\u043e\u0434\/luksuzna-investiciona-prilika-turisticki-objekat-sa-7-soba-u-leptokariji-pieria\/#breadcrumb\"},\"inLanguage\":\"sr-RS\",\"potentialAction\":[{\"@type\":\"ReadAction\",\"target\":[\"https:\/\/leptokariarealestate.gr\/sr\/\u043f\u0440\u043e\u0438\u0437\u0432\u043e\u0434\/luksuzna-investiciona-prilika-turisticki-objekat-sa-7-soba-u-leptokariji-pieria\/\"]}]},{\"@type\":\"ImageObject\",\"inLanguage\":\"sr-RS\",\"@id\":\"https:\/\/leptokariarealestate.gr\/sr\/\u043f\u0440\u043e\u0438\u0437\u0432\u043e\u0434\/luksuzna-investiciona-prilika-turisticki-objekat-sa-7-soba-u-leptokariji-pieria\/#primaryimage\",\"url\":\"https:\/\/leptokariarealestate.gr\/wp-content\/uploads\/2026\/03\/viber_image_2026-03-12_12-50-37-397-1.jpg\",\"contentUrl\":\"https:\/\/leptokariarealestate.gr\/wp-content\/uploads\/2026\/03\/viber_image_2026-03-12_12-50-37-397-1.jpg\",\"width\":1200,\"height\":1600},{\"@type\":\"BreadcrumbList\",\"@id\":\"https:\/\/leptokariarealestate.gr\/sr\/\u043f\u0440\u043e\u0438\u0437\u0432\u043e\u0434\/luksuzna-investiciona-prilika-turisticki-objekat-sa-7-soba-u-leptokariji-pieria\/#breadcrumb\",\"itemListElement\":[{\"@type\":\"ListItem\",\"position\":1,\"name\":\"\u041d\u0435\u043a\u0440\u0435\u0442\u043d\u0438\u043d\u0435\",\"item\":\"https:\/\/leptokariarealestate.gr\/sr\/%d0%bd%d0%b5%d0%ba%d1%80%d0%b5%d1%82%d0%bd%d0%b8%d0%bd%d0%b5\/\"},{\"@type\":\"ListItem\",\"position\":2,\"name\":\"\u03a7\u03c9\u03c1\u03af\u03c2 \u03ba\u03b1\u03c4\u03b7\u03b3\u03bf\u03c1\u03af\u03b1\",\"item\":\"https:\/\/leptokariarealestate.gr\/sr\/\u043a\u0430\u0442\u0435\u0433\u043e\u0440\u0438\u0458\u0430-\u043f\u0440\u043e\u0438\u0437\u0432\u043e\u0434\u0430\/%cf%87%cf%89%cf%81%ce%af%cf%82-%ce%ba%ce%b1%cf%84%ce%b7%ce%b3%ce%bf%cf%81%ce%af%ce%b1-sr\/\"},{\"@type\":\"ListItem\",\"position\":3,\"name\":\"Luksuzna investiciona prilika \u2013 Turisti\u010dki objekat sa 7 soba u Leptokariji, Pieria\"}]},{\"@type\":\"WebSite\",\"@id\":\"https:\/\/leptokariarealestate.gr\/sr\/#website\",\"url\":\"https:\/\/leptokariarealestate.gr\/sr\/\",\"name\":\"Leptokaria Real Estate\",\"description\":\"\",\"publisher\":{\"@id\":\"https:\/\/leptokariarealestate.gr\/sr\/#organization\"},\"potentialAction\":[{\"@type\":\"SearchAction\",\"target\":{\"@type\":\"EntryPoint\",\"urlTemplate\":\"https:\/\/leptokariarealestate.gr\/sr\/?s={search_term_string}\"},\"query-input\":\"required name=search_term_string\"}],\"inLanguage\":\"sr-RS\"},{\"@type\":\"Organization\",\"@id\":\"https:\/\/leptokariarealestate.gr\/sr\/#organization\",\"name\":\"Leptokaria Real Estate\",\"url\":\"https:\/\/leptokariarealestate.gr\/sr\/\",\"logo\":{\"@type\":\"ImageObject\",\"inLanguage\":\"sr-RS\",\"@id\":\"https:\/\/leptokariarealestate.gr\/sr\/#\/schema\/logo\/image\/\",\"url\":\"https:\/\/leptokariarealestate.gr\/wp-content\/uploads\/2024\/03\/Leptokaria-Real-Estate-Logo.svg\",\"contentUrl\":\"https:\/\/leptokariarealestate.gr\/wp-content\/uploads\/2024\/03\/Leptokaria-Real-Estate-Logo.svg\",\"width\":113,\"height\":59,\"caption\":\"Leptokaria Real Estate\"},\"image\":{\"@id\":\"https:\/\/leptokariarealestate.gr\/sr\/#\/schema\/logo\/image\/\"},\"sameAs\":[\"https:\/\/www.facebook.com\/jannis.karakitsios\"]}]}<\/script>\n<!-- \/ Yoast SEO plugin. -->","yoast_head_json":{"title":"Luksuzna investiciona prilika \u2013 Turisti\u010dki objekat sa 7 soba u Leptokariji, Pieria - Leptokaria Real Estate","robots":{"index":"index","follow":"follow","max-snippet":"max-snippet:-1","max-image-preview":"max-image-preview:large","max-video-preview":"max-video-preview:-1"},"canonical":"https:\/\/leptokariarealestate.gr\/sr\/\u043f\u0440\u043e\u0438\u0437\u0432\u043e\u0434\/luksuzna-investiciona-prilika-turisticki-objekat-sa-7-soba-u-leptokariji-pieria\/","og_locale":"sr_RS","og_type":"article","og_title":"Luksuzna investiciona prilika \u2013 Turisti\u010dki objekat sa 7 soba u Leptokariji, Pieria - Leptokaria Real Estate","og_description":"Luksuzna investiciona prilika \u2013 Turisti\u010dki objekat sa 7 soba u Leptokariji, Pieria Na prodaju je izuzetna turisti\u010dka investiciona nekretnina na jednoj od najcentralnijih i najtra\u017eenijih lokacija na pla\u017ei Leptokarya u oblasti Pieria, koja se sastoji od 7 potpuno funkcionalnih studija (rooms to let) sme\u0161tenih u jednoj zgradi. Objekat se nalazi samo 1 minut hoda od pla\u017ee Leptokarije (oko 50 metara) i nudi lep pogled na more i na veli\u010danstvenu planinu Olimp. Istovremeno, lokacija je veoma prakti\u010dna, jer se u neposrednoj blizini nalaze prodavnice, tavern\u0435, kafi\u0107i, usluge i glavni saobra\u0107ajni pravci, \u0161to ga \u010dini veoma atraktivnim za turisti\u010dku delatnost. Osnovne karakteristike nekretnine \u2022 7 potpuno opremljenih studija \u2022 6 \u010detvorokrevetnih i 1 dvokrevetna soba \u2022 Ukupna neto povr\u0161ina: 160 m\u00b2 (prizemlje) \u2022 Potpuno renovirano pro\u0161le godine \u2013 u odli\u010dnom stanju \u2022 Veoma lep izgled i kvalitetna gradnja Oprema i sadr\u017eaji \u2022 Prodaje se potpuno name\u0161teno i opremljeno \u2022 Uklju\u010duje: \u2013 Fri\u017eidere \u2013 Kuhinje \u2013 Klima ure\u0111aje \u2013 Tende \u2013 Anatomske krevete \u2022 Solarni sistem za toplu vodu \u2022 Termo fasada (energetska efikasnost) \u2022 Kvalitetne spoljne inox ograde Spolja\u0161nji prostor i mogu\u0107nosti pro\u0161irenja \u2022 Dvori\u0161te 200 m\u00b2 \u2022 Ostava 10 m\u00b2 u dvori\u0161tu \u2022 Mogu\u0107nost dodatne gradnje do 50% gra\u0111evinskog koeficijenta, \u0161to pru\u017ea zna\u010dajan potencijal za dalji turisti\u010dki razvoj Radi se o veoma atraktivnoj turisti\u010dkoj investiciji, na odli\u010dnoj lokaciji sa velikim turisti\u010dkim prometom, idealnoj za vo\u0111enje boutique sme\u0161taja ili rooms-to-let objekta, sa spremnom infrastrukturom i mogu\u0107no\u0161\u0107u trenutnog poslovanja. Cena: 550.000 \u20ac \ud83d\udcde Telefon: +30 6932 648378","og_url":"https:\/\/leptokariarealestate.gr\/sr\/\u043f\u0440\u043e\u0438\u0437\u0432\u043e\u0434\/luksuzna-investiciona-prilika-turisticki-objekat-sa-7-soba-u-leptokariji-pieria\/","og_site_name":"Leptokaria Real Estate","article_publisher":"https:\/\/www.facebook.com\/jannis.karakitsios","twitter_card":"summary_large_image","twitter_misc":{"\u041f\u0440\u043e\u0446\u0435\u045a\u0435\u043d\u043e \u0432\u0440\u0435\u043c\u0435 \u0447\u0438\u0442\u0430\u045a\u0430":"1 \u043c\u0438\u043d\u0443\u0442"},"schema":{"@context":"https:\/\/schema.org","@graph":[{"@type":"WebPage","@id":"https:\/\/leptokariarealestate.gr\/sr\/\u043f\u0440\u043e\u0438\u0437\u0432\u043e\u0434\/luksuzna-investiciona-prilika-turisticki-objekat-sa-7-soba-u-leptokariji-pieria\/","url":"https:\/\/leptokariarealestate.gr\/sr\/\u043f\u0440\u043e\u0438\u0437\u0432\u043e\u0434\/luksuzna-investiciona-prilika-turisticki-objekat-sa-7-soba-u-leptokariji-pieria\/","name":"Luksuzna investiciona prilika \u2013 Turisti\u010dki objekat sa 7 soba u Leptokariji, Pieria - Leptokaria Real Estate","isPartOf":{"@id":"https:\/\/leptokariarealestate.gr\/sr\/#website"},"primaryImageOfPage":{"@id":"https:\/\/leptokariarealestate.gr\/sr\/\u043f\u0440\u043e\u0438\u0437\u0432\u043e\u0434\/luksuzna-investiciona-prilika-turisticki-objekat-sa-7-soba-u-leptokariji-pieria\/#primaryimage"},"image":{"@id":"https:\/\/leptokariarealestate.gr\/sr\/\u043f\u0440\u043e\u0438\u0437\u0432\u043e\u0434\/luksuzna-investiciona-prilika-turisticki-objekat-sa-7-soba-u-leptokariji-pieria\/#primaryimage"},"thumbnailUrl":"https:\/\/leptokariarealestate.gr\/wp-content\/uploads\/2026\/03\/viber_image_2026-03-12_12-50-37-397-1.jpg","datePublished":"2026-03-20T13:30:31+00:00","dateModified":"2026-03-20T13:30:31+00:00","breadcrumb":{"@id":"https:\/\/leptokariarealestate.gr\/sr\/\u043f\u0440\u043e\u0438\u0437\u0432\u043e\u0434\/luksuzna-investiciona-prilika-turisticki-objekat-sa-7-soba-u-leptokariji-pieria\/#breadcrumb"},"inLanguage":"sr-RS","potentialAction":[{"@type":"ReadAction","target":["https:\/\/leptokariarealestate.gr\/sr\/\u043f\u0440\u043e\u0438\u0437\u0432\u043e\u0434\/luksuzna-investiciona-prilika-turisticki-objekat-sa-7-soba-u-leptokariji-pieria\/"]}]},{"@type":"ImageObject","inLanguage":"sr-RS","@id":"https:\/\/leptokariarealestate.gr\/sr\/\u043f\u0440\u043e\u0438\u0437\u0432\u043e\u0434\/luksuzna-investiciona-prilika-turisticki-objekat-sa-7-soba-u-leptokariji-pieria\/#primaryimage","url":"https:\/\/leptokariarealestate.gr\/wp-content\/uploads\/2026\/03\/viber_image_2026-03-12_12-50-37-397-1.jpg","contentUrl":"https:\/\/leptokariarealestate.gr\/wp-content\/uploads\/2026\/03\/viber_image_2026-03-12_12-50-37-397-1.jpg","width":1200,"height":1600},{"@type":"BreadcrumbList","@id":"https:\/\/leptokariarealestate.gr\/sr\/\u043f\u0440\u043e\u0438\u0437\u0432\u043e\u0434\/luksuzna-investiciona-prilika-turisticki-objekat-sa-7-soba-u-leptokariji-pieria\/#breadcrumb","itemListElement":[{"@type":"ListItem","position":1,"name":"\u041d\u0435\u043a\u0440\u0435\u0442\u043d\u0438\u043d\u0435","item":"https:\/\/leptokariarealestate.gr\/sr\/%d0%bd%d0%b5%d0%ba%d1%80%d0%b5%d1%82%d0%bd%d0%b8%d0%bd%d0%b5\/"},{"@type":"ListItem","position":2,"name":"\u03a7\u03c9\u03c1\u03af\u03c2 \u03ba\u03b1\u03c4\u03b7\u03b3\u03bf\u03c1\u03af\u03b1","item":"https:\/\/leptokariarealestate.gr\/sr\/\u043a\u0430\u0442\u0435\u0433\u043e\u0440\u0438\u0458\u0430-\u043f\u0440\u043e\u0438\u0437\u0432\u043e\u0434\u0430\/%cf%87%cf%89%cf%81%ce%af%cf%82-%ce%ba%ce%b1%cf%84%ce%b7%ce%b3%ce%bf%cf%81%ce%af%ce%b1-sr\/"},{"@type":"ListItem","position":3,"name":"Luksuzna investiciona prilika \u2013 Turisti\u010dki objekat sa 7 soba u Leptokariji, Pieria"}]},{"@type":"WebSite","@id":"https:\/\/leptokariarealestate.gr\/sr\/#website","url":"https:\/\/leptokariarealestate.gr\/sr\/","name":"Leptokaria Real Estate","description":"","publisher":{"@id":"https:\/\/leptokariarealestate.gr\/sr\/#organization"},"potentialAction":[{"@type":"SearchAction","target":{"@type":"EntryPoint","urlTemplate":"https:\/\/leptokariarealestate.gr\/sr\/?s={search_term_string}"},"query-input":"required name=search_term_string"}],"inLanguage":"sr-RS"},{"@type":"Organization","@id":"https:\/\/leptokariarealestate.gr\/sr\/#organization","name":"Leptokaria Real Estate","url":"https:\/\/leptokariarealestate.gr\/sr\/","logo":{"@type":"ImageObject","inLanguage":"sr-RS","@id":"https:\/\/leptokariarealestate.gr\/sr\/#\/schema\/logo\/image\/","url":"https:\/\/leptokariarealestate.gr\/wp-content\/uploads\/2024\/03\/Leptokaria-Real-Estate-Logo.svg","contentUrl":"https:\/\/leptokariarealestate.gr\/wp-content\/uploads\/2024\/03\/Leptokaria-Real-Estate-Logo.svg","width":113,"height":59,"caption":"Leptokaria Real Estate"},"image":{"@id":"https:\/\/leptokariarealestate.gr\/sr\/#\/schema\/logo\/image\/"},"sameAs":["https:\/\/www.facebook.com\/jannis.karakitsios"]}]}},"_links":{"self":[{"href":"https:\/\/leptokariarealestate.gr\/sr\/wp-json\/wp\/v2\/product\/3195"}],"collection":[{"href":"https:\/\/leptokariarealestate.gr\/sr\/wp-json\/wp\/v2\/product"}],"about":[{"href":"https:\/\/leptokariarealestate.gr\/sr\/wp-json\/wp\/v2\/types\/product"}],"wp:featuredmedia":[{"embeddable":true,"href":"https:\/\/leptokariarealestate.gr\/sr\/wp-json\/wp\/v2\/media\/3194"}],"wp:attachment":[{"href":"https:\/\/leptokariarealestate.gr\/sr\/wp-json\/wp\/v2\/media?parent=3195"}],"wp:term":[{"taxonomy":"product_cat","embeddable":true,"href":"https:\/\/leptokariarealestate.gr\/sr\/wp-json\/wp\/v2\/product_cat?post=3195"},{"taxonomy":"product_tag","embeddable":true,"href":"https:\/\/leptokariarealestate.gr\/sr\/wp-json\/wp\/v2\/product_tag?post=3195"}],"curies":[{"name":"wp","href":"https:\/\/api.w.org\/{rel}","templated":true}]}}