{"id":3115,"date":"2026-03-20T15:24:49","date_gmt":"2026-03-20T13:24:49","guid":{"rendered":"https:\/\/leptokariarealestate.gr\/product\/novogradnja-luksuzne-kuce-na-samoj-obali-mora-leptokaria-pieria\/"},"modified":"2026-03-20T15:24:49","modified_gmt":"2026-03-20T13:24:49","slug":"novogradnja-luksuzne-kuce-na-samoj-obali-mora-leptokaria-pieria","status":"publish","type":"product","link":"https:\/\/leptokariarealestate.gr\/sr\/\u043f\u0440\u043e\u0438\u0437\u0432\u043e\u0434\/novogradnja-luksuzne-kuce-na-samoj-obali-mora-leptokaria-pieria\/","title":{"rendered":"NOVOGRADNJA LUKSUZNE KU\u0106E NA SAMOJ OBALI MORA | LEPTOKARIA, PIERIA"},"content":{"rendered":"<p>LUKSUZNE KU\u0106E NA SAMOJ OBALI MORA | LEPTOKARIA, PIERIA<\/p>\n<p>Na izuzetnoj lokaciji, gde se more nalazi bukvalno na va\u0161em pragu, na prodaju su dve moderno izgra\u0111ene i elegantne nekretnine \u2014 namenjene kupcima koji tra\u017ee kvalitet, privatnost i vrhunski stil \u017eivota.<br \/>\nSme\u0161tene u samom centru pla\u017ee u Leptokariji, sa neometanim i beskrajnim pogledom na Egejsko more, ove nekretnine nude jedinstveno iskustvo \u017eivota uz more.<\/p>\n<p>NEKRETNINA 1<\/p>\n<p>Stambena povr\u0161ina: 50 m\u00b2 (neto)<br \/>\nTerasa: 85 m\u00b2<br \/>\nUdaljenost od mora: oko 5 metara<br \/>\nSadr\u017ei:<br \/>\nDnevni boravak sa kuhinjom<br \/>\n1 spava\u0107u sobu<br \/>\nOstavu sa mogu\u0107no\u0161\u0107u pretvaranja u drugu spava\u0107u sobu<\/p>\n<p>Cena: 180.000\u20ac<\/p>\n<p>NEKRETNINA 2<\/p>\n<p>Stambena povr\u0161ina: 53 m\u00b2 (neto)<br \/>\nTerasa: 85 m\u00b2<br \/>\nLokacija: Odmah pored prve nekretnine, sa identi\u010dnim pogledom<br \/>\nSadr\u017ei:<br \/>\nDnevni boravak sa kuhinjom<br \/>\n1 spava\u0107u sobu<br \/>\nKupatilo<br \/>\nOstavu sa mogu\u0107no\u0161\u0107u pretvaranja u drugu spava\u0107u sobu<\/p>\n<p>Cena: 190.000\u20ac<\/p>\n<p>PREDNOSTI<br \/>\nPrva linija do mora<br \/>\nNeometan pogled na more<br \/>\nNova gradnja visokog kvaliteta<br \/>\nKlima ure\u0111aji i bojleri uklju\u010deni u cenu<br \/>\nIdealno za \u017eivot ili investiciju<\/p>\n<p>\ud83d\udcde Kontakt: +30 69 32 64 83 78<\/p>\n","protected":false},"excerpt":{"rendered":"<p>LUKSUZNE KU\u0106E NA SAMOJ OBALI MORA | LEPTOKARIA, PIERIA<br \/>\nNa izuzetnoj lokaciji, gde se more nalazi bukvalno na va\u0161em pragu, na prodaju su dve moderno izgra\u0111ene i elegantne nekretnine \u2014 namenjene kupcima koji tra\u017ee kvalitet, privatnost i vrhunski stil \u017eivota.<br \/>\nSme\u0161tene u samom centru pla\u017ee u Leptokariji, sa neometanim i beskrajnim pogledom na Egejsko more, ove nekretnine nude jedinstveno iskustvo \u017eivota uz more.<br \/>\nNEKRETNINA 1<br \/>\nStambena povr\u0161ina: 50 m\u00b2 (neto)<br \/>\nTerasa: 85 m\u00b2<br \/>\nUdaljenost od mora: oko 5 metara<br \/>\nSadr\u017ei:<br \/>\nDnevni boravak sa kuhinjom<br \/>\n1 spava\u0107u sobu<br \/>\nOstavu sa mogu\u0107no\u0161\u0107u pretvaranja u drugu spava\u0107u sobu<br \/>\nCena: 180.000\u20ac<br \/>\nNEKRETNINA 2<br \/>\nStambena povr\u0161ina: 53 m\u00b2 (neto)<br \/>\nTerasa: 85 m\u00b2<br \/>\nLokacija: Odmah pored prve nekretnine, sa identi\u010dnim pogledom<br \/>\nSadr\u017ei:<br \/>\nDnevni boravak sa kuhinjom<br \/>\n1 spava\u0107u sobu<br \/>\nKupatilo<br \/>\nOstavu sa mogu\u0107no\u0161\u0107u pretvaranja u drugu spava\u0107u sobu<br \/>\nCena: 190.000\u20ac<br \/>\nPREDNOSTI<br \/>\nPrva linija do mora<br \/>\nNeometan pogled na more<br \/>\nNova gradnja visokog kvaliteta<br \/>\nKlima ure\u0111aji i bojleri uklju\u010deni u cenu<br \/>\nIdealno za \u017eivot ili investiciju<br \/>\n\ud83d\udcde Kontakt: +30 69 32 64 83 78<\/p>\n","protected":false},"featured_media":3087,"template":"","meta":[],"product_cat":[75,87],"product_tag":[],"yoast_head":"<!-- This site is optimized with the Yoast SEO plugin v22.8 - https:\/\/yoast.com\/wordpress\/plugins\/seo\/ -->\n<title>NOVOGRADNJA LUKSUZNE KU\u0106E NA SAMOJ OBALI MORA | LEPTOKARIA, PIERIA - Leptokaria Real Estate<\/title>\n<meta name=\"robots\" content=\"index, follow, max-snippet:-1, max-image-preview:large, max-video-preview:-1\" \/>\n<link rel=\"canonical\" href=\"https:\/\/leptokariarealestate.gr\/sr\/\u043f\u0440\u043e\u0438\u0437\u0432\u043e\u0434\/novogradnja-luksuzne-kuce-na-samoj-obali-mora-leptokaria-pieria\/\" \/>\n<meta property=\"og:locale\" content=\"sr_RS\" \/>\n<meta property=\"og:type\" content=\"article\" \/>\n<meta property=\"og:title\" content=\"NOVOGRADNJA LUKSUZNE KU\u0106E NA SAMOJ OBALI MORA | LEPTOKARIA, PIERIA - Leptokaria Real Estate\" \/>\n<meta property=\"og:description\" content=\"LUKSUZNE KU\u0106E NA SAMOJ OBALI MORA | LEPTOKARIA, PIERIA Na izuzetnoj lokaciji, gde se more nalazi bukvalno na va\u0161em pragu, na prodaju su dve moderno izgra\u0111ene i elegantne nekretnine \u2014 namenjene kupcima koji tra\u017ee kvalitet, privatnost i vrhunski stil \u017eivota. Sme\u0161tene u samom centru pla\u017ee u Leptokariji, sa neometanim i beskrajnim pogledom na Egejsko more, ove nekretnine nude jedinstveno iskustvo \u017eivota uz more. NEKRETNINA 1 Stambena povr\u0161ina: 50 m\u00b2 (neto) Terasa: 85 m\u00b2 Udaljenost od mora: oko 5 metara Sadr\u017ei: Dnevni boravak sa kuhinjom 1 spava\u0107u sobu Ostavu sa mogu\u0107no\u0161\u0107u pretvaranja u drugu spava\u0107u sobu Cena: 180.000\u20ac NEKRETNINA 2 Stambena povr\u0161ina: 53 m\u00b2 (neto) Terasa: 85 m\u00b2 Lokacija: Odmah pored prve nekretnine, sa identi\u010dnim pogledom Sadr\u017ei: Dnevni boravak sa kuhinjom 1 spava\u0107u sobu Kupatilo Ostavu sa mogu\u0107no\u0161\u0107u pretvaranja u drugu spava\u0107u sobu Cena: 190.000\u20ac PREDNOSTI Prva linija do mora Neometan pogled na more Nova gradnja visokog kvaliteta Klima ure\u0111aji i bojleri uklju\u010deni u cenu Idealno za \u017eivot ili investiciju \ud83d\udcde Kontakt: +30 69 32 64 83 78\" \/>\n<meta property=\"og:url\" content=\"https:\/\/leptokariarealestate.gr\/sr\/\u043f\u0440\u043e\u0438\u0437\u0432\u043e\u0434\/novogradnja-luksuzne-kuce-na-samoj-obali-mora-leptokaria-pieria\/\" \/>\n<meta property=\"og:site_name\" content=\"Leptokaria Real Estate\" \/>\n<meta property=\"article:publisher\" content=\"https:\/\/www.facebook.com\/jannis.karakitsios\" \/>\n<meta name=\"twitter:card\" content=\"summary_large_image\" \/>\n<meta name=\"twitter:label1\" content=\"\u041f\u0440\u043e\u0446\u0435\u045a\u0435\u043d\u043e \u0432\u0440\u0435\u043c\u0435 \u0447\u0438\u0442\u0430\u045a\u0430\" \/>\n\t<meta name=\"twitter:data1\" content=\"1 \u043c\u0438\u043d\u0443\u0442\" \/>\n<script type=\"application\/ld+json\" class=\"yoast-schema-graph\">{\"@context\":\"https:\/\/schema.org\",\"@graph\":[{\"@type\":\"WebPage\",\"@id\":\"https:\/\/leptokariarealestate.gr\/sr\/\u043f\u0440\u043e\u0438\u0437\u0432\u043e\u0434\/novogradnja-luksuzne-kuce-na-samoj-obali-mora-leptokaria-pieria\/\",\"url\":\"https:\/\/leptokariarealestate.gr\/sr\/\u043f\u0440\u043e\u0438\u0437\u0432\u043e\u0434\/novogradnja-luksuzne-kuce-na-samoj-obali-mora-leptokaria-pieria\/\",\"name\":\"NOVOGRADNJA LUKSUZNE KU\u0106E NA SAMOJ OBALI MORA | LEPTOKARIA, PIERIA - Leptokaria Real Estate\",\"isPartOf\":{\"@id\":\"https:\/\/leptokariarealestate.gr\/sr\/#website\"},\"primaryImageOfPage\":{\"@id\":\"https:\/\/leptokariarealestate.gr\/sr\/\u043f\u0440\u043e\u0438\u0437\u0432\u043e\u0434\/novogradnja-luksuzne-kuce-na-samoj-obali-mora-leptokaria-pieria\/#primaryimage\"},\"image\":{\"@id\":\"https:\/\/leptokariarealestate.gr\/sr\/\u043f\u0440\u043e\u0438\u0437\u0432\u043e\u0434\/novogradnja-luksuzne-kuce-na-samoj-obali-mora-leptokaria-pieria\/#primaryimage\"},\"thumbnailUrl\":\"https:\/\/leptokariarealestate.gr\/wp-content\/uploads\/2026\/03\/viber_image_2026-03-20_12-29-30-500.jpg\",\"datePublished\":\"2026-03-20T13:24:49+00:00\",\"dateModified\":\"2026-03-20T13:24:49+00:00\",\"breadcrumb\":{\"@id\":\"https:\/\/leptokariarealestate.gr\/sr\/\u043f\u0440\u043e\u0438\u0437\u0432\u043e\u0434\/novogradnja-luksuzne-kuce-na-samoj-obali-mora-leptokaria-pieria\/#breadcrumb\"},\"inLanguage\":\"sr-RS\",\"potentialAction\":[{\"@type\":\"ReadAction\",\"target\":[\"https:\/\/leptokariarealestate.gr\/sr\/\u043f\u0440\u043e\u0438\u0437\u0432\u043e\u0434\/novogradnja-luksuzne-kuce-na-samoj-obali-mora-leptokaria-pieria\/\"]}]},{\"@type\":\"ImageObject\",\"inLanguage\":\"sr-RS\",\"@id\":\"https:\/\/leptokariarealestate.gr\/sr\/\u043f\u0440\u043e\u0438\u0437\u0432\u043e\u0434\/novogradnja-luksuzne-kuce-na-samoj-obali-mora-leptokaria-pieria\/#primaryimage\",\"url\":\"https:\/\/leptokariarealestate.gr\/wp-content\/uploads\/2026\/03\/viber_image_2026-03-20_12-29-30-500.jpg\",\"contentUrl\":\"https:\/\/leptokariarealestate.gr\/wp-content\/uploads\/2026\/03\/viber_image_2026-03-20_12-29-30-500.jpg\",\"width\":1600,\"height\":1200},{\"@type\":\"BreadcrumbList\",\"@id\":\"https:\/\/leptokariarealestate.gr\/sr\/\u043f\u0440\u043e\u0438\u0437\u0432\u043e\u0434\/novogradnja-luksuzne-kuce-na-samoj-obali-mora-leptokaria-pieria\/#breadcrumb\",\"itemListElement\":[{\"@type\":\"ListItem\",\"position\":1,\"name\":\"\u041d\u0435\u043a\u0440\u0435\u0442\u043d\u0438\u043d\u0435\",\"item\":\"https:\/\/leptokariarealestate.gr\/sr\/%d0%bd%d0%b5%d0%ba%d1%80%d0%b5%d1%82%d0%bd%d0%b8%d0%bd%d0%b5\/\"},{\"@type\":\"ListItem\",\"position\":2,\"name\":\"\u03a7\u03c9\u03c1\u03af\u03c2 \u03ba\u03b1\u03c4\u03b7\u03b3\u03bf\u03c1\u03af\u03b1\",\"item\":\"https:\/\/leptokariarealestate.gr\/sr\/\u043a\u0430\u0442\u0435\u0433\u043e\u0440\u0438\u0458\u0430-\u043f\u0440\u043e\u0438\u0437\u0432\u043e\u0434\u0430\/%cf%87%cf%89%cf%81%ce%af%cf%82-%ce%ba%ce%b1%cf%84%ce%b7%ce%b3%ce%bf%cf%81%ce%af%ce%b1-sr\/\"},{\"@type\":\"ListItem\",\"position\":3,\"name\":\"NOVOGRADNJA LUKSUZNE KU\u0106E NA SAMOJ OBALI MORA | LEPTOKARIA, PIERIA\"}]},{\"@type\":\"WebSite\",\"@id\":\"https:\/\/leptokariarealestate.gr\/sr\/#website\",\"url\":\"https:\/\/leptokariarealestate.gr\/sr\/\",\"name\":\"Leptokaria Real Estate\",\"description\":\"\",\"publisher\":{\"@id\":\"https:\/\/leptokariarealestate.gr\/sr\/#organization\"},\"potentialAction\":[{\"@type\":\"SearchAction\",\"target\":{\"@type\":\"EntryPoint\",\"urlTemplate\":\"https:\/\/leptokariarealestate.gr\/sr\/?s={search_term_string}\"},\"query-input\":\"required name=search_term_string\"}],\"inLanguage\":\"sr-RS\"},{\"@type\":\"Organization\",\"@id\":\"https:\/\/leptokariarealestate.gr\/sr\/#organization\",\"name\":\"Leptokaria Real Estate\",\"url\":\"https:\/\/leptokariarealestate.gr\/sr\/\",\"logo\":{\"@type\":\"ImageObject\",\"inLanguage\":\"sr-RS\",\"@id\":\"https:\/\/leptokariarealestate.gr\/sr\/#\/schema\/logo\/image\/\",\"url\":\"https:\/\/leptokariarealestate.gr\/wp-content\/uploads\/2024\/03\/Leptokaria-Real-Estate-Logo.svg\",\"contentUrl\":\"https:\/\/leptokariarealestate.gr\/wp-content\/uploads\/2024\/03\/Leptokaria-Real-Estate-Logo.svg\",\"width\":113,\"height\":59,\"caption\":\"Leptokaria Real Estate\"},\"image\":{\"@id\":\"https:\/\/leptokariarealestate.gr\/sr\/#\/schema\/logo\/image\/\"},\"sameAs\":[\"https:\/\/www.facebook.com\/jannis.karakitsios\"]}]}<\/script>\n<!-- \/ Yoast SEO plugin. -->","yoast_head_json":{"title":"NOVOGRADNJA LUKSUZNE KU\u0106E NA SAMOJ OBALI MORA | LEPTOKARIA, PIERIA - Leptokaria Real Estate","robots":{"index":"index","follow":"follow","max-snippet":"max-snippet:-1","max-image-preview":"max-image-preview:large","max-video-preview":"max-video-preview:-1"},"canonical":"https:\/\/leptokariarealestate.gr\/sr\/\u043f\u0440\u043e\u0438\u0437\u0432\u043e\u0434\/novogradnja-luksuzne-kuce-na-samoj-obali-mora-leptokaria-pieria\/","og_locale":"sr_RS","og_type":"article","og_title":"NOVOGRADNJA LUKSUZNE KU\u0106E NA SAMOJ OBALI MORA | LEPTOKARIA, PIERIA - Leptokaria Real Estate","og_description":"LUKSUZNE KU\u0106E NA SAMOJ OBALI MORA | LEPTOKARIA, PIERIA Na izuzetnoj lokaciji, gde se more nalazi bukvalno na va\u0161em pragu, na prodaju su dve moderno izgra\u0111ene i elegantne nekretnine \u2014 namenjene kupcima koji tra\u017ee kvalitet, privatnost i vrhunski stil \u017eivota. Sme\u0161tene u samom centru pla\u017ee u Leptokariji, sa neometanim i beskrajnim pogledom na Egejsko more, ove nekretnine nude jedinstveno iskustvo \u017eivota uz more. NEKRETNINA 1 Stambena povr\u0161ina: 50 m\u00b2 (neto) Terasa: 85 m\u00b2 Udaljenost od mora: oko 5 metara Sadr\u017ei: Dnevni boravak sa kuhinjom 1 spava\u0107u sobu Ostavu sa mogu\u0107no\u0161\u0107u pretvaranja u drugu spava\u0107u sobu Cena: 180.000\u20ac NEKRETNINA 2 Stambena povr\u0161ina: 53 m\u00b2 (neto) Terasa: 85 m\u00b2 Lokacija: Odmah pored prve nekretnine, sa identi\u010dnim pogledom Sadr\u017ei: Dnevni boravak sa kuhinjom 1 spava\u0107u sobu Kupatilo Ostavu sa mogu\u0107no\u0161\u0107u pretvaranja u drugu spava\u0107u sobu Cena: 190.000\u20ac PREDNOSTI Prva linija do mora Neometan pogled na more Nova gradnja visokog kvaliteta Klima ure\u0111aji i bojleri uklju\u010deni u cenu Idealno za \u017eivot ili investiciju \ud83d\udcde Kontakt: +30 69 32 64 83 78","og_url":"https:\/\/leptokariarealestate.gr\/sr\/\u043f\u0440\u043e\u0438\u0437\u0432\u043e\u0434\/novogradnja-luksuzne-kuce-na-samoj-obali-mora-leptokaria-pieria\/","og_site_name":"Leptokaria Real Estate","article_publisher":"https:\/\/www.facebook.com\/jannis.karakitsios","twitter_card":"summary_large_image","twitter_misc":{"\u041f\u0440\u043e\u0446\u0435\u045a\u0435\u043d\u043e \u0432\u0440\u0435\u043c\u0435 \u0447\u0438\u0442\u0430\u045a\u0430":"1 \u043c\u0438\u043d\u0443\u0442"},"schema":{"@context":"https:\/\/schema.org","@graph":[{"@type":"WebPage","@id":"https:\/\/leptokariarealestate.gr\/sr\/\u043f\u0440\u043e\u0438\u0437\u0432\u043e\u0434\/novogradnja-luksuzne-kuce-na-samoj-obali-mora-leptokaria-pieria\/","url":"https:\/\/leptokariarealestate.gr\/sr\/\u043f\u0440\u043e\u0438\u0437\u0432\u043e\u0434\/novogradnja-luksuzne-kuce-na-samoj-obali-mora-leptokaria-pieria\/","name":"NOVOGRADNJA LUKSUZNE KU\u0106E NA SAMOJ OBALI MORA | LEPTOKARIA, PIERIA - Leptokaria Real Estate","isPartOf":{"@id":"https:\/\/leptokariarealestate.gr\/sr\/#website"},"primaryImageOfPage":{"@id":"https:\/\/leptokariarealestate.gr\/sr\/\u043f\u0440\u043e\u0438\u0437\u0432\u043e\u0434\/novogradnja-luksuzne-kuce-na-samoj-obali-mora-leptokaria-pieria\/#primaryimage"},"image":{"@id":"https:\/\/leptokariarealestate.gr\/sr\/\u043f\u0440\u043e\u0438\u0437\u0432\u043e\u0434\/novogradnja-luksuzne-kuce-na-samoj-obali-mora-leptokaria-pieria\/#primaryimage"},"thumbnailUrl":"https:\/\/leptokariarealestate.gr\/wp-content\/uploads\/2026\/03\/viber_image_2026-03-20_12-29-30-500.jpg","datePublished":"2026-03-20T13:24:49+00:00","dateModified":"2026-03-20T13:24:49+00:00","breadcrumb":{"@id":"https:\/\/leptokariarealestate.gr\/sr\/\u043f\u0440\u043e\u0438\u0437\u0432\u043e\u0434\/novogradnja-luksuzne-kuce-na-samoj-obali-mora-leptokaria-pieria\/#breadcrumb"},"inLanguage":"sr-RS","potentialAction":[{"@type":"ReadAction","target":["https:\/\/leptokariarealestate.gr\/sr\/\u043f\u0440\u043e\u0438\u0437\u0432\u043e\u0434\/novogradnja-luksuzne-kuce-na-samoj-obali-mora-leptokaria-pieria\/"]}]},{"@type":"ImageObject","inLanguage":"sr-RS","@id":"https:\/\/leptokariarealestate.gr\/sr\/\u043f\u0440\u043e\u0438\u0437\u0432\u043e\u0434\/novogradnja-luksuzne-kuce-na-samoj-obali-mora-leptokaria-pieria\/#primaryimage","url":"https:\/\/leptokariarealestate.gr\/wp-content\/uploads\/2026\/03\/viber_image_2026-03-20_12-29-30-500.jpg","contentUrl":"https:\/\/leptokariarealestate.gr\/wp-content\/uploads\/2026\/03\/viber_image_2026-03-20_12-29-30-500.jpg","width":1600,"height":1200},{"@type":"BreadcrumbList","@id":"https:\/\/leptokariarealestate.gr\/sr\/\u043f\u0440\u043e\u0438\u0437\u0432\u043e\u0434\/novogradnja-luksuzne-kuce-na-samoj-obali-mora-leptokaria-pieria\/#breadcrumb","itemListElement":[{"@type":"ListItem","position":1,"name":"\u041d\u0435\u043a\u0440\u0435\u0442\u043d\u0438\u043d\u0435","item":"https:\/\/leptokariarealestate.gr\/sr\/%d0%bd%d0%b5%d0%ba%d1%80%d0%b5%d1%82%d0%bd%d0%b8%d0%bd%d0%b5\/"},{"@type":"ListItem","position":2,"name":"\u03a7\u03c9\u03c1\u03af\u03c2 \u03ba\u03b1\u03c4\u03b7\u03b3\u03bf\u03c1\u03af\u03b1","item":"https:\/\/leptokariarealestate.gr\/sr\/\u043a\u0430\u0442\u0435\u0433\u043e\u0440\u0438\u0458\u0430-\u043f\u0440\u043e\u0438\u0437\u0432\u043e\u0434\u0430\/%cf%87%cf%89%cf%81%ce%af%cf%82-%ce%ba%ce%b1%cf%84%ce%b7%ce%b3%ce%bf%cf%81%ce%af%ce%b1-sr\/"},{"@type":"ListItem","position":3,"name":"NOVOGRADNJA LUKSUZNE KU\u0106E NA SAMOJ OBALI MORA | LEPTOKARIA, PIERIA"}]},{"@type":"WebSite","@id":"https:\/\/leptokariarealestate.gr\/sr\/#website","url":"https:\/\/leptokariarealestate.gr\/sr\/","name":"Leptokaria Real Estate","description":"","publisher":{"@id":"https:\/\/leptokariarealestate.gr\/sr\/#organization"},"potentialAction":[{"@type":"SearchAction","target":{"@type":"EntryPoint","urlTemplate":"https:\/\/leptokariarealestate.gr\/sr\/?s={search_term_string}"},"query-input":"required name=search_term_string"}],"inLanguage":"sr-RS"},{"@type":"Organization","@id":"https:\/\/leptokariarealestate.gr\/sr\/#organization","name":"Leptokaria Real Estate","url":"https:\/\/leptokariarealestate.gr\/sr\/","logo":{"@type":"ImageObject","inLanguage":"sr-RS","@id":"https:\/\/leptokariarealestate.gr\/sr\/#\/schema\/logo\/image\/","url":"https:\/\/leptokariarealestate.gr\/wp-content\/uploads\/2024\/03\/Leptokaria-Real-Estate-Logo.svg","contentUrl":"https:\/\/leptokariarealestate.gr\/wp-content\/uploads\/2024\/03\/Leptokaria-Real-Estate-Logo.svg","width":113,"height":59,"caption":"Leptokaria Real Estate"},"image":{"@id":"https:\/\/leptokariarealestate.gr\/sr\/#\/schema\/logo\/image\/"},"sameAs":["https:\/\/www.facebook.com\/jannis.karakitsios"]}]}},"_links":{"self":[{"href":"https:\/\/leptokariarealestate.gr\/sr\/wp-json\/wp\/v2\/product\/3115"}],"collection":[{"href":"https:\/\/leptokariarealestate.gr\/sr\/wp-json\/wp\/v2\/product"}],"about":[{"href":"https:\/\/leptokariarealestate.gr\/sr\/wp-json\/wp\/v2\/types\/product"}],"wp:featuredmedia":[{"embeddable":true,"href":"https:\/\/leptokariarealestate.gr\/sr\/wp-json\/wp\/v2\/media\/3087"}],"wp:attachment":[{"href":"https:\/\/leptokariarealestate.gr\/sr\/wp-json\/wp\/v2\/media?parent=3115"}],"wp:term":[{"taxonomy":"product_cat","embeddable":true,"href":"https:\/\/leptokariarealestate.gr\/sr\/wp-json\/wp\/v2\/product_cat?post=3115"},{"taxonomy":"product_tag","embeddable":true,"href":"https:\/\/leptokariarealestate.gr\/sr\/wp-json\/wp\/v2\/product_tag?post=3115"}],"curies":[{"name":"wp","href":"https:\/\/api.w.org\/{rel}","templated":true}]}}