{"id":3028,"date":"2026-03-17T13:00:57","date_gmt":"2026-03-17T11:00:57","guid":{"rendered":"https:\/\/leptokariarealestate.gr\/product\/ekskluzivna-kuca-na-samoj-obali-mora-jedinstvena-vila-u-leptokariji-pieria\/"},"modified":"2026-03-17T13:00:57","modified_gmt":"2026-03-17T11:00:57","slug":"ekskluzivna-kuca-na-samoj-obali-mora-jedinstvena-vila-u-leptokariji-pieria","status":"publish","type":"product","link":"https:\/\/leptokariarealestate.gr\/sr\/\u043f\u0440\u043e\u0438\u0437\u0432\u043e\u0434\/ekskluzivna-kuca-na-samoj-obali-mora-jedinstvena-vila-u-leptokariji-pieria\/","title":{"rendered":"Ekskluzivna ku\u0107a na samoj obali mora \u2013 Jedinstvena vila u Leptokariji, Pieria"},"content":{"rendered":"<p>Ekskluzivna ku\u0107a na samoj obali mora \u2013 Jedinstvena vila u Leptokariji, Pieria<br \/>\nNa prodaju je izuzetna dvospratna ku\u0107a na samoj obali mora u mestu Leptokarya, u oblasti Pieria. Nekretnina se nalazi bukvalno na talasima, pru\u017eaju\u0107i jedinstven ose\u0107aj privatnosti i spektakularan pogled na plavetnilo mora i veli\u010danstvenu planinu Olimp.<br \/>\nKu\u0107a se nalazi na placu od 1.350 m\u00b2, sa pribli\u017eno 30 metara direktne fronte prema moru, \u0161to omogu\u0107ava potpuno otvoren i neometan pogled na obalu.<br \/>\nOsnovne karakteristike nekretnine<br \/>\n\u2022 Dvospratna ku\u0107a<br \/>\n\u2022 110 m\u00b2 neto stambenog prostora<br \/>\n\u2022 Vi\u0161e od 35 m\u00b2 prostranih balkona<br \/>\n\u2022 Neograni\u010den panoramski pogled na more i planinu Olimp<br \/>\n\u2022 Plac: 1.350 m\u00b2<br \/>\n\u2022 Oko 30 metara direktno uz more<br \/>\nRaspored prostorija<br \/>\nPrizemlje<br \/>\n\u2022 2 komforne spava\u0107e sobe<br \/>\n\u2022 Veliko kupatilo sa \u0111akuzijem \u2013 hidromasa\u017eom<br \/>\nSprat<br \/>\n\u2022 Veliki i svetao dnevni boravak<br \/>\n\u2022 Odvojena kuhinja<br \/>\n\u2022 WC<br \/>\n\u2022 Dodatni prostor za odlaganje ispod stepenica<br \/>\nOprema i sadr\u017eaji<br \/>\n\u2022 Centralno grejanje na radijatore, potpuno instalirano i funkcionalno na oba sprata (kotao i radijatori)<br \/>\n\u2022 Solarni sistem za toplu vodu<br \/>\n\u2022 Prodaje se potpuno name\u0161teno i opremljeno elektri\u010dnim ure\u0111ajima<br \/>\nGradnja i kvalitet<br \/>\nKu\u0107a se izdvaja po visokom kvalitetu gradnje i elegantnom arhitektonskom re\u0161enju.<br \/>\n\u2022 Mermer visokog kvaliteta<br \/>\n\u2022 Masivni drveni elementi<br \/>\n\u2022 Pa\u017eljivo odabrani kvalitetni i skupi gra\u0111evinski materijali<br \/>\n\u2022 \u010cvrsta i dugotrajna konstrukcija<br \/>\nOvo je retka nekretnina na samoj obali mora, idealna za privatno stanovanje ili luksuznu ku\u0107u za odmor, u jednom od najlep\u0161ih primorskih mesta oblasti Pieria, u podno\u017eju planine Olimp.<br \/>\nCena: 400.000 \u20ac<br \/>\n\ud83d\udcde Telefon: +30 6932 648378<\/p>\n","protected":false},"excerpt":{"rendered":"<p>Ekskluzivna ku\u0107a na samoj obali mora \u2013 Jedinstvena vila u Leptokariji, Pieria<br \/>\nNa prodaju je izuzetna dvospratna ku\u0107a na samoj obali mora u mestu Leptokarya, u oblasti Pieria. Nekretnina se nalazi bukvalno na talasima, pru\u017eaju\u0107i jedinstven ose\u0107aj privatnosti i spektakularan pogled na plavetnilo mora i veli\u010danstvenu planinu Olimp.<br \/>\nKu\u0107a se nalazi na placu od 1.350 m\u00b2, sa pribli\u017eno 30 metara direktne fronte prema moru, \u0161to omogu\u0107ava potpuno otvoren i neometan pogled na obalu.<br \/>\nOsnovne karakteristike nekretnine<br \/>\n\u2022 Dvospratna ku\u0107a<br \/>\n\u2022 110 m\u00b2 neto stambenog prostora<br \/>\n\u2022 Vi\u0161e od 35 m\u00b2 prostranih balkona<br \/>\n\u2022 Neograni\u010den panoramski pogled na more i planinu Olimp<br \/>\n\u2022 Plac: 1.350 m\u00b2<br \/>\n\u2022 Oko 30 metara direktno uz more<br \/>\nRaspored prostorija<br \/>\nPrizemlje<br \/>\n\u2022 2 komforne spava\u0107e sobe<br \/>\n\u2022 Veliko kupatilo sa \u0111akuzijem \u2013 hidromasa\u017eom<br \/>\nSprat<br \/>\n\u2022 Veliki i svetao dnevni boravak<br \/>\n\u2022 Odvojena kuhinja<br \/>\n\u2022 WC<br \/>\n\u2022 Dodatni prostor za odlaganje ispod stepenica<br \/>\nOprema i sadr\u017eaji<br \/>\n\u2022 Centralno grejanje na radijatore, potpuno instalirano i funkcionalno na oba sprata (kotao i radijatori)<br \/>\n\u2022 Solarni sistem za toplu vodu<br \/>\n\u2022 Prodaje se potpuno name\u0161teno i opremljeno elektri\u010dnim ure\u0111ajima<br \/>\nGradnja i kvalitet<br \/>\nKu\u0107a se izdvaja po visokom kvalitetu gradnje i elegantnom arhitektonskom re\u0161enju.<br \/>\n\u2022 Mermer visokog kvaliteta<br \/>\n\u2022 Masivni drveni elementi<br \/>\n\u2022 Pa\u017eljivo odabrani kvalitetni i skupi gra\u0111evinski materijali<br \/>\n\u2022 \u010cvrsta i dugotrajna konstrukcija<br \/>\nOvo je retka nekretnina na samoj obali mora, idealna za privatno stanovanje ili luksuznu ku\u0107u za odmor, u jednom od najlep\u0161ih primorskih mesta oblasti Pieria, u podno\u017eju planine Olimp.<br \/>\nCena: 400.000 \u20ac<br \/>\n\ud83d\udcde Telefon: +30 6932 648378<\/p>\n","protected":false},"featured_media":2970,"template":"","meta":[],"product_cat":[87,56,65],"product_tag":[],"yoast_head":"<!-- This site is optimized with the Yoast SEO plugin v22.8 - https:\/\/yoast.com\/wordpress\/plugins\/seo\/ -->\n<title>Ekskluzivna ku\u0107a na samoj obali mora \u2013 Jedinstvena vila u Leptokariji, Pieria - Leptokaria Real Estate<\/title>\n<meta name=\"robots\" content=\"index, follow, max-snippet:-1, max-image-preview:large, max-video-preview:-1\" \/>\n<link rel=\"canonical\" href=\"https:\/\/leptokariarealestate.gr\/sr\/\u043f\u0440\u043e\u0438\u0437\u0432\u043e\u0434\/ekskluzivna-kuca-na-samoj-obali-mora-jedinstvena-vila-u-leptokariji-pieria\/\" \/>\n<meta property=\"og:locale\" content=\"sr_RS\" \/>\n<meta property=\"og:type\" content=\"article\" \/>\n<meta property=\"og:title\" content=\"Ekskluzivna ku\u0107a na samoj obali mora \u2013 Jedinstvena vila u Leptokariji, Pieria - Leptokaria Real Estate\" \/>\n<meta property=\"og:description\" content=\"Ekskluzivna ku\u0107a na samoj obali mora \u2013 Jedinstvena vila u Leptokariji, Pieria Na prodaju je izuzetna dvospratna ku\u0107a na samoj obali mora u mestu Leptokarya, u oblasti Pieria. Nekretnina se nalazi bukvalno na talasima, pru\u017eaju\u0107i jedinstven ose\u0107aj privatnosti i spektakularan pogled na plavetnilo mora i veli\u010danstvenu planinu Olimp. Ku\u0107a se nalazi na placu od 1.350 m\u00b2, sa pribli\u017eno 30 metara direktne fronte prema moru, \u0161to omogu\u0107ava potpuno otvoren i neometan pogled na obalu. Osnovne karakteristike nekretnine \u2022 Dvospratna ku\u0107a \u2022 110 m\u00b2 neto stambenog prostora \u2022 Vi\u0161e od 35 m\u00b2 prostranih balkona \u2022 Neograni\u010den panoramski pogled na more i planinu Olimp \u2022 Plac: 1.350 m\u00b2 \u2022 Oko 30 metara direktno uz more Raspored prostorija Prizemlje \u2022 2 komforne spava\u0107e sobe \u2022 Veliko kupatilo sa \u0111akuzijem \u2013 hidromasa\u017eom Sprat \u2022 Veliki i svetao dnevni boravak \u2022 Odvojena kuhinja \u2022 WC \u2022 Dodatni prostor za odlaganje ispod stepenica Oprema i sadr\u017eaji \u2022 Centralno grejanje na radijatore, potpuno instalirano i funkcionalno na oba sprata (kotao i radijatori) \u2022 Solarni sistem za toplu vodu \u2022 Prodaje se potpuno name\u0161teno i opremljeno elektri\u010dnim ure\u0111ajima Gradnja i kvalitet Ku\u0107a se izdvaja po visokom kvalitetu gradnje i elegantnom arhitektonskom re\u0161enju. \u2022 Mermer visokog kvaliteta \u2022 Masivni drveni elementi \u2022 Pa\u017eljivo odabrani kvalitetni i skupi gra\u0111evinski materijali \u2022 \u010cvrsta i dugotrajna konstrukcija Ovo je retka nekretnina na samoj obali mora, idealna za privatno stanovanje ili luksuznu ku\u0107u za odmor, u jednom od najlep\u0161ih primorskih mesta oblasti Pieria, u podno\u017eju planine Olimp. Cena: 400.000 \u20ac \ud83d\udcde Telefon: +30 6932 648378\" \/>\n<meta property=\"og:url\" content=\"https:\/\/leptokariarealestate.gr\/sr\/\u043f\u0440\u043e\u0438\u0437\u0432\u043e\u0434\/ekskluzivna-kuca-na-samoj-obali-mora-jedinstvena-vila-u-leptokariji-pieria\/\" \/>\n<meta property=\"og:site_name\" content=\"Leptokaria Real Estate\" \/>\n<meta property=\"article:publisher\" content=\"https:\/\/www.facebook.com\/jannis.karakitsios\" \/>\n<meta name=\"twitter:card\" content=\"summary_large_image\" \/>\n<meta name=\"twitter:label1\" content=\"\u041f\u0440\u043e\u0446\u0435\u045a\u0435\u043d\u043e \u0432\u0440\u0435\u043c\u0435 \u0447\u0438\u0442\u0430\u045a\u0430\" \/>\n\t<meta name=\"twitter:data1\" content=\"1 \u043c\u0438\u043d\u0443\u0442\" \/>\n<script type=\"application\/ld+json\" class=\"yoast-schema-graph\">{\"@context\":\"https:\/\/schema.org\",\"@graph\":[{\"@type\":\"WebPage\",\"@id\":\"https:\/\/leptokariarealestate.gr\/sr\/\u043f\u0440\u043e\u0438\u0437\u0432\u043e\u0434\/ekskluzivna-kuca-na-samoj-obali-mora-jedinstvena-vila-u-leptokariji-pieria\/\",\"url\":\"https:\/\/leptokariarealestate.gr\/sr\/\u043f\u0440\u043e\u0438\u0437\u0432\u043e\u0434\/ekskluzivna-kuca-na-samoj-obali-mora-jedinstvena-vila-u-leptokariji-pieria\/\",\"name\":\"Ekskluzivna ku\u0107a na samoj obali mora \u2013 Jedinstvena vila u Leptokariji, Pieria - Leptokaria Real Estate\",\"isPartOf\":{\"@id\":\"https:\/\/leptokariarealestate.gr\/sr\/#website\"},\"primaryImageOfPage\":{\"@id\":\"https:\/\/leptokariarealestate.gr\/sr\/\u043f\u0440\u043e\u0438\u0437\u0432\u043e\u0434\/ekskluzivna-kuca-na-samoj-obali-mora-jedinstvena-vila-u-leptokariji-pieria\/#primaryimage\"},\"image\":{\"@id\":\"https:\/\/leptokariarealestate.gr\/sr\/\u043f\u0440\u043e\u0438\u0437\u0432\u043e\u0434\/ekskluzivna-kuca-na-samoj-obali-mora-jedinstvena-vila-u-leptokariji-pieria\/#primaryimage\"},\"thumbnailUrl\":\"https:\/\/leptokariarealestate.gr\/wp-content\/uploads\/2026\/03\/viber_image_2026-03-11_12-28-01-316-1.jpg\",\"datePublished\":\"2026-03-17T11:00:57+00:00\",\"dateModified\":\"2026-03-17T11:00:57+00:00\",\"breadcrumb\":{\"@id\":\"https:\/\/leptokariarealestate.gr\/sr\/\u043f\u0440\u043e\u0438\u0437\u0432\u043e\u0434\/ekskluzivna-kuca-na-samoj-obali-mora-jedinstvena-vila-u-leptokariji-pieria\/#breadcrumb\"},\"inLanguage\":\"sr-RS\",\"potentialAction\":[{\"@type\":\"ReadAction\",\"target\":[\"https:\/\/leptokariarealestate.gr\/sr\/\u043f\u0440\u043e\u0438\u0437\u0432\u043e\u0434\/ekskluzivna-kuca-na-samoj-obali-mora-jedinstvena-vila-u-leptokariji-pieria\/\"]}]},{\"@type\":\"ImageObject\",\"inLanguage\":\"sr-RS\",\"@id\":\"https:\/\/leptokariarealestate.gr\/sr\/\u043f\u0440\u043e\u0438\u0437\u0432\u043e\u0434\/ekskluzivna-kuca-na-samoj-obali-mora-jedinstvena-vila-u-leptokariji-pieria\/#primaryimage\",\"url\":\"https:\/\/leptokariarealestate.gr\/wp-content\/uploads\/2026\/03\/viber_image_2026-03-11_12-28-01-316-1.jpg\",\"contentUrl\":\"https:\/\/leptokariarealestate.gr\/wp-content\/uploads\/2026\/03\/viber_image_2026-03-11_12-28-01-316-1.jpg\",\"width\":1600,\"height\":1200},{\"@type\":\"BreadcrumbList\",\"@id\":\"https:\/\/leptokariarealestate.gr\/sr\/\u043f\u0440\u043e\u0438\u0437\u0432\u043e\u0434\/ekskluzivna-kuca-na-samoj-obali-mora-jedinstvena-vila-u-leptokariji-pieria\/#breadcrumb\",\"itemListElement\":[{\"@type\":\"ListItem\",\"position\":1,\"name\":\"\u041d\u0435\u043a\u0440\u0435\u0442\u043d\u0438\u043d\u0435\",\"item\":\"https:\/\/leptokariarealestate.gr\/sr\/%d0%bd%d0%b5%d0%ba%d1%80%d0%b5%d1%82%d0%bd%d0%b8%d0%bd%d0%b5\/\"},{\"@type\":\"ListItem\",\"position\":2,\"name\":\"\u03a7\u03c9\u03c1\u03af\u03c2 \u03ba\u03b1\u03c4\u03b7\u03b3\u03bf\u03c1\u03af\u03b1\",\"item\":\"https:\/\/leptokariarealestate.gr\/sr\/\u043a\u0430\u0442\u0435\u0433\u043e\u0440\u0438\u0458\u0430-\u043f\u0440\u043e\u0438\u0437\u0432\u043e\u0434\u0430\/%cf%87%cf%89%cf%81%ce%af%cf%82-%ce%ba%ce%b1%cf%84%ce%b7%ce%b3%ce%bf%cf%81%ce%af%ce%b1-sr\/\"},{\"@type\":\"ListItem\",\"position\":3,\"name\":\"Ekskluzivna ku\u0107a na samoj obali mora \u2013 Jedinstvena vila u Leptokariji, Pieria\"}]},{\"@type\":\"WebSite\",\"@id\":\"https:\/\/leptokariarealestate.gr\/sr\/#website\",\"url\":\"https:\/\/leptokariarealestate.gr\/sr\/\",\"name\":\"Leptokaria Real Estate\",\"description\":\"\",\"publisher\":{\"@id\":\"https:\/\/leptokariarealestate.gr\/sr\/#organization\"},\"potentialAction\":[{\"@type\":\"SearchAction\",\"target\":{\"@type\":\"EntryPoint\",\"urlTemplate\":\"https:\/\/leptokariarealestate.gr\/sr\/?s={search_term_string}\"},\"query-input\":\"required name=search_term_string\"}],\"inLanguage\":\"sr-RS\"},{\"@type\":\"Organization\",\"@id\":\"https:\/\/leptokariarealestate.gr\/sr\/#organization\",\"name\":\"Leptokaria Real Estate\",\"url\":\"https:\/\/leptokariarealestate.gr\/sr\/\",\"logo\":{\"@type\":\"ImageObject\",\"inLanguage\":\"sr-RS\",\"@id\":\"https:\/\/leptokariarealestate.gr\/sr\/#\/schema\/logo\/image\/\",\"url\":\"https:\/\/leptokariarealestate.gr\/wp-content\/uploads\/2024\/03\/Leptokaria-Real-Estate-Logo.svg\",\"contentUrl\":\"https:\/\/leptokariarealestate.gr\/wp-content\/uploads\/2024\/03\/Leptokaria-Real-Estate-Logo.svg\",\"width\":113,\"height\":59,\"caption\":\"Leptokaria Real Estate\"},\"image\":{\"@id\":\"https:\/\/leptokariarealestate.gr\/sr\/#\/schema\/logo\/image\/\"},\"sameAs\":[\"https:\/\/www.facebook.com\/jannis.karakitsios\"]}]}<\/script>\n<!-- \/ Yoast SEO plugin. -->","yoast_head_json":{"title":"Ekskluzivna ku\u0107a na samoj obali mora \u2013 Jedinstvena vila u Leptokariji, Pieria - Leptokaria Real Estate","robots":{"index":"index","follow":"follow","max-snippet":"max-snippet:-1","max-image-preview":"max-image-preview:large","max-video-preview":"max-video-preview:-1"},"canonical":"https:\/\/leptokariarealestate.gr\/sr\/\u043f\u0440\u043e\u0438\u0437\u0432\u043e\u0434\/ekskluzivna-kuca-na-samoj-obali-mora-jedinstvena-vila-u-leptokariji-pieria\/","og_locale":"sr_RS","og_type":"article","og_title":"Ekskluzivna ku\u0107a na samoj obali mora \u2013 Jedinstvena vila u Leptokariji, Pieria - Leptokaria Real Estate","og_description":"Ekskluzivna ku\u0107a na samoj obali mora \u2013 Jedinstvena vila u Leptokariji, Pieria Na prodaju je izuzetna dvospratna ku\u0107a na samoj obali mora u mestu Leptokarya, u oblasti Pieria. Nekretnina se nalazi bukvalno na talasima, pru\u017eaju\u0107i jedinstven ose\u0107aj privatnosti i spektakularan pogled na plavetnilo mora i veli\u010danstvenu planinu Olimp. Ku\u0107a se nalazi na placu od 1.350 m\u00b2, sa pribli\u017eno 30 metara direktne fronte prema moru, \u0161to omogu\u0107ava potpuno otvoren i neometan pogled na obalu. Osnovne karakteristike nekretnine \u2022 Dvospratna ku\u0107a \u2022 110 m\u00b2 neto stambenog prostora \u2022 Vi\u0161e od 35 m\u00b2 prostranih balkona \u2022 Neograni\u010den panoramski pogled na more i planinu Olimp \u2022 Plac: 1.350 m\u00b2 \u2022 Oko 30 metara direktno uz more Raspored prostorija Prizemlje \u2022 2 komforne spava\u0107e sobe \u2022 Veliko kupatilo sa \u0111akuzijem \u2013 hidromasa\u017eom Sprat \u2022 Veliki i svetao dnevni boravak \u2022 Odvojena kuhinja \u2022 WC \u2022 Dodatni prostor za odlaganje ispod stepenica Oprema i sadr\u017eaji \u2022 Centralno grejanje na radijatore, potpuno instalirano i funkcionalno na oba sprata (kotao i radijatori) \u2022 Solarni sistem za toplu vodu \u2022 Prodaje se potpuno name\u0161teno i opremljeno elektri\u010dnim ure\u0111ajima Gradnja i kvalitet Ku\u0107a se izdvaja po visokom kvalitetu gradnje i elegantnom arhitektonskom re\u0161enju. \u2022 Mermer visokog kvaliteta \u2022 Masivni drveni elementi \u2022 Pa\u017eljivo odabrani kvalitetni i skupi gra\u0111evinski materijali \u2022 \u010cvrsta i dugotrajna konstrukcija Ovo je retka nekretnina na samoj obali mora, idealna za privatno stanovanje ili luksuznu ku\u0107u za odmor, u jednom od najlep\u0161ih primorskih mesta oblasti Pieria, u podno\u017eju planine Olimp. Cena: 400.000 \u20ac \ud83d\udcde Telefon: +30 6932 648378","og_url":"https:\/\/leptokariarealestate.gr\/sr\/\u043f\u0440\u043e\u0438\u0437\u0432\u043e\u0434\/ekskluzivna-kuca-na-samoj-obali-mora-jedinstvena-vila-u-leptokariji-pieria\/","og_site_name":"Leptokaria Real Estate","article_publisher":"https:\/\/www.facebook.com\/jannis.karakitsios","twitter_card":"summary_large_image","twitter_misc":{"\u041f\u0440\u043e\u0446\u0435\u045a\u0435\u043d\u043e \u0432\u0440\u0435\u043c\u0435 \u0447\u0438\u0442\u0430\u045a\u0430":"1 \u043c\u0438\u043d\u0443\u0442"},"schema":{"@context":"https:\/\/schema.org","@graph":[{"@type":"WebPage","@id":"https:\/\/leptokariarealestate.gr\/sr\/\u043f\u0440\u043e\u0438\u0437\u0432\u043e\u0434\/ekskluzivna-kuca-na-samoj-obali-mora-jedinstvena-vila-u-leptokariji-pieria\/","url":"https:\/\/leptokariarealestate.gr\/sr\/\u043f\u0440\u043e\u0438\u0437\u0432\u043e\u0434\/ekskluzivna-kuca-na-samoj-obali-mora-jedinstvena-vila-u-leptokariji-pieria\/","name":"Ekskluzivna ku\u0107a na samoj obali mora \u2013 Jedinstvena vila u Leptokariji, Pieria - Leptokaria Real Estate","isPartOf":{"@id":"https:\/\/leptokariarealestate.gr\/sr\/#website"},"primaryImageOfPage":{"@id":"https:\/\/leptokariarealestate.gr\/sr\/\u043f\u0440\u043e\u0438\u0437\u0432\u043e\u0434\/ekskluzivna-kuca-na-samoj-obali-mora-jedinstvena-vila-u-leptokariji-pieria\/#primaryimage"},"image":{"@id":"https:\/\/leptokariarealestate.gr\/sr\/\u043f\u0440\u043e\u0438\u0437\u0432\u043e\u0434\/ekskluzivna-kuca-na-samoj-obali-mora-jedinstvena-vila-u-leptokariji-pieria\/#primaryimage"},"thumbnailUrl":"https:\/\/leptokariarealestate.gr\/wp-content\/uploads\/2026\/03\/viber_image_2026-03-11_12-28-01-316-1.jpg","datePublished":"2026-03-17T11:00:57+00:00","dateModified":"2026-03-17T11:00:57+00:00","breadcrumb":{"@id":"https:\/\/leptokariarealestate.gr\/sr\/\u043f\u0440\u043e\u0438\u0437\u0432\u043e\u0434\/ekskluzivna-kuca-na-samoj-obali-mora-jedinstvena-vila-u-leptokariji-pieria\/#breadcrumb"},"inLanguage":"sr-RS","potentialAction":[{"@type":"ReadAction","target":["https:\/\/leptokariarealestate.gr\/sr\/\u043f\u0440\u043e\u0438\u0437\u0432\u043e\u0434\/ekskluzivna-kuca-na-samoj-obali-mora-jedinstvena-vila-u-leptokariji-pieria\/"]}]},{"@type":"ImageObject","inLanguage":"sr-RS","@id":"https:\/\/leptokariarealestate.gr\/sr\/\u043f\u0440\u043e\u0438\u0437\u0432\u043e\u0434\/ekskluzivna-kuca-na-samoj-obali-mora-jedinstvena-vila-u-leptokariji-pieria\/#primaryimage","url":"https:\/\/leptokariarealestate.gr\/wp-content\/uploads\/2026\/03\/viber_image_2026-03-11_12-28-01-316-1.jpg","contentUrl":"https:\/\/leptokariarealestate.gr\/wp-content\/uploads\/2026\/03\/viber_image_2026-03-11_12-28-01-316-1.jpg","width":1600,"height":1200},{"@type":"BreadcrumbList","@id":"https:\/\/leptokariarealestate.gr\/sr\/\u043f\u0440\u043e\u0438\u0437\u0432\u043e\u0434\/ekskluzivna-kuca-na-samoj-obali-mora-jedinstvena-vila-u-leptokariji-pieria\/#breadcrumb","itemListElement":[{"@type":"ListItem","position":1,"name":"\u041d\u0435\u043a\u0440\u0435\u0442\u043d\u0438\u043d\u0435","item":"https:\/\/leptokariarealestate.gr\/sr\/%d0%bd%d0%b5%d0%ba%d1%80%d0%b5%d1%82%d0%bd%d0%b8%d0%bd%d0%b5\/"},{"@type":"ListItem","position":2,"name":"\u03a7\u03c9\u03c1\u03af\u03c2 \u03ba\u03b1\u03c4\u03b7\u03b3\u03bf\u03c1\u03af\u03b1","item":"https:\/\/leptokariarealestate.gr\/sr\/\u043a\u0430\u0442\u0435\u0433\u043e\u0440\u0438\u0458\u0430-\u043f\u0440\u043e\u0438\u0437\u0432\u043e\u0434\u0430\/%cf%87%cf%89%cf%81%ce%af%cf%82-%ce%ba%ce%b1%cf%84%ce%b7%ce%b3%ce%bf%cf%81%ce%af%ce%b1-sr\/"},{"@type":"ListItem","position":3,"name":"Ekskluzivna ku\u0107a na samoj obali mora \u2013 Jedinstvena vila u Leptokariji, Pieria"}]},{"@type":"WebSite","@id":"https:\/\/leptokariarealestate.gr\/sr\/#website","url":"https:\/\/leptokariarealestate.gr\/sr\/","name":"Leptokaria Real Estate","description":"","publisher":{"@id":"https:\/\/leptokariarealestate.gr\/sr\/#organization"},"potentialAction":[{"@type":"SearchAction","target":{"@type":"EntryPoint","urlTemplate":"https:\/\/leptokariarealestate.gr\/sr\/?s={search_term_string}"},"query-input":"required name=search_term_string"}],"inLanguage":"sr-RS"},{"@type":"Organization","@id":"https:\/\/leptokariarealestate.gr\/sr\/#organization","name":"Leptokaria Real Estate","url":"https:\/\/leptokariarealestate.gr\/sr\/","logo":{"@type":"ImageObject","inLanguage":"sr-RS","@id":"https:\/\/leptokariarealestate.gr\/sr\/#\/schema\/logo\/image\/","url":"https:\/\/leptokariarealestate.gr\/wp-content\/uploads\/2024\/03\/Leptokaria-Real-Estate-Logo.svg","contentUrl":"https:\/\/leptokariarealestate.gr\/wp-content\/uploads\/2024\/03\/Leptokaria-Real-Estate-Logo.svg","width":113,"height":59,"caption":"Leptokaria Real Estate"},"image":{"@id":"https:\/\/leptokariarealestate.gr\/sr\/#\/schema\/logo\/image\/"},"sameAs":["https:\/\/www.facebook.com\/jannis.karakitsios"]}]}},"_links":{"self":[{"href":"https:\/\/leptokariarealestate.gr\/sr\/wp-json\/wp\/v2\/product\/3028"}],"collection":[{"href":"https:\/\/leptokariarealestate.gr\/sr\/wp-json\/wp\/v2\/product"}],"about":[{"href":"https:\/\/leptokariarealestate.gr\/sr\/wp-json\/wp\/v2\/types\/product"}],"wp:featuredmedia":[{"embeddable":true,"href":"https:\/\/leptokariarealestate.gr\/sr\/wp-json\/wp\/v2\/media\/2970"}],"wp:attachment":[{"href":"https:\/\/leptokariarealestate.gr\/sr\/wp-json\/wp\/v2\/media?parent=3028"}],"wp:term":[{"taxonomy":"product_cat","embeddable":true,"href":"https:\/\/leptokariarealestate.gr\/sr\/wp-json\/wp\/v2\/product_cat?post=3028"},{"taxonomy":"product_tag","embeddable":true,"href":"https:\/\/leptokariarealestate.gr\/sr\/wp-json\/wp\/v2\/product_tag?post=3028"}],"curies":[{"name":"wp","href":"https:\/\/api.w.org\/{rel}","templated":true}]}}