{"id":2908,"date":"2026-03-11T14:25:42","date_gmt":"2026-03-11T12:25:42","guid":{"rendered":"https:\/\/leptokariarealestate.gr\/product\/na-prodaju-novi-stanovi-leptokarya-pieria\/"},"modified":"2026-03-20T11:38:35","modified_gmt":"2026-03-20T09:38:35","slug":"na-prodaju-novi-stanovi-leptokarya-pieria","status":"publish","type":"product","link":"https:\/\/leptokariarealestate.gr\/sr\/\u043f\u0440\u043e\u0438\u0437\u0432\u043e\u0434\/na-prodaju-novi-stanovi-leptokarya-pieria\/","title":{"rendered":"Na prodaju novi stanovi \u2013 Leptokaria, Pieria"},"content":{"rendered":"<p>Na prodaju novi stanovi \u2013 Leptokarya, Pieria (Gr\u010dka)<\/p>\n<p>U ponudi su moderni i elegantni novogradnja stanovi na izuzetnoj lokaciji u mestu Leptokarya, Pieria, koji kombinuju visok kvalitet gradnje, savremen dizajn i spektakularan pogled na more i planinu Olimp.<\/p>\n<p>Karakteristike nekretnine<br \/>\n\u2022 Stanovi na prvom spratu<br \/>\n\u2022 32 m\u00b2 neto stambenog prostora<br \/>\n\u2022 10 m\u00b2 prostranih balkona<br \/>\n\u2022 Neograni\u010den panoramski pogled na Olimp i more<br \/>\n\u2022 Samo 500 metara od pla\u017ee<br \/>\n\u2022 100 metara od centra Leptokarye<\/p>\n<p>Lokacija<br \/>\n\u2022 Nalazi se na izuzetno atraktivnoj lokaciji<br \/>\n\u2022 Brz pristup prodavnicama, kafi\u0107ima, javnim slu\u017ebama i glavnim saobra\u0107ajnim pravcima<br \/>\n\u2022 Idealno mesto koje kombinuje mir, prirodnu lepotu i svakodnevnu prakti\u010dnost<\/p>\n<p>Gradnja i arhitektura<br \/>\n\u2022 Savremena i kvalitetna gradnja<br \/>\n\u2022 Kori\u0161\u0107eni materijali visokog kvaliteta<br \/>\n\u2022 Odli\u010dan arhitektonski projekat i moderan dizajn<br \/>\n\u2022 Spolja\u0161nji deo zgrade bi\u0107e oblo\u017een prirodnim kamenom, \u0161to daje eleganciju, dugotrajnost i presti\u017e<\/p>\n<p>Stanovi predstavljaju odli\u010dan izbor za stalni boravak, ku\u0107u za odmor ili investiciju, u jednom od najlep\u0161ih primorskih mesta u oblasti Pieria, u podno\u017eju planine Olimp.<\/p>\n<p>Cena: 76.000 \u20ac<\/p>\n<p>+30 69 32 64 83 78 <\/p>\n","protected":false},"excerpt":{"rendered":"<p>Na prodaju novi stanovi \u2013 Leptokarya, Pieria (Gr\u010dka)<br \/>\nU ponudi su moderni i elegantni novogradnja stanovi na izuzetnoj lokaciji u mestu Leptokarya, Pieria, koji kombinuju visok kvalitet gradnje, savremen dizajn i spektakularan pogled na more i planinu Olimp.<br \/>\nKarakteristike nekretnine<br \/>\n\u2022 Stanovi na prvom spratu<br \/>\n\u2022 32 m\u00b2 neto stambenog prostora<br \/>\n\u2022 10 m\u00b2 prostranih balkona<br \/>\n\u2022 Neograni\u010den panoramski pogled na Olimp i more<br \/>\n\u2022 Samo 500 metara od pla\u017ee<br \/>\n\u2022 100 metara od centra Leptokarye<br \/>\nLokacija<br \/>\n\u2022 Nalazi se na izuzetno atraktivnoj lokaciji<br \/>\n\u2022 Brz pristup prodavnicama, kafi\u0107ima, javnim slu\u017ebama i glavnim saobra\u0107ajnim pravcima<br \/>\n\u2022 Idealno mesto koje kombinuje mir, prirodnu lepotu i svakodnevnu prakti\u010dnost<br \/>\nGradnja i arhitektura<br \/>\n\u2022 Savremena i kvalitetna gradnja<br \/>\n\u2022 Kori\u0161\u0107eni materijali visokog kvaliteta<br \/>\n\u2022 Odli\u010dan arhitektonski projekat i moderan dizajn<br \/>\n\u2022 Spolja\u0161nji deo zgrade bi\u0107e oblo\u017een prirodnim kamenom, \u0161to daje eleganciju, dugotrajnost i presti\u017e<br \/>\nStanovi predstavljaju odli\u010dan izbor za stalni boravak, ku\u0107u za odmor ili investiciju, u jednom od najlep\u0161ih primorskih mesta u oblasti Pieria, u podno\u017eju planine Olimp.<br \/>\nCena: 76.000 \u20ac<br \/>\n+30 69 32 64 83 78 <\/p>\n","protected":false},"featured_media":2907,"template":"","meta":[],"product_cat":[75,87],"product_tag":[],"yoast_head":"<!-- This site is optimized with the Yoast SEO plugin v22.8 - https:\/\/yoast.com\/wordpress\/plugins\/seo\/ -->\n<title>Na prodaju novi stanovi \u2013 Leptokaria, Pieria - Leptokaria Real Estate<\/title>\n<meta name=\"robots\" content=\"index, follow, max-snippet:-1, max-image-preview:large, max-video-preview:-1\" \/>\n<link rel=\"canonical\" href=\"https:\/\/leptokariarealestate.gr\/sr\/\u043f\u0440\u043e\u0438\u0437\u0432\u043e\u0434\/na-prodaju-novi-stanovi-leptokarya-pieria\/\" \/>\n<meta property=\"og:locale\" content=\"sr_RS\" \/>\n<meta property=\"og:type\" content=\"article\" \/>\n<meta property=\"og:title\" content=\"Na prodaju novi stanovi \u2013 Leptokaria, Pieria - Leptokaria Real Estate\" \/>\n<meta property=\"og:description\" content=\"Na prodaju novi stanovi \u2013 Leptokarya, Pieria (Gr\u010dka) U ponudi su moderni i elegantni novogradnja stanovi na izuzetnoj lokaciji u mestu Leptokarya, Pieria, koji kombinuju visok kvalitet gradnje, savremen dizajn i spektakularan pogled na more i planinu Olimp. Karakteristike nekretnine \u2022 Stanovi na prvom spratu \u2022 32 m\u00b2 neto stambenog prostora \u2022 10 m\u00b2 prostranih balkona \u2022 Neograni\u010den panoramski pogled na Olimp i more \u2022 Samo 500 metara od pla\u017ee \u2022 100 metara od centra Leptokarye Lokacija \u2022 Nalazi se na izuzetno atraktivnoj lokaciji \u2022 Brz pristup prodavnicama, kafi\u0107ima, javnim slu\u017ebama i glavnim saobra\u0107ajnim pravcima \u2022 Idealno mesto koje kombinuje mir, prirodnu lepotu i svakodnevnu prakti\u010dnost Gradnja i arhitektura \u2022 Savremena i kvalitetna gradnja \u2022 Kori\u0161\u0107eni materijali visokog kvaliteta \u2022 Odli\u010dan arhitektonski projekat i moderan dizajn \u2022 Spolja\u0161nji deo zgrade bi\u0107e oblo\u017een prirodnim kamenom, \u0161to daje eleganciju, dugotrajnost i presti\u017e Stanovi predstavljaju odli\u010dan izbor za stalni boravak, ku\u0107u za odmor ili investiciju, u jednom od najlep\u0161ih primorskih mesta u oblasti Pieria, u podno\u017eju planine Olimp. Cena: 76.000 \u20ac +30 69 32 64 83 78\" \/>\n<meta property=\"og:url\" content=\"https:\/\/leptokariarealestate.gr\/sr\/\u043f\u0440\u043e\u0438\u0437\u0432\u043e\u0434\/na-prodaju-novi-stanovi-leptokarya-pieria\/\" \/>\n<meta property=\"og:site_name\" content=\"Leptokaria Real Estate\" \/>\n<meta property=\"article:publisher\" content=\"https:\/\/www.facebook.com\/jannis.karakitsios\" \/>\n<meta property=\"article:modified_time\" content=\"2026-03-20T09:38:35+00:00\" \/>\n<meta name=\"twitter:card\" content=\"summary_large_image\" \/>\n<meta name=\"twitter:label1\" content=\"\u041f\u0440\u043e\u0446\u0435\u045a\u0435\u043d\u043e \u0432\u0440\u0435\u043c\u0435 \u0447\u0438\u0442\u0430\u045a\u0430\" \/>\n\t<meta name=\"twitter:data1\" content=\"1 \u043c\u0438\u043d\u0443\u0442\" \/>\n<script type=\"application\/ld+json\" class=\"yoast-schema-graph\">{\"@context\":\"https:\/\/schema.org\",\"@graph\":[{\"@type\":\"WebPage\",\"@id\":\"https:\/\/leptokariarealestate.gr\/sr\/\u043f\u0440\u043e\u0438\u0437\u0432\u043e\u0434\/na-prodaju-novi-stanovi-leptokarya-pieria\/\",\"url\":\"https:\/\/leptokariarealestate.gr\/sr\/\u043f\u0440\u043e\u0438\u0437\u0432\u043e\u0434\/na-prodaju-novi-stanovi-leptokarya-pieria\/\",\"name\":\"Na prodaju novi stanovi \u2013 Leptokaria, Pieria - Leptokaria Real Estate\",\"isPartOf\":{\"@id\":\"https:\/\/leptokariarealestate.gr\/sr\/#website\"},\"primaryImageOfPage\":{\"@id\":\"https:\/\/leptokariarealestate.gr\/sr\/\u043f\u0440\u043e\u0438\u0437\u0432\u043e\u0434\/na-prodaju-novi-stanovi-leptokarya-pieria\/#primaryimage\"},\"image\":{\"@id\":\"https:\/\/leptokariarealestate.gr\/sr\/\u043f\u0440\u043e\u0438\u0437\u0432\u043e\u0434\/na-prodaju-novi-stanovi-leptokarya-pieria\/#primaryimage\"},\"thumbnailUrl\":\"https:\/\/leptokariarealestate.gr\/wp-content\/uploads\/2026\/03\/viber_image_2026-03-11_14-24-43-504.jpg\",\"datePublished\":\"2026-03-11T12:25:42+00:00\",\"dateModified\":\"2026-03-20T09:38:35+00:00\",\"breadcrumb\":{\"@id\":\"https:\/\/leptokariarealestate.gr\/sr\/\u043f\u0440\u043e\u0438\u0437\u0432\u043e\u0434\/na-prodaju-novi-stanovi-leptokarya-pieria\/#breadcrumb\"},\"inLanguage\":\"sr-RS\",\"potentialAction\":[{\"@type\":\"ReadAction\",\"target\":[\"https:\/\/leptokariarealestate.gr\/sr\/\u043f\u0440\u043e\u0438\u0437\u0432\u043e\u0434\/na-prodaju-novi-stanovi-leptokarya-pieria\/\"]}]},{\"@type\":\"ImageObject\",\"inLanguage\":\"sr-RS\",\"@id\":\"https:\/\/leptokariarealestate.gr\/sr\/\u043f\u0440\u043e\u0438\u0437\u0432\u043e\u0434\/na-prodaju-novi-stanovi-leptokarya-pieria\/#primaryimage\",\"url\":\"https:\/\/leptokariarealestate.gr\/wp-content\/uploads\/2026\/03\/viber_image_2026-03-11_14-24-43-504.jpg\",\"contentUrl\":\"https:\/\/leptokariarealestate.gr\/wp-content\/uploads\/2026\/03\/viber_image_2026-03-11_14-24-43-504.jpg\",\"width\":1280,\"height\":1280},{\"@type\":\"BreadcrumbList\",\"@id\":\"https:\/\/leptokariarealestate.gr\/sr\/\u043f\u0440\u043e\u0438\u0437\u0432\u043e\u0434\/na-prodaju-novi-stanovi-leptokarya-pieria\/#breadcrumb\",\"itemListElement\":[{\"@type\":\"ListItem\",\"position\":1,\"name\":\"\u041d\u0435\u043a\u0440\u0435\u0442\u043d\u0438\u043d\u0435\",\"item\":\"https:\/\/leptokariarealestate.gr\/sr\/%d0%bd%d0%b5%d0%ba%d1%80%d0%b5%d1%82%d0%bd%d0%b8%d0%bd%d0%b5\/\"},{\"@type\":\"ListItem\",\"position\":2,\"name\":\"\u03a7\u03c9\u03c1\u03af\u03c2 \u03ba\u03b1\u03c4\u03b7\u03b3\u03bf\u03c1\u03af\u03b1\",\"item\":\"https:\/\/leptokariarealestate.gr\/sr\/\u043a\u0430\u0442\u0435\u0433\u043e\u0440\u0438\u0458\u0430-\u043f\u0440\u043e\u0438\u0437\u0432\u043e\u0434\u0430\/%cf%87%cf%89%cf%81%ce%af%cf%82-%ce%ba%ce%b1%cf%84%ce%b7%ce%b3%ce%bf%cf%81%ce%af%ce%b1-sr\/\"},{\"@type\":\"ListItem\",\"position\":3,\"name\":\"Na prodaju novi stanovi \u2013 Leptokaria, Pieria\"}]},{\"@type\":\"WebSite\",\"@id\":\"https:\/\/leptokariarealestate.gr\/sr\/#website\",\"url\":\"https:\/\/leptokariarealestate.gr\/sr\/\",\"name\":\"Leptokaria Real Estate\",\"description\":\"\",\"publisher\":{\"@id\":\"https:\/\/leptokariarealestate.gr\/sr\/#organization\"},\"potentialAction\":[{\"@type\":\"SearchAction\",\"target\":{\"@type\":\"EntryPoint\",\"urlTemplate\":\"https:\/\/leptokariarealestate.gr\/sr\/?s={search_term_string}\"},\"query-input\":\"required name=search_term_string\"}],\"inLanguage\":\"sr-RS\"},{\"@type\":\"Organization\",\"@id\":\"https:\/\/leptokariarealestate.gr\/sr\/#organization\",\"name\":\"Leptokaria Real Estate\",\"url\":\"https:\/\/leptokariarealestate.gr\/sr\/\",\"logo\":{\"@type\":\"ImageObject\",\"inLanguage\":\"sr-RS\",\"@id\":\"https:\/\/leptokariarealestate.gr\/sr\/#\/schema\/logo\/image\/\",\"url\":\"https:\/\/leptokariarealestate.gr\/wp-content\/uploads\/2024\/03\/Leptokaria-Real-Estate-Logo.svg\",\"contentUrl\":\"https:\/\/leptokariarealestate.gr\/wp-content\/uploads\/2024\/03\/Leptokaria-Real-Estate-Logo.svg\",\"width\":113,\"height\":59,\"caption\":\"Leptokaria Real Estate\"},\"image\":{\"@id\":\"https:\/\/leptokariarealestate.gr\/sr\/#\/schema\/logo\/image\/\"},\"sameAs\":[\"https:\/\/www.facebook.com\/jannis.karakitsios\"]}]}<\/script>\n<!-- \/ Yoast SEO plugin. -->","yoast_head_json":{"title":"Na prodaju novi stanovi \u2013 Leptokaria, Pieria - Leptokaria Real Estate","robots":{"index":"index","follow":"follow","max-snippet":"max-snippet:-1","max-image-preview":"max-image-preview:large","max-video-preview":"max-video-preview:-1"},"canonical":"https:\/\/leptokariarealestate.gr\/sr\/\u043f\u0440\u043e\u0438\u0437\u0432\u043e\u0434\/na-prodaju-novi-stanovi-leptokarya-pieria\/","og_locale":"sr_RS","og_type":"article","og_title":"Na prodaju novi stanovi \u2013 Leptokaria, Pieria - Leptokaria Real Estate","og_description":"Na prodaju novi stanovi \u2013 Leptokarya, Pieria (Gr\u010dka) U ponudi su moderni i elegantni novogradnja stanovi na izuzetnoj lokaciji u mestu Leptokarya, Pieria, koji kombinuju visok kvalitet gradnje, savremen dizajn i spektakularan pogled na more i planinu Olimp. Karakteristike nekretnine \u2022 Stanovi na prvom spratu \u2022 32 m\u00b2 neto stambenog prostora \u2022 10 m\u00b2 prostranih balkona \u2022 Neograni\u010den panoramski pogled na Olimp i more \u2022 Samo 500 metara od pla\u017ee \u2022 100 metara od centra Leptokarye Lokacija \u2022 Nalazi se na izuzetno atraktivnoj lokaciji \u2022 Brz pristup prodavnicama, kafi\u0107ima, javnim slu\u017ebama i glavnim saobra\u0107ajnim pravcima \u2022 Idealno mesto koje kombinuje mir, prirodnu lepotu i svakodnevnu prakti\u010dnost Gradnja i arhitektura \u2022 Savremena i kvalitetna gradnja \u2022 Kori\u0161\u0107eni materijali visokog kvaliteta \u2022 Odli\u010dan arhitektonski projekat i moderan dizajn \u2022 Spolja\u0161nji deo zgrade bi\u0107e oblo\u017een prirodnim kamenom, \u0161to daje eleganciju, dugotrajnost i presti\u017e Stanovi predstavljaju odli\u010dan izbor za stalni boravak, ku\u0107u za odmor ili investiciju, u jednom od najlep\u0161ih primorskih mesta u oblasti Pieria, u podno\u017eju planine Olimp. Cena: 76.000 \u20ac +30 69 32 64 83 78","og_url":"https:\/\/leptokariarealestate.gr\/sr\/\u043f\u0440\u043e\u0438\u0437\u0432\u043e\u0434\/na-prodaju-novi-stanovi-leptokarya-pieria\/","og_site_name":"Leptokaria Real Estate","article_publisher":"https:\/\/www.facebook.com\/jannis.karakitsios","article_modified_time":"2026-03-20T09:38:35+00:00","twitter_card":"summary_large_image","twitter_misc":{"\u041f\u0440\u043e\u0446\u0435\u045a\u0435\u043d\u043e \u0432\u0440\u0435\u043c\u0435 \u0447\u0438\u0442\u0430\u045a\u0430":"1 \u043c\u0438\u043d\u0443\u0442"},"schema":{"@context":"https:\/\/schema.org","@graph":[{"@type":"WebPage","@id":"https:\/\/leptokariarealestate.gr\/sr\/\u043f\u0440\u043e\u0438\u0437\u0432\u043e\u0434\/na-prodaju-novi-stanovi-leptokarya-pieria\/","url":"https:\/\/leptokariarealestate.gr\/sr\/\u043f\u0440\u043e\u0438\u0437\u0432\u043e\u0434\/na-prodaju-novi-stanovi-leptokarya-pieria\/","name":"Na prodaju novi stanovi \u2013 Leptokaria, Pieria - Leptokaria Real Estate","isPartOf":{"@id":"https:\/\/leptokariarealestate.gr\/sr\/#website"},"primaryImageOfPage":{"@id":"https:\/\/leptokariarealestate.gr\/sr\/\u043f\u0440\u043e\u0438\u0437\u0432\u043e\u0434\/na-prodaju-novi-stanovi-leptokarya-pieria\/#primaryimage"},"image":{"@id":"https:\/\/leptokariarealestate.gr\/sr\/\u043f\u0440\u043e\u0438\u0437\u0432\u043e\u0434\/na-prodaju-novi-stanovi-leptokarya-pieria\/#primaryimage"},"thumbnailUrl":"https:\/\/leptokariarealestate.gr\/wp-content\/uploads\/2026\/03\/viber_image_2026-03-11_14-24-43-504.jpg","datePublished":"2026-03-11T12:25:42+00:00","dateModified":"2026-03-20T09:38:35+00:00","breadcrumb":{"@id":"https:\/\/leptokariarealestate.gr\/sr\/\u043f\u0440\u043e\u0438\u0437\u0432\u043e\u0434\/na-prodaju-novi-stanovi-leptokarya-pieria\/#breadcrumb"},"inLanguage":"sr-RS","potentialAction":[{"@type":"ReadAction","target":["https:\/\/leptokariarealestate.gr\/sr\/\u043f\u0440\u043e\u0438\u0437\u0432\u043e\u0434\/na-prodaju-novi-stanovi-leptokarya-pieria\/"]}]},{"@type":"ImageObject","inLanguage":"sr-RS","@id":"https:\/\/leptokariarealestate.gr\/sr\/\u043f\u0440\u043e\u0438\u0437\u0432\u043e\u0434\/na-prodaju-novi-stanovi-leptokarya-pieria\/#primaryimage","url":"https:\/\/leptokariarealestate.gr\/wp-content\/uploads\/2026\/03\/viber_image_2026-03-11_14-24-43-504.jpg","contentUrl":"https:\/\/leptokariarealestate.gr\/wp-content\/uploads\/2026\/03\/viber_image_2026-03-11_14-24-43-504.jpg","width":1280,"height":1280},{"@type":"BreadcrumbList","@id":"https:\/\/leptokariarealestate.gr\/sr\/\u043f\u0440\u043e\u0438\u0437\u0432\u043e\u0434\/na-prodaju-novi-stanovi-leptokarya-pieria\/#breadcrumb","itemListElement":[{"@type":"ListItem","position":1,"name":"\u041d\u0435\u043a\u0440\u0435\u0442\u043d\u0438\u043d\u0435","item":"https:\/\/leptokariarealestate.gr\/sr\/%d0%bd%d0%b5%d0%ba%d1%80%d0%b5%d1%82%d0%bd%d0%b8%d0%bd%d0%b5\/"},{"@type":"ListItem","position":2,"name":"\u03a7\u03c9\u03c1\u03af\u03c2 \u03ba\u03b1\u03c4\u03b7\u03b3\u03bf\u03c1\u03af\u03b1","item":"https:\/\/leptokariarealestate.gr\/sr\/\u043a\u0430\u0442\u0435\u0433\u043e\u0440\u0438\u0458\u0430-\u043f\u0440\u043e\u0438\u0437\u0432\u043e\u0434\u0430\/%cf%87%cf%89%cf%81%ce%af%cf%82-%ce%ba%ce%b1%cf%84%ce%b7%ce%b3%ce%bf%cf%81%ce%af%ce%b1-sr\/"},{"@type":"ListItem","position":3,"name":"Na prodaju novi stanovi \u2013 Leptokaria, Pieria"}]},{"@type":"WebSite","@id":"https:\/\/leptokariarealestate.gr\/sr\/#website","url":"https:\/\/leptokariarealestate.gr\/sr\/","name":"Leptokaria Real Estate","description":"","publisher":{"@id":"https:\/\/leptokariarealestate.gr\/sr\/#organization"},"potentialAction":[{"@type":"SearchAction","target":{"@type":"EntryPoint","urlTemplate":"https:\/\/leptokariarealestate.gr\/sr\/?s={search_term_string}"},"query-input":"required name=search_term_string"}],"inLanguage":"sr-RS"},{"@type":"Organization","@id":"https:\/\/leptokariarealestate.gr\/sr\/#organization","name":"Leptokaria Real Estate","url":"https:\/\/leptokariarealestate.gr\/sr\/","logo":{"@type":"ImageObject","inLanguage":"sr-RS","@id":"https:\/\/leptokariarealestate.gr\/sr\/#\/schema\/logo\/image\/","url":"https:\/\/leptokariarealestate.gr\/wp-content\/uploads\/2024\/03\/Leptokaria-Real-Estate-Logo.svg","contentUrl":"https:\/\/leptokariarealestate.gr\/wp-content\/uploads\/2024\/03\/Leptokaria-Real-Estate-Logo.svg","width":113,"height":59,"caption":"Leptokaria Real Estate"},"image":{"@id":"https:\/\/leptokariarealestate.gr\/sr\/#\/schema\/logo\/image\/"},"sameAs":["https:\/\/www.facebook.com\/jannis.karakitsios"]}]}},"_links":{"self":[{"href":"https:\/\/leptokariarealestate.gr\/sr\/wp-json\/wp\/v2\/product\/2908"}],"collection":[{"href":"https:\/\/leptokariarealestate.gr\/sr\/wp-json\/wp\/v2\/product"}],"about":[{"href":"https:\/\/leptokariarealestate.gr\/sr\/wp-json\/wp\/v2\/types\/product"}],"wp:featuredmedia":[{"embeddable":true,"href":"https:\/\/leptokariarealestate.gr\/sr\/wp-json\/wp\/v2\/media\/2907"}],"wp:attachment":[{"href":"https:\/\/leptokariarealestate.gr\/sr\/wp-json\/wp\/v2\/media?parent=2908"}],"wp:term":[{"taxonomy":"product_cat","embeddable":true,"href":"https:\/\/leptokariarealestate.gr\/sr\/wp-json\/wp\/v2\/product_cat?post=2908"},{"taxonomy":"product_tag","embeddable":true,"href":"https:\/\/leptokariarealestate.gr\/sr\/wp-json\/wp\/v2\/product_tag?post=2908"}],"curies":[{"name":"wp","href":"https:\/\/api.w.org\/{rel}","templated":true}]}}