{"id":2881,"date":"2026-02-13T20:06:56","date_gmt":"2026-02-13T18:06:56","guid":{"rendered":"https:\/\/leptokariarealestate.gr\/product\/elegantna-mezoneta-i-studio-sa-neometanim-pogledom-na-more-i-olimp\/"},"modified":"2026-02-13T20:06:56","modified_gmt":"2026-02-13T18:06:56","slug":"elegantna-mezoneta-i-studio-sa-neometanim-pogledom-na-more-i-olimp","status":"publish","type":"product","link":"https:\/\/leptokariarealestate.gr\/sr\/\u043f\u0440\u043e\u0438\u0437\u0432\u043e\u0434\/elegantna-mezoneta-i-studio-sa-neometanim-pogledom-na-more-i-olimp\/","title":{"rendered":"Elegantna mezoneta i studio sa neometanim pogledom na more i Olimp"},"content":{"rendered":"<p>Elegantna mezoneta sa neometanim pogledom na more i Olimp<br \/>\nNa mirnoj i atraktivnoj lokaciji, na prodaju je elegantna mezoneta od 83 m\u00b2 neto stambene povr\u0161ine, raspore\u0111ena na dva nivoa, sa jedinstvenim i neometanim pogledom na more i planinu Olimp.<br \/>\nNekretnina se odlikuje funkcionalnim rasporedom, komfornim prostorima i visokim stepenom privatnosti, \u0161to je \u010dini idealnom za stalno stanovanje, ku\u0107u za odmor ili investicionu namenu.<br \/>\nGlavna Stambena Jedinica \u2013 Mezoneta<br \/>\nDve komforne spava\u0107e sobe<br \/>\nSvetao dnevni boravak<br \/>\nFunkcionalna, potpuno opremljena kuhinja<br \/>\nKupatilo<br \/>\nDva prostrana balkona na svakom nivou, preko 10 m\u00b2 svaki, sa otvorenim pogledom<br \/>\nSolarni sistem za zagrevanje vode<br \/>\nSamostalno grejanje sa radijatorima i privatnim kotlom na lo\u017e-ulje<br \/>\nProdaje se potpuno name\u0161tena i opremljena elektri\u010dnim ure\u0111ajima<br \/>\nNezavisni Studio u Prizemlju<br \/>\nU prizemlju se nalazi nezavisan studio apartman od 35 m\u00b2 neto povr\u0161ine, ure\u0111en kao svetao, otvoren prostor:<br \/>\nDnevni boravak sa kuhinjom<br \/>\nKupatilo<br \/>\nBalkon od 18 m\u00b2<br \/>\nVeliko dvori\u0161te sa prednje strane objekta<br \/>\nStudio pru\u017ea dodatnu fleksibilnost i idealan je za goste ili kao samostalna jedinica za izdavanje.<br \/>\nCena<br \/>\nCela nekretnina (Mezoneta + Studio): 205.000 \u20ac<br \/>\nSamo mezoneta: 165.000 \u20ac<br \/>\nNekretnina koja objedinjuje udobnost, kvalitet gradnje i izuzetan pogled, uz zna\u010dajan investicioni potencijal.<br \/>\n+30 69 32 64 83 78 <\/p>\n","protected":false},"excerpt":{"rendered":"<p>Elegantna mezoneta sa neometanim pogledom na more i Olimp<br \/>\nNa mirnoj i atraktivnoj lokaciji, na prodaju je elegantna mezoneta od 83 m\u00b2 neto stambene povr\u0161ine, raspore\u0111ena na dva nivoa, sa jedinstvenim i neometanim pogledom na more i planinu Olimp.<br \/>\nNekretnina se odlikuje funkcionalnim rasporedom, komfornim prostorima i visokim stepenom privatnosti, \u0161to je \u010dini idealnom za stalno stanovanje, ku\u0107u za odmor ili investicionu namenu.<br \/>\nGlavna Stambena Jedinica \u2013 Mezoneta<br \/>\nDve komforne spava\u0107e sobe<br \/>\nSvetao dnevni boravak<br \/>\nFunkcionalna, potpuno opremljena kuhinja<br \/>\nKupatilo<br \/>\nDva prostrana balkona na svakom nivou, preko 10 m\u00b2 svaki, sa otvorenim pogledom<br \/>\nSolarni sistem za zagrevanje vode<br \/>\nSamostalno grejanje sa radijatorima i privatnim kotlom na lo\u017e-ulje<br \/>\nProdaje se potpuno name\u0161tena i opremljena elektri\u010dnim ure\u0111ajima<br \/>\nNezavisni Studio u Prizemlju<br \/>\nU prizemlju se nalazi nezavisan studio apartman od 35 m\u00b2 neto povr\u0161ine, ure\u0111en kao svetao, otvoren prostor:<br \/>\nDnevni boravak sa kuhinjom<br \/>\nKupatilo<br \/>\nBalkon od 18 m\u00b2<br \/>\nVeliko dvori\u0161te sa prednje strane objekta<br \/>\nStudio pru\u017ea dodatnu fleksibilnost i idealan je za goste ili kao samostalna jedinica za izdavanje.<br \/>\nCena<br \/>\nCela nekretnina (Mezoneta + Studio): 205.000 \u20ac<br \/>\nSamo mezoneta: 165.000 \u20ac<br \/>\nNekretnina koja objedinjuje udobnost, kvalitet gradnje i izuzetan pogled, uz zna\u010dajan investicioni potencijal.<br \/>\n+30 69 32 64 83 78 <\/p>\n","protected":false},"featured_media":2880,"template":"","meta":[],"product_cat":[75,87],"product_tag":[],"yoast_head":"<!-- This site is optimized with the Yoast SEO plugin v22.8 - https:\/\/yoast.com\/wordpress\/plugins\/seo\/ -->\n<title>Elegantna mezoneta i studio sa neometanim pogledom na more i Olimp - Leptokaria Real Estate<\/title>\n<meta name=\"robots\" content=\"index, follow, max-snippet:-1, max-image-preview:large, max-video-preview:-1\" \/>\n<link rel=\"canonical\" href=\"https:\/\/leptokariarealestate.gr\/sr\/\u043f\u0440\u043e\u0438\u0437\u0432\u043e\u0434\/elegantna-mezoneta-i-studio-sa-neometanim-pogledom-na-more-i-olimp\/\" \/>\n<meta property=\"og:locale\" content=\"sr_RS\" \/>\n<meta property=\"og:type\" content=\"article\" \/>\n<meta property=\"og:title\" content=\"Elegantna mezoneta i studio sa neometanim pogledom na more i Olimp - Leptokaria Real Estate\" \/>\n<meta property=\"og:description\" content=\"Elegantna mezoneta sa neometanim pogledom na more i Olimp  Na mirnoj i atraktivnoj lokaciji, na prodaju je elegantna mezoneta od 83 m\u00b2 neto stambene povr\u0161ine, raspore\u0111ena na dva nivoa, sa jedinstvenim i neometanim pogledom na more i planinu Olimp. Nekretnina se odlikuje funkcionalnim rasporedom, komfornim prostorima i visokim stepenom privatnosti, \u0161to je \u010dini idealnom za stalno stanovanje, ku\u0107u za odmor ili investicionu namenu. Glavna Stambena Jedinica \u2013 Mezoneta Dve komforne spava\u0107e sobe Svetao dnevni boravak Funkcionalna, potpuno opremljena kuhinja Kupatilo Dva prostrana balkona na svakom nivou, preko 10 m\u00b2 svaki, sa otvorenim pogledom Solarni sistem za zagrevanje vode Samostalno grejanje sa radijatorima i privatnim kotlom na lo\u017e-ulje Prodaje se potpuno name\u0161tena i opremljena elektri\u010dnim ure\u0111ajima Nezavisni Studio u Prizemlju U prizemlju se nalazi nezavisan studio apartman od 35 m\u00b2 neto povr\u0161ine, ure\u0111en kao svetao, otvoren prostor: Dnevni boravak sa kuhinjom Kupatilo Balkon od 18 m\u00b2 Veliko dvori\u0161te sa prednje strane objekta Studio pru\u017ea dodatnu fleksibilnost i idealan je za goste ili kao samostalna jedinica za izdavanje. Cena Cela nekretnina (Mezoneta + Studio): 205.000 \u20ac Samo mezoneta: 165.000 \u20ac Nekretnina koja objedinjuje udobnost, kvalitet gradnje i izuzetan pogled, uz zna\u010dajan investicioni potencijal. +30 69 32 64 83 78\" \/>\n<meta property=\"og:url\" content=\"https:\/\/leptokariarealestate.gr\/sr\/\u043f\u0440\u043e\u0438\u0437\u0432\u043e\u0434\/elegantna-mezoneta-i-studio-sa-neometanim-pogledom-na-more-i-olimp\/\" \/>\n<meta property=\"og:site_name\" content=\"Leptokaria Real Estate\" \/>\n<meta property=\"article:publisher\" content=\"https:\/\/www.facebook.com\/jannis.karakitsios\" \/>\n<meta name=\"twitter:card\" content=\"summary_large_image\" \/>\n<meta name=\"twitter:label1\" content=\"\u041f\u0440\u043e\u0446\u0435\u045a\u0435\u043d\u043e \u0432\u0440\u0435\u043c\u0435 \u0447\u0438\u0442\u0430\u045a\u0430\" \/>\n\t<meta name=\"twitter:data1\" content=\"1 \u043c\u0438\u043d\u0443\u0442\" \/>\n<script type=\"application\/ld+json\" class=\"yoast-schema-graph\">{\"@context\":\"https:\/\/schema.org\",\"@graph\":[{\"@type\":\"WebPage\",\"@id\":\"https:\/\/leptokariarealestate.gr\/sr\/\u043f\u0440\u043e\u0438\u0437\u0432\u043e\u0434\/elegantna-mezoneta-i-studio-sa-neometanim-pogledom-na-more-i-olimp\/\",\"url\":\"https:\/\/leptokariarealestate.gr\/sr\/\u043f\u0440\u043e\u0438\u0437\u0432\u043e\u0434\/elegantna-mezoneta-i-studio-sa-neometanim-pogledom-na-more-i-olimp\/\",\"name\":\"Elegantna mezoneta i studio sa neometanim pogledom na more i Olimp - Leptokaria Real Estate\",\"isPartOf\":{\"@id\":\"https:\/\/leptokariarealestate.gr\/sr\/#website\"},\"primaryImageOfPage\":{\"@id\":\"https:\/\/leptokariarealestate.gr\/sr\/\u043f\u0440\u043e\u0438\u0437\u0432\u043e\u0434\/elegantna-mezoneta-i-studio-sa-neometanim-pogledom-na-more-i-olimp\/#primaryimage\"},\"image\":{\"@id\":\"https:\/\/leptokariarealestate.gr\/sr\/\u043f\u0440\u043e\u0438\u0437\u0432\u043e\u0434\/elegantna-mezoneta-i-studio-sa-neometanim-pogledom-na-more-i-olimp\/#primaryimage\"},\"thumbnailUrl\":\"https:\/\/leptokariarealestate.gr\/wp-content\/uploads\/2026\/02\/2024-06-11.webp\",\"datePublished\":\"2026-02-13T18:06:56+00:00\",\"dateModified\":\"2026-02-13T18:06:56+00:00\",\"breadcrumb\":{\"@id\":\"https:\/\/leptokariarealestate.gr\/sr\/\u043f\u0440\u043e\u0438\u0437\u0432\u043e\u0434\/elegantna-mezoneta-i-studio-sa-neometanim-pogledom-na-more-i-olimp\/#breadcrumb\"},\"inLanguage\":\"sr-RS\",\"potentialAction\":[{\"@type\":\"ReadAction\",\"target\":[\"https:\/\/leptokariarealestate.gr\/sr\/\u043f\u0440\u043e\u0438\u0437\u0432\u043e\u0434\/elegantna-mezoneta-i-studio-sa-neometanim-pogledom-na-more-i-olimp\/\"]}]},{\"@type\":\"ImageObject\",\"inLanguage\":\"sr-RS\",\"@id\":\"https:\/\/leptokariarealestate.gr\/sr\/\u043f\u0440\u043e\u0438\u0437\u0432\u043e\u0434\/elegantna-mezoneta-i-studio-sa-neometanim-pogledom-na-more-i-olimp\/#primaryimage\",\"url\":\"https:\/\/leptokariarealestate.gr\/wp-content\/uploads\/2026\/02\/2024-06-11.webp\",\"contentUrl\":\"https:\/\/leptokariarealestate.gr\/wp-content\/uploads\/2026\/02\/2024-06-11.webp\",\"width\":680,\"height\":454},{\"@type\":\"BreadcrumbList\",\"@id\":\"https:\/\/leptokariarealestate.gr\/sr\/\u043f\u0440\u043e\u0438\u0437\u0432\u043e\u0434\/elegantna-mezoneta-i-studio-sa-neometanim-pogledom-na-more-i-olimp\/#breadcrumb\",\"itemListElement\":[{\"@type\":\"ListItem\",\"position\":1,\"name\":\"\u041d\u0435\u043a\u0440\u0435\u0442\u043d\u0438\u043d\u0435\",\"item\":\"https:\/\/leptokariarealestate.gr\/sr\/%d0%bd%d0%b5%d0%ba%d1%80%d0%b5%d1%82%d0%bd%d0%b8%d0%bd%d0%b5\/\"},{\"@type\":\"ListItem\",\"position\":2,\"name\":\"\u03a7\u03c9\u03c1\u03af\u03c2 \u03ba\u03b1\u03c4\u03b7\u03b3\u03bf\u03c1\u03af\u03b1\",\"item\":\"https:\/\/leptokariarealestate.gr\/sr\/\u043a\u0430\u0442\u0435\u0433\u043e\u0440\u0438\u0458\u0430-\u043f\u0440\u043e\u0438\u0437\u0432\u043e\u0434\u0430\/%cf%87%cf%89%cf%81%ce%af%cf%82-%ce%ba%ce%b1%cf%84%ce%b7%ce%b3%ce%bf%cf%81%ce%af%ce%b1-sr\/\"},{\"@type\":\"ListItem\",\"position\":3,\"name\":\"Elegantna mezoneta i studio sa neometanim pogledom na more i Olimp\"}]},{\"@type\":\"WebSite\",\"@id\":\"https:\/\/leptokariarealestate.gr\/sr\/#website\",\"url\":\"https:\/\/leptokariarealestate.gr\/sr\/\",\"name\":\"Leptokaria Real Estate\",\"description\":\"\",\"publisher\":{\"@id\":\"https:\/\/leptokariarealestate.gr\/sr\/#organization\"},\"potentialAction\":[{\"@type\":\"SearchAction\",\"target\":{\"@type\":\"EntryPoint\",\"urlTemplate\":\"https:\/\/leptokariarealestate.gr\/sr\/?s={search_term_string}\"},\"query-input\":\"required name=search_term_string\"}],\"inLanguage\":\"sr-RS\"},{\"@type\":\"Organization\",\"@id\":\"https:\/\/leptokariarealestate.gr\/sr\/#organization\",\"name\":\"Leptokaria Real Estate\",\"url\":\"https:\/\/leptokariarealestate.gr\/sr\/\",\"logo\":{\"@type\":\"ImageObject\",\"inLanguage\":\"sr-RS\",\"@id\":\"https:\/\/leptokariarealestate.gr\/sr\/#\/schema\/logo\/image\/\",\"url\":\"https:\/\/leptokariarealestate.gr\/wp-content\/uploads\/2024\/03\/Leptokaria-Real-Estate-Logo.svg\",\"contentUrl\":\"https:\/\/leptokariarealestate.gr\/wp-content\/uploads\/2024\/03\/Leptokaria-Real-Estate-Logo.svg\",\"width\":113,\"height\":59,\"caption\":\"Leptokaria Real Estate\"},\"image\":{\"@id\":\"https:\/\/leptokariarealestate.gr\/sr\/#\/schema\/logo\/image\/\"},\"sameAs\":[\"https:\/\/www.facebook.com\/jannis.karakitsios\"]}]}<\/script>\n<!-- \/ Yoast SEO plugin. -->","yoast_head_json":{"title":"Elegantna mezoneta i studio sa neometanim pogledom na more i Olimp - Leptokaria Real Estate","robots":{"index":"index","follow":"follow","max-snippet":"max-snippet:-1","max-image-preview":"max-image-preview:large","max-video-preview":"max-video-preview:-1"},"canonical":"https:\/\/leptokariarealestate.gr\/sr\/\u043f\u0440\u043e\u0438\u0437\u0432\u043e\u0434\/elegantna-mezoneta-i-studio-sa-neometanim-pogledom-na-more-i-olimp\/","og_locale":"sr_RS","og_type":"article","og_title":"Elegantna mezoneta i studio sa neometanim pogledom na more i Olimp - Leptokaria Real Estate","og_description":"Elegantna mezoneta sa neometanim pogledom na more i Olimp  Na mirnoj i atraktivnoj lokaciji, na prodaju je elegantna mezoneta od 83 m\u00b2 neto stambene povr\u0161ine, raspore\u0111ena na dva nivoa, sa jedinstvenim i neometanim pogledom na more i planinu Olimp. Nekretnina se odlikuje funkcionalnim rasporedom, komfornim prostorima i visokim stepenom privatnosti, \u0161to je \u010dini idealnom za stalno stanovanje, ku\u0107u za odmor ili investicionu namenu. Glavna Stambena Jedinica \u2013 Mezoneta Dve komforne spava\u0107e sobe Svetao dnevni boravak Funkcionalna, potpuno opremljena kuhinja Kupatilo Dva prostrana balkona na svakom nivou, preko 10 m\u00b2 svaki, sa otvorenim pogledom Solarni sistem za zagrevanje vode Samostalno grejanje sa radijatorima i privatnim kotlom na lo\u017e-ulje Prodaje se potpuno name\u0161tena i opremljena elektri\u010dnim ure\u0111ajima Nezavisni Studio u Prizemlju U prizemlju se nalazi nezavisan studio apartman od 35 m\u00b2 neto povr\u0161ine, ure\u0111en kao svetao, otvoren prostor: Dnevni boravak sa kuhinjom Kupatilo Balkon od 18 m\u00b2 Veliko dvori\u0161te sa prednje strane objekta Studio pru\u017ea dodatnu fleksibilnost i idealan je za goste ili kao samostalna jedinica za izdavanje. Cena Cela nekretnina (Mezoneta + Studio): 205.000 \u20ac Samo mezoneta: 165.000 \u20ac Nekretnina koja objedinjuje udobnost, kvalitet gradnje i izuzetan pogled, uz zna\u010dajan investicioni potencijal. +30 69 32 64 83 78","og_url":"https:\/\/leptokariarealestate.gr\/sr\/\u043f\u0440\u043e\u0438\u0437\u0432\u043e\u0434\/elegantna-mezoneta-i-studio-sa-neometanim-pogledom-na-more-i-olimp\/","og_site_name":"Leptokaria Real Estate","article_publisher":"https:\/\/www.facebook.com\/jannis.karakitsios","twitter_card":"summary_large_image","twitter_misc":{"\u041f\u0440\u043e\u0446\u0435\u045a\u0435\u043d\u043e \u0432\u0440\u0435\u043c\u0435 \u0447\u0438\u0442\u0430\u045a\u0430":"1 \u043c\u0438\u043d\u0443\u0442"},"schema":{"@context":"https:\/\/schema.org","@graph":[{"@type":"WebPage","@id":"https:\/\/leptokariarealestate.gr\/sr\/\u043f\u0440\u043e\u0438\u0437\u0432\u043e\u0434\/elegantna-mezoneta-i-studio-sa-neometanim-pogledom-na-more-i-olimp\/","url":"https:\/\/leptokariarealestate.gr\/sr\/\u043f\u0440\u043e\u0438\u0437\u0432\u043e\u0434\/elegantna-mezoneta-i-studio-sa-neometanim-pogledom-na-more-i-olimp\/","name":"Elegantna mezoneta i studio sa neometanim pogledom na more i Olimp - Leptokaria Real Estate","isPartOf":{"@id":"https:\/\/leptokariarealestate.gr\/sr\/#website"},"primaryImageOfPage":{"@id":"https:\/\/leptokariarealestate.gr\/sr\/\u043f\u0440\u043e\u0438\u0437\u0432\u043e\u0434\/elegantna-mezoneta-i-studio-sa-neometanim-pogledom-na-more-i-olimp\/#primaryimage"},"image":{"@id":"https:\/\/leptokariarealestate.gr\/sr\/\u043f\u0440\u043e\u0438\u0437\u0432\u043e\u0434\/elegantna-mezoneta-i-studio-sa-neometanim-pogledom-na-more-i-olimp\/#primaryimage"},"thumbnailUrl":"https:\/\/leptokariarealestate.gr\/wp-content\/uploads\/2026\/02\/2024-06-11.webp","datePublished":"2026-02-13T18:06:56+00:00","dateModified":"2026-02-13T18:06:56+00:00","breadcrumb":{"@id":"https:\/\/leptokariarealestate.gr\/sr\/\u043f\u0440\u043e\u0438\u0437\u0432\u043e\u0434\/elegantna-mezoneta-i-studio-sa-neometanim-pogledom-na-more-i-olimp\/#breadcrumb"},"inLanguage":"sr-RS","potentialAction":[{"@type":"ReadAction","target":["https:\/\/leptokariarealestate.gr\/sr\/\u043f\u0440\u043e\u0438\u0437\u0432\u043e\u0434\/elegantna-mezoneta-i-studio-sa-neometanim-pogledom-na-more-i-olimp\/"]}]},{"@type":"ImageObject","inLanguage":"sr-RS","@id":"https:\/\/leptokariarealestate.gr\/sr\/\u043f\u0440\u043e\u0438\u0437\u0432\u043e\u0434\/elegantna-mezoneta-i-studio-sa-neometanim-pogledom-na-more-i-olimp\/#primaryimage","url":"https:\/\/leptokariarealestate.gr\/wp-content\/uploads\/2026\/02\/2024-06-11.webp","contentUrl":"https:\/\/leptokariarealestate.gr\/wp-content\/uploads\/2026\/02\/2024-06-11.webp","width":680,"height":454},{"@type":"BreadcrumbList","@id":"https:\/\/leptokariarealestate.gr\/sr\/\u043f\u0440\u043e\u0438\u0437\u0432\u043e\u0434\/elegantna-mezoneta-i-studio-sa-neometanim-pogledom-na-more-i-olimp\/#breadcrumb","itemListElement":[{"@type":"ListItem","position":1,"name":"\u041d\u0435\u043a\u0440\u0435\u0442\u043d\u0438\u043d\u0435","item":"https:\/\/leptokariarealestate.gr\/sr\/%d0%bd%d0%b5%d0%ba%d1%80%d0%b5%d1%82%d0%bd%d0%b8%d0%bd%d0%b5\/"},{"@type":"ListItem","position":2,"name":"\u03a7\u03c9\u03c1\u03af\u03c2 \u03ba\u03b1\u03c4\u03b7\u03b3\u03bf\u03c1\u03af\u03b1","item":"https:\/\/leptokariarealestate.gr\/sr\/\u043a\u0430\u0442\u0435\u0433\u043e\u0440\u0438\u0458\u0430-\u043f\u0440\u043e\u0438\u0437\u0432\u043e\u0434\u0430\/%cf%87%cf%89%cf%81%ce%af%cf%82-%ce%ba%ce%b1%cf%84%ce%b7%ce%b3%ce%bf%cf%81%ce%af%ce%b1-sr\/"},{"@type":"ListItem","position":3,"name":"Elegantna mezoneta i studio sa neometanim pogledom na more i Olimp"}]},{"@type":"WebSite","@id":"https:\/\/leptokariarealestate.gr\/sr\/#website","url":"https:\/\/leptokariarealestate.gr\/sr\/","name":"Leptokaria Real Estate","description":"","publisher":{"@id":"https:\/\/leptokariarealestate.gr\/sr\/#organization"},"potentialAction":[{"@type":"SearchAction","target":{"@type":"EntryPoint","urlTemplate":"https:\/\/leptokariarealestate.gr\/sr\/?s={search_term_string}"},"query-input":"required name=search_term_string"}],"inLanguage":"sr-RS"},{"@type":"Organization","@id":"https:\/\/leptokariarealestate.gr\/sr\/#organization","name":"Leptokaria Real Estate","url":"https:\/\/leptokariarealestate.gr\/sr\/","logo":{"@type":"ImageObject","inLanguage":"sr-RS","@id":"https:\/\/leptokariarealestate.gr\/sr\/#\/schema\/logo\/image\/","url":"https:\/\/leptokariarealestate.gr\/wp-content\/uploads\/2024\/03\/Leptokaria-Real-Estate-Logo.svg","contentUrl":"https:\/\/leptokariarealestate.gr\/wp-content\/uploads\/2024\/03\/Leptokaria-Real-Estate-Logo.svg","width":113,"height":59,"caption":"Leptokaria Real Estate"},"image":{"@id":"https:\/\/leptokariarealestate.gr\/sr\/#\/schema\/logo\/image\/"},"sameAs":["https:\/\/www.facebook.com\/jannis.karakitsios"]}]}},"_links":{"self":[{"href":"https:\/\/leptokariarealestate.gr\/sr\/wp-json\/wp\/v2\/product\/2881"}],"collection":[{"href":"https:\/\/leptokariarealestate.gr\/sr\/wp-json\/wp\/v2\/product"}],"about":[{"href":"https:\/\/leptokariarealestate.gr\/sr\/wp-json\/wp\/v2\/types\/product"}],"wp:featuredmedia":[{"embeddable":true,"href":"https:\/\/leptokariarealestate.gr\/sr\/wp-json\/wp\/v2\/media\/2880"}],"wp:attachment":[{"href":"https:\/\/leptokariarealestate.gr\/sr\/wp-json\/wp\/v2\/media?parent=2881"}],"wp:term":[{"taxonomy":"product_cat","embeddable":true,"href":"https:\/\/leptokariarealestate.gr\/sr\/wp-json\/wp\/v2\/product_cat?post=2881"},{"taxonomy":"product_tag","embeddable":true,"href":"https:\/\/leptokariarealestate.gr\/sr\/wp-json\/wp\/v2\/product_tag?post=2881"}],"curies":[{"name":"wp","href":"https:\/\/api.w.org\/{rel}","templated":true}]}}