{"id":2863,"date":"2026-02-13T20:02:50","date_gmt":"2026-02-13T18:02:50","guid":{"rendered":"https:\/\/leptokariarealestate.gr\/product\/luksuzni-apartmani-u-novogradnji-u-mestu-leptokaria\/"},"modified":"2026-02-13T20:02:50","modified_gmt":"2026-02-13T18:02:50","slug":"luksuzni-apartmani-u-novogradnji-u-mestu-leptokaria","status":"publish","type":"product","link":"https:\/\/leptokariarealestate.gr\/sr\/\u043f\u0440\u043e\u0438\u0437\u0432\u043e\u0434\/luksuzni-apartmani-u-novogradnji-u-mestu-leptokaria\/","title":{"rendered":"Luksuzni apartmani u novogradnji u mestu Leptokaria"},"content":{"rendered":"<p>Luksuzni apartmani u novogradnji u mestu Leptokaria<br \/>\nNa izuzetno atraktivnoj lokaciji, samo 500 metara od mora i 200 metara od centra Leptokarije, na prodaju su elegantni i savremeni apartmani visokog standarda, u novoj stambenoj zgradi moderne arhitekture.<br \/>\nObjekat se nalazi u blizini glavnih saobra\u0107ajnih pravaca, prodavnica i svih neophodnih sadr\u017eaja, pru\u017eaju\u0107i komfor i visok kvalitet \u017eivota, uz jedinstven, neometan pogled na planinu, veli\u010danstveni \u038c\u03bb\u03c5\u03bc\u03c0\u03bf\u03c2 (Olimp) i more.<br \/>\nKarakteristike visokog kvaliteta<br \/>\n-Savremena arhitektura i elegantan dizajn<br \/>\n-Kvalitetni gra\u0111evinski materijali<br \/>\n-Multi Clima sistem grejanja i hla\u0111enja u svim apartmanima<br \/>\n-Lift u zgradi<br \/>\n-Prostrane terase sa panoramskim pogledom<br \/>\n-Privatno parking mesto<br \/>\nIdealno za stalni boravak, ku\u0107u za odmor ili investiciju sa visokim prinosom.<br \/>\nDostupne jedinice<br \/>\nPrizemlje<br \/>\n-35 m\u00b2 neto + prostrane terase sa pogledom na planinu i more \u2014 85.000 \u20ac<br \/>\n-40 m\u00b2 neto + velike terase sa pogledom na more i planinu \u2014 90.000 \u20ac<br \/>\n1. sprat (sa liftom)<br \/>\n-40 m\u00b2 neto + velike terase sa pogledom \u2014 95.000 \u20ac<br \/>\n-41 m\u00b2 neto + velike terase sa pogledom \u2014 96.000 \u20ac<br \/>\n2. sprat (sa liftom)<br \/>\n-40 m\u00b2 neto + terase sa otvorenim pogledom na planinu i more \u2014 98.000 \u20ac<br \/>\n-41 m\u00b2 neto + panoramski pogled na planinu i more \u2014 100.000 \u20ac<br \/>\nNekretnina koja kombinuje luksuz, funkcionalnost i investicionu vrednost, u jednom od najperspektivnijih primorskih regiona Gr\u010dke.<br \/>\n\ud83d\udcde +30 69 32 64 83 78<\/p>\n","protected":false},"excerpt":{"rendered":"<p>Luksuzni apartmani u novogradnji u mestu Leptokaria<br \/>\nNa izuzetno atraktivnoj lokaciji, samo 500 metara od mora i 200 metara od centra Leptokarije, na prodaju su elegantni i savremeni apartmani visokog standarda, u novoj stambenoj zgradi moderne arhitekture.<br \/>\nObjekat se nalazi u blizini glavnih saobra\u0107ajnih pravaca, prodavnica i svih neophodnih sadr\u017eaja, pru\u017eaju\u0107i komfor i visok kvalitet \u017eivota, uz jedinstven, neometan pogled na planinu, veli\u010danstveni \u038c\u03bb\u03c5\u03bc\u03c0\u03bf\u03c2 (Olimp) i more.<br \/>\nKarakteristike visokog kvaliteta<br \/>\n-Savremena arhitektura i elegantan dizajn<br \/>\n-Kvalitetni gra\u0111evinski materijali<br \/>\n-Multi Clima sistem grejanja i hla\u0111enja u svim apartmanima<br \/>\n-Lift u zgradi<br \/>\n-Prostrane terase sa panoramskim pogledom<br \/>\n-Privatno parking mesto<br \/>\nIdealno za stalni boravak, ku\u0107u za odmor ili investiciju sa visokim prinosom.<br \/>\nDostupne jedinice<br \/>\nPrizemlje<br \/>\n-35 m\u00b2 neto + prostrane terase sa pogledom na planinu i more \u2014 85.000 \u20ac<br \/>\n-40 m\u00b2 neto + velike terase sa pogledom na more i planinu \u2014 90.000 \u20ac<br \/>\n1. sprat (sa liftom)<br \/>\n-40 m\u00b2 neto + velike terase sa pogledom \u2014 95.000 \u20ac<br \/>\n-41 m\u00b2 neto + velike terase sa pogledom \u2014 96.000 \u20ac<br \/>\n2. sprat (sa liftom)<br \/>\n-40 m\u00b2 neto + terase sa otvorenim pogledom na planinu i more \u2014 98.000 \u20ac<br \/>\n-41 m\u00b2 neto + panoramski pogled na planinu i more \u2014 100.000 \u20ac<br \/>\nNekretnina koja kombinuje luksuz, funkcionalnost i investicionu vrednost, u jednom od najperspektivnijih primorskih regiona Gr\u010dke.<br \/>\n\ud83d\udcde +30 69 32 64 83 78<\/p>\n","protected":false},"featured_media":2861,"template":"","meta":[],"product_cat":[75,87],"product_tag":[],"yoast_head":"<!-- This site is optimized with the Yoast SEO plugin v22.8 - https:\/\/yoast.com\/wordpress\/plugins\/seo\/ -->\n<title>Luksuzni apartmani u novogradnji u mestu Leptokaria - Leptokaria Real Estate<\/title>\n<meta name=\"robots\" content=\"index, follow, max-snippet:-1, max-image-preview:large, max-video-preview:-1\" \/>\n<link rel=\"canonical\" href=\"https:\/\/leptokariarealestate.gr\/sr\/\u043f\u0440\u043e\u0438\u0437\u0432\u043e\u0434\/luksuzni-apartmani-u-novogradnji-u-mestu-leptokaria\/\" \/>\n<meta property=\"og:locale\" content=\"sr_RS\" \/>\n<meta property=\"og:type\" content=\"article\" \/>\n<meta property=\"og:title\" content=\"Luksuzni apartmani u novogradnji u mestu Leptokaria - Leptokaria Real Estate\" \/>\n<meta property=\"og:description\" content=\"Luksuzni apartmani u novogradnji u mestu Leptokaria  Na izuzetno atraktivnoj lokaciji, samo 500 metara od mora i 200 metara od centra Leptokarije, na prodaju su elegantni i savremeni apartmani visokog standarda, u novoj stambenoj zgradi moderne arhitekture. Objekat se nalazi u blizini glavnih saobra\u0107ajnih pravaca, prodavnica i svih neophodnih sadr\u017eaja, pru\u017eaju\u0107i komfor i visok kvalitet \u017eivota, uz jedinstven, neometan pogled na planinu, veli\u010danstveni \u038c\u03bb\u03c5\u03bc\u03c0\u03bf\u03c2 (Olimp) i more. Karakteristike visokog kvaliteta -Savremena arhitektura i elegantan dizajn -Kvalitetni gra\u0111evinski materijali -Multi Clima sistem grejanja i hla\u0111enja u svim apartmanima -Lift u zgradi -Prostrane terase sa panoramskim pogledom -Privatno parking mesto Idealno za stalni boravak, ku\u0107u za odmor ili investiciju sa visokim prinosom. Dostupne jedinice Prizemlje -35 m\u00b2 neto + prostrane terase sa pogledom na planinu i more \u2014 85.000 \u20ac -40 m\u00b2 neto + velike terase sa pogledom na more i planinu \u2014 90.000 \u20ac 1. sprat (sa liftom) -40 m\u00b2 neto + velike terase sa pogledom \u2014 95.000 \u20ac -41 m\u00b2 neto + velike terase sa pogledom \u2014 96.000 \u20ac 2. sprat (sa liftom) -40 m\u00b2 neto + terase sa otvorenim pogledom na planinu i more \u2014 98.000 \u20ac -41 m\u00b2 neto + panoramski pogled na planinu i more \u2014 100.000 \u20ac Nekretnina koja kombinuje luksuz, funkcionalnost i investicionu vrednost, u jednom od najperspektivnijih primorskih regiona Gr\u010dke. \ud83d\udcde +30 69 32 64 83 78\" \/>\n<meta property=\"og:url\" content=\"https:\/\/leptokariarealestate.gr\/sr\/\u043f\u0440\u043e\u0438\u0437\u0432\u043e\u0434\/luksuzni-apartmani-u-novogradnji-u-mestu-leptokaria\/\" \/>\n<meta property=\"og:site_name\" content=\"Leptokaria Real Estate\" \/>\n<meta property=\"article:publisher\" content=\"https:\/\/www.facebook.com\/jannis.karakitsios\" \/>\n<meta name=\"twitter:card\" content=\"summary_large_image\" \/>\n<meta name=\"twitter:label1\" content=\"\u041f\u0440\u043e\u0446\u0435\u045a\u0435\u043d\u043e \u0432\u0440\u0435\u043c\u0435 \u0447\u0438\u0442\u0430\u045a\u0430\" \/>\n\t<meta name=\"twitter:data1\" content=\"1 \u043c\u0438\u043d\u0443\u0442\" \/>\n<script type=\"application\/ld+json\" class=\"yoast-schema-graph\">{\"@context\":\"https:\/\/schema.org\",\"@graph\":[{\"@type\":\"WebPage\",\"@id\":\"https:\/\/leptokariarealestate.gr\/sr\/\u043f\u0440\u043e\u0438\u0437\u0432\u043e\u0434\/luksuzni-apartmani-u-novogradnji-u-mestu-leptokaria\/\",\"url\":\"https:\/\/leptokariarealestate.gr\/sr\/\u043f\u0440\u043e\u0438\u0437\u0432\u043e\u0434\/luksuzni-apartmani-u-novogradnji-u-mestu-leptokaria\/\",\"name\":\"Luksuzni apartmani u novogradnji u mestu Leptokaria - Leptokaria Real Estate\",\"isPartOf\":{\"@id\":\"https:\/\/leptokariarealestate.gr\/sr\/#website\"},\"primaryImageOfPage\":{\"@id\":\"https:\/\/leptokariarealestate.gr\/sr\/\u043f\u0440\u043e\u0438\u0437\u0432\u043e\u0434\/luksuzni-apartmani-u-novogradnji-u-mestu-leptokaria\/#primaryimage\"},\"image\":{\"@id\":\"https:\/\/leptokariarealestate.gr\/sr\/\u043f\u0440\u043e\u0438\u0437\u0432\u043e\u0434\/luksuzni-apartmani-u-novogradnji-u-mestu-leptokaria\/#primaryimage\"},\"thumbnailUrl\":\"https:\/\/leptokariarealestate.gr\/wp-content\/uploads\/2026\/02\/344686577_1600x1200.webp\",\"datePublished\":\"2026-02-13T18:02:50+00:00\",\"dateModified\":\"2026-02-13T18:02:50+00:00\",\"breadcrumb\":{\"@id\":\"https:\/\/leptokariarealestate.gr\/sr\/\u043f\u0440\u043e\u0438\u0437\u0432\u043e\u0434\/luksuzni-apartmani-u-novogradnji-u-mestu-leptokaria\/#breadcrumb\"},\"inLanguage\":\"sr-RS\",\"potentialAction\":[{\"@type\":\"ReadAction\",\"target\":[\"https:\/\/leptokariarealestate.gr\/sr\/\u043f\u0440\u043e\u0438\u0437\u0432\u043e\u0434\/luksuzni-apartmani-u-novogradnji-u-mestu-leptokaria\/\"]}]},{\"@type\":\"ImageObject\",\"inLanguage\":\"sr-RS\",\"@id\":\"https:\/\/leptokariarealestate.gr\/sr\/\u043f\u0440\u043e\u0438\u0437\u0432\u043e\u0434\/luksuzni-apartmani-u-novogradnji-u-mestu-leptokaria\/#primaryimage\",\"url\":\"https:\/\/leptokariarealestate.gr\/wp-content\/uploads\/2026\/02\/344686577_1600x1200.webp\",\"contentUrl\":\"https:\/\/leptokariarealestate.gr\/wp-content\/uploads\/2026\/02\/344686577_1600x1200.webp\",\"width\":1536,\"height\":1024},{\"@type\":\"BreadcrumbList\",\"@id\":\"https:\/\/leptokariarealestate.gr\/sr\/\u043f\u0440\u043e\u0438\u0437\u0432\u043e\u0434\/luksuzni-apartmani-u-novogradnji-u-mestu-leptokaria\/#breadcrumb\",\"itemListElement\":[{\"@type\":\"ListItem\",\"position\":1,\"name\":\"\u041d\u0435\u043a\u0440\u0435\u0442\u043d\u0438\u043d\u0435\",\"item\":\"https:\/\/leptokariarealestate.gr\/sr\/%d0%bd%d0%b5%d0%ba%d1%80%d0%b5%d1%82%d0%bd%d0%b8%d0%bd%d0%b5\/\"},{\"@type\":\"ListItem\",\"position\":2,\"name\":\"\u03a7\u03c9\u03c1\u03af\u03c2 \u03ba\u03b1\u03c4\u03b7\u03b3\u03bf\u03c1\u03af\u03b1\",\"item\":\"https:\/\/leptokariarealestate.gr\/sr\/\u043a\u0430\u0442\u0435\u0433\u043e\u0440\u0438\u0458\u0430-\u043f\u0440\u043e\u0438\u0437\u0432\u043e\u0434\u0430\/%cf%87%cf%89%cf%81%ce%af%cf%82-%ce%ba%ce%b1%cf%84%ce%b7%ce%b3%ce%bf%cf%81%ce%af%ce%b1-sr\/\"},{\"@type\":\"ListItem\",\"position\":3,\"name\":\"Luksuzni apartmani u novogradnji u mestu Leptokaria\"}]},{\"@type\":\"WebSite\",\"@id\":\"https:\/\/leptokariarealestate.gr\/sr\/#website\",\"url\":\"https:\/\/leptokariarealestate.gr\/sr\/\",\"name\":\"Leptokaria Real Estate\",\"description\":\"\",\"publisher\":{\"@id\":\"https:\/\/leptokariarealestate.gr\/sr\/#organization\"},\"potentialAction\":[{\"@type\":\"SearchAction\",\"target\":{\"@type\":\"EntryPoint\",\"urlTemplate\":\"https:\/\/leptokariarealestate.gr\/sr\/?s={search_term_string}\"},\"query-input\":\"required name=search_term_string\"}],\"inLanguage\":\"sr-RS\"},{\"@type\":\"Organization\",\"@id\":\"https:\/\/leptokariarealestate.gr\/sr\/#organization\",\"name\":\"Leptokaria Real Estate\",\"url\":\"https:\/\/leptokariarealestate.gr\/sr\/\",\"logo\":{\"@type\":\"ImageObject\",\"inLanguage\":\"sr-RS\",\"@id\":\"https:\/\/leptokariarealestate.gr\/sr\/#\/schema\/logo\/image\/\",\"url\":\"https:\/\/leptokariarealestate.gr\/wp-content\/uploads\/2024\/03\/Leptokaria-Real-Estate-Logo.svg\",\"contentUrl\":\"https:\/\/leptokariarealestate.gr\/wp-content\/uploads\/2024\/03\/Leptokaria-Real-Estate-Logo.svg\",\"width\":113,\"height\":59,\"caption\":\"Leptokaria Real Estate\"},\"image\":{\"@id\":\"https:\/\/leptokariarealestate.gr\/sr\/#\/schema\/logo\/image\/\"},\"sameAs\":[\"https:\/\/www.facebook.com\/jannis.karakitsios\"]}]}<\/script>\n<!-- \/ Yoast SEO plugin. -->","yoast_head_json":{"title":"Luksuzni apartmani u novogradnji u mestu Leptokaria - Leptokaria Real Estate","robots":{"index":"index","follow":"follow","max-snippet":"max-snippet:-1","max-image-preview":"max-image-preview:large","max-video-preview":"max-video-preview:-1"},"canonical":"https:\/\/leptokariarealestate.gr\/sr\/\u043f\u0440\u043e\u0438\u0437\u0432\u043e\u0434\/luksuzni-apartmani-u-novogradnji-u-mestu-leptokaria\/","og_locale":"sr_RS","og_type":"article","og_title":"Luksuzni apartmani u novogradnji u mestu Leptokaria - Leptokaria Real Estate","og_description":"Luksuzni apartmani u novogradnji u mestu Leptokaria  Na izuzetno atraktivnoj lokaciji, samo 500 metara od mora i 200 metara od centra Leptokarije, na prodaju su elegantni i savremeni apartmani visokog standarda, u novoj stambenoj zgradi moderne arhitekture. Objekat se nalazi u blizini glavnih saobra\u0107ajnih pravaca, prodavnica i svih neophodnih sadr\u017eaja, pru\u017eaju\u0107i komfor i visok kvalitet \u017eivota, uz jedinstven, neometan pogled na planinu, veli\u010danstveni \u038c\u03bb\u03c5\u03bc\u03c0\u03bf\u03c2 (Olimp) i more. Karakteristike visokog kvaliteta -Savremena arhitektura i elegantan dizajn -Kvalitetni gra\u0111evinski materijali -Multi Clima sistem grejanja i hla\u0111enja u svim apartmanima -Lift u zgradi -Prostrane terase sa panoramskim pogledom -Privatno parking mesto Idealno za stalni boravak, ku\u0107u za odmor ili investiciju sa visokim prinosom. Dostupne jedinice Prizemlje -35 m\u00b2 neto + prostrane terase sa pogledom na planinu i more \u2014 85.000 \u20ac -40 m\u00b2 neto + velike terase sa pogledom na more i planinu \u2014 90.000 \u20ac 1. sprat (sa liftom) -40 m\u00b2 neto + velike terase sa pogledom \u2014 95.000 \u20ac -41 m\u00b2 neto + velike terase sa pogledom \u2014 96.000 \u20ac 2. sprat (sa liftom) -40 m\u00b2 neto + terase sa otvorenim pogledom na planinu i more \u2014 98.000 \u20ac -41 m\u00b2 neto + panoramski pogled na planinu i more \u2014 100.000 \u20ac Nekretnina koja kombinuje luksuz, funkcionalnost i investicionu vrednost, u jednom od najperspektivnijih primorskih regiona Gr\u010dke. \ud83d\udcde +30 69 32 64 83 78","og_url":"https:\/\/leptokariarealestate.gr\/sr\/\u043f\u0440\u043e\u0438\u0437\u0432\u043e\u0434\/luksuzni-apartmani-u-novogradnji-u-mestu-leptokaria\/","og_site_name":"Leptokaria Real Estate","article_publisher":"https:\/\/www.facebook.com\/jannis.karakitsios","twitter_card":"summary_large_image","twitter_misc":{"\u041f\u0440\u043e\u0446\u0435\u045a\u0435\u043d\u043e \u0432\u0440\u0435\u043c\u0435 \u0447\u0438\u0442\u0430\u045a\u0430":"1 \u043c\u0438\u043d\u0443\u0442"},"schema":{"@context":"https:\/\/schema.org","@graph":[{"@type":"WebPage","@id":"https:\/\/leptokariarealestate.gr\/sr\/\u043f\u0440\u043e\u0438\u0437\u0432\u043e\u0434\/luksuzni-apartmani-u-novogradnji-u-mestu-leptokaria\/","url":"https:\/\/leptokariarealestate.gr\/sr\/\u043f\u0440\u043e\u0438\u0437\u0432\u043e\u0434\/luksuzni-apartmani-u-novogradnji-u-mestu-leptokaria\/","name":"Luksuzni apartmani u novogradnji u mestu Leptokaria - Leptokaria Real Estate","isPartOf":{"@id":"https:\/\/leptokariarealestate.gr\/sr\/#website"},"primaryImageOfPage":{"@id":"https:\/\/leptokariarealestate.gr\/sr\/\u043f\u0440\u043e\u0438\u0437\u0432\u043e\u0434\/luksuzni-apartmani-u-novogradnji-u-mestu-leptokaria\/#primaryimage"},"image":{"@id":"https:\/\/leptokariarealestate.gr\/sr\/\u043f\u0440\u043e\u0438\u0437\u0432\u043e\u0434\/luksuzni-apartmani-u-novogradnji-u-mestu-leptokaria\/#primaryimage"},"thumbnailUrl":"https:\/\/leptokariarealestate.gr\/wp-content\/uploads\/2026\/02\/344686577_1600x1200.webp","datePublished":"2026-02-13T18:02:50+00:00","dateModified":"2026-02-13T18:02:50+00:00","breadcrumb":{"@id":"https:\/\/leptokariarealestate.gr\/sr\/\u043f\u0440\u043e\u0438\u0437\u0432\u043e\u0434\/luksuzni-apartmani-u-novogradnji-u-mestu-leptokaria\/#breadcrumb"},"inLanguage":"sr-RS","potentialAction":[{"@type":"ReadAction","target":["https:\/\/leptokariarealestate.gr\/sr\/\u043f\u0440\u043e\u0438\u0437\u0432\u043e\u0434\/luksuzni-apartmani-u-novogradnji-u-mestu-leptokaria\/"]}]},{"@type":"ImageObject","inLanguage":"sr-RS","@id":"https:\/\/leptokariarealestate.gr\/sr\/\u043f\u0440\u043e\u0438\u0437\u0432\u043e\u0434\/luksuzni-apartmani-u-novogradnji-u-mestu-leptokaria\/#primaryimage","url":"https:\/\/leptokariarealestate.gr\/wp-content\/uploads\/2026\/02\/344686577_1600x1200.webp","contentUrl":"https:\/\/leptokariarealestate.gr\/wp-content\/uploads\/2026\/02\/344686577_1600x1200.webp","width":1536,"height":1024},{"@type":"BreadcrumbList","@id":"https:\/\/leptokariarealestate.gr\/sr\/\u043f\u0440\u043e\u0438\u0437\u0432\u043e\u0434\/luksuzni-apartmani-u-novogradnji-u-mestu-leptokaria\/#breadcrumb","itemListElement":[{"@type":"ListItem","position":1,"name":"\u041d\u0435\u043a\u0440\u0435\u0442\u043d\u0438\u043d\u0435","item":"https:\/\/leptokariarealestate.gr\/sr\/%d0%bd%d0%b5%d0%ba%d1%80%d0%b5%d1%82%d0%bd%d0%b8%d0%bd%d0%b5\/"},{"@type":"ListItem","position":2,"name":"\u03a7\u03c9\u03c1\u03af\u03c2 \u03ba\u03b1\u03c4\u03b7\u03b3\u03bf\u03c1\u03af\u03b1","item":"https:\/\/leptokariarealestate.gr\/sr\/\u043a\u0430\u0442\u0435\u0433\u043e\u0440\u0438\u0458\u0430-\u043f\u0440\u043e\u0438\u0437\u0432\u043e\u0434\u0430\/%cf%87%cf%89%cf%81%ce%af%cf%82-%ce%ba%ce%b1%cf%84%ce%b7%ce%b3%ce%bf%cf%81%ce%af%ce%b1-sr\/"},{"@type":"ListItem","position":3,"name":"Luksuzni apartmani u novogradnji u mestu Leptokaria"}]},{"@type":"WebSite","@id":"https:\/\/leptokariarealestate.gr\/sr\/#website","url":"https:\/\/leptokariarealestate.gr\/sr\/","name":"Leptokaria Real Estate","description":"","publisher":{"@id":"https:\/\/leptokariarealestate.gr\/sr\/#organization"},"potentialAction":[{"@type":"SearchAction","target":{"@type":"EntryPoint","urlTemplate":"https:\/\/leptokariarealestate.gr\/sr\/?s={search_term_string}"},"query-input":"required name=search_term_string"}],"inLanguage":"sr-RS"},{"@type":"Organization","@id":"https:\/\/leptokariarealestate.gr\/sr\/#organization","name":"Leptokaria Real Estate","url":"https:\/\/leptokariarealestate.gr\/sr\/","logo":{"@type":"ImageObject","inLanguage":"sr-RS","@id":"https:\/\/leptokariarealestate.gr\/sr\/#\/schema\/logo\/image\/","url":"https:\/\/leptokariarealestate.gr\/wp-content\/uploads\/2024\/03\/Leptokaria-Real-Estate-Logo.svg","contentUrl":"https:\/\/leptokariarealestate.gr\/wp-content\/uploads\/2024\/03\/Leptokaria-Real-Estate-Logo.svg","width":113,"height":59,"caption":"Leptokaria Real Estate"},"image":{"@id":"https:\/\/leptokariarealestate.gr\/sr\/#\/schema\/logo\/image\/"},"sameAs":["https:\/\/www.facebook.com\/jannis.karakitsios"]}]}},"_links":{"self":[{"href":"https:\/\/leptokariarealestate.gr\/sr\/wp-json\/wp\/v2\/product\/2863"}],"collection":[{"href":"https:\/\/leptokariarealestate.gr\/sr\/wp-json\/wp\/v2\/product"}],"about":[{"href":"https:\/\/leptokariarealestate.gr\/sr\/wp-json\/wp\/v2\/types\/product"}],"wp:featuredmedia":[{"embeddable":true,"href":"https:\/\/leptokariarealestate.gr\/sr\/wp-json\/wp\/v2\/media\/2861"}],"wp:attachment":[{"href":"https:\/\/leptokariarealestate.gr\/sr\/wp-json\/wp\/v2\/media?parent=2863"}],"wp:term":[{"taxonomy":"product_cat","embeddable":true,"href":"https:\/\/leptokariarealestate.gr\/sr\/wp-json\/wp\/v2\/product_cat?post=2863"},{"taxonomy":"product_tag","embeddable":true,"href":"https:\/\/leptokariarealestate.gr\/sr\/wp-json\/wp\/v2\/product_tag?post=2863"}],"curies":[{"name":"wp","href":"https:\/\/api.w.org\/{rel}","templated":true}]}}