{"id":2802,"date":"2026-02-12T13:07:05","date_gmt":"2026-02-12T11:07:05","guid":{"rendered":"https:\/\/leptokariarealestate.gr\/product\/na-prodaju-nove-mezonske-kuce-visokog-standarda-leptokarija-pierija\/"},"modified":"2026-02-12T13:07:05","modified_gmt":"2026-02-12T11:07:05","slug":"na-prodaju-nove-mezonske-kuce-visokog-standarda-leptokarija-pierija","status":"publish","type":"product","link":"https:\/\/leptokariarealestate.gr\/sr\/\u043f\u0440\u043e\u0438\u0437\u0432\u043e\u0434\/na-prodaju-nove-mezonske-kuce-visokog-standarda-leptokarija-pierija\/","title":{"rendered":"NA PRODAJU | Nove Mezonske Ku\u0107e Visokog Standarda Leptokarija, Pierija"},"content":{"rendered":"<p>NA PRODAJU | Nove Mezonske Ku\u0107e Visokog Standarda<br \/>\nLeptokarija, Pierija<br \/>\nNa izuzetnoj lokaciji, svega 500 m od mora i 200 m od centra Leptokarije, nude se na prodaju dve (2) novogradnje \u2013 prizemne mezonske ku\u0107e, modernog arhitektonskog dizajna i vrhunskog kvaliteta izgradnje.<br \/>\nSvaka ku\u0107a ima ukupnu povr\u0161inu od 72 m\u00b2 neto, raspore\u0111enu na dva nivoa, i sadr\u017ei:<br \/>\n&#8211; Dve komforne spava\u0107e sobe (jedna na svakom spratu)<br \/>\n&#8211; Jedno kupatilo i jedan WC<br \/>\n&#8211; Svetao i funkcionalan dnevni boravak<br \/>\n&#8211; Moderno dizajniranu kuhinju<br \/>\nSpolja\u0161nji prostori \u2013 Privatnost i komfor<br \/>\n&#8211; Gornji sprat:<br \/>\n&#8211; Prednji balkon 20 m\u00b2<br \/>\n&#8211; Zadnji balkon 16 m\u00b2, pove\u0107ane privatnosti, sa predinstalacijom za jacuzzi \/ hidromasa\u017eu<br \/>\n&#8211; Prizemlje:<br \/>\n&#8211; Prednji balkon 8 m\u00b2<br \/>\n&#8211; Zadnji balkon 6 m\u00b2<br \/>\n&#8211; Privatno dvori\u0161te:<br \/>\n&#8211; 24 m\u00b2 ispred i 12 m\u00b2 iza ku\u0107e, sa mogu\u0107no\u0161\u0107u kori\u0161\u0107enja kao parking unutar placa ili ure\u0111ena privatna ba\u0161ta<br \/>\nTehni\u010dke karakteristike i oprema<br \/>\n&#8211; Toplotna pumpa sa radijatorima za grejanje i hla\u0111enje<br \/>\n&#8211; Solarni sistem za grejanje vode<br \/>\n&#8211; Pa\u017eljivo odabrani materijali vrhunskog kvaliteta<br \/>\n&#8211; Moderna, energetski efikasna gradnja<br \/>\nOve elegantne, izuzetno negovane i kvalitetne ku\u0107e idealne su kako za stalni boravak, tako i za vikendicu ili investicionu kupovinu, u jednoj od najperspektivnijih obalnih oblasti severne Gr\u010dke.<br \/>\nCena: 160.000 \u20ac po ku\u0107i<br \/>\n+30 69 32 64 83 <\/p>\n","protected":false},"excerpt":{"rendered":"<p>NA PRODAJU | Nove Mezonske Ku\u0107e Visokog Standarda<br \/>\nLeptokarija, Pierija<br \/>\nNa izuzetnoj lokaciji, svega 500 m od mora i 200 m od centra Leptokarije, nude se na prodaju dve (2) novogradnje \u2013 prizemne mezonske ku\u0107e, modernog arhitektonskog dizajna i vrhunskog kvaliteta izgradnje.<br \/>\nSvaka ku\u0107a ima ukupnu povr\u0161inu od 72 m\u00b2 neto, raspore\u0111enu na dva nivoa, i sadr\u017ei:<br \/>\n&#8211; Dve komforne spava\u0107e sobe (jedna na svakom spratu)<br \/>\n&#8211; Jedno kupatilo i jedan WC<br \/>\n&#8211; Svetao i funkcionalan dnevni boravak<br \/>\n&#8211; Moderno dizajniranu kuhinju<br \/>\nSpolja\u0161nji prostori \u2013 Privatnost i komfor<br \/>\n&#8211; Gornji sprat:<br \/>\n&#8211; Prednji balkon 20 m\u00b2<br \/>\n&#8211; Zadnji balkon 16 m\u00b2, pove\u0107ane privatnosti, sa predinstalacijom za jacuzzi \/ hidromasa\u017eu<br \/>\n&#8211; Prizemlje:<br \/>\n&#8211; Prednji balkon 8 m\u00b2<br \/>\n&#8211; Zadnji balkon 6 m\u00b2<br \/>\n&#8211; Privatno dvori\u0161te:<br \/>\n&#8211; 24 m\u00b2 ispred i 12 m\u00b2 iza ku\u0107e, sa mogu\u0107no\u0161\u0107u kori\u0161\u0107enja kao parking unutar placa ili ure\u0111ena privatna ba\u0161ta<br \/>\nTehni\u010dke karakteristike i oprema<br \/>\n&#8211; Toplotna pumpa sa radijatorima za grejanje i hla\u0111enje<br \/>\n&#8211; Solarni sistem za grejanje vode<br \/>\n&#8211; Pa\u017eljivo odabrani materijali vrhunskog kvaliteta<br \/>\n&#8211; Moderna, energetski efikasna gradnja<br \/>\nOve elegantne, izuzetno negovane i kvalitetne ku\u0107e idealne su kako za stalni boravak, tako i za vikendicu ili investicionu kupovinu, u jednoj od najperspektivnijih obalnih oblasti severne Gr\u010dke.<br \/>\nCena: 160.000 \u20ac po ku\u0107i<br \/>\n+30 69 32 64 83 <\/p>\n","protected":false},"featured_media":2786,"template":"","meta":[],"product_cat":[87,56,65],"product_tag":[],"yoast_head":"<!-- This site is optimized with the Yoast SEO plugin v22.8 - https:\/\/yoast.com\/wordpress\/plugins\/seo\/ -->\n<title>NA PRODAJU | Nove Mezonske Ku\u0107e Visokog Standarda Leptokarija, Pierija - Leptokaria Real Estate<\/title>\n<meta name=\"robots\" content=\"index, follow, max-snippet:-1, max-image-preview:large, max-video-preview:-1\" \/>\n<link rel=\"canonical\" href=\"https:\/\/leptokariarealestate.gr\/sr\/\u043f\u0440\u043e\u0438\u0437\u0432\u043e\u0434\/na-prodaju-nove-mezonske-kuce-visokog-standarda-leptokarija-pierija\/\" \/>\n<meta property=\"og:locale\" content=\"sr_RS\" \/>\n<meta property=\"og:type\" content=\"article\" \/>\n<meta property=\"og:title\" content=\"NA PRODAJU | Nove Mezonske Ku\u0107e Visokog Standarda Leptokarija, Pierija - Leptokaria Real Estate\" \/>\n<meta property=\"og:description\" content=\"NA PRODAJU | Nove Mezonske Ku\u0107e Visokog Standarda Leptokarija, Pierija Na izuzetnoj lokaciji, svega 500 m od mora i 200 m od centra Leptokarije, nude se na prodaju dve (2) novogradnje \u2013 prizemne mezonske ku\u0107e, modernog arhitektonskog dizajna i vrhunskog kvaliteta izgradnje. Svaka ku\u0107a ima ukupnu povr\u0161inu od 72 m\u00b2 neto, raspore\u0111enu na dva nivoa, i sadr\u017ei: - Dve komforne spava\u0107e sobe (jedna na svakom spratu) - Jedno kupatilo i jedan WC - Svetao i funkcionalan dnevni boravak - Moderno dizajniranu kuhinju Spolja\u0161nji prostori \u2013 Privatnost i komfor - Gornji sprat: - Prednji balkon 20 m\u00b2 - Zadnji balkon 16 m\u00b2, pove\u0107ane privatnosti, sa predinstalacijom za jacuzzi \/ hidromasa\u017eu - Prizemlje: - Prednji balkon 8 m\u00b2 - Zadnji balkon 6 m\u00b2 - Privatno dvori\u0161te: - 24 m\u00b2 ispred i 12 m\u00b2 iza ku\u0107e, sa mogu\u0107no\u0161\u0107u kori\u0161\u0107enja kao parking unutar placa ili ure\u0111ena privatna ba\u0161ta Tehni\u010dke karakteristike i oprema - Toplotna pumpa sa radijatorima za grejanje i hla\u0111enje - Solarni sistem za grejanje vode - Pa\u017eljivo odabrani materijali vrhunskog kvaliteta - Moderna, energetski efikasna gradnja Ove elegantne, izuzetno negovane i kvalitetne ku\u0107e idealne su kako za stalni boravak, tako i za vikendicu ili investicionu kupovinu, u jednoj od najperspektivnijih obalnih oblasti severne Gr\u010dke. Cena: 160.000 \u20ac po ku\u0107i +30 69 32 64 83\" \/>\n<meta property=\"og:url\" content=\"https:\/\/leptokariarealestate.gr\/sr\/\u043f\u0440\u043e\u0438\u0437\u0432\u043e\u0434\/na-prodaju-nove-mezonske-kuce-visokog-standarda-leptokarija-pierija\/\" \/>\n<meta property=\"og:site_name\" content=\"Leptokaria Real Estate\" \/>\n<meta property=\"article:publisher\" content=\"https:\/\/www.facebook.com\/jannis.karakitsios\" \/>\n<meta name=\"twitter:card\" content=\"summary_large_image\" \/>\n<meta name=\"twitter:label1\" content=\"\u041f\u0440\u043e\u0446\u0435\u045a\u0435\u043d\u043e \u0432\u0440\u0435\u043c\u0435 \u0447\u0438\u0442\u0430\u045a\u0430\" \/>\n\t<meta name=\"twitter:data1\" content=\"1 \u043c\u0438\u043d\u0443\u0442\" \/>\n<script type=\"application\/ld+json\" class=\"yoast-schema-graph\">{\"@context\":\"https:\/\/schema.org\",\"@graph\":[{\"@type\":\"WebPage\",\"@id\":\"https:\/\/leptokariarealestate.gr\/sr\/\u043f\u0440\u043e\u0438\u0437\u0432\u043e\u0434\/na-prodaju-nove-mezonske-kuce-visokog-standarda-leptokarija-pierija\/\",\"url\":\"https:\/\/leptokariarealestate.gr\/sr\/\u043f\u0440\u043e\u0438\u0437\u0432\u043e\u0434\/na-prodaju-nove-mezonske-kuce-visokog-standarda-leptokarija-pierija\/\",\"name\":\"NA PRODAJU | Nove Mezonske Ku\u0107e Visokog Standarda Leptokarija, Pierija - Leptokaria Real Estate\",\"isPartOf\":{\"@id\":\"https:\/\/leptokariarealestate.gr\/sr\/#website\"},\"primaryImageOfPage\":{\"@id\":\"https:\/\/leptokariarealestate.gr\/sr\/\u043f\u0440\u043e\u0438\u0437\u0432\u043e\u0434\/na-prodaju-nove-mezonske-kuce-visokog-standarda-leptokarija-pierija\/#primaryimage\"},\"image\":{\"@id\":\"https:\/\/leptokariarealestate.gr\/sr\/\u043f\u0440\u043e\u0438\u0437\u0432\u043e\u0434\/na-prodaju-nove-mezonske-kuce-visokog-standarda-leptokarija-pierija\/#primaryimage\"},\"thumbnailUrl\":\"https:\/\/leptokariarealestate.gr\/wp-content\/uploads\/2026\/02\/viber_image_2026-02-12_12-46-59-684.jpg\",\"datePublished\":\"2026-02-12T11:07:05+00:00\",\"dateModified\":\"2026-02-12T11:07:05+00:00\",\"breadcrumb\":{\"@id\":\"https:\/\/leptokariarealestate.gr\/sr\/\u043f\u0440\u043e\u0438\u0437\u0432\u043e\u0434\/na-prodaju-nove-mezonske-kuce-visokog-standarda-leptokarija-pierija\/#breadcrumb\"},\"inLanguage\":\"sr-RS\",\"potentialAction\":[{\"@type\":\"ReadAction\",\"target\":[\"https:\/\/leptokariarealestate.gr\/sr\/\u043f\u0440\u043e\u0438\u0437\u0432\u043e\u0434\/na-prodaju-nove-mezonske-kuce-visokog-standarda-leptokarija-pierija\/\"]}]},{\"@type\":\"ImageObject\",\"inLanguage\":\"sr-RS\",\"@id\":\"https:\/\/leptokariarealestate.gr\/sr\/\u043f\u0440\u043e\u0438\u0437\u0432\u043e\u0434\/na-prodaju-nove-mezonske-kuce-visokog-standarda-leptokarija-pierija\/#primaryimage\",\"url\":\"https:\/\/leptokariarealestate.gr\/wp-content\/uploads\/2026\/02\/viber_image_2026-02-12_12-46-59-684.jpg\",\"contentUrl\":\"https:\/\/leptokariarealestate.gr\/wp-content\/uploads\/2026\/02\/viber_image_2026-02-12_12-46-59-684.jpg\",\"width\":1600,\"height\":951},{\"@type\":\"BreadcrumbList\",\"@id\":\"https:\/\/leptokariarealestate.gr\/sr\/\u043f\u0440\u043e\u0438\u0437\u0432\u043e\u0434\/na-prodaju-nove-mezonske-kuce-visokog-standarda-leptokarija-pierija\/#breadcrumb\",\"itemListElement\":[{\"@type\":\"ListItem\",\"position\":1,\"name\":\"\u041d\u0435\u043a\u0440\u0435\u0442\u043d\u0438\u043d\u0435\",\"item\":\"https:\/\/leptokariarealestate.gr\/sr\/%d0%bd%d0%b5%d0%ba%d1%80%d0%b5%d1%82%d0%bd%d0%b8%d0%bd%d0%b5\/\"},{\"@type\":\"ListItem\",\"position\":2,\"name\":\"\u03a7\u03c9\u03c1\u03af\u03c2 \u03ba\u03b1\u03c4\u03b7\u03b3\u03bf\u03c1\u03af\u03b1\",\"item\":\"https:\/\/leptokariarealestate.gr\/sr\/\u043a\u0430\u0442\u0435\u0433\u043e\u0440\u0438\u0458\u0430-\u043f\u0440\u043e\u0438\u0437\u0432\u043e\u0434\u0430\/%cf%87%cf%89%cf%81%ce%af%cf%82-%ce%ba%ce%b1%cf%84%ce%b7%ce%b3%ce%bf%cf%81%ce%af%ce%b1-sr\/\"},{\"@type\":\"ListItem\",\"position\":3,\"name\":\"NA PRODAJU | Nove Mezonske Ku\u0107e Visokog Standarda Leptokarija, Pierija\"}]},{\"@type\":\"WebSite\",\"@id\":\"https:\/\/leptokariarealestate.gr\/sr\/#website\",\"url\":\"https:\/\/leptokariarealestate.gr\/sr\/\",\"name\":\"Leptokaria Real Estate\",\"description\":\"\",\"publisher\":{\"@id\":\"https:\/\/leptokariarealestate.gr\/sr\/#organization\"},\"potentialAction\":[{\"@type\":\"SearchAction\",\"target\":{\"@type\":\"EntryPoint\",\"urlTemplate\":\"https:\/\/leptokariarealestate.gr\/sr\/?s={search_term_string}\"},\"query-input\":\"required name=search_term_string\"}],\"inLanguage\":\"sr-RS\"},{\"@type\":\"Organization\",\"@id\":\"https:\/\/leptokariarealestate.gr\/sr\/#organization\",\"name\":\"Leptokaria Real Estate\",\"url\":\"https:\/\/leptokariarealestate.gr\/sr\/\",\"logo\":{\"@type\":\"ImageObject\",\"inLanguage\":\"sr-RS\",\"@id\":\"https:\/\/leptokariarealestate.gr\/sr\/#\/schema\/logo\/image\/\",\"url\":\"https:\/\/leptokariarealestate.gr\/wp-content\/uploads\/2024\/03\/Leptokaria-Real-Estate-Logo.svg\",\"contentUrl\":\"https:\/\/leptokariarealestate.gr\/wp-content\/uploads\/2024\/03\/Leptokaria-Real-Estate-Logo.svg\",\"width\":113,\"height\":59,\"caption\":\"Leptokaria Real Estate\"},\"image\":{\"@id\":\"https:\/\/leptokariarealestate.gr\/sr\/#\/schema\/logo\/image\/\"},\"sameAs\":[\"https:\/\/www.facebook.com\/jannis.karakitsios\"]}]}<\/script>\n<!-- \/ Yoast SEO plugin. -->","yoast_head_json":{"title":"NA PRODAJU | Nove Mezonske Ku\u0107e Visokog Standarda Leptokarija, Pierija - Leptokaria Real Estate","robots":{"index":"index","follow":"follow","max-snippet":"max-snippet:-1","max-image-preview":"max-image-preview:large","max-video-preview":"max-video-preview:-1"},"canonical":"https:\/\/leptokariarealestate.gr\/sr\/\u043f\u0440\u043e\u0438\u0437\u0432\u043e\u0434\/na-prodaju-nove-mezonske-kuce-visokog-standarda-leptokarija-pierija\/","og_locale":"sr_RS","og_type":"article","og_title":"NA PRODAJU | Nove Mezonske Ku\u0107e Visokog Standarda Leptokarija, Pierija - Leptokaria Real Estate","og_description":"NA PRODAJU | Nove Mezonske Ku\u0107e Visokog Standarda Leptokarija, Pierija Na izuzetnoj lokaciji, svega 500 m od mora i 200 m od centra Leptokarije, nude se na prodaju dve (2) novogradnje \u2013 prizemne mezonske ku\u0107e, modernog arhitektonskog dizajna i vrhunskog kvaliteta izgradnje. Svaka ku\u0107a ima ukupnu povr\u0161inu od 72 m\u00b2 neto, raspore\u0111enu na dva nivoa, i sadr\u017ei: - Dve komforne spava\u0107e sobe (jedna na svakom spratu) - Jedno kupatilo i jedan WC - Svetao i funkcionalan dnevni boravak - Moderno dizajniranu kuhinju Spolja\u0161nji prostori \u2013 Privatnost i komfor - Gornji sprat: - Prednji balkon 20 m\u00b2 - Zadnji balkon 16 m\u00b2, pove\u0107ane privatnosti, sa predinstalacijom za jacuzzi \/ hidromasa\u017eu - Prizemlje: - Prednji balkon 8 m\u00b2 - Zadnji balkon 6 m\u00b2 - Privatno dvori\u0161te: - 24 m\u00b2 ispred i 12 m\u00b2 iza ku\u0107e, sa mogu\u0107no\u0161\u0107u kori\u0161\u0107enja kao parking unutar placa ili ure\u0111ena privatna ba\u0161ta Tehni\u010dke karakteristike i oprema - Toplotna pumpa sa radijatorima za grejanje i hla\u0111enje - Solarni sistem za grejanje vode - Pa\u017eljivo odabrani materijali vrhunskog kvaliteta - Moderna, energetski efikasna gradnja Ove elegantne, izuzetno negovane i kvalitetne ku\u0107e idealne su kako za stalni boravak, tako i za vikendicu ili investicionu kupovinu, u jednoj od najperspektivnijih obalnih oblasti severne Gr\u010dke. Cena: 160.000 \u20ac po ku\u0107i +30 69 32 64 83","og_url":"https:\/\/leptokariarealestate.gr\/sr\/\u043f\u0440\u043e\u0438\u0437\u0432\u043e\u0434\/na-prodaju-nove-mezonske-kuce-visokog-standarda-leptokarija-pierija\/","og_site_name":"Leptokaria Real Estate","article_publisher":"https:\/\/www.facebook.com\/jannis.karakitsios","twitter_card":"summary_large_image","twitter_misc":{"\u041f\u0440\u043e\u0446\u0435\u045a\u0435\u043d\u043e \u0432\u0440\u0435\u043c\u0435 \u0447\u0438\u0442\u0430\u045a\u0430":"1 \u043c\u0438\u043d\u0443\u0442"},"schema":{"@context":"https:\/\/schema.org","@graph":[{"@type":"WebPage","@id":"https:\/\/leptokariarealestate.gr\/sr\/\u043f\u0440\u043e\u0438\u0437\u0432\u043e\u0434\/na-prodaju-nove-mezonske-kuce-visokog-standarda-leptokarija-pierija\/","url":"https:\/\/leptokariarealestate.gr\/sr\/\u043f\u0440\u043e\u0438\u0437\u0432\u043e\u0434\/na-prodaju-nove-mezonske-kuce-visokog-standarda-leptokarija-pierija\/","name":"NA PRODAJU | Nove Mezonske Ku\u0107e Visokog Standarda Leptokarija, Pierija - Leptokaria Real Estate","isPartOf":{"@id":"https:\/\/leptokariarealestate.gr\/sr\/#website"},"primaryImageOfPage":{"@id":"https:\/\/leptokariarealestate.gr\/sr\/\u043f\u0440\u043e\u0438\u0437\u0432\u043e\u0434\/na-prodaju-nove-mezonske-kuce-visokog-standarda-leptokarija-pierija\/#primaryimage"},"image":{"@id":"https:\/\/leptokariarealestate.gr\/sr\/\u043f\u0440\u043e\u0438\u0437\u0432\u043e\u0434\/na-prodaju-nove-mezonske-kuce-visokog-standarda-leptokarija-pierija\/#primaryimage"},"thumbnailUrl":"https:\/\/leptokariarealestate.gr\/wp-content\/uploads\/2026\/02\/viber_image_2026-02-12_12-46-59-684.jpg","datePublished":"2026-02-12T11:07:05+00:00","dateModified":"2026-02-12T11:07:05+00:00","breadcrumb":{"@id":"https:\/\/leptokariarealestate.gr\/sr\/\u043f\u0440\u043e\u0438\u0437\u0432\u043e\u0434\/na-prodaju-nove-mezonske-kuce-visokog-standarda-leptokarija-pierija\/#breadcrumb"},"inLanguage":"sr-RS","potentialAction":[{"@type":"ReadAction","target":["https:\/\/leptokariarealestate.gr\/sr\/\u043f\u0440\u043e\u0438\u0437\u0432\u043e\u0434\/na-prodaju-nove-mezonske-kuce-visokog-standarda-leptokarija-pierija\/"]}]},{"@type":"ImageObject","inLanguage":"sr-RS","@id":"https:\/\/leptokariarealestate.gr\/sr\/\u043f\u0440\u043e\u0438\u0437\u0432\u043e\u0434\/na-prodaju-nove-mezonske-kuce-visokog-standarda-leptokarija-pierija\/#primaryimage","url":"https:\/\/leptokariarealestate.gr\/wp-content\/uploads\/2026\/02\/viber_image_2026-02-12_12-46-59-684.jpg","contentUrl":"https:\/\/leptokariarealestate.gr\/wp-content\/uploads\/2026\/02\/viber_image_2026-02-12_12-46-59-684.jpg","width":1600,"height":951},{"@type":"BreadcrumbList","@id":"https:\/\/leptokariarealestate.gr\/sr\/\u043f\u0440\u043e\u0438\u0437\u0432\u043e\u0434\/na-prodaju-nove-mezonske-kuce-visokog-standarda-leptokarija-pierija\/#breadcrumb","itemListElement":[{"@type":"ListItem","position":1,"name":"\u041d\u0435\u043a\u0440\u0435\u0442\u043d\u0438\u043d\u0435","item":"https:\/\/leptokariarealestate.gr\/sr\/%d0%bd%d0%b5%d0%ba%d1%80%d0%b5%d1%82%d0%bd%d0%b8%d0%bd%d0%b5\/"},{"@type":"ListItem","position":2,"name":"\u03a7\u03c9\u03c1\u03af\u03c2 \u03ba\u03b1\u03c4\u03b7\u03b3\u03bf\u03c1\u03af\u03b1","item":"https:\/\/leptokariarealestate.gr\/sr\/\u043a\u0430\u0442\u0435\u0433\u043e\u0440\u0438\u0458\u0430-\u043f\u0440\u043e\u0438\u0437\u0432\u043e\u0434\u0430\/%cf%87%cf%89%cf%81%ce%af%cf%82-%ce%ba%ce%b1%cf%84%ce%b7%ce%b3%ce%bf%cf%81%ce%af%ce%b1-sr\/"},{"@type":"ListItem","position":3,"name":"NA PRODAJU | Nove Mezonske Ku\u0107e Visokog Standarda Leptokarija, Pierija"}]},{"@type":"WebSite","@id":"https:\/\/leptokariarealestate.gr\/sr\/#website","url":"https:\/\/leptokariarealestate.gr\/sr\/","name":"Leptokaria Real Estate","description":"","publisher":{"@id":"https:\/\/leptokariarealestate.gr\/sr\/#organization"},"potentialAction":[{"@type":"SearchAction","target":{"@type":"EntryPoint","urlTemplate":"https:\/\/leptokariarealestate.gr\/sr\/?s={search_term_string}"},"query-input":"required name=search_term_string"}],"inLanguage":"sr-RS"},{"@type":"Organization","@id":"https:\/\/leptokariarealestate.gr\/sr\/#organization","name":"Leptokaria Real Estate","url":"https:\/\/leptokariarealestate.gr\/sr\/","logo":{"@type":"ImageObject","inLanguage":"sr-RS","@id":"https:\/\/leptokariarealestate.gr\/sr\/#\/schema\/logo\/image\/","url":"https:\/\/leptokariarealestate.gr\/wp-content\/uploads\/2024\/03\/Leptokaria-Real-Estate-Logo.svg","contentUrl":"https:\/\/leptokariarealestate.gr\/wp-content\/uploads\/2024\/03\/Leptokaria-Real-Estate-Logo.svg","width":113,"height":59,"caption":"Leptokaria Real Estate"},"image":{"@id":"https:\/\/leptokariarealestate.gr\/sr\/#\/schema\/logo\/image\/"},"sameAs":["https:\/\/www.facebook.com\/jannis.karakitsios"]}]}},"_links":{"self":[{"href":"https:\/\/leptokariarealestate.gr\/sr\/wp-json\/wp\/v2\/product\/2802"}],"collection":[{"href":"https:\/\/leptokariarealestate.gr\/sr\/wp-json\/wp\/v2\/product"}],"about":[{"href":"https:\/\/leptokariarealestate.gr\/sr\/wp-json\/wp\/v2\/types\/product"}],"wp:featuredmedia":[{"embeddable":true,"href":"https:\/\/leptokariarealestate.gr\/sr\/wp-json\/wp\/v2\/media\/2786"}],"wp:attachment":[{"href":"https:\/\/leptokariarealestate.gr\/sr\/wp-json\/wp\/v2\/media?parent=2802"}],"wp:term":[{"taxonomy":"product_cat","embeddable":true,"href":"https:\/\/leptokariarealestate.gr\/sr\/wp-json\/wp\/v2\/product_cat?post=2802"},{"taxonomy":"product_tag","embeddable":true,"href":"https:\/\/leptokariarealestate.gr\/sr\/wp-json\/wp\/v2\/product_tag?post=2802"}],"curies":[{"name":"wp","href":"https:\/\/api.w.org\/{rel}","templated":true}]}}