{"id":2779,"date":"2026-02-05T21:13:12","date_gmt":"2026-02-05T19:13:12","guid":{"rendered":"https:\/\/leptokariarealestate.gr\/product\/izuzetan-nov-stan-u-prizemlju-panoramski-pogled-na-olimp-i-egejsko-more-leptokarija-pierija\/"},"modified":"2026-02-05T21:13:12","modified_gmt":"2026-02-05T19:13:12","slug":"izuzetan-nov-stan-u-prizemlju-panoramski-pogled-na-olimp-i-egejsko-more-leptokarija-pierija","status":"publish","type":"product","link":"https:\/\/leptokariarealestate.gr\/sr\/\u043f\u0440\u043e\u0438\u0437\u0432\u043e\u0434\/izuzetan-nov-stan-u-prizemlju-panoramski-pogled-na-olimp-i-egejsko-more-leptokarija-pierija\/","title":{"rendered":"IZUZETAN NOV STAN U PRIZEMLJU PANORAMSKI POGLED NA OLIMP I EGEJSKO MORE | LEPTOKARIJA, PIERIJA"},"content":{"rendered":"<p>IZUZETAN NOV STAN U PRIZEMLJU<br \/>\nPANORAMSKI POGLED NA OLIMP I EGEJSKO MORE | LEPTOKARIJA, PIERIJA<br \/>\nNa jednoj od najpresti\u017enijih i najtra\u017eenijih lokacija u Leptokariji (Pierija), prodaje se izuzetan, nov stan u prizemlju visokog estetskog nivoa, u okviru savremene stambene zgrade vrhunskog kvaliteta gradnje, sa pa\u017eljivo osmi\u0161ljenim arhitektonskim dizajnom i materijalima najvi\u0161e klase.<br \/>\nNekretnina nudi neometan, panoramski pogled na planinu Olimp i Egejsko more, stvaraju\u0107i ose\u0107aj otvorenog prostora, mira i potpune povezanosti sa prirodom.<br \/>\nPovr\u0161ine i Spolja\u0161nji Prostori<br \/>\n27,11 m\u00b2 neto stambenog prostora<br \/>\nPrednji i zadnji balkoni ukupne povr\u0161ine 13 m\u00b2<br \/>\nPrivatna ba\u0161ta ispred i iza stana, ukupne povr\u0161ine 50 m\u00b2<br \/>\nSpolja\u0161nji prostori pru\u017eaju privatnost i idealne uslove za odmor i u\u017eivanje.<br \/>\nUnutra\u0161nji Raspored<br \/>\nStan je projektovan sa fokusom na udobnost i funkcionalnost i obuhvata:<br \/>\nDnevni boravak sa kuhinjom otvorenog koncepta<br \/>\nModerno kupatilo<br \/>\nJednu komfornu spava\u0107u sobu<br \/>\nArhitektura i Kvalitet Gradnje<br \/>\nZgrada visokih tehni\u010dkih standarda<br \/>\nMaterijali vrhunskog kvaliteta<br \/>\nSavremen i sofisticiran dizajn<br \/>\nPa\u017enja posve\u0107ena svakom detalju<br \/>\nLokacija<br \/>\nNekretnina se nalazi:<br \/>\nu najboljem delu Leptokarije<br \/>\nna samo 500 m od mora<br \/>\n100 m od centra mesta<br \/>\nuz neposrednu blizinu prodavnica, restorana i osnovnih sadr\u017eaja.<br \/>\nIdealno za:<br \/>\nLi\u010dno stanovanje, uz visok kvalitet \u017eivota i jedinstvene poglede<br \/>\nIzdavanje (kratkoro\u010dno ili dugoro\u010dno), sa odli\u010dnim potencijalom zarade<br \/>\nCena: 75.000 \u20ac<br \/>\n0030 69 32 64 83 78 <\/p>\n","protected":false},"excerpt":{"rendered":"<p>IZUZETAN NOV STAN U PRIZEMLJU<br \/>\nPANORAMSKI POGLED NA OLIMP I EGEJSKO MORE | LEPTOKARIJA, PIERIJA<br \/>\nNa jednoj od najpresti\u017enijih i najtra\u017eenijih lokacija u Leptokariji (Pierija), prodaje se izuzetan, nov stan u prizemlju visokog estetskog nivoa, u okviru savremene stambene zgrade vrhunskog kvaliteta gradnje, sa pa\u017eljivo osmi\u0161ljenim arhitektonskim dizajnom i materijalima najvi\u0161e klase.<br \/>\nNekretnina nudi neometan, panoramski pogled na planinu Olimp i Egejsko more, stvaraju\u0107i ose\u0107aj otvorenog prostora, mira i potpune povezanosti sa prirodom.<br \/>\nPovr\u0161ine i Spolja\u0161nji Prostori<br \/>\n27,11 m\u00b2 neto stambenog prostora<br \/>\nPrednji i zadnji balkoni ukupne povr\u0161ine 13 m\u00b2<br \/>\nPrivatna ba\u0161ta ispred i iza stana, ukupne povr\u0161ine 50 m\u00b2<br \/>\nSpolja\u0161nji prostori pru\u017eaju privatnost i idealne uslove za odmor i u\u017eivanje.<br \/>\nUnutra\u0161nji Raspored<br \/>\nStan je projektovan sa fokusom na udobnost i funkcionalnost i obuhvata:<br \/>\nDnevni boravak sa kuhinjom otvorenog koncepta<br \/>\nModerno kupatilo<br \/>\nJednu komfornu spava\u0107u sobu<br \/>\nArhitektura i Kvalitet Gradnje<br \/>\nZgrada visokih tehni\u010dkih standarda<br \/>\nMaterijali vrhunskog kvaliteta<br \/>\nSavremen i sofisticiran dizajn<br \/>\nPa\u017enja posve\u0107ena svakom detalju<br \/>\nLokacija<br \/>\nNekretnina se nalazi:<br \/>\nu najboljem delu Leptokarije<br \/>\nna samo 500 m od mora<br \/>\n100 m od centra mesta<br \/>\nuz neposrednu blizinu prodavnica, restorana i osnovnih sadr\u017eaja.<br \/>\nIdealno za:<br \/>\nLi\u010dno stanovanje, uz visok kvalitet \u017eivota i jedinstvene poglede<br \/>\nIzdavanje (kratkoro\u010dno ili dugoro\u010dno), sa odli\u010dnim potencijalom zarade<br \/>\nCena: 75.000 \u20ac<br \/>\n0030 69 32 64 83 78 <\/p>\n","protected":false},"featured_media":2778,"template":"","meta":[],"product_cat":[75,87],"product_tag":[],"yoast_head":"<!-- This site is optimized with the Yoast SEO plugin v22.8 - https:\/\/yoast.com\/wordpress\/plugins\/seo\/ -->\n<title>IZUZETAN NOV STAN U PRIZEMLJU PANORAMSKI POGLED NA OLIMP I EGEJSKO MORE | LEPTOKARIJA, PIERIJA - Leptokaria Real Estate<\/title>\n<meta name=\"robots\" content=\"index, follow, max-snippet:-1, max-image-preview:large, max-video-preview:-1\" \/>\n<link rel=\"canonical\" href=\"https:\/\/leptokariarealestate.gr\/sr\/\u043f\u0440\u043e\u0438\u0437\u0432\u043e\u0434\/izuzetan-nov-stan-u-prizemlju-panoramski-pogled-na-olimp-i-egejsko-more-leptokarija-pierija\/\" \/>\n<meta property=\"og:locale\" content=\"sr_RS\" \/>\n<meta property=\"og:type\" content=\"article\" \/>\n<meta property=\"og:title\" content=\"IZUZETAN NOV STAN U PRIZEMLJU PANORAMSKI POGLED NA OLIMP I EGEJSKO MORE | LEPTOKARIJA, PIERIJA - Leptokaria Real Estate\" \/>\n<meta property=\"og:description\" content=\"IZUZETAN NOV STAN U PRIZEMLJU PANORAMSKI POGLED NA OLIMP I EGEJSKO MORE | LEPTOKARIJA, PIERIJA Na jednoj od najpresti\u017enijih i najtra\u017eenijih lokacija u Leptokariji (Pierija), prodaje se izuzetan, nov stan u prizemlju visokog estetskog nivoa, u okviru savremene stambene zgrade vrhunskog kvaliteta gradnje, sa pa\u017eljivo osmi\u0161ljenim arhitektonskim dizajnom i materijalima najvi\u0161e klase. Nekretnina nudi neometan, panoramski pogled na planinu Olimp i Egejsko more, stvaraju\u0107i ose\u0107aj otvorenog prostora, mira i potpune povezanosti sa prirodom. Povr\u0161ine i Spolja\u0161nji Prostori 27,11 m\u00b2 neto stambenog prostora Prednji i zadnji balkoni ukupne povr\u0161ine 13 m\u00b2 Privatna ba\u0161ta ispred i iza stana, ukupne povr\u0161ine 50 m\u00b2 Spolja\u0161nji prostori pru\u017eaju privatnost i idealne uslove za odmor i u\u017eivanje. Unutra\u0161nji Raspored Stan je projektovan sa fokusom na udobnost i funkcionalnost i obuhvata: Dnevni boravak sa kuhinjom otvorenog koncepta Moderno kupatilo Jednu komfornu spava\u0107u sobu Arhitektura i Kvalitet Gradnje Zgrada visokih tehni\u010dkih standarda Materijali vrhunskog kvaliteta Savremen i sofisticiran dizajn Pa\u017enja posve\u0107ena svakom detalju Lokacija Nekretnina se nalazi: u najboljem delu Leptokarije na samo 500 m od mora 100 m od centra mesta uz neposrednu blizinu prodavnica, restorana i osnovnih sadr\u017eaja. Idealno za: Li\u010dno stanovanje, uz visok kvalitet \u017eivota i jedinstvene poglede Izdavanje (kratkoro\u010dno ili dugoro\u010dno), sa odli\u010dnim potencijalom zarade Cena: 75.000 \u20ac 0030 69 32 64 83 78\" \/>\n<meta property=\"og:url\" content=\"https:\/\/leptokariarealestate.gr\/sr\/\u043f\u0440\u043e\u0438\u0437\u0432\u043e\u0434\/izuzetan-nov-stan-u-prizemlju-panoramski-pogled-na-olimp-i-egejsko-more-leptokarija-pierija\/\" \/>\n<meta property=\"og:site_name\" content=\"Leptokaria Real Estate\" \/>\n<meta property=\"article:publisher\" content=\"https:\/\/www.facebook.com\/jannis.karakitsios\" \/>\n<meta name=\"twitter:card\" content=\"summary_large_image\" \/>\n<meta name=\"twitter:label1\" content=\"\u041f\u0440\u043e\u0446\u0435\u045a\u0435\u043d\u043e \u0432\u0440\u0435\u043c\u0435 \u0447\u0438\u0442\u0430\u045a\u0430\" \/>\n\t<meta name=\"twitter:data1\" content=\"1 \u043c\u0438\u043d\u0443\u0442\" \/>\n<script type=\"application\/ld+json\" class=\"yoast-schema-graph\">{\"@context\":\"https:\/\/schema.org\",\"@graph\":[{\"@type\":\"WebPage\",\"@id\":\"https:\/\/leptokariarealestate.gr\/sr\/\u043f\u0440\u043e\u0438\u0437\u0432\u043e\u0434\/izuzetan-nov-stan-u-prizemlju-panoramski-pogled-na-olimp-i-egejsko-more-leptokarija-pierija\/\",\"url\":\"https:\/\/leptokariarealestate.gr\/sr\/\u043f\u0440\u043e\u0438\u0437\u0432\u043e\u0434\/izuzetan-nov-stan-u-prizemlju-panoramski-pogled-na-olimp-i-egejsko-more-leptokarija-pierija\/\",\"name\":\"IZUZETAN NOV STAN U PRIZEMLJU PANORAMSKI POGLED NA OLIMP I EGEJSKO MORE | LEPTOKARIJA, PIERIJA - Leptokaria Real Estate\",\"isPartOf\":{\"@id\":\"https:\/\/leptokariarealestate.gr\/sr\/#website\"},\"primaryImageOfPage\":{\"@id\":\"https:\/\/leptokariarealestate.gr\/sr\/\u043f\u0440\u043e\u0438\u0437\u0432\u043e\u0434\/izuzetan-nov-stan-u-prizemlju-panoramski-pogled-na-olimp-i-egejsko-more-leptokarija-pierija\/#primaryimage\"},\"image\":{\"@id\":\"https:\/\/leptokariarealestate.gr\/sr\/\u043f\u0440\u043e\u0438\u0437\u0432\u043e\u0434\/izuzetan-nov-stan-u-prizemlju-panoramski-pogled-na-olimp-i-egejsko-more-leptokarija-pierija\/#primaryimage\"},\"thumbnailUrl\":\"https:\/\/leptokariarealestate.gr\/wp-content\/uploads\/2026\/02\/viber_image_2026-01-31_13-21-43-345-1.jpg\",\"datePublished\":\"2026-02-05T19:13:12+00:00\",\"dateModified\":\"2026-02-05T19:13:12+00:00\",\"breadcrumb\":{\"@id\":\"https:\/\/leptokariarealestate.gr\/sr\/\u043f\u0440\u043e\u0438\u0437\u0432\u043e\u0434\/izuzetan-nov-stan-u-prizemlju-panoramski-pogled-na-olimp-i-egejsko-more-leptokarija-pierija\/#breadcrumb\"},\"inLanguage\":\"sr-RS\",\"potentialAction\":[{\"@type\":\"ReadAction\",\"target\":[\"https:\/\/leptokariarealestate.gr\/sr\/\u043f\u0440\u043e\u0438\u0437\u0432\u043e\u0434\/izuzetan-nov-stan-u-prizemlju-panoramski-pogled-na-olimp-i-egejsko-more-leptokarija-pierija\/\"]}]},{\"@type\":\"ImageObject\",\"inLanguage\":\"sr-RS\",\"@id\":\"https:\/\/leptokariarealestate.gr\/sr\/\u043f\u0440\u043e\u0438\u0437\u0432\u043e\u0434\/izuzetan-nov-stan-u-prizemlju-panoramski-pogled-na-olimp-i-egejsko-more-leptokarija-pierija\/#primaryimage\",\"url\":\"https:\/\/leptokariarealestate.gr\/wp-content\/uploads\/2026\/02\/viber_image_2026-01-31_13-21-43-345-1.jpg\",\"contentUrl\":\"https:\/\/leptokariarealestate.gr\/wp-content\/uploads\/2026\/02\/viber_image_2026-01-31_13-21-43-345-1.jpg\",\"width\":1600,\"height\":1183},{\"@type\":\"BreadcrumbList\",\"@id\":\"https:\/\/leptokariarealestate.gr\/sr\/\u043f\u0440\u043e\u0438\u0437\u0432\u043e\u0434\/izuzetan-nov-stan-u-prizemlju-panoramski-pogled-na-olimp-i-egejsko-more-leptokarija-pierija\/#breadcrumb\",\"itemListElement\":[{\"@type\":\"ListItem\",\"position\":1,\"name\":\"\u041d\u0435\u043a\u0440\u0435\u0442\u043d\u0438\u043d\u0435\",\"item\":\"https:\/\/leptokariarealestate.gr\/sr\/%d0%bd%d0%b5%d0%ba%d1%80%d0%b5%d1%82%d0%bd%d0%b8%d0%bd%d0%b5\/\"},{\"@type\":\"ListItem\",\"position\":2,\"name\":\"\u03a7\u03c9\u03c1\u03af\u03c2 \u03ba\u03b1\u03c4\u03b7\u03b3\u03bf\u03c1\u03af\u03b1\",\"item\":\"https:\/\/leptokariarealestate.gr\/sr\/\u043a\u0430\u0442\u0435\u0433\u043e\u0440\u0438\u0458\u0430-\u043f\u0440\u043e\u0438\u0437\u0432\u043e\u0434\u0430\/%cf%87%cf%89%cf%81%ce%af%cf%82-%ce%ba%ce%b1%cf%84%ce%b7%ce%b3%ce%bf%cf%81%ce%af%ce%b1-sr\/\"},{\"@type\":\"ListItem\",\"position\":3,\"name\":\"IZUZETAN NOV STAN U PRIZEMLJU PANORAMSKI POGLED NA OLIMP I EGEJSKO MORE | LEPTOKARIJA, PIERIJA\"}]},{\"@type\":\"WebSite\",\"@id\":\"https:\/\/leptokariarealestate.gr\/sr\/#website\",\"url\":\"https:\/\/leptokariarealestate.gr\/sr\/\",\"name\":\"Leptokaria Real Estate\",\"description\":\"\",\"publisher\":{\"@id\":\"https:\/\/leptokariarealestate.gr\/sr\/#organization\"},\"potentialAction\":[{\"@type\":\"SearchAction\",\"target\":{\"@type\":\"EntryPoint\",\"urlTemplate\":\"https:\/\/leptokariarealestate.gr\/sr\/?s={search_term_string}\"},\"query-input\":\"required name=search_term_string\"}],\"inLanguage\":\"sr-RS\"},{\"@type\":\"Organization\",\"@id\":\"https:\/\/leptokariarealestate.gr\/sr\/#organization\",\"name\":\"Leptokaria Real Estate\",\"url\":\"https:\/\/leptokariarealestate.gr\/sr\/\",\"logo\":{\"@type\":\"ImageObject\",\"inLanguage\":\"sr-RS\",\"@id\":\"https:\/\/leptokariarealestate.gr\/sr\/#\/schema\/logo\/image\/\",\"url\":\"https:\/\/leptokariarealestate.gr\/wp-content\/uploads\/2024\/03\/Leptokaria-Real-Estate-Logo.svg\",\"contentUrl\":\"https:\/\/leptokariarealestate.gr\/wp-content\/uploads\/2024\/03\/Leptokaria-Real-Estate-Logo.svg\",\"width\":113,\"height\":59,\"caption\":\"Leptokaria Real Estate\"},\"image\":{\"@id\":\"https:\/\/leptokariarealestate.gr\/sr\/#\/schema\/logo\/image\/\"},\"sameAs\":[\"https:\/\/www.facebook.com\/jannis.karakitsios\"]}]}<\/script>\n<!-- \/ Yoast SEO plugin. -->","yoast_head_json":{"title":"IZUZETAN NOV STAN U PRIZEMLJU PANORAMSKI POGLED NA OLIMP I EGEJSKO MORE | LEPTOKARIJA, PIERIJA - Leptokaria Real Estate","robots":{"index":"index","follow":"follow","max-snippet":"max-snippet:-1","max-image-preview":"max-image-preview:large","max-video-preview":"max-video-preview:-1"},"canonical":"https:\/\/leptokariarealestate.gr\/sr\/\u043f\u0440\u043e\u0438\u0437\u0432\u043e\u0434\/izuzetan-nov-stan-u-prizemlju-panoramski-pogled-na-olimp-i-egejsko-more-leptokarija-pierija\/","og_locale":"sr_RS","og_type":"article","og_title":"IZUZETAN NOV STAN U PRIZEMLJU PANORAMSKI POGLED NA OLIMP I EGEJSKO MORE | LEPTOKARIJA, PIERIJA - Leptokaria Real Estate","og_description":"IZUZETAN NOV STAN U PRIZEMLJU PANORAMSKI POGLED NA OLIMP I EGEJSKO MORE | LEPTOKARIJA, PIERIJA Na jednoj od najpresti\u017enijih i najtra\u017eenijih lokacija u Leptokariji (Pierija), prodaje se izuzetan, nov stan u prizemlju visokog estetskog nivoa, u okviru savremene stambene zgrade vrhunskog kvaliteta gradnje, sa pa\u017eljivo osmi\u0161ljenim arhitektonskim dizajnom i materijalima najvi\u0161e klase. Nekretnina nudi neometan, panoramski pogled na planinu Olimp i Egejsko more, stvaraju\u0107i ose\u0107aj otvorenog prostora, mira i potpune povezanosti sa prirodom. Povr\u0161ine i Spolja\u0161nji Prostori 27,11 m\u00b2 neto stambenog prostora Prednji i zadnji balkoni ukupne povr\u0161ine 13 m\u00b2 Privatna ba\u0161ta ispred i iza stana, ukupne povr\u0161ine 50 m\u00b2 Spolja\u0161nji prostori pru\u017eaju privatnost i idealne uslove za odmor i u\u017eivanje. Unutra\u0161nji Raspored Stan je projektovan sa fokusom na udobnost i funkcionalnost i obuhvata: Dnevni boravak sa kuhinjom otvorenog koncepta Moderno kupatilo Jednu komfornu spava\u0107u sobu Arhitektura i Kvalitet Gradnje Zgrada visokih tehni\u010dkih standarda Materijali vrhunskog kvaliteta Savremen i sofisticiran dizajn Pa\u017enja posve\u0107ena svakom detalju Lokacija Nekretnina se nalazi: u najboljem delu Leptokarije na samo 500 m od mora 100 m od centra mesta uz neposrednu blizinu prodavnica, restorana i osnovnih sadr\u017eaja. Idealno za: Li\u010dno stanovanje, uz visok kvalitet \u017eivota i jedinstvene poglede Izdavanje (kratkoro\u010dno ili dugoro\u010dno), sa odli\u010dnim potencijalom zarade Cena: 75.000 \u20ac 0030 69 32 64 83 78","og_url":"https:\/\/leptokariarealestate.gr\/sr\/\u043f\u0440\u043e\u0438\u0437\u0432\u043e\u0434\/izuzetan-nov-stan-u-prizemlju-panoramski-pogled-na-olimp-i-egejsko-more-leptokarija-pierija\/","og_site_name":"Leptokaria Real Estate","article_publisher":"https:\/\/www.facebook.com\/jannis.karakitsios","twitter_card":"summary_large_image","twitter_misc":{"\u041f\u0440\u043e\u0446\u0435\u045a\u0435\u043d\u043e \u0432\u0440\u0435\u043c\u0435 \u0447\u0438\u0442\u0430\u045a\u0430":"1 \u043c\u0438\u043d\u0443\u0442"},"schema":{"@context":"https:\/\/schema.org","@graph":[{"@type":"WebPage","@id":"https:\/\/leptokariarealestate.gr\/sr\/\u043f\u0440\u043e\u0438\u0437\u0432\u043e\u0434\/izuzetan-nov-stan-u-prizemlju-panoramski-pogled-na-olimp-i-egejsko-more-leptokarija-pierija\/","url":"https:\/\/leptokariarealestate.gr\/sr\/\u043f\u0440\u043e\u0438\u0437\u0432\u043e\u0434\/izuzetan-nov-stan-u-prizemlju-panoramski-pogled-na-olimp-i-egejsko-more-leptokarija-pierija\/","name":"IZUZETAN NOV STAN U PRIZEMLJU PANORAMSKI POGLED NA OLIMP I EGEJSKO MORE | LEPTOKARIJA, PIERIJA - Leptokaria Real Estate","isPartOf":{"@id":"https:\/\/leptokariarealestate.gr\/sr\/#website"},"primaryImageOfPage":{"@id":"https:\/\/leptokariarealestate.gr\/sr\/\u043f\u0440\u043e\u0438\u0437\u0432\u043e\u0434\/izuzetan-nov-stan-u-prizemlju-panoramski-pogled-na-olimp-i-egejsko-more-leptokarija-pierija\/#primaryimage"},"image":{"@id":"https:\/\/leptokariarealestate.gr\/sr\/\u043f\u0440\u043e\u0438\u0437\u0432\u043e\u0434\/izuzetan-nov-stan-u-prizemlju-panoramski-pogled-na-olimp-i-egejsko-more-leptokarija-pierija\/#primaryimage"},"thumbnailUrl":"https:\/\/leptokariarealestate.gr\/wp-content\/uploads\/2026\/02\/viber_image_2026-01-31_13-21-43-345-1.jpg","datePublished":"2026-02-05T19:13:12+00:00","dateModified":"2026-02-05T19:13:12+00:00","breadcrumb":{"@id":"https:\/\/leptokariarealestate.gr\/sr\/\u043f\u0440\u043e\u0438\u0437\u0432\u043e\u0434\/izuzetan-nov-stan-u-prizemlju-panoramski-pogled-na-olimp-i-egejsko-more-leptokarija-pierija\/#breadcrumb"},"inLanguage":"sr-RS","potentialAction":[{"@type":"ReadAction","target":["https:\/\/leptokariarealestate.gr\/sr\/\u043f\u0440\u043e\u0438\u0437\u0432\u043e\u0434\/izuzetan-nov-stan-u-prizemlju-panoramski-pogled-na-olimp-i-egejsko-more-leptokarija-pierija\/"]}]},{"@type":"ImageObject","inLanguage":"sr-RS","@id":"https:\/\/leptokariarealestate.gr\/sr\/\u043f\u0440\u043e\u0438\u0437\u0432\u043e\u0434\/izuzetan-nov-stan-u-prizemlju-panoramski-pogled-na-olimp-i-egejsko-more-leptokarija-pierija\/#primaryimage","url":"https:\/\/leptokariarealestate.gr\/wp-content\/uploads\/2026\/02\/viber_image_2026-01-31_13-21-43-345-1.jpg","contentUrl":"https:\/\/leptokariarealestate.gr\/wp-content\/uploads\/2026\/02\/viber_image_2026-01-31_13-21-43-345-1.jpg","width":1600,"height":1183},{"@type":"BreadcrumbList","@id":"https:\/\/leptokariarealestate.gr\/sr\/\u043f\u0440\u043e\u0438\u0437\u0432\u043e\u0434\/izuzetan-nov-stan-u-prizemlju-panoramski-pogled-na-olimp-i-egejsko-more-leptokarija-pierija\/#breadcrumb","itemListElement":[{"@type":"ListItem","position":1,"name":"\u041d\u0435\u043a\u0440\u0435\u0442\u043d\u0438\u043d\u0435","item":"https:\/\/leptokariarealestate.gr\/sr\/%d0%bd%d0%b5%d0%ba%d1%80%d0%b5%d1%82%d0%bd%d0%b8%d0%bd%d0%b5\/"},{"@type":"ListItem","position":2,"name":"\u03a7\u03c9\u03c1\u03af\u03c2 \u03ba\u03b1\u03c4\u03b7\u03b3\u03bf\u03c1\u03af\u03b1","item":"https:\/\/leptokariarealestate.gr\/sr\/\u043a\u0430\u0442\u0435\u0433\u043e\u0440\u0438\u0458\u0430-\u043f\u0440\u043e\u0438\u0437\u0432\u043e\u0434\u0430\/%cf%87%cf%89%cf%81%ce%af%cf%82-%ce%ba%ce%b1%cf%84%ce%b7%ce%b3%ce%bf%cf%81%ce%af%ce%b1-sr\/"},{"@type":"ListItem","position":3,"name":"IZUZETAN NOV STAN U PRIZEMLJU PANORAMSKI POGLED NA OLIMP I EGEJSKO MORE | LEPTOKARIJA, PIERIJA"}]},{"@type":"WebSite","@id":"https:\/\/leptokariarealestate.gr\/sr\/#website","url":"https:\/\/leptokariarealestate.gr\/sr\/","name":"Leptokaria Real Estate","description":"","publisher":{"@id":"https:\/\/leptokariarealestate.gr\/sr\/#organization"},"potentialAction":[{"@type":"SearchAction","target":{"@type":"EntryPoint","urlTemplate":"https:\/\/leptokariarealestate.gr\/sr\/?s={search_term_string}"},"query-input":"required name=search_term_string"}],"inLanguage":"sr-RS"},{"@type":"Organization","@id":"https:\/\/leptokariarealestate.gr\/sr\/#organization","name":"Leptokaria Real Estate","url":"https:\/\/leptokariarealestate.gr\/sr\/","logo":{"@type":"ImageObject","inLanguage":"sr-RS","@id":"https:\/\/leptokariarealestate.gr\/sr\/#\/schema\/logo\/image\/","url":"https:\/\/leptokariarealestate.gr\/wp-content\/uploads\/2024\/03\/Leptokaria-Real-Estate-Logo.svg","contentUrl":"https:\/\/leptokariarealestate.gr\/wp-content\/uploads\/2024\/03\/Leptokaria-Real-Estate-Logo.svg","width":113,"height":59,"caption":"Leptokaria Real Estate"},"image":{"@id":"https:\/\/leptokariarealestate.gr\/sr\/#\/schema\/logo\/image\/"},"sameAs":["https:\/\/www.facebook.com\/jannis.karakitsios"]}]}},"_links":{"self":[{"href":"https:\/\/leptokariarealestate.gr\/sr\/wp-json\/wp\/v2\/product\/2779"}],"collection":[{"href":"https:\/\/leptokariarealestate.gr\/sr\/wp-json\/wp\/v2\/product"}],"about":[{"href":"https:\/\/leptokariarealestate.gr\/sr\/wp-json\/wp\/v2\/types\/product"}],"wp:featuredmedia":[{"embeddable":true,"href":"https:\/\/leptokariarealestate.gr\/sr\/wp-json\/wp\/v2\/media\/2778"}],"wp:attachment":[{"href":"https:\/\/leptokariarealestate.gr\/sr\/wp-json\/wp\/v2\/media?parent=2779"}],"wp:term":[{"taxonomy":"product_cat","embeddable":true,"href":"https:\/\/leptokariarealestate.gr\/sr\/wp-json\/wp\/v2\/product_cat?post=2779"},{"taxonomy":"product_tag","embeddable":true,"href":"https:\/\/leptokariarealestate.gr\/sr\/wp-json\/wp\/v2\/product_tag?post=2779"}],"curies":[{"name":"wp","href":"https:\/\/api.w.org\/{rel}","templated":true}]}}