{"id":2772,"date":"2026-02-05T21:00:05","date_gmt":"2026-02-05T19:00:05","guid":{"rendered":"https:\/\/leptokariarealestate.gr\/product\/nov-stan-u-prodaji-1-i-2-sprat-panoramski-pogled-na-olimp-i-more-leptokarija-pierija\/"},"modified":"2026-02-05T21:00:05","modified_gmt":"2026-02-05T19:00:05","slug":"nov-stan-u-prodaji-1-i-2-sprat-panoramski-pogled-na-olimp-i-more-leptokarija-pierija","status":"publish","type":"product","link":"https:\/\/leptokariarealestate.gr\/sr\/\u043f\u0440\u043e\u0438\u0437\u0432\u043e\u0434\/nov-stan-u-prodaji-1-i-2-sprat-panoramski-pogled-na-olimp-i-more-leptokarija-pierija\/","title":{"rendered":"NOV STAN U PRODAJI 1. I 2. SPRAT | PANORAMSKI POGLED NA OLIMP I MORE | LEPTOKARIJA, PIERIJA"},"content":{"rendered":"<p>NOV STAN U PRODAJI<\/p>\n<p>1. I 2. SPRAT | PANORAMSKI POGLED NA OLIMP I MORE | LEPTOKARIJA, PIERIJA<\/p>\n<p>U okviru savremene, novogradnje, na jednoj od najboljih lokacija u Leptokariji (Pierija), u ponudi su stanovi na prvom i drugom spratu, idealni kako za udobno stanovanje, tako i za investicionu namenu.<\/p>\n<p>Nekretnine nude neometan, otvoren i panoramski pogled na planinu Olimp i more, stvaraju\u0107i ose\u0107aj prostora, svetlosti i potpune povezanosti sa prirodom.<\/p>\n<p>Povr\u0161ine i Spolja\u0161nji Prostori<br \/>\n31 m\u00b2 neto stambenog prostora<br \/>\nDva balkona (prednji i zadnji) ukupne povr\u0161ine 11 m\u00b2<br \/>\nSpolja\u0161nji prostori obezbe\u0111uju komfor, obilje prirodnog svetla i idealne uslove za u\u017eivanje u pogledu.<br \/>\nKvalitet Gradnje i Dizajn<br \/>\nZgrada veoma dobrog kvaliteta gradnje<br \/>\nPa\u017eljivo birani materijali sa fokusom na dugotrajnost i funkcionalnost<br \/>\nModeran i elegantan dizajn<br \/>\nDobro osmi\u0161ljen arhitektonski koncept<br \/>\nLokacija<br \/>\nNekretnina se nalazi na odli\u010dnoj lokaciji:<br \/>\nsamo 500 m od mora<br \/>\n100 m od centra Leptokarije<br \/>\nuz neposrednu blizinu prodavnica, restorana i svakodnevnih sadr\u017eaja.<\/p>\n<p>Idealno za:<\/p>\n<p>Li\u010dno stanovanje, uz visok kvalitet \u017eivota<br \/>\nIzdavanje (kratkoro\u010dno ili dugoro\u010dno), sa vrlo dobrim potencijalom zarade<\/p>\n<p>Cena: 75.000 \u20ac<\/p>\n<p>0030 69 32 64 83 78 <\/p>\n","protected":false},"excerpt":{"rendered":"<p>NOV STAN U PRODAJI<br \/>\n1. I 2. SPRAT | PANORAMSKI POGLED NA OLIMP I MORE | LEPTOKARIJA, PIERIJA<br \/>\nU okviru savremene, novogradnje, na jednoj od najboljih lokacija u Leptokariji (Pierija), u ponudi su stanovi na prvom i drugom spratu, idealni kako za udobno stanovanje, tako i za investicionu namenu.<br \/>\nNekretnine nude neometan, otvoren i panoramski pogled na planinu Olimp i more, stvaraju\u0107i ose\u0107aj prostora, svetlosti i potpune povezanosti sa prirodom.<br \/>\nPovr\u0161ine i Spolja\u0161nji Prostori<br \/>\n31 m\u00b2 neto stambenog prostora<br \/>\nDva balkona (prednji i zadnji) ukupne povr\u0161ine 11 m\u00b2<br \/>\nSpolja\u0161nji prostori obezbe\u0111uju komfor, obilje prirodnog svetla i idealne uslove za u\u017eivanje u pogledu.<br \/>\nKvalitet Gradnje i Dizajn<br \/>\nZgrada veoma dobrog kvaliteta gradnje<br \/>\nPa\u017eljivo birani materijali sa fokusom na dugotrajnost i funkcionalnost<br \/>\nModeran i elegantan dizajn<br \/>\nDobro osmi\u0161ljen arhitektonski koncept<br \/>\nLokacija<br \/>\nNekretnina se nalazi na odli\u010dnoj lokaciji:<br \/>\nsamo 500 m od mora<br \/>\n100 m od centra Leptokarije<br \/>\nuz neposrednu blizinu prodavnica, restorana i svakodnevnih sadr\u017eaja.<br \/>\nIdealno za:<br \/>\nLi\u010dno stanovanje, uz visok kvalitet \u017eivota<br \/>\nIzdavanje (kratkoro\u010dno ili dugoro\u010dno), sa vrlo dobrim potencijalom zarade<br \/>\nCena: 75.000 \u20ac<br \/>\n6932648378<\/p>\n","protected":false},"featured_media":2771,"template":"","meta":[],"product_cat":[75,87],"product_tag":[],"yoast_head":"<!-- This site is optimized with the Yoast SEO plugin v22.8 - https:\/\/yoast.com\/wordpress\/plugins\/seo\/ -->\n<title>NOV STAN U PRODAJI 1. I 2. SPRAT | PANORAMSKI POGLED NA OLIMP I MORE | LEPTOKARIJA, PIERIJA - Leptokaria Real Estate<\/title>\n<meta name=\"robots\" content=\"index, follow, max-snippet:-1, max-image-preview:large, max-video-preview:-1\" \/>\n<link rel=\"canonical\" href=\"https:\/\/leptokariarealestate.gr\/sr\/\u043f\u0440\u043e\u0438\u0437\u0432\u043e\u0434\/nov-stan-u-prodaji-1-i-2-sprat-panoramski-pogled-na-olimp-i-more-leptokarija-pierija\/\" \/>\n<meta property=\"og:locale\" content=\"sr_RS\" \/>\n<meta property=\"og:type\" content=\"article\" \/>\n<meta property=\"og:title\" content=\"NOV STAN U PRODAJI 1. I 2. SPRAT | PANORAMSKI POGLED NA OLIMP I MORE | LEPTOKARIJA, PIERIJA - Leptokaria Real Estate\" \/>\n<meta property=\"og:description\" content=\"NOV STAN U PRODAJI 1. I 2. SPRAT | PANORAMSKI POGLED NA OLIMP I MORE | LEPTOKARIJA, PIERIJA U okviru savremene, novogradnje, na jednoj od najboljih lokacija u Leptokariji (Pierija), u ponudi su stanovi na prvom i drugom spratu, idealni kako za udobno stanovanje, tako i za investicionu namenu. Nekretnine nude neometan, otvoren i panoramski pogled na planinu Olimp i more, stvaraju\u0107i ose\u0107aj prostora, svetlosti i potpune povezanosti sa prirodom. Povr\u0161ine i Spolja\u0161nji Prostori 31 m\u00b2 neto stambenog prostora Dva balkona (prednji i zadnji) ukupne povr\u0161ine 11 m\u00b2 Spolja\u0161nji prostori obezbe\u0111uju komfor, obilje prirodnog svetla i idealne uslove za u\u017eivanje u pogledu. Kvalitet Gradnje i Dizajn Zgrada veoma dobrog kvaliteta gradnje Pa\u017eljivo birani materijali sa fokusom na dugotrajnost i funkcionalnost Moderan i elegantan dizajn Dobro osmi\u0161ljen arhitektonski koncept Lokacija Nekretnina se nalazi na odli\u010dnoj lokaciji: samo 500 m od mora 100 m od centra Leptokarije uz neposrednu blizinu prodavnica, restorana i svakodnevnih sadr\u017eaja. Idealno za: Li\u010dno stanovanje, uz visok kvalitet \u017eivota Izdavanje (kratkoro\u010dno ili dugoro\u010dno), sa vrlo dobrim potencijalom zarade Cena: 75.000 \u20ac 6932648378\" \/>\n<meta property=\"og:url\" content=\"https:\/\/leptokariarealestate.gr\/sr\/\u043f\u0440\u043e\u0438\u0437\u0432\u043e\u0434\/nov-stan-u-prodaji-1-i-2-sprat-panoramski-pogled-na-olimp-i-more-leptokarija-pierija\/\" \/>\n<meta property=\"og:site_name\" content=\"Leptokaria Real Estate\" \/>\n<meta property=\"article:publisher\" content=\"https:\/\/www.facebook.com\/jannis.karakitsios\" \/>\n<meta name=\"twitter:card\" content=\"summary_large_image\" \/>\n<meta name=\"twitter:label1\" content=\"\u041f\u0440\u043e\u0446\u0435\u045a\u0435\u043d\u043e \u0432\u0440\u0435\u043c\u0435 \u0447\u0438\u0442\u0430\u045a\u0430\" \/>\n\t<meta name=\"twitter:data1\" content=\"1 \u043c\u0438\u043d\u0443\u0442\" \/>\n<script type=\"application\/ld+json\" class=\"yoast-schema-graph\">{\"@context\":\"https:\/\/schema.org\",\"@graph\":[{\"@type\":\"WebPage\",\"@id\":\"https:\/\/leptokariarealestate.gr\/sr\/\u043f\u0440\u043e\u0438\u0437\u0432\u043e\u0434\/nov-stan-u-prodaji-1-i-2-sprat-panoramski-pogled-na-olimp-i-more-leptokarija-pierija\/\",\"url\":\"https:\/\/leptokariarealestate.gr\/sr\/\u043f\u0440\u043e\u0438\u0437\u0432\u043e\u0434\/nov-stan-u-prodaji-1-i-2-sprat-panoramski-pogled-na-olimp-i-more-leptokarija-pierija\/\",\"name\":\"NOV STAN U PRODAJI 1. I 2. SPRAT | PANORAMSKI POGLED NA OLIMP I MORE | LEPTOKARIJA, PIERIJA - Leptokaria Real Estate\",\"isPartOf\":{\"@id\":\"https:\/\/leptokariarealestate.gr\/sr\/#website\"},\"primaryImageOfPage\":{\"@id\":\"https:\/\/leptokariarealestate.gr\/sr\/\u043f\u0440\u043e\u0438\u0437\u0432\u043e\u0434\/nov-stan-u-prodaji-1-i-2-sprat-panoramski-pogled-na-olimp-i-more-leptokarija-pierija\/#primaryimage\"},\"image\":{\"@id\":\"https:\/\/leptokariarealestate.gr\/sr\/\u043f\u0440\u043e\u0438\u0437\u0432\u043e\u0434\/nov-stan-u-prodaji-1-i-2-sprat-panoramski-pogled-na-olimp-i-more-leptokarija-pierija\/#primaryimage\"},\"thumbnailUrl\":\"https:\/\/leptokariarealestate.gr\/wp-content\/uploads\/2026\/02\/viber_image_2026-01-31_13-21-43-345.jpg\",\"datePublished\":\"2026-02-05T19:00:05+00:00\",\"dateModified\":\"2026-02-05T19:00:05+00:00\",\"breadcrumb\":{\"@id\":\"https:\/\/leptokariarealestate.gr\/sr\/\u043f\u0440\u043e\u0438\u0437\u0432\u043e\u0434\/nov-stan-u-prodaji-1-i-2-sprat-panoramski-pogled-na-olimp-i-more-leptokarija-pierija\/#breadcrumb\"},\"inLanguage\":\"sr-RS\",\"potentialAction\":[{\"@type\":\"ReadAction\",\"target\":[\"https:\/\/leptokariarealestate.gr\/sr\/\u043f\u0440\u043e\u0438\u0437\u0432\u043e\u0434\/nov-stan-u-prodaji-1-i-2-sprat-panoramski-pogled-na-olimp-i-more-leptokarija-pierija\/\"]}]},{\"@type\":\"ImageObject\",\"inLanguage\":\"sr-RS\",\"@id\":\"https:\/\/leptokariarealestate.gr\/sr\/\u043f\u0440\u043e\u0438\u0437\u0432\u043e\u0434\/nov-stan-u-prodaji-1-i-2-sprat-panoramski-pogled-na-olimp-i-more-leptokarija-pierija\/#primaryimage\",\"url\":\"https:\/\/leptokariarealestate.gr\/wp-content\/uploads\/2026\/02\/viber_image_2026-01-31_13-21-43-345.jpg\",\"contentUrl\":\"https:\/\/leptokariarealestate.gr\/wp-content\/uploads\/2026\/02\/viber_image_2026-01-31_13-21-43-345.jpg\",\"width\":1600,\"height\":1183},{\"@type\":\"BreadcrumbList\",\"@id\":\"https:\/\/leptokariarealestate.gr\/sr\/\u043f\u0440\u043e\u0438\u0437\u0432\u043e\u0434\/nov-stan-u-prodaji-1-i-2-sprat-panoramski-pogled-na-olimp-i-more-leptokarija-pierija\/#breadcrumb\",\"itemListElement\":[{\"@type\":\"ListItem\",\"position\":1,\"name\":\"\u041d\u0435\u043a\u0440\u0435\u0442\u043d\u0438\u043d\u0435\",\"item\":\"https:\/\/leptokariarealestate.gr\/sr\/%d0%bd%d0%b5%d0%ba%d1%80%d0%b5%d1%82%d0%bd%d0%b8%d0%bd%d0%b5\/\"},{\"@type\":\"ListItem\",\"position\":2,\"name\":\"\u03a7\u03c9\u03c1\u03af\u03c2 \u03ba\u03b1\u03c4\u03b7\u03b3\u03bf\u03c1\u03af\u03b1\",\"item\":\"https:\/\/leptokariarealestate.gr\/sr\/\u043a\u0430\u0442\u0435\u0433\u043e\u0440\u0438\u0458\u0430-\u043f\u0440\u043e\u0438\u0437\u0432\u043e\u0434\u0430\/%cf%87%cf%89%cf%81%ce%af%cf%82-%ce%ba%ce%b1%cf%84%ce%b7%ce%b3%ce%bf%cf%81%ce%af%ce%b1-sr\/\"},{\"@type\":\"ListItem\",\"position\":3,\"name\":\"NOV STAN U PRODAJI 1. I 2. SPRAT | PANORAMSKI POGLED NA OLIMP I MORE | LEPTOKARIJA, PIERIJA\"}]},{\"@type\":\"WebSite\",\"@id\":\"https:\/\/leptokariarealestate.gr\/sr\/#website\",\"url\":\"https:\/\/leptokariarealestate.gr\/sr\/\",\"name\":\"Leptokaria Real Estate\",\"description\":\"\",\"publisher\":{\"@id\":\"https:\/\/leptokariarealestate.gr\/sr\/#organization\"},\"potentialAction\":[{\"@type\":\"SearchAction\",\"target\":{\"@type\":\"EntryPoint\",\"urlTemplate\":\"https:\/\/leptokariarealestate.gr\/sr\/?s={search_term_string}\"},\"query-input\":\"required name=search_term_string\"}],\"inLanguage\":\"sr-RS\"},{\"@type\":\"Organization\",\"@id\":\"https:\/\/leptokariarealestate.gr\/sr\/#organization\",\"name\":\"Leptokaria Real Estate\",\"url\":\"https:\/\/leptokariarealestate.gr\/sr\/\",\"logo\":{\"@type\":\"ImageObject\",\"inLanguage\":\"sr-RS\",\"@id\":\"https:\/\/leptokariarealestate.gr\/sr\/#\/schema\/logo\/image\/\",\"url\":\"https:\/\/leptokariarealestate.gr\/wp-content\/uploads\/2024\/03\/Leptokaria-Real-Estate-Logo.svg\",\"contentUrl\":\"https:\/\/leptokariarealestate.gr\/wp-content\/uploads\/2024\/03\/Leptokaria-Real-Estate-Logo.svg\",\"width\":113,\"height\":59,\"caption\":\"Leptokaria Real Estate\"},\"image\":{\"@id\":\"https:\/\/leptokariarealestate.gr\/sr\/#\/schema\/logo\/image\/\"},\"sameAs\":[\"https:\/\/www.facebook.com\/jannis.karakitsios\"]}]}<\/script>\n<!-- \/ Yoast SEO plugin. -->","yoast_head_json":{"title":"NOV STAN U PRODAJI 1. I 2. SPRAT | PANORAMSKI POGLED NA OLIMP I MORE | LEPTOKARIJA, PIERIJA - Leptokaria Real Estate","robots":{"index":"index","follow":"follow","max-snippet":"max-snippet:-1","max-image-preview":"max-image-preview:large","max-video-preview":"max-video-preview:-1"},"canonical":"https:\/\/leptokariarealestate.gr\/sr\/\u043f\u0440\u043e\u0438\u0437\u0432\u043e\u0434\/nov-stan-u-prodaji-1-i-2-sprat-panoramski-pogled-na-olimp-i-more-leptokarija-pierija\/","og_locale":"sr_RS","og_type":"article","og_title":"NOV STAN U PRODAJI 1. I 2. SPRAT | PANORAMSKI POGLED NA OLIMP I MORE | LEPTOKARIJA, PIERIJA - Leptokaria Real Estate","og_description":"NOV STAN U PRODAJI 1. I 2. SPRAT | PANORAMSKI POGLED NA OLIMP I MORE | LEPTOKARIJA, PIERIJA U okviru savremene, novogradnje, na jednoj od najboljih lokacija u Leptokariji (Pierija), u ponudi su stanovi na prvom i drugom spratu, idealni kako za udobno stanovanje, tako i za investicionu namenu. Nekretnine nude neometan, otvoren i panoramski pogled na planinu Olimp i more, stvaraju\u0107i ose\u0107aj prostora, svetlosti i potpune povezanosti sa prirodom. Povr\u0161ine i Spolja\u0161nji Prostori 31 m\u00b2 neto stambenog prostora Dva balkona (prednji i zadnji) ukupne povr\u0161ine 11 m\u00b2 Spolja\u0161nji prostori obezbe\u0111uju komfor, obilje prirodnog svetla i idealne uslove za u\u017eivanje u pogledu. Kvalitet Gradnje i Dizajn Zgrada veoma dobrog kvaliteta gradnje Pa\u017eljivo birani materijali sa fokusom na dugotrajnost i funkcionalnost Moderan i elegantan dizajn Dobro osmi\u0161ljen arhitektonski koncept Lokacija Nekretnina se nalazi na odli\u010dnoj lokaciji: samo 500 m od mora 100 m od centra Leptokarije uz neposrednu blizinu prodavnica, restorana i svakodnevnih sadr\u017eaja. Idealno za: Li\u010dno stanovanje, uz visok kvalitet \u017eivota Izdavanje (kratkoro\u010dno ili dugoro\u010dno), sa vrlo dobrim potencijalom zarade Cena: 75.000 \u20ac 6932648378","og_url":"https:\/\/leptokariarealestate.gr\/sr\/\u043f\u0440\u043e\u0438\u0437\u0432\u043e\u0434\/nov-stan-u-prodaji-1-i-2-sprat-panoramski-pogled-na-olimp-i-more-leptokarija-pierija\/","og_site_name":"Leptokaria Real Estate","article_publisher":"https:\/\/www.facebook.com\/jannis.karakitsios","twitter_card":"summary_large_image","twitter_misc":{"\u041f\u0440\u043e\u0446\u0435\u045a\u0435\u043d\u043e \u0432\u0440\u0435\u043c\u0435 \u0447\u0438\u0442\u0430\u045a\u0430":"1 \u043c\u0438\u043d\u0443\u0442"},"schema":{"@context":"https:\/\/schema.org","@graph":[{"@type":"WebPage","@id":"https:\/\/leptokariarealestate.gr\/sr\/\u043f\u0440\u043e\u0438\u0437\u0432\u043e\u0434\/nov-stan-u-prodaji-1-i-2-sprat-panoramski-pogled-na-olimp-i-more-leptokarija-pierija\/","url":"https:\/\/leptokariarealestate.gr\/sr\/\u043f\u0440\u043e\u0438\u0437\u0432\u043e\u0434\/nov-stan-u-prodaji-1-i-2-sprat-panoramski-pogled-na-olimp-i-more-leptokarija-pierija\/","name":"NOV STAN U PRODAJI 1. I 2. SPRAT | PANORAMSKI POGLED NA OLIMP I MORE | LEPTOKARIJA, PIERIJA - Leptokaria Real Estate","isPartOf":{"@id":"https:\/\/leptokariarealestate.gr\/sr\/#website"},"primaryImageOfPage":{"@id":"https:\/\/leptokariarealestate.gr\/sr\/\u043f\u0440\u043e\u0438\u0437\u0432\u043e\u0434\/nov-stan-u-prodaji-1-i-2-sprat-panoramski-pogled-na-olimp-i-more-leptokarija-pierija\/#primaryimage"},"image":{"@id":"https:\/\/leptokariarealestate.gr\/sr\/\u043f\u0440\u043e\u0438\u0437\u0432\u043e\u0434\/nov-stan-u-prodaji-1-i-2-sprat-panoramski-pogled-na-olimp-i-more-leptokarija-pierija\/#primaryimage"},"thumbnailUrl":"https:\/\/leptokariarealestate.gr\/wp-content\/uploads\/2026\/02\/viber_image_2026-01-31_13-21-43-345.jpg","datePublished":"2026-02-05T19:00:05+00:00","dateModified":"2026-02-05T19:00:05+00:00","breadcrumb":{"@id":"https:\/\/leptokariarealestate.gr\/sr\/\u043f\u0440\u043e\u0438\u0437\u0432\u043e\u0434\/nov-stan-u-prodaji-1-i-2-sprat-panoramski-pogled-na-olimp-i-more-leptokarija-pierija\/#breadcrumb"},"inLanguage":"sr-RS","potentialAction":[{"@type":"ReadAction","target":["https:\/\/leptokariarealestate.gr\/sr\/\u043f\u0440\u043e\u0438\u0437\u0432\u043e\u0434\/nov-stan-u-prodaji-1-i-2-sprat-panoramski-pogled-na-olimp-i-more-leptokarija-pierija\/"]}]},{"@type":"ImageObject","inLanguage":"sr-RS","@id":"https:\/\/leptokariarealestate.gr\/sr\/\u043f\u0440\u043e\u0438\u0437\u0432\u043e\u0434\/nov-stan-u-prodaji-1-i-2-sprat-panoramski-pogled-na-olimp-i-more-leptokarija-pierija\/#primaryimage","url":"https:\/\/leptokariarealestate.gr\/wp-content\/uploads\/2026\/02\/viber_image_2026-01-31_13-21-43-345.jpg","contentUrl":"https:\/\/leptokariarealestate.gr\/wp-content\/uploads\/2026\/02\/viber_image_2026-01-31_13-21-43-345.jpg","width":1600,"height":1183},{"@type":"BreadcrumbList","@id":"https:\/\/leptokariarealestate.gr\/sr\/\u043f\u0440\u043e\u0438\u0437\u0432\u043e\u0434\/nov-stan-u-prodaji-1-i-2-sprat-panoramski-pogled-na-olimp-i-more-leptokarija-pierija\/#breadcrumb","itemListElement":[{"@type":"ListItem","position":1,"name":"\u041d\u0435\u043a\u0440\u0435\u0442\u043d\u0438\u043d\u0435","item":"https:\/\/leptokariarealestate.gr\/sr\/%d0%bd%d0%b5%d0%ba%d1%80%d0%b5%d1%82%d0%bd%d0%b8%d0%bd%d0%b5\/"},{"@type":"ListItem","position":2,"name":"\u03a7\u03c9\u03c1\u03af\u03c2 \u03ba\u03b1\u03c4\u03b7\u03b3\u03bf\u03c1\u03af\u03b1","item":"https:\/\/leptokariarealestate.gr\/sr\/\u043a\u0430\u0442\u0435\u0433\u043e\u0440\u0438\u0458\u0430-\u043f\u0440\u043e\u0438\u0437\u0432\u043e\u0434\u0430\/%cf%87%cf%89%cf%81%ce%af%cf%82-%ce%ba%ce%b1%cf%84%ce%b7%ce%b3%ce%bf%cf%81%ce%af%ce%b1-sr\/"},{"@type":"ListItem","position":3,"name":"NOV STAN U PRODAJI 1. I 2. SPRAT | PANORAMSKI POGLED NA OLIMP I MORE | LEPTOKARIJA, PIERIJA"}]},{"@type":"WebSite","@id":"https:\/\/leptokariarealestate.gr\/sr\/#website","url":"https:\/\/leptokariarealestate.gr\/sr\/","name":"Leptokaria Real Estate","description":"","publisher":{"@id":"https:\/\/leptokariarealestate.gr\/sr\/#organization"},"potentialAction":[{"@type":"SearchAction","target":{"@type":"EntryPoint","urlTemplate":"https:\/\/leptokariarealestate.gr\/sr\/?s={search_term_string}"},"query-input":"required name=search_term_string"}],"inLanguage":"sr-RS"},{"@type":"Organization","@id":"https:\/\/leptokariarealestate.gr\/sr\/#organization","name":"Leptokaria Real Estate","url":"https:\/\/leptokariarealestate.gr\/sr\/","logo":{"@type":"ImageObject","inLanguage":"sr-RS","@id":"https:\/\/leptokariarealestate.gr\/sr\/#\/schema\/logo\/image\/","url":"https:\/\/leptokariarealestate.gr\/wp-content\/uploads\/2024\/03\/Leptokaria-Real-Estate-Logo.svg","contentUrl":"https:\/\/leptokariarealestate.gr\/wp-content\/uploads\/2024\/03\/Leptokaria-Real-Estate-Logo.svg","width":113,"height":59,"caption":"Leptokaria Real Estate"},"image":{"@id":"https:\/\/leptokariarealestate.gr\/sr\/#\/schema\/logo\/image\/"},"sameAs":["https:\/\/www.facebook.com\/jannis.karakitsios"]}]}},"_links":{"self":[{"href":"https:\/\/leptokariarealestate.gr\/sr\/wp-json\/wp\/v2\/product\/2772"}],"collection":[{"href":"https:\/\/leptokariarealestate.gr\/sr\/wp-json\/wp\/v2\/product"}],"about":[{"href":"https:\/\/leptokariarealestate.gr\/sr\/wp-json\/wp\/v2\/types\/product"}],"wp:featuredmedia":[{"embeddable":true,"href":"https:\/\/leptokariarealestate.gr\/sr\/wp-json\/wp\/v2\/media\/2771"}],"wp:attachment":[{"href":"https:\/\/leptokariarealestate.gr\/sr\/wp-json\/wp\/v2\/media?parent=2772"}],"wp:term":[{"taxonomy":"product_cat","embeddable":true,"href":"https:\/\/leptokariarealestate.gr\/sr\/wp-json\/wp\/v2\/product_cat?post=2772"},{"taxonomy":"product_tag","embeddable":true,"href":"https:\/\/leptokariarealestate.gr\/sr\/wp-json\/wp\/v2\/product_tag?post=2772"}],"curies":[{"name":"wp","href":"https:\/\/api.w.org\/{rel}","templated":true}]}}