{"id":2570,"date":"2026-01-10T12:35:34","date_gmt":"2026-01-10T10:35:34","guid":{"rendered":"https:\/\/leptokariarealestate.gr\/product\/ekskluzivan-renoviran-stan-na-prvom-spratu-centar-leptokarije\/"},"modified":"2026-02-05T20:18:05","modified_gmt":"2026-02-05T18:18:05","slug":"ekskluzivan-renoviran-stan-na-prvom-spratu-centar-leptokarije","status":"publish","type":"product","link":"https:\/\/leptokariarealestate.gr\/sr\/\u043f\u0440\u043e\u0438\u0437\u0432\u043e\u0434\/ekskluzivan-renoviran-stan-na-prvom-spratu-centar-leptokarije\/","title":{"rendered":"Ekskluzivan renoviran stan na prvom spratu \u2013 Centar Leptokarije"},"content":{"rendered":"<p>Ekskluzivan renoviran stan na prvom spratu \u2013 Centar i more<\/p>\n<p>Na odli\u010dnoj lokaciji, samo 100 m od centra grada i 500 m od mora, prodaje se izuzetno elegantan i svetao stan na prvom spratu, neto povr\u0161ine 60 m\u00b2, sa balkonima napred i pozadi i otvorenim pogledom na planinu Olimp.<\/p>\n<p>Stan je kompletno renoviran pre 3 godine, kori\u0161\u0107enjem kvalitetnih materijala i sa lux dizajnom koji potpisuje profesionalni dekorater. Moderan karakter prostora nagla\u0161en je spu\u0161tenim plafonima sa skrivenim osvetljenjem i podesivim spot svetlima, stvaraju\u0107i sofisticiranu i prijatnu atmosferu.<\/p>\n<p>Karakteristike:<\/p>\n<p>Neto povr\u0161ina 60 m\u00b2<br \/>\nBalkoni napred i pozadi<br \/>\nPogled na Olimp<br \/>\nPotpuna renovacija (2022)<br \/>\nToplotna pumpa sa radijatorima<br \/>\nAlternativno grejanje na lo\u017e-ulje<br \/>\nSolarni bojler<br \/>\nModeran plafonski dizajn sa skrivenim osvetljenjem<\/p>\n<p>Nekretnina se nalazi na izuzetnoj lokaciji, u neposrednoj blizini prodavnica, usluga, saobra\u0107ajnih \u010dvori\u0161ta i pla\u017ee, \u0161to je \u010dini idealnom za stanovanje ili investiciju.<\/p>\n<p>Cena: 125.000 \u20ac<\/p>\n<p>0030 69 32 64 83 78 <\/p>\n","protected":false},"excerpt":{"rendered":"<p>Ekskluzivan renoviran stan na prvom spratu \u2013 Centar i more<\/p>\n<p>Na odli\u010dnoj lokaciji, samo 100 m od centra grada i 500 m od mora, prodaje se izuzetno elegantan i svetao stan na prvom spratu, neto povr\u0161ine 60 m\u00b2, sa balkonima napred i pozadi i otvorenim pogledom na planinu Olimp.<\/p>\n<p>Stan je kompletno renoviran pre 3 godine, kori\u0161\u0107enjem kvalitetnih materijala i sa lux dizajnom koji potpisuje profesionalni dekorater. Moderan karakter prostora nagla\u0161en je spu\u0161tenim plafonima sa skrivenim osvetljenjem i podesivim spot svetlima, stvaraju\u0107i sofisticiranu i prijatnu atmosferu.<\/p>\n<p>Karakteristike:<\/p>\n<p>Neto povr\u0161ina 60 m\u00b2<br \/>\nBalkoni napred i pozadi<br \/>\nPogled na Olimp<br \/>\nPotpuna renovacija (2022)<br \/>\nToplotna pumpa sa radijatorima<br \/>\nAlternativno grejanje na lo\u017e-ulje<br \/>\nSolarni bojler<br \/>\nModeran plafonski dizajn sa skrivenim osvetljenjem<\/p>\n<p>Nekretnina se nalazi na izuzetnoj lokaciji, u neposrednoj blizini prodavnica, usluga, saobra\u0107ajnih \u010dvori\u0161ta i pla\u017ee, \u0161to je \u010dini idealnom za stanovanje ili investiciju.<\/p>\n<p>Cena: 125.000 \u20ac<\/p>\n<p>0030 69 32 64 83 78 <\/p>\n","protected":false},"featured_media":2555,"template":"","meta":[],"product_cat":[75,87],"product_tag":[],"yoast_head":"<!-- This site is optimized with the Yoast SEO plugin v22.8 - https:\/\/yoast.com\/wordpress\/plugins\/seo\/ -->\n<title>Ekskluzivan renoviran stan na prvom spratu \u2013 Centar Leptokarije - Leptokaria Real Estate<\/title>\n<meta name=\"robots\" content=\"index, follow, max-snippet:-1, max-image-preview:large, max-video-preview:-1\" \/>\n<link rel=\"canonical\" href=\"https:\/\/leptokariarealestate.gr\/sr\/\u043f\u0440\u043e\u0438\u0437\u0432\u043e\u0434\/ekskluzivan-renoviran-stan-na-prvom-spratu-centar-leptokarije\/\" \/>\n<meta property=\"og:locale\" content=\"sr_RS\" \/>\n<meta property=\"og:type\" content=\"article\" \/>\n<meta property=\"og:title\" content=\"Ekskluzivan renoviran stan na prvom spratu \u2013 Centar Leptokarije - Leptokaria Real Estate\" \/>\n<meta property=\"og:description\" content=\"Ekskluzivan renoviran stan na prvom spratu \u2013 Centar i more  Na odli\u010dnoj lokaciji, samo 100 m od centra grada i 500 m od mora, prodaje se izuzetno elegantan i svetao stan na prvom spratu, neto povr\u0161ine 60 m\u00b2, sa balkonima napred i pozadi i otvorenim pogledom na planinu Olimp.  Stan je kompletno renoviran pre 3 godine, kori\u0161\u0107enjem kvalitetnih materijala i sa lux dizajnom koji potpisuje profesionalni dekorater. Moderan karakter prostora nagla\u0161en je spu\u0161tenim plafonima sa skrivenim osvetljenjem i podesivim spot svetlima, stvaraju\u0107i sofisticiranu i prijatnu atmosferu.  Karakteristike:  Neto povr\u0161ina 60 m\u00b2 Balkoni napred i pozadi Pogled na Olimp Potpuna renovacija (2022) Toplotna pumpa sa radijatorima Alternativno grejanje na lo\u017e-ulje Solarni bojler Moderan plafonski dizajn sa skrivenim osvetljenjem  Nekretnina se nalazi na izuzetnoj lokaciji, u neposrednoj blizini prodavnica, usluga, saobra\u0107ajnih \u010dvori\u0161ta i pla\u017ee, \u0161to je \u010dini idealnom za stanovanje ili investiciju.  Cena: 125.000 \u20ac  0030 69 32 64 83 78\" \/>\n<meta property=\"og:url\" content=\"https:\/\/leptokariarealestate.gr\/sr\/\u043f\u0440\u043e\u0438\u0437\u0432\u043e\u0434\/ekskluzivan-renoviran-stan-na-prvom-spratu-centar-leptokarije\/\" \/>\n<meta property=\"og:site_name\" content=\"Leptokaria Real Estate\" \/>\n<meta property=\"article:publisher\" content=\"https:\/\/www.facebook.com\/jannis.karakitsios\" \/>\n<meta property=\"article:modified_time\" content=\"2026-02-05T18:18:05+00:00\" \/>\n<meta name=\"twitter:card\" content=\"summary_large_image\" \/>\n<meta name=\"twitter:label1\" content=\"\u041f\u0440\u043e\u0446\u0435\u045a\u0435\u043d\u043e \u0432\u0440\u0435\u043c\u0435 \u0447\u0438\u0442\u0430\u045a\u0430\" \/>\n\t<meta name=\"twitter:data1\" content=\"1 \u043c\u0438\u043d\u0443\u0442\" \/>\n<script type=\"application\/ld+json\" class=\"yoast-schema-graph\">{\"@context\":\"https:\/\/schema.org\",\"@graph\":[{\"@type\":\"WebPage\",\"@id\":\"https:\/\/leptokariarealestate.gr\/sr\/\u043f\u0440\u043e\u0438\u0437\u0432\u043e\u0434\/ekskluzivan-renoviran-stan-na-prvom-spratu-centar-leptokarije\/\",\"url\":\"https:\/\/leptokariarealestate.gr\/sr\/\u043f\u0440\u043e\u0438\u0437\u0432\u043e\u0434\/ekskluzivan-renoviran-stan-na-prvom-spratu-centar-leptokarije\/\",\"name\":\"Ekskluzivan renoviran stan na prvom spratu \u2013 Centar Leptokarije - Leptokaria Real Estate\",\"isPartOf\":{\"@id\":\"https:\/\/leptokariarealestate.gr\/sr\/#website\"},\"primaryImageOfPage\":{\"@id\":\"https:\/\/leptokariarealestate.gr\/sr\/\u043f\u0440\u043e\u0438\u0437\u0432\u043e\u0434\/ekskluzivan-renoviran-stan-na-prvom-spratu-centar-leptokarije\/#primaryimage\"},\"image\":{\"@id\":\"https:\/\/leptokariarealestate.gr\/sr\/\u043f\u0440\u043e\u0438\u0437\u0432\u043e\u0434\/ekskluzivan-renoviran-stan-na-prvom-spratu-centar-leptokarije\/#primaryimage\"},\"thumbnailUrl\":\"https:\/\/leptokariarealestate.gr\/wp-content\/uploads\/2026\/01\/viber_image_2026-01-08_19-20-20-153.jpg\",\"datePublished\":\"2026-01-10T10:35:34+00:00\",\"dateModified\":\"2026-02-05T18:18:05+00:00\",\"breadcrumb\":{\"@id\":\"https:\/\/leptokariarealestate.gr\/sr\/\u043f\u0440\u043e\u0438\u0437\u0432\u043e\u0434\/ekskluzivan-renoviran-stan-na-prvom-spratu-centar-leptokarije\/#breadcrumb\"},\"inLanguage\":\"sr-RS\",\"potentialAction\":[{\"@type\":\"ReadAction\",\"target\":[\"https:\/\/leptokariarealestate.gr\/sr\/\u043f\u0440\u043e\u0438\u0437\u0432\u043e\u0434\/ekskluzivan-renoviran-stan-na-prvom-spratu-centar-leptokarije\/\"]}]},{\"@type\":\"ImageObject\",\"inLanguage\":\"sr-RS\",\"@id\":\"https:\/\/leptokariarealestate.gr\/sr\/\u043f\u0440\u043e\u0438\u0437\u0432\u043e\u0434\/ekskluzivan-renoviran-stan-na-prvom-spratu-centar-leptokarije\/#primaryimage\",\"url\":\"https:\/\/leptokariarealestate.gr\/wp-content\/uploads\/2026\/01\/viber_image_2026-01-08_19-20-20-153.jpg\",\"contentUrl\":\"https:\/\/leptokariarealestate.gr\/wp-content\/uploads\/2026\/01\/viber_image_2026-01-08_19-20-20-153.jpg\",\"width\":1200,\"height\":1600},{\"@type\":\"BreadcrumbList\",\"@id\":\"https:\/\/leptokariarealestate.gr\/sr\/\u043f\u0440\u043e\u0438\u0437\u0432\u043e\u0434\/ekskluzivan-renoviran-stan-na-prvom-spratu-centar-leptokarije\/#breadcrumb\",\"itemListElement\":[{\"@type\":\"ListItem\",\"position\":1,\"name\":\"\u041d\u0435\u043a\u0440\u0435\u0442\u043d\u0438\u043d\u0435\",\"item\":\"https:\/\/leptokariarealestate.gr\/sr\/%d0%bd%d0%b5%d0%ba%d1%80%d0%b5%d1%82%d0%bd%d0%b8%d0%bd%d0%b5\/\"},{\"@type\":\"ListItem\",\"position\":2,\"name\":\"\u03a7\u03c9\u03c1\u03af\u03c2 \u03ba\u03b1\u03c4\u03b7\u03b3\u03bf\u03c1\u03af\u03b1\",\"item\":\"https:\/\/leptokariarealestate.gr\/sr\/\u043a\u0430\u0442\u0435\u0433\u043e\u0440\u0438\u0458\u0430-\u043f\u0440\u043e\u0438\u0437\u0432\u043e\u0434\u0430\/%cf%87%cf%89%cf%81%ce%af%cf%82-%ce%ba%ce%b1%cf%84%ce%b7%ce%b3%ce%bf%cf%81%ce%af%ce%b1-sr\/\"},{\"@type\":\"ListItem\",\"position\":3,\"name\":\"Ekskluzivan renoviran stan na prvom spratu \u2013 Centar Leptokarije\"}]},{\"@type\":\"WebSite\",\"@id\":\"https:\/\/leptokariarealestate.gr\/sr\/#website\",\"url\":\"https:\/\/leptokariarealestate.gr\/sr\/\",\"name\":\"Leptokaria Real Estate\",\"description\":\"\",\"publisher\":{\"@id\":\"https:\/\/leptokariarealestate.gr\/sr\/#organization\"},\"potentialAction\":[{\"@type\":\"SearchAction\",\"target\":{\"@type\":\"EntryPoint\",\"urlTemplate\":\"https:\/\/leptokariarealestate.gr\/sr\/?s={search_term_string}\"},\"query-input\":\"required name=search_term_string\"}],\"inLanguage\":\"sr-RS\"},{\"@type\":\"Organization\",\"@id\":\"https:\/\/leptokariarealestate.gr\/sr\/#organization\",\"name\":\"Leptokaria Real Estate\",\"url\":\"https:\/\/leptokariarealestate.gr\/sr\/\",\"logo\":{\"@type\":\"ImageObject\",\"inLanguage\":\"sr-RS\",\"@id\":\"https:\/\/leptokariarealestate.gr\/sr\/#\/schema\/logo\/image\/\",\"url\":\"https:\/\/leptokariarealestate.gr\/wp-content\/uploads\/2024\/03\/Leptokaria-Real-Estate-Logo.svg\",\"contentUrl\":\"https:\/\/leptokariarealestate.gr\/wp-content\/uploads\/2024\/03\/Leptokaria-Real-Estate-Logo.svg\",\"width\":113,\"height\":59,\"caption\":\"Leptokaria Real Estate\"},\"image\":{\"@id\":\"https:\/\/leptokariarealestate.gr\/sr\/#\/schema\/logo\/image\/\"},\"sameAs\":[\"https:\/\/www.facebook.com\/jannis.karakitsios\"]}]}<\/script>\n<!-- \/ Yoast SEO plugin. -->","yoast_head_json":{"title":"Ekskluzivan renoviran stan na prvom spratu \u2013 Centar Leptokarije - Leptokaria Real Estate","robots":{"index":"index","follow":"follow","max-snippet":"max-snippet:-1","max-image-preview":"max-image-preview:large","max-video-preview":"max-video-preview:-1"},"canonical":"https:\/\/leptokariarealestate.gr\/sr\/\u043f\u0440\u043e\u0438\u0437\u0432\u043e\u0434\/ekskluzivan-renoviran-stan-na-prvom-spratu-centar-leptokarije\/","og_locale":"sr_RS","og_type":"article","og_title":"Ekskluzivan renoviran stan na prvom spratu \u2013 Centar Leptokarije - Leptokaria Real Estate","og_description":"Ekskluzivan renoviran stan na prvom spratu \u2013 Centar i more  Na odli\u010dnoj lokaciji, samo 100 m od centra grada i 500 m od mora, prodaje se izuzetno elegantan i svetao stan na prvom spratu, neto povr\u0161ine 60 m\u00b2, sa balkonima napred i pozadi i otvorenim pogledom na planinu Olimp.  Stan je kompletno renoviran pre 3 godine, kori\u0161\u0107enjem kvalitetnih materijala i sa lux dizajnom koji potpisuje profesionalni dekorater. Moderan karakter prostora nagla\u0161en je spu\u0161tenim plafonima sa skrivenim osvetljenjem i podesivim spot svetlima, stvaraju\u0107i sofisticiranu i prijatnu atmosferu.  Karakteristike:  Neto povr\u0161ina 60 m\u00b2 Balkoni napred i pozadi Pogled na Olimp Potpuna renovacija (2022) Toplotna pumpa sa radijatorima Alternativno grejanje na lo\u017e-ulje Solarni bojler Moderan plafonski dizajn sa skrivenim osvetljenjem  Nekretnina se nalazi na izuzetnoj lokaciji, u neposrednoj blizini prodavnica, usluga, saobra\u0107ajnih \u010dvori\u0161ta i pla\u017ee, \u0161to je \u010dini idealnom za stanovanje ili investiciju.  Cena: 125.000 \u20ac  0030 69 32 64 83 78","og_url":"https:\/\/leptokariarealestate.gr\/sr\/\u043f\u0440\u043e\u0438\u0437\u0432\u043e\u0434\/ekskluzivan-renoviran-stan-na-prvom-spratu-centar-leptokarije\/","og_site_name":"Leptokaria Real Estate","article_publisher":"https:\/\/www.facebook.com\/jannis.karakitsios","article_modified_time":"2026-02-05T18:18:05+00:00","twitter_card":"summary_large_image","twitter_misc":{"\u041f\u0440\u043e\u0446\u0435\u045a\u0435\u043d\u043e \u0432\u0440\u0435\u043c\u0435 \u0447\u0438\u0442\u0430\u045a\u0430":"1 \u043c\u0438\u043d\u0443\u0442"},"schema":{"@context":"https:\/\/schema.org","@graph":[{"@type":"WebPage","@id":"https:\/\/leptokariarealestate.gr\/sr\/\u043f\u0440\u043e\u0438\u0437\u0432\u043e\u0434\/ekskluzivan-renoviran-stan-na-prvom-spratu-centar-leptokarije\/","url":"https:\/\/leptokariarealestate.gr\/sr\/\u043f\u0440\u043e\u0438\u0437\u0432\u043e\u0434\/ekskluzivan-renoviran-stan-na-prvom-spratu-centar-leptokarije\/","name":"Ekskluzivan renoviran stan na prvom spratu \u2013 Centar Leptokarije - Leptokaria Real Estate","isPartOf":{"@id":"https:\/\/leptokariarealestate.gr\/sr\/#website"},"primaryImageOfPage":{"@id":"https:\/\/leptokariarealestate.gr\/sr\/\u043f\u0440\u043e\u0438\u0437\u0432\u043e\u0434\/ekskluzivan-renoviran-stan-na-prvom-spratu-centar-leptokarije\/#primaryimage"},"image":{"@id":"https:\/\/leptokariarealestate.gr\/sr\/\u043f\u0440\u043e\u0438\u0437\u0432\u043e\u0434\/ekskluzivan-renoviran-stan-na-prvom-spratu-centar-leptokarije\/#primaryimage"},"thumbnailUrl":"https:\/\/leptokariarealestate.gr\/wp-content\/uploads\/2026\/01\/viber_image_2026-01-08_19-20-20-153.jpg","datePublished":"2026-01-10T10:35:34+00:00","dateModified":"2026-02-05T18:18:05+00:00","breadcrumb":{"@id":"https:\/\/leptokariarealestate.gr\/sr\/\u043f\u0440\u043e\u0438\u0437\u0432\u043e\u0434\/ekskluzivan-renoviran-stan-na-prvom-spratu-centar-leptokarije\/#breadcrumb"},"inLanguage":"sr-RS","potentialAction":[{"@type":"ReadAction","target":["https:\/\/leptokariarealestate.gr\/sr\/\u043f\u0440\u043e\u0438\u0437\u0432\u043e\u0434\/ekskluzivan-renoviran-stan-na-prvom-spratu-centar-leptokarije\/"]}]},{"@type":"ImageObject","inLanguage":"sr-RS","@id":"https:\/\/leptokariarealestate.gr\/sr\/\u043f\u0440\u043e\u0438\u0437\u0432\u043e\u0434\/ekskluzivan-renoviran-stan-na-prvom-spratu-centar-leptokarije\/#primaryimage","url":"https:\/\/leptokariarealestate.gr\/wp-content\/uploads\/2026\/01\/viber_image_2026-01-08_19-20-20-153.jpg","contentUrl":"https:\/\/leptokariarealestate.gr\/wp-content\/uploads\/2026\/01\/viber_image_2026-01-08_19-20-20-153.jpg","width":1200,"height":1600},{"@type":"BreadcrumbList","@id":"https:\/\/leptokariarealestate.gr\/sr\/\u043f\u0440\u043e\u0438\u0437\u0432\u043e\u0434\/ekskluzivan-renoviran-stan-na-prvom-spratu-centar-leptokarije\/#breadcrumb","itemListElement":[{"@type":"ListItem","position":1,"name":"\u041d\u0435\u043a\u0440\u0435\u0442\u043d\u0438\u043d\u0435","item":"https:\/\/leptokariarealestate.gr\/sr\/%d0%bd%d0%b5%d0%ba%d1%80%d0%b5%d1%82%d0%bd%d0%b8%d0%bd%d0%b5\/"},{"@type":"ListItem","position":2,"name":"\u03a7\u03c9\u03c1\u03af\u03c2 \u03ba\u03b1\u03c4\u03b7\u03b3\u03bf\u03c1\u03af\u03b1","item":"https:\/\/leptokariarealestate.gr\/sr\/\u043a\u0430\u0442\u0435\u0433\u043e\u0440\u0438\u0458\u0430-\u043f\u0440\u043e\u0438\u0437\u0432\u043e\u0434\u0430\/%cf%87%cf%89%cf%81%ce%af%cf%82-%ce%ba%ce%b1%cf%84%ce%b7%ce%b3%ce%bf%cf%81%ce%af%ce%b1-sr\/"},{"@type":"ListItem","position":3,"name":"Ekskluzivan renoviran stan na prvom spratu \u2013 Centar Leptokarije"}]},{"@type":"WebSite","@id":"https:\/\/leptokariarealestate.gr\/sr\/#website","url":"https:\/\/leptokariarealestate.gr\/sr\/","name":"Leptokaria Real Estate","description":"","publisher":{"@id":"https:\/\/leptokariarealestate.gr\/sr\/#organization"},"potentialAction":[{"@type":"SearchAction","target":{"@type":"EntryPoint","urlTemplate":"https:\/\/leptokariarealestate.gr\/sr\/?s={search_term_string}"},"query-input":"required name=search_term_string"}],"inLanguage":"sr-RS"},{"@type":"Organization","@id":"https:\/\/leptokariarealestate.gr\/sr\/#organization","name":"Leptokaria Real Estate","url":"https:\/\/leptokariarealestate.gr\/sr\/","logo":{"@type":"ImageObject","inLanguage":"sr-RS","@id":"https:\/\/leptokariarealestate.gr\/sr\/#\/schema\/logo\/image\/","url":"https:\/\/leptokariarealestate.gr\/wp-content\/uploads\/2024\/03\/Leptokaria-Real-Estate-Logo.svg","contentUrl":"https:\/\/leptokariarealestate.gr\/wp-content\/uploads\/2024\/03\/Leptokaria-Real-Estate-Logo.svg","width":113,"height":59,"caption":"Leptokaria Real Estate"},"image":{"@id":"https:\/\/leptokariarealestate.gr\/sr\/#\/schema\/logo\/image\/"},"sameAs":["https:\/\/www.facebook.com\/jannis.karakitsios"]}]}},"_links":{"self":[{"href":"https:\/\/leptokariarealestate.gr\/sr\/wp-json\/wp\/v2\/product\/2570"}],"collection":[{"href":"https:\/\/leptokariarealestate.gr\/sr\/wp-json\/wp\/v2\/product"}],"about":[{"href":"https:\/\/leptokariarealestate.gr\/sr\/wp-json\/wp\/v2\/types\/product"}],"wp:featuredmedia":[{"embeddable":true,"href":"https:\/\/leptokariarealestate.gr\/sr\/wp-json\/wp\/v2\/media\/2555"}],"wp:attachment":[{"href":"https:\/\/leptokariarealestate.gr\/sr\/wp-json\/wp\/v2\/media?parent=2570"}],"wp:term":[{"taxonomy":"product_cat","embeddable":true,"href":"https:\/\/leptokariarealestate.gr\/sr\/wp-json\/wp\/v2\/product_cat?post=2570"},{"taxonomy":"product_tag","embeddable":true,"href":"https:\/\/leptokariarealestate.gr\/sr\/wp-json\/wp\/v2\/product_tag?post=2570"}],"curies":[{"name":"wp","href":"https:\/\/api.w.org\/{rel}","templated":true}]}}