{"id":2506,"date":"2025-12-19T10:56:21","date_gmt":"2025-12-19T08:56:21","guid":{"rendered":"https:\/\/leptokariarealestate.gr\/product\/ekskluzivna-dvospratna-porodicna-kuca-sa-potkrovljem\/"},"modified":"2025-12-19T10:56:21","modified_gmt":"2025-12-19T08:56:21","slug":"ekskluzivna-dvospratna-porodicna-kuca-sa-potkrovljem","status":"publish","type":"product","link":"https:\/\/leptokariarealestate.gr\/sr\/\u043f\u0440\u043e\u0438\u0437\u0432\u043e\u0434\/ekskluzivna-dvospratna-porodicna-kuca-sa-potkrovljem\/","title":{"rendered":"Ekskluzivna Dvospratna Porodi\u010dna Ku\u0107a sa Potkrovljem"},"content":{"rendered":"<p>Ekskluzivna Dvospratna Porodi\u010dna Ku\u0107a sa Potkrovljem na Izuzetnoj Lokaciji<\/p>\n<p>Na prodaju je izuzetno kvalitetna i pa\u017eljivo projektovana dvospratna porodi\u010dna ku\u0107a sa potkrovljem, osmi\u0161ljena da ponudi visok nivo komfora, funkcionalnosti i napredna energetska re\u0161enja, u skladu sa zahtevima savremenog luksuznog stanovanja. Nekretnina se nalazi na privatnom placu povr\u0161ine 480 m\u00b2, obezbe\u0111uju\u0107i privatnost, prostrane spolja\u0161nje povr\u0161ine i odli\u010dne mogu\u0107nosti parkiranja.<\/p>\n<p>Donji sprat prostire se na 93,5 m\u00b2 i obuhvata svetao i prostran dnevni boravak sa kuhinjom otvorenog koncepta, dve komforne spava\u0107e sobe, kupatilo, dodatno kupatilo sa tu\u0161-kabinom, kao i ostavu, pru\u017eaju\u0107i maksimalnu funkcionalnost u svakodnevnom \u017eivotu. Gornji sprat, oblikovan kao potkrovlje povr\u0161ine 78,5 m\u00b2, uklju\u010duje dve dodatne spava\u0107e sobe, kupatilo sa tu\u0161-kabinom i balkon od 12 m\u00b2, idealan za opu\u0161tanje i privatnost.<br \/>\nPoseban akcenat stavljen je na energetski dizajn ku\u0107e, koja raspola\u017ee sistemom centralnog grejanja sa radijatorima povezanim na akumulacioni rezervoar od 800 litara, zagrevan putem pet solarnih kolektora, kao i putem energetski efikasnog kamina u unutra\u0161njosti ku\u0107e. Ovaj sistem obezbe\u0111uje visoku energetsku efikasnost, niske tro\u0161kove i ekolo\u0161ki prihvatljivo stanovanje.<br \/>\nU okviru placa nalazi se natkriveno parking mesto, dok je dodatno obezbe\u0111en i obilan parking prostor na ulici ispred ku\u0107e, \u0161to omogu\u0107ava maksimalnu prakti\u010dnost za vlasnike i goste. Balkoni ku\u0107e nude bogat i nesmetan pogled na Egejsko more i planinu Olimp, stvaraju\u0107i izuzetno atraktivan ambijent tokom cele godine.<\/p>\n<p>Nekretnina se nalazi na idealnoj lokaciji, svega 800 metara od mora i 150 metara od centra Leptokarije (Pierija), sa neposrednim pristupom prodavnicama, uslugama i infrastrukturi, uz zadr\u017eanu ti\u0161inu i privatnost.<\/p>\n<p>Ukupni kvalitet gradnje, arhitektonska elegancija, energetska re\u0161enja i presti\u017ena lokacija \u010dine ovu nekretninu idealnim izborom za luksuzno stanovanje ili sigurnu investiciju sa dugoro\u010dnom vredno\u0161\u0107u.<\/p>\n<p>Cena: 260.000 \u20ac<\/p>\n<p>0030 69 32 64 83 78 <\/p>\n","protected":false},"excerpt":{"rendered":"<p>Ekskluzivna Dvospratna Porodi\u010dna Ku\u0107a sa Potkrovljem na Izuzetnoj Lokaciji<\/p>\n<p>Na prodaju je izuzetno kvalitetna i pa\u017eljivo projektovana dvospratna porodi\u010dna ku\u0107a sa potkrovljem, osmi\u0161ljena da ponudi visok nivo komfora, funkcionalnosti i napredna energetska re\u0161enja, u skladu sa zahtevima savremenog luksuznog stanovanja. Nekretnina se nalazi na privatnom placu povr\u0161ine 480 m\u00b2, obezbe\u0111uju\u0107i privatnost, prostrane spolja\u0161nje povr\u0161ine i odli\u010dne mogu\u0107nosti parkiranja.<br \/>\nDonji sprat prostire se na 93,5 m\u00b2 i obuhvata svetao i prostran dnevni boravak sa kuhinjom otvorenog koncepta, dve komforne spava\u0107e sobe, kupatilo, dodatno kupatilo sa tu\u0161-kabinom, kao i ostavu, pru\u017eaju\u0107i maksimalnu funkcionalnost u svakodnevnom \u017eivotu. Gornji sprat, oblikovan kao potkrovlje povr\u0161ine 78,5 m\u00b2, uklju\u010duje dve dodatne spava\u0107e sobe, kupatilo sa tu\u0161-kabinom i balkon od 12 m\u00b2, idealan za opu\u0161tanje i privatnost.<\/p>\n<p>Poseban akcenat stavljen je na energetski dizajn ku\u0107e, koja raspola\u017ee sistemom centralnog grejanja sa radijatorima povezanim na akumulacioni rezervoar od 800 litara, zagrevan putem pet solarnih kolektora, kao i putem energetski efikasnog kamina u unutra\u0161njosti ku\u0107e. Ovaj sistem obezbe\u0111uje visoku energetsku efikasnost, niske tro\u0161kove i ekolo\u0161ki prihvatljivo stanovanje.<\/p>\n<p>U okviru placa nalazi se natkriveno parking mesto, dok je dodatno obezbe\u0111en i obilan parking prostor na ulici ispred ku\u0107e, \u0161to omogu\u0107ava maksimalnu prakti\u010dnost za vlasnike i goste. Balkoni ku\u0107e nude bogat i nesmetan pogled na Egejsko more i planinu Olimp, stvaraju\u0107i izuzetno atraktivan ambijent tokom cele godine.<\/p>\n<p>Nekretnina se nalazi na idealnoj lokaciji, svega 800 metara od mora i 150 metara od centra Leptokarije (Pierija), sa neposrednim pristupom prodavnicama, uslugama i infrastrukturi, uz zadr\u017eanu ti\u0161inu i privatnost.<br \/>\nUkupni kvalitet gradnje, arhitektonska elegancija, energetska re\u0161enja i presti\u017ena lokacija \u010dine ovu nekretninu idealnim izborom za luksuzno stanovanje ili sigurnu investiciju sa dugoro\u010dnom vredno\u0161\u0107u.<\/p>\n<p>Cena: 260.000 \u20ac<\/p>\n<p>0030 69 32 64 83 78 <\/p>\n","protected":false},"featured_media":2459,"template":"","meta":[],"product_cat":[87,56,65],"product_tag":[],"yoast_head":"<!-- This site is optimized with the Yoast SEO plugin v22.8 - https:\/\/yoast.com\/wordpress\/plugins\/seo\/ -->\n<title>Ekskluzivna Dvospratna Porodi\u010dna Ku\u0107a sa Potkrovljem - Leptokaria Real Estate<\/title>\n<meta name=\"robots\" content=\"index, follow, max-snippet:-1, max-image-preview:large, max-video-preview:-1\" \/>\n<link rel=\"canonical\" href=\"https:\/\/leptokariarealestate.gr\/sr\/\u043f\u0440\u043e\u0438\u0437\u0432\u043e\u0434\/ekskluzivna-dvospratna-porodicna-kuca-sa-potkrovljem\/\" \/>\n<meta property=\"og:locale\" content=\"sr_RS\" \/>\n<meta property=\"og:type\" content=\"article\" \/>\n<meta property=\"og:title\" content=\"Ekskluzivna Dvospratna Porodi\u010dna Ku\u0107a sa Potkrovljem - Leptokaria Real Estate\" \/>\n<meta property=\"og:description\" content=\"Ekskluzivna Dvospratna Porodi\u010dna Ku\u0107a sa Potkrovljem na Izuzetnoj Lokaciji  Na prodaju je izuzetno kvalitetna i pa\u017eljivo projektovana dvospratna porodi\u010dna ku\u0107a sa potkrovljem, osmi\u0161ljena da ponudi visok nivo komfora, funkcionalnosti i napredna energetska re\u0161enja, u skladu sa zahtevima savremenog luksuznog stanovanja. Nekretnina se nalazi na privatnom placu povr\u0161ine 480 m\u00b2, obezbe\u0111uju\u0107i privatnost, prostrane spolja\u0161nje povr\u0161ine i odli\u010dne mogu\u0107nosti parkiranja. Donji sprat prostire se na 93,5 m\u00b2 i obuhvata svetao i prostran dnevni boravak sa kuhinjom otvorenog koncepta, dve komforne spava\u0107e sobe, kupatilo, dodatno kupatilo sa tu\u0161-kabinom, kao i ostavu, pru\u017eaju\u0107i maksimalnu funkcionalnost u svakodnevnom \u017eivotu. Gornji sprat, oblikovan kao potkrovlje povr\u0161ine 78,5 m\u00b2, uklju\u010duje dve dodatne spava\u0107e sobe, kupatilo sa tu\u0161-kabinom i balkon od 12 m\u00b2, idealan za opu\u0161tanje i privatnost.  Poseban akcenat stavljen je na energetski dizajn ku\u0107e, koja raspola\u017ee sistemom centralnog grejanja sa radijatorima povezanim na akumulacioni rezervoar od 800 litara, zagrevan putem pet solarnih kolektora, kao i putem energetski efikasnog kamina u unutra\u0161njosti ku\u0107e. Ovaj sistem obezbe\u0111uje visoku energetsku efikasnost, niske tro\u0161kove i ekolo\u0161ki prihvatljivo stanovanje.  U okviru placa nalazi se natkriveno parking mesto, dok je dodatno obezbe\u0111en i obilan parking prostor na ulici ispred ku\u0107e, \u0161to omogu\u0107ava maksimalnu prakti\u010dnost za vlasnike i goste. Balkoni ku\u0107e nude bogat i nesmetan pogled na Egejsko more i planinu Olimp, stvaraju\u0107i izuzetno atraktivan ambijent tokom cele godine.  Nekretnina se nalazi na idealnoj lokaciji, svega 800 metara od mora i 150 metara od centra Leptokarije (Pierija), sa neposrednim pristupom prodavnicama, uslugama i infrastrukturi, uz zadr\u017eanu ti\u0161inu i privatnost. Ukupni kvalitet gradnje, arhitektonska elegancija, energetska re\u0161enja i presti\u017ena lokacija \u010dine ovu nekretninu idealnim izborom za luksuzno stanovanje ili sigurnu investiciju sa dugoro\u010dnom vredno\u0161\u0107u.  Cena: 260.000 \u20ac  0030 69 32 64 83 78\" \/>\n<meta property=\"og:url\" content=\"https:\/\/leptokariarealestate.gr\/sr\/\u043f\u0440\u043e\u0438\u0437\u0432\u043e\u0434\/ekskluzivna-dvospratna-porodicna-kuca-sa-potkrovljem\/\" \/>\n<meta property=\"og:site_name\" content=\"Leptokaria Real Estate\" \/>\n<meta property=\"article:publisher\" content=\"https:\/\/www.facebook.com\/jannis.karakitsios\" \/>\n<meta name=\"twitter:card\" content=\"summary_large_image\" \/>\n<meta name=\"twitter:label1\" content=\"\u041f\u0440\u043e\u0446\u0435\u045a\u0435\u043d\u043e \u0432\u0440\u0435\u043c\u0435 \u0447\u0438\u0442\u0430\u045a\u0430\" \/>\n\t<meta name=\"twitter:data1\" content=\"2 \u043c\u0438\u043d\u0443\u0442\u0430\" \/>\n<script type=\"application\/ld+json\" class=\"yoast-schema-graph\">{\"@context\":\"https:\/\/schema.org\",\"@graph\":[{\"@type\":\"WebPage\",\"@id\":\"https:\/\/leptokariarealestate.gr\/sr\/\u043f\u0440\u043e\u0438\u0437\u0432\u043e\u0434\/ekskluzivna-dvospratna-porodicna-kuca-sa-potkrovljem\/\",\"url\":\"https:\/\/leptokariarealestate.gr\/sr\/\u043f\u0440\u043e\u0438\u0437\u0432\u043e\u0434\/ekskluzivna-dvospratna-porodicna-kuca-sa-potkrovljem\/\",\"name\":\"Ekskluzivna Dvospratna Porodi\u010dna Ku\u0107a sa Potkrovljem - Leptokaria Real Estate\",\"isPartOf\":{\"@id\":\"https:\/\/leptokariarealestate.gr\/sr\/#website\"},\"primaryImageOfPage\":{\"@id\":\"https:\/\/leptokariarealestate.gr\/sr\/\u043f\u0440\u043e\u0438\u0437\u0432\u043e\u0434\/ekskluzivna-dvospratna-porodicna-kuca-sa-potkrovljem\/#primaryimage\"},\"image\":{\"@id\":\"https:\/\/leptokariarealestate.gr\/sr\/\u043f\u0440\u043e\u0438\u0437\u0432\u043e\u0434\/ekskluzivna-dvospratna-porodicna-kuca-sa-potkrovljem\/#primaryimage\"},\"thumbnailUrl\":\"https:\/\/leptokariarealestate.gr\/wp-content\/uploads\/2025\/12\/viber_image_2025-12-17_11-12-27-432.jpg\",\"datePublished\":\"2025-12-19T08:56:21+00:00\",\"dateModified\":\"2025-12-19T08:56:21+00:00\",\"breadcrumb\":{\"@id\":\"https:\/\/leptokariarealestate.gr\/sr\/\u043f\u0440\u043e\u0438\u0437\u0432\u043e\u0434\/ekskluzivna-dvospratna-porodicna-kuca-sa-potkrovljem\/#breadcrumb\"},\"inLanguage\":\"sr-RS\",\"potentialAction\":[{\"@type\":\"ReadAction\",\"target\":[\"https:\/\/leptokariarealestate.gr\/sr\/\u043f\u0440\u043e\u0438\u0437\u0432\u043e\u0434\/ekskluzivna-dvospratna-porodicna-kuca-sa-potkrovljem\/\"]}]},{\"@type\":\"ImageObject\",\"inLanguage\":\"sr-RS\",\"@id\":\"https:\/\/leptokariarealestate.gr\/sr\/\u043f\u0440\u043e\u0438\u0437\u0432\u043e\u0434\/ekskluzivna-dvospratna-porodicna-kuca-sa-potkrovljem\/#primaryimage\",\"url\":\"https:\/\/leptokariarealestate.gr\/wp-content\/uploads\/2025\/12\/viber_image_2025-12-17_11-12-27-432.jpg\",\"contentUrl\":\"https:\/\/leptokariarealestate.gr\/wp-content\/uploads\/2025\/12\/viber_image_2025-12-17_11-12-27-432.jpg\",\"width\":1600,\"height\":1200},{\"@type\":\"BreadcrumbList\",\"@id\":\"https:\/\/leptokariarealestate.gr\/sr\/\u043f\u0440\u043e\u0438\u0437\u0432\u043e\u0434\/ekskluzivna-dvospratna-porodicna-kuca-sa-potkrovljem\/#breadcrumb\",\"itemListElement\":[{\"@type\":\"ListItem\",\"position\":1,\"name\":\"\u041d\u0435\u043a\u0440\u0435\u0442\u043d\u0438\u043d\u0435\",\"item\":\"https:\/\/leptokariarealestate.gr\/sr\/%d0%bd%d0%b5%d0%ba%d1%80%d0%b5%d1%82%d0%bd%d0%b8%d0%bd%d0%b5\/\"},{\"@type\":\"ListItem\",\"position\":2,\"name\":\"\u03a7\u03c9\u03c1\u03af\u03c2 \u03ba\u03b1\u03c4\u03b7\u03b3\u03bf\u03c1\u03af\u03b1\",\"item\":\"https:\/\/leptokariarealestate.gr\/sr\/\u043a\u0430\u0442\u0435\u0433\u043e\u0440\u0438\u0458\u0430-\u043f\u0440\u043e\u0438\u0437\u0432\u043e\u0434\u0430\/%cf%87%cf%89%cf%81%ce%af%cf%82-%ce%ba%ce%b1%cf%84%ce%b7%ce%b3%ce%bf%cf%81%ce%af%ce%b1-sr\/\"},{\"@type\":\"ListItem\",\"position\":3,\"name\":\"Ekskluzivna Dvospratna Porodi\u010dna Ku\u0107a sa Potkrovljem\"}]},{\"@type\":\"WebSite\",\"@id\":\"https:\/\/leptokariarealestate.gr\/sr\/#website\",\"url\":\"https:\/\/leptokariarealestate.gr\/sr\/\",\"name\":\"Leptokaria Real Estate\",\"description\":\"\",\"publisher\":{\"@id\":\"https:\/\/leptokariarealestate.gr\/sr\/#organization\"},\"potentialAction\":[{\"@type\":\"SearchAction\",\"target\":{\"@type\":\"EntryPoint\",\"urlTemplate\":\"https:\/\/leptokariarealestate.gr\/sr\/?s={search_term_string}\"},\"query-input\":\"required name=search_term_string\"}],\"inLanguage\":\"sr-RS\"},{\"@type\":\"Organization\",\"@id\":\"https:\/\/leptokariarealestate.gr\/sr\/#organization\",\"name\":\"Leptokaria Real Estate\",\"url\":\"https:\/\/leptokariarealestate.gr\/sr\/\",\"logo\":{\"@type\":\"ImageObject\",\"inLanguage\":\"sr-RS\",\"@id\":\"https:\/\/leptokariarealestate.gr\/sr\/#\/schema\/logo\/image\/\",\"url\":\"https:\/\/leptokariarealestate.gr\/wp-content\/uploads\/2024\/03\/Leptokaria-Real-Estate-Logo.svg\",\"contentUrl\":\"https:\/\/leptokariarealestate.gr\/wp-content\/uploads\/2024\/03\/Leptokaria-Real-Estate-Logo.svg\",\"width\":113,\"height\":59,\"caption\":\"Leptokaria Real Estate\"},\"image\":{\"@id\":\"https:\/\/leptokariarealestate.gr\/sr\/#\/schema\/logo\/image\/\"},\"sameAs\":[\"https:\/\/www.facebook.com\/jannis.karakitsios\"]}]}<\/script>\n<!-- \/ Yoast SEO plugin. -->","yoast_head_json":{"title":"Ekskluzivna Dvospratna Porodi\u010dna Ku\u0107a sa Potkrovljem - Leptokaria Real Estate","robots":{"index":"index","follow":"follow","max-snippet":"max-snippet:-1","max-image-preview":"max-image-preview:large","max-video-preview":"max-video-preview:-1"},"canonical":"https:\/\/leptokariarealestate.gr\/sr\/\u043f\u0440\u043e\u0438\u0437\u0432\u043e\u0434\/ekskluzivna-dvospratna-porodicna-kuca-sa-potkrovljem\/","og_locale":"sr_RS","og_type":"article","og_title":"Ekskluzivna Dvospratna Porodi\u010dna Ku\u0107a sa Potkrovljem - Leptokaria Real Estate","og_description":"Ekskluzivna Dvospratna Porodi\u010dna Ku\u0107a sa Potkrovljem na Izuzetnoj Lokaciji  Na prodaju je izuzetno kvalitetna i pa\u017eljivo projektovana dvospratna porodi\u010dna ku\u0107a sa potkrovljem, osmi\u0161ljena da ponudi visok nivo komfora, funkcionalnosti i napredna energetska re\u0161enja, u skladu sa zahtevima savremenog luksuznog stanovanja. Nekretnina se nalazi na privatnom placu povr\u0161ine 480 m\u00b2, obezbe\u0111uju\u0107i privatnost, prostrane spolja\u0161nje povr\u0161ine i odli\u010dne mogu\u0107nosti parkiranja. Donji sprat prostire se na 93,5 m\u00b2 i obuhvata svetao i prostran dnevni boravak sa kuhinjom otvorenog koncepta, dve komforne spava\u0107e sobe, kupatilo, dodatno kupatilo sa tu\u0161-kabinom, kao i ostavu, pru\u017eaju\u0107i maksimalnu funkcionalnost u svakodnevnom \u017eivotu. Gornji sprat, oblikovan kao potkrovlje povr\u0161ine 78,5 m\u00b2, uklju\u010duje dve dodatne spava\u0107e sobe, kupatilo sa tu\u0161-kabinom i balkon od 12 m\u00b2, idealan za opu\u0161tanje i privatnost.  Poseban akcenat stavljen je na energetski dizajn ku\u0107e, koja raspola\u017ee sistemom centralnog grejanja sa radijatorima povezanim na akumulacioni rezervoar od 800 litara, zagrevan putem pet solarnih kolektora, kao i putem energetski efikasnog kamina u unutra\u0161njosti ku\u0107e. Ovaj sistem obezbe\u0111uje visoku energetsku efikasnost, niske tro\u0161kove i ekolo\u0161ki prihvatljivo stanovanje.  U okviru placa nalazi se natkriveno parking mesto, dok je dodatno obezbe\u0111en i obilan parking prostor na ulici ispred ku\u0107e, \u0161to omogu\u0107ava maksimalnu prakti\u010dnost za vlasnike i goste. Balkoni ku\u0107e nude bogat i nesmetan pogled na Egejsko more i planinu Olimp, stvaraju\u0107i izuzetno atraktivan ambijent tokom cele godine.  Nekretnina se nalazi na idealnoj lokaciji, svega 800 metara od mora i 150 metara od centra Leptokarije (Pierija), sa neposrednim pristupom prodavnicama, uslugama i infrastrukturi, uz zadr\u017eanu ti\u0161inu i privatnost. Ukupni kvalitet gradnje, arhitektonska elegancija, energetska re\u0161enja i presti\u017ena lokacija \u010dine ovu nekretninu idealnim izborom za luksuzno stanovanje ili sigurnu investiciju sa dugoro\u010dnom vredno\u0161\u0107u.  Cena: 260.000 \u20ac  0030 69 32 64 83 78","og_url":"https:\/\/leptokariarealestate.gr\/sr\/\u043f\u0440\u043e\u0438\u0437\u0432\u043e\u0434\/ekskluzivna-dvospratna-porodicna-kuca-sa-potkrovljem\/","og_site_name":"Leptokaria Real Estate","article_publisher":"https:\/\/www.facebook.com\/jannis.karakitsios","twitter_card":"summary_large_image","twitter_misc":{"\u041f\u0440\u043e\u0446\u0435\u045a\u0435\u043d\u043e \u0432\u0440\u0435\u043c\u0435 \u0447\u0438\u0442\u0430\u045a\u0430":"2 \u043c\u0438\u043d\u0443\u0442\u0430"},"schema":{"@context":"https:\/\/schema.org","@graph":[{"@type":"WebPage","@id":"https:\/\/leptokariarealestate.gr\/sr\/\u043f\u0440\u043e\u0438\u0437\u0432\u043e\u0434\/ekskluzivna-dvospratna-porodicna-kuca-sa-potkrovljem\/","url":"https:\/\/leptokariarealestate.gr\/sr\/\u043f\u0440\u043e\u0438\u0437\u0432\u043e\u0434\/ekskluzivna-dvospratna-porodicna-kuca-sa-potkrovljem\/","name":"Ekskluzivna Dvospratna Porodi\u010dna Ku\u0107a sa Potkrovljem - Leptokaria Real Estate","isPartOf":{"@id":"https:\/\/leptokariarealestate.gr\/sr\/#website"},"primaryImageOfPage":{"@id":"https:\/\/leptokariarealestate.gr\/sr\/\u043f\u0440\u043e\u0438\u0437\u0432\u043e\u0434\/ekskluzivna-dvospratna-porodicna-kuca-sa-potkrovljem\/#primaryimage"},"image":{"@id":"https:\/\/leptokariarealestate.gr\/sr\/\u043f\u0440\u043e\u0438\u0437\u0432\u043e\u0434\/ekskluzivna-dvospratna-porodicna-kuca-sa-potkrovljem\/#primaryimage"},"thumbnailUrl":"https:\/\/leptokariarealestate.gr\/wp-content\/uploads\/2025\/12\/viber_image_2025-12-17_11-12-27-432.jpg","datePublished":"2025-12-19T08:56:21+00:00","dateModified":"2025-12-19T08:56:21+00:00","breadcrumb":{"@id":"https:\/\/leptokariarealestate.gr\/sr\/\u043f\u0440\u043e\u0438\u0437\u0432\u043e\u0434\/ekskluzivna-dvospratna-porodicna-kuca-sa-potkrovljem\/#breadcrumb"},"inLanguage":"sr-RS","potentialAction":[{"@type":"ReadAction","target":["https:\/\/leptokariarealestate.gr\/sr\/\u043f\u0440\u043e\u0438\u0437\u0432\u043e\u0434\/ekskluzivna-dvospratna-porodicna-kuca-sa-potkrovljem\/"]}]},{"@type":"ImageObject","inLanguage":"sr-RS","@id":"https:\/\/leptokariarealestate.gr\/sr\/\u043f\u0440\u043e\u0438\u0437\u0432\u043e\u0434\/ekskluzivna-dvospratna-porodicna-kuca-sa-potkrovljem\/#primaryimage","url":"https:\/\/leptokariarealestate.gr\/wp-content\/uploads\/2025\/12\/viber_image_2025-12-17_11-12-27-432.jpg","contentUrl":"https:\/\/leptokariarealestate.gr\/wp-content\/uploads\/2025\/12\/viber_image_2025-12-17_11-12-27-432.jpg","width":1600,"height":1200},{"@type":"BreadcrumbList","@id":"https:\/\/leptokariarealestate.gr\/sr\/\u043f\u0440\u043e\u0438\u0437\u0432\u043e\u0434\/ekskluzivna-dvospratna-porodicna-kuca-sa-potkrovljem\/#breadcrumb","itemListElement":[{"@type":"ListItem","position":1,"name":"\u041d\u0435\u043a\u0440\u0435\u0442\u043d\u0438\u043d\u0435","item":"https:\/\/leptokariarealestate.gr\/sr\/%d0%bd%d0%b5%d0%ba%d1%80%d0%b5%d1%82%d0%bd%d0%b8%d0%bd%d0%b5\/"},{"@type":"ListItem","position":2,"name":"\u03a7\u03c9\u03c1\u03af\u03c2 \u03ba\u03b1\u03c4\u03b7\u03b3\u03bf\u03c1\u03af\u03b1","item":"https:\/\/leptokariarealestate.gr\/sr\/\u043a\u0430\u0442\u0435\u0433\u043e\u0440\u0438\u0458\u0430-\u043f\u0440\u043e\u0438\u0437\u0432\u043e\u0434\u0430\/%cf%87%cf%89%cf%81%ce%af%cf%82-%ce%ba%ce%b1%cf%84%ce%b7%ce%b3%ce%bf%cf%81%ce%af%ce%b1-sr\/"},{"@type":"ListItem","position":3,"name":"Ekskluzivna Dvospratna Porodi\u010dna Ku\u0107a sa Potkrovljem"}]},{"@type":"WebSite","@id":"https:\/\/leptokariarealestate.gr\/sr\/#website","url":"https:\/\/leptokariarealestate.gr\/sr\/","name":"Leptokaria Real Estate","description":"","publisher":{"@id":"https:\/\/leptokariarealestate.gr\/sr\/#organization"},"potentialAction":[{"@type":"SearchAction","target":{"@type":"EntryPoint","urlTemplate":"https:\/\/leptokariarealestate.gr\/sr\/?s={search_term_string}"},"query-input":"required name=search_term_string"}],"inLanguage":"sr-RS"},{"@type":"Organization","@id":"https:\/\/leptokariarealestate.gr\/sr\/#organization","name":"Leptokaria Real Estate","url":"https:\/\/leptokariarealestate.gr\/sr\/","logo":{"@type":"ImageObject","inLanguage":"sr-RS","@id":"https:\/\/leptokariarealestate.gr\/sr\/#\/schema\/logo\/image\/","url":"https:\/\/leptokariarealestate.gr\/wp-content\/uploads\/2024\/03\/Leptokaria-Real-Estate-Logo.svg","contentUrl":"https:\/\/leptokariarealestate.gr\/wp-content\/uploads\/2024\/03\/Leptokaria-Real-Estate-Logo.svg","width":113,"height":59,"caption":"Leptokaria Real Estate"},"image":{"@id":"https:\/\/leptokariarealestate.gr\/sr\/#\/schema\/logo\/image\/"},"sameAs":["https:\/\/www.facebook.com\/jannis.karakitsios"]}]}},"_links":{"self":[{"href":"https:\/\/leptokariarealestate.gr\/sr\/wp-json\/wp\/v2\/product\/2506"}],"collection":[{"href":"https:\/\/leptokariarealestate.gr\/sr\/wp-json\/wp\/v2\/product"}],"about":[{"href":"https:\/\/leptokariarealestate.gr\/sr\/wp-json\/wp\/v2\/types\/product"}],"wp:featuredmedia":[{"embeddable":true,"href":"https:\/\/leptokariarealestate.gr\/sr\/wp-json\/wp\/v2\/media\/2459"}],"wp:attachment":[{"href":"https:\/\/leptokariarealestate.gr\/sr\/wp-json\/wp\/v2\/media?parent=2506"}],"wp:term":[{"taxonomy":"product_cat","embeddable":true,"href":"https:\/\/leptokariarealestate.gr\/sr\/wp-json\/wp\/v2\/product_cat?post=2506"},{"taxonomy":"product_tag","embeddable":true,"href":"https:\/\/leptokariarealestate.gr\/sr\/wp-json\/wp\/v2\/product_tag?post=2506"}],"curies":[{"name":"wp","href":"https:\/\/api.w.org\/{rel}","templated":true}]}}