{"id":2393,"date":"2025-11-05T13:01:22","date_gmt":"2025-11-05T11:01:22","guid":{"rendered":"https:\/\/leptokariarealestate.gr\/product\/na-prodaju-nova-dvoetazna-kuca-mezoneta-duplex-u-leptokariji\/"},"modified":"2025-11-05T13:01:22","modified_gmt":"2025-11-05T11:01:22","slug":"na-prodaju-nova-dvoetazna-kuca-mezoneta-duplex-u-leptokariji","status":"publish","type":"product","link":"https:\/\/leptokariarealestate.gr\/sr\/\u043f\u0440\u043e\u0438\u0437\u0432\u043e\u0434\/na-prodaju-nova-dvoetazna-kuca-mezoneta-duplex-u-leptokariji\/","title":{"rendered":"NA PRODAJU \u2013 NOVA DVOETA\u017dNA KU\u0106A (MEZONETA &#8211; DUPLEX) U LEPTOKARIJI"},"content":{"rendered":"<p>\ud83c\uddf7\ud83c\uddf8 NA PRODAJU \u2013 NOVA DVOETA\u017dNA KU\u0106A (MEZONETA) U LEPTOKARIJI, PIERIJA<br \/>\nModeran dizajn \u2013 Panoramski pogled na more i planinu Olimp<br \/>\nNa prodaju novosagra\u0111ena dvoeta\u017ena ku\u0107a (mezoneta) u Leptokariji, Pierija, ukupne povr\u0161ine 73,14 m\u00b2 neto, sme\u0161tena u modernoj zgradi visokog kvaliteta.<br \/>\nNalazi se na izuzetnoj lokaciji, samo 500 m od mora i 200 m od centra mesta, u blizini prodavnica, ordinacija, restorana i svih va\u017enih sadr\u017eaja.<br \/>\n\ud83d\udd39 DETALJI NEKRETNINE<br \/>\nPovr\u0161ina: 73,14 m\u00b2 (neto)<br \/>\nSpratovi: Prvi i drugi<br \/>\nTerase: 4 velike terase ukupne povr\u0161ine preko 20 m\u00b2<br \/>\nPogled: Panoramski pogled na more i Olimp<br \/>\nStanje: Novo \u2013 vrhunska gradnja<br \/>\n\ud83c\udfd7\ufe0f RASPORED PROSTORA<br \/>\nDonji nivo:<br \/>\nProstran dnevni boravak sa kuhinjom (open-space)<br \/>\nMalo kupatilo<br \/>\nGornji nivo:<br \/>\nDve spava\u0107e sobe sa ugradnim ormarima<br \/>\nVeliko glavno kupatilo<br \/>\nDve terase sa prekrasnim pogledom<br \/>\n\u2699\ufe0f OPREMA I PREDNOSTI<br \/>\nSolarni bojler za toplu vodu<br \/>\nPriprema za toplotnu pumpu (grejanje\/hla\u0111enje)<br \/>\nPriprema za alarmni sistem<br \/>\n2 nova klima ure\u0111aja<br \/>\nUgradni plakari u svim sobama<br \/>\nSigurnosna vrata<br \/>\nMre\u017ee protiv komaraca na svim prozorima<br \/>\n\ud83d\udccd LOKACIJA<br \/>\nNekretnina se nalazi u mirnom, ali centralnom delu Leptokarije, na nekoliko minuta od pla\u017ee i centra.<br \/>\nSavr\u0161eno povezana sa glavnim saobra\u0107ajnicama, idealna je i za stalni boravak i za investiciju u turizam.<br \/>\n\ud83d\udcb0 CENA: 155.000 \u20ac<br \/>\n\u2728 Moderan dom koji spaja udobnost, eleganciju i panoramski pogled, na jednoj od najlep\u0161ih lokacija u Pieriji.<br \/>\nIzvrsna prilika za one koji tra\u017ee novu nekretninu visokog standarda i sigurnu vrednost.<br \/>\n0030 69 32 64 83 78<\/p>\n","protected":false},"excerpt":{"rendered":"<p>\ud83c\uddf7\ud83c\uddf8 NA PRODAJU \u2013 NOVA DVOETA\u017dNA KU\u0106A (MEZONETA) U LEPTOKARIJI, PIERIJA<br \/>\nModeran dizajn \u2013 Panoramski pogled na more i planinu Olimp<br \/>\nNa prodaju novosagra\u0111ena dvoeta\u017ena ku\u0107a (mezoneta) u Leptokariji, Pierija, ukupne povr\u0161ine 73,14 m\u00b2 neto, sme\u0161tena u modernoj zgradi visokog kvaliteta.<br \/>\nNalazi se na izuzetnoj lokaciji, samo 500 m od mora i 200 m od centra mesta, u blizini prodavnica, ordinacija, restorana i svih va\u017enih sadr\u017eaja.<br \/>\n\ud83d\udd39 DETALJI NEKRETNINE<br \/>\nPovr\u0161ina: 73,14 m\u00b2 (neto)<br \/>\nSpratovi: Prvi i drugi<br \/>\nTerase: 4 velike terase ukupne povr\u0161ine preko 20 m\u00b2<br \/>\nPogled: Panoramski pogled na more i Olimp<br \/>\nStanje: Novo \u2013 vrhunska gradnja<br \/>\n\ud83c\udfd7\ufe0f RASPORED PROSTORA<br \/>\nDonji nivo:<br \/>\nProstran dnevni boravak sa kuhinjom (open-space)<br \/>\nMalo kupatilo<br \/>\nGornji nivo:<br \/>\nDve spava\u0107e sobe sa ugradnim ormarima<br \/>\nVeliko glavno kupatilo<br \/>\nDve terase sa prekrasnim pogledom<br \/>\n\u2699\ufe0f OPREMA I PREDNOSTI<br \/>\nSolarni bojler za toplu vodu<br \/>\nPriprema za toplotnu pumpu (grejanje\/hla\u0111enje)<br \/>\nPriprema za alarmni sistem<br \/>\n2 nova klima ure\u0111aja<br \/>\nUgradni plakari u svim sobama<br \/>\nSigurnosna vrata<br \/>\nMre\u017ee protiv komaraca na svim prozorima<br \/>\n\ud83d\udccd LOKACIJA<br \/>\nNekretnina se nalazi u mirnom, ali centralnom delu Leptokarije, na nekoliko minuta od pla\u017ee i centra.<br \/>\nSavr\u0161eno povezana sa glavnim saobra\u0107ajnicama, idealna je i za stalni boravak i za investiciju u turizam.<br \/>\n\ud83d\udcb0 CENA: 155.000 \u20ac<br \/>\n\u2728 Moderan dom koji spaja udobnost, eleganciju i panoramski pogled, na jednoj od najlep\u0161ih lokacija u Pieriji.<br \/>\nIzvrsna prilika za one koji tra\u017ee novu nekretninu visokog standarda i sigurnu vrednost.<br \/>\n0030 69 32 64 83 78<\/p>\n","protected":false},"featured_media":2370,"template":"","meta":[],"product_cat":[75,87],"product_tag":[],"yoast_head":"<!-- This site is optimized with the Yoast SEO plugin v22.8 - https:\/\/yoast.com\/wordpress\/plugins\/seo\/ -->\n<title>NA PRODAJU \u2013 NOVA DVOETA\u017dNA KU\u0106A (MEZONETA - DUPLEX) U LEPTOKARIJI - Leptokaria Real Estate<\/title>\n<meta name=\"robots\" content=\"index, follow, max-snippet:-1, max-image-preview:large, max-video-preview:-1\" \/>\n<link rel=\"canonical\" href=\"https:\/\/leptokariarealestate.gr\/sr\/\u043f\u0440\u043e\u0438\u0437\u0432\u043e\u0434\/na-prodaju-nova-dvoetazna-kuca-mezoneta-duplex-u-leptokariji\/\" \/>\n<meta property=\"og:locale\" content=\"sr_RS\" \/>\n<meta property=\"og:type\" content=\"article\" \/>\n<meta property=\"og:title\" content=\"NA PRODAJU \u2013 NOVA DVOETA\u017dNA KU\u0106A (MEZONETA - DUPLEX) U LEPTOKARIJI - Leptokaria Real Estate\" \/>\n<meta property=\"og:description\" content=\"\ud83c\uddf7\ud83c\uddf8 NA PRODAJU \u2013 NOVA DVOETA\u017dNA KU\u0106A (MEZONETA) U LEPTOKARIJI, PIERIJA Moderan dizajn \u2013 Panoramski pogled na more i planinu Olimp Na prodaju novosagra\u0111ena dvoeta\u017ena ku\u0107a (mezoneta) u Leptokariji, Pierija, ukupne povr\u0161ine 73,14 m\u00b2 neto, sme\u0161tena u modernoj zgradi visokog kvaliteta. Nalazi se na izuzetnoj lokaciji, samo 500 m od mora i 200 m od centra mesta, u blizini prodavnica, ordinacija, restorana i svih va\u017enih sadr\u017eaja. \ud83d\udd39 DETALJI NEKRETNINE Povr\u0161ina: 73,14 m\u00b2 (neto) Spratovi: Prvi i drugi Terase: 4 velike terase ukupne povr\u0161ine preko 20 m\u00b2 Pogled: Panoramski pogled na more i Olimp Stanje: Novo \u2013 vrhunska gradnja \ud83c\udfd7\ufe0f RASPORED PROSTORA Donji nivo: Prostran dnevni boravak sa kuhinjom (open-space) Malo kupatilo Gornji nivo: Dve spava\u0107e sobe sa ugradnim ormarima Veliko glavno kupatilo Dve terase sa prekrasnim pogledom \u2699\ufe0f OPREMA I PREDNOSTI Solarni bojler za toplu vodu Priprema za toplotnu pumpu (grejanje\/hla\u0111enje) Priprema za alarmni sistem 2 nova klima ure\u0111aja Ugradni plakari u svim sobama Sigurnosna vrata Mre\u017ee protiv komaraca na svim prozorima \ud83d\udccd LOKACIJA Nekretnina se nalazi u mirnom, ali centralnom delu Leptokarije, na nekoliko minuta od pla\u017ee i centra. Savr\u0161eno povezana sa glavnim saobra\u0107ajnicama, idealna je i za stalni boravak i za investiciju u turizam. \ud83d\udcb0 CENA: 155.000 \u20ac \u2728 Moderan dom koji spaja udobnost, eleganciju i panoramski pogled, na jednoj od najlep\u0161ih lokacija u Pieriji. Izvrsna prilika za one koji tra\u017ee novu nekretninu visokog standarda i sigurnu vrednost. 0030 69 32 64 83 78\" \/>\n<meta property=\"og:url\" content=\"https:\/\/leptokariarealestate.gr\/sr\/\u043f\u0440\u043e\u0438\u0437\u0432\u043e\u0434\/na-prodaju-nova-dvoetazna-kuca-mezoneta-duplex-u-leptokariji\/\" \/>\n<meta property=\"og:site_name\" content=\"Leptokaria Real Estate\" \/>\n<meta property=\"article:publisher\" content=\"https:\/\/www.facebook.com\/jannis.karakitsios\" \/>\n<meta name=\"twitter:card\" content=\"summary_large_image\" \/>\n<meta name=\"twitter:label1\" content=\"\u041f\u0440\u043e\u0446\u0435\u045a\u0435\u043d\u043e \u0432\u0440\u0435\u043c\u0435 \u0447\u0438\u0442\u0430\u045a\u0430\" \/>\n\t<meta name=\"twitter:data1\" content=\"1 \u043c\u0438\u043d\u0443\u0442\" \/>\n<script type=\"application\/ld+json\" class=\"yoast-schema-graph\">{\"@context\":\"https:\/\/schema.org\",\"@graph\":[{\"@type\":\"WebPage\",\"@id\":\"https:\/\/leptokariarealestate.gr\/sr\/\u043f\u0440\u043e\u0438\u0437\u0432\u043e\u0434\/na-prodaju-nova-dvoetazna-kuca-mezoneta-duplex-u-leptokariji\/\",\"url\":\"https:\/\/leptokariarealestate.gr\/sr\/\u043f\u0440\u043e\u0438\u0437\u0432\u043e\u0434\/na-prodaju-nova-dvoetazna-kuca-mezoneta-duplex-u-leptokariji\/\",\"name\":\"NA PRODAJU \u2013 NOVA DVOETA\u017dNA KU\u0106A (MEZONETA - DUPLEX) U LEPTOKARIJI - Leptokaria Real Estate\",\"isPartOf\":{\"@id\":\"https:\/\/leptokariarealestate.gr\/sr\/#website\"},\"primaryImageOfPage\":{\"@id\":\"https:\/\/leptokariarealestate.gr\/sr\/\u043f\u0440\u043e\u0438\u0437\u0432\u043e\u0434\/na-prodaju-nova-dvoetazna-kuca-mezoneta-duplex-u-leptokariji\/#primaryimage\"},\"image\":{\"@id\":\"https:\/\/leptokariarealestate.gr\/sr\/\u043f\u0440\u043e\u0438\u0437\u0432\u043e\u0434\/na-prodaju-nova-dvoetazna-kuca-mezoneta-duplex-u-leptokariji\/#primaryimage\"},\"thumbnailUrl\":\"https:\/\/leptokariarealestate.gr\/wp-content\/uploads\/2025\/11\/viber_image_2025-11-05_12-29-34-814.jpg\",\"datePublished\":\"2025-11-05T11:01:22+00:00\",\"dateModified\":\"2025-11-05T11:01:22+00:00\",\"breadcrumb\":{\"@id\":\"https:\/\/leptokariarealestate.gr\/sr\/\u043f\u0440\u043e\u0438\u0437\u0432\u043e\u0434\/na-prodaju-nova-dvoetazna-kuca-mezoneta-duplex-u-leptokariji\/#breadcrumb\"},\"inLanguage\":\"sr-RS\",\"potentialAction\":[{\"@type\":\"ReadAction\",\"target\":[\"https:\/\/leptokariarealestate.gr\/sr\/\u043f\u0440\u043e\u0438\u0437\u0432\u043e\u0434\/na-prodaju-nova-dvoetazna-kuca-mezoneta-duplex-u-leptokariji\/\"]}]},{\"@type\":\"ImageObject\",\"inLanguage\":\"sr-RS\",\"@id\":\"https:\/\/leptokariarealestate.gr\/sr\/\u043f\u0440\u043e\u0438\u0437\u0432\u043e\u0434\/na-prodaju-nova-dvoetazna-kuca-mezoneta-duplex-u-leptokariji\/#primaryimage\",\"url\":\"https:\/\/leptokariarealestate.gr\/wp-content\/uploads\/2025\/11\/viber_image_2025-11-05_12-29-34-814.jpg\",\"contentUrl\":\"https:\/\/leptokariarealestate.gr\/wp-content\/uploads\/2025\/11\/viber_image_2025-11-05_12-29-34-814.jpg\",\"width\":1200,\"height\":1600},{\"@type\":\"BreadcrumbList\",\"@id\":\"https:\/\/leptokariarealestate.gr\/sr\/\u043f\u0440\u043e\u0438\u0437\u0432\u043e\u0434\/na-prodaju-nova-dvoetazna-kuca-mezoneta-duplex-u-leptokariji\/#breadcrumb\",\"itemListElement\":[{\"@type\":\"ListItem\",\"position\":1,\"name\":\"\u041d\u0435\u043a\u0440\u0435\u0442\u043d\u0438\u043d\u0435\",\"item\":\"https:\/\/leptokariarealestate.gr\/sr\/%d0%bd%d0%b5%d0%ba%d1%80%d0%b5%d1%82%d0%bd%d0%b8%d0%bd%d0%b5\/\"},{\"@type\":\"ListItem\",\"position\":2,\"name\":\"\u03a7\u03c9\u03c1\u03af\u03c2 \u03ba\u03b1\u03c4\u03b7\u03b3\u03bf\u03c1\u03af\u03b1\",\"item\":\"https:\/\/leptokariarealestate.gr\/sr\/\u043a\u0430\u0442\u0435\u0433\u043e\u0440\u0438\u0458\u0430-\u043f\u0440\u043e\u0438\u0437\u0432\u043e\u0434\u0430\/%cf%87%cf%89%cf%81%ce%af%cf%82-%ce%ba%ce%b1%cf%84%ce%b7%ce%b3%ce%bf%cf%81%ce%af%ce%b1-sr\/\"},{\"@type\":\"ListItem\",\"position\":3,\"name\":\"NA PRODAJU \u2013 NOVA DVOETA\u017dNA KU\u0106A (MEZONETA &#8211; DUPLEX) U LEPTOKARIJI\"}]},{\"@type\":\"WebSite\",\"@id\":\"https:\/\/leptokariarealestate.gr\/sr\/#website\",\"url\":\"https:\/\/leptokariarealestate.gr\/sr\/\",\"name\":\"Leptokaria Real Estate\",\"description\":\"\",\"publisher\":{\"@id\":\"https:\/\/leptokariarealestate.gr\/sr\/#organization\"},\"potentialAction\":[{\"@type\":\"SearchAction\",\"target\":{\"@type\":\"EntryPoint\",\"urlTemplate\":\"https:\/\/leptokariarealestate.gr\/sr\/?s={search_term_string}\"},\"query-input\":\"required name=search_term_string\"}],\"inLanguage\":\"sr-RS\"},{\"@type\":\"Organization\",\"@id\":\"https:\/\/leptokariarealestate.gr\/sr\/#organization\",\"name\":\"Leptokaria Real Estate\",\"url\":\"https:\/\/leptokariarealestate.gr\/sr\/\",\"logo\":{\"@type\":\"ImageObject\",\"inLanguage\":\"sr-RS\",\"@id\":\"https:\/\/leptokariarealestate.gr\/sr\/#\/schema\/logo\/image\/\",\"url\":\"https:\/\/leptokariarealestate.gr\/wp-content\/uploads\/2024\/03\/Leptokaria-Real-Estate-Logo.svg\",\"contentUrl\":\"https:\/\/leptokariarealestate.gr\/wp-content\/uploads\/2024\/03\/Leptokaria-Real-Estate-Logo.svg\",\"width\":113,\"height\":59,\"caption\":\"Leptokaria Real Estate\"},\"image\":{\"@id\":\"https:\/\/leptokariarealestate.gr\/sr\/#\/schema\/logo\/image\/\"},\"sameAs\":[\"https:\/\/www.facebook.com\/jannis.karakitsios\"]}]}<\/script>\n<!-- \/ Yoast SEO plugin. -->","yoast_head_json":{"title":"NA PRODAJU \u2013 NOVA DVOETA\u017dNA KU\u0106A (MEZONETA - DUPLEX) U LEPTOKARIJI - Leptokaria Real Estate","robots":{"index":"index","follow":"follow","max-snippet":"max-snippet:-1","max-image-preview":"max-image-preview:large","max-video-preview":"max-video-preview:-1"},"canonical":"https:\/\/leptokariarealestate.gr\/sr\/\u043f\u0440\u043e\u0438\u0437\u0432\u043e\u0434\/na-prodaju-nova-dvoetazna-kuca-mezoneta-duplex-u-leptokariji\/","og_locale":"sr_RS","og_type":"article","og_title":"NA PRODAJU \u2013 NOVA DVOETA\u017dNA KU\u0106A (MEZONETA - DUPLEX) U LEPTOKARIJI - Leptokaria Real Estate","og_description":"\ud83c\uddf7\ud83c\uddf8 NA PRODAJU \u2013 NOVA DVOETA\u017dNA KU\u0106A (MEZONETA) U LEPTOKARIJI, PIERIJA Moderan dizajn \u2013 Panoramski pogled na more i planinu Olimp Na prodaju novosagra\u0111ena dvoeta\u017ena ku\u0107a (mezoneta) u Leptokariji, Pierija, ukupne povr\u0161ine 73,14 m\u00b2 neto, sme\u0161tena u modernoj zgradi visokog kvaliteta. Nalazi se na izuzetnoj lokaciji, samo 500 m od mora i 200 m od centra mesta, u blizini prodavnica, ordinacija, restorana i svih va\u017enih sadr\u017eaja. \ud83d\udd39 DETALJI NEKRETNINE Povr\u0161ina: 73,14 m\u00b2 (neto) Spratovi: Prvi i drugi Terase: 4 velike terase ukupne povr\u0161ine preko 20 m\u00b2 Pogled: Panoramski pogled na more i Olimp Stanje: Novo \u2013 vrhunska gradnja \ud83c\udfd7\ufe0f RASPORED PROSTORA Donji nivo: Prostran dnevni boravak sa kuhinjom (open-space) Malo kupatilo Gornji nivo: Dve spava\u0107e sobe sa ugradnim ormarima Veliko glavno kupatilo Dve terase sa prekrasnim pogledom \u2699\ufe0f OPREMA I PREDNOSTI Solarni bojler za toplu vodu Priprema za toplotnu pumpu (grejanje\/hla\u0111enje) Priprema za alarmni sistem 2 nova klima ure\u0111aja Ugradni plakari u svim sobama Sigurnosna vrata Mre\u017ee protiv komaraca na svim prozorima \ud83d\udccd LOKACIJA Nekretnina se nalazi u mirnom, ali centralnom delu Leptokarije, na nekoliko minuta od pla\u017ee i centra. Savr\u0161eno povezana sa glavnim saobra\u0107ajnicama, idealna je i za stalni boravak i za investiciju u turizam. \ud83d\udcb0 CENA: 155.000 \u20ac \u2728 Moderan dom koji spaja udobnost, eleganciju i panoramski pogled, na jednoj od najlep\u0161ih lokacija u Pieriji. Izvrsna prilika za one koji tra\u017ee novu nekretninu visokog standarda i sigurnu vrednost. 0030 69 32 64 83 78","og_url":"https:\/\/leptokariarealestate.gr\/sr\/\u043f\u0440\u043e\u0438\u0437\u0432\u043e\u0434\/na-prodaju-nova-dvoetazna-kuca-mezoneta-duplex-u-leptokariji\/","og_site_name":"Leptokaria Real Estate","article_publisher":"https:\/\/www.facebook.com\/jannis.karakitsios","twitter_card":"summary_large_image","twitter_misc":{"\u041f\u0440\u043e\u0446\u0435\u045a\u0435\u043d\u043e \u0432\u0440\u0435\u043c\u0435 \u0447\u0438\u0442\u0430\u045a\u0430":"1 \u043c\u0438\u043d\u0443\u0442"},"schema":{"@context":"https:\/\/schema.org","@graph":[{"@type":"WebPage","@id":"https:\/\/leptokariarealestate.gr\/sr\/\u043f\u0440\u043e\u0438\u0437\u0432\u043e\u0434\/na-prodaju-nova-dvoetazna-kuca-mezoneta-duplex-u-leptokariji\/","url":"https:\/\/leptokariarealestate.gr\/sr\/\u043f\u0440\u043e\u0438\u0437\u0432\u043e\u0434\/na-prodaju-nova-dvoetazna-kuca-mezoneta-duplex-u-leptokariji\/","name":"NA PRODAJU \u2013 NOVA DVOETA\u017dNA KU\u0106A (MEZONETA - DUPLEX) U LEPTOKARIJI - Leptokaria Real Estate","isPartOf":{"@id":"https:\/\/leptokariarealestate.gr\/sr\/#website"},"primaryImageOfPage":{"@id":"https:\/\/leptokariarealestate.gr\/sr\/\u043f\u0440\u043e\u0438\u0437\u0432\u043e\u0434\/na-prodaju-nova-dvoetazna-kuca-mezoneta-duplex-u-leptokariji\/#primaryimage"},"image":{"@id":"https:\/\/leptokariarealestate.gr\/sr\/\u043f\u0440\u043e\u0438\u0437\u0432\u043e\u0434\/na-prodaju-nova-dvoetazna-kuca-mezoneta-duplex-u-leptokariji\/#primaryimage"},"thumbnailUrl":"https:\/\/leptokariarealestate.gr\/wp-content\/uploads\/2025\/11\/viber_image_2025-11-05_12-29-34-814.jpg","datePublished":"2025-11-05T11:01:22+00:00","dateModified":"2025-11-05T11:01:22+00:00","breadcrumb":{"@id":"https:\/\/leptokariarealestate.gr\/sr\/\u043f\u0440\u043e\u0438\u0437\u0432\u043e\u0434\/na-prodaju-nova-dvoetazna-kuca-mezoneta-duplex-u-leptokariji\/#breadcrumb"},"inLanguage":"sr-RS","potentialAction":[{"@type":"ReadAction","target":["https:\/\/leptokariarealestate.gr\/sr\/\u043f\u0440\u043e\u0438\u0437\u0432\u043e\u0434\/na-prodaju-nova-dvoetazna-kuca-mezoneta-duplex-u-leptokariji\/"]}]},{"@type":"ImageObject","inLanguage":"sr-RS","@id":"https:\/\/leptokariarealestate.gr\/sr\/\u043f\u0440\u043e\u0438\u0437\u0432\u043e\u0434\/na-prodaju-nova-dvoetazna-kuca-mezoneta-duplex-u-leptokariji\/#primaryimage","url":"https:\/\/leptokariarealestate.gr\/wp-content\/uploads\/2025\/11\/viber_image_2025-11-05_12-29-34-814.jpg","contentUrl":"https:\/\/leptokariarealestate.gr\/wp-content\/uploads\/2025\/11\/viber_image_2025-11-05_12-29-34-814.jpg","width":1200,"height":1600},{"@type":"BreadcrumbList","@id":"https:\/\/leptokariarealestate.gr\/sr\/\u043f\u0440\u043e\u0438\u0437\u0432\u043e\u0434\/na-prodaju-nova-dvoetazna-kuca-mezoneta-duplex-u-leptokariji\/#breadcrumb","itemListElement":[{"@type":"ListItem","position":1,"name":"\u041d\u0435\u043a\u0440\u0435\u0442\u043d\u0438\u043d\u0435","item":"https:\/\/leptokariarealestate.gr\/sr\/%d0%bd%d0%b5%d0%ba%d1%80%d0%b5%d1%82%d0%bd%d0%b8%d0%bd%d0%b5\/"},{"@type":"ListItem","position":2,"name":"\u03a7\u03c9\u03c1\u03af\u03c2 \u03ba\u03b1\u03c4\u03b7\u03b3\u03bf\u03c1\u03af\u03b1","item":"https:\/\/leptokariarealestate.gr\/sr\/\u043a\u0430\u0442\u0435\u0433\u043e\u0440\u0438\u0458\u0430-\u043f\u0440\u043e\u0438\u0437\u0432\u043e\u0434\u0430\/%cf%87%cf%89%cf%81%ce%af%cf%82-%ce%ba%ce%b1%cf%84%ce%b7%ce%b3%ce%bf%cf%81%ce%af%ce%b1-sr\/"},{"@type":"ListItem","position":3,"name":"NA PRODAJU \u2013 NOVA DVOETA\u017dNA KU\u0106A (MEZONETA &#8211; DUPLEX) U LEPTOKARIJI"}]},{"@type":"WebSite","@id":"https:\/\/leptokariarealestate.gr\/sr\/#website","url":"https:\/\/leptokariarealestate.gr\/sr\/","name":"Leptokaria Real Estate","description":"","publisher":{"@id":"https:\/\/leptokariarealestate.gr\/sr\/#organization"},"potentialAction":[{"@type":"SearchAction","target":{"@type":"EntryPoint","urlTemplate":"https:\/\/leptokariarealestate.gr\/sr\/?s={search_term_string}"},"query-input":"required name=search_term_string"}],"inLanguage":"sr-RS"},{"@type":"Organization","@id":"https:\/\/leptokariarealestate.gr\/sr\/#organization","name":"Leptokaria Real Estate","url":"https:\/\/leptokariarealestate.gr\/sr\/","logo":{"@type":"ImageObject","inLanguage":"sr-RS","@id":"https:\/\/leptokariarealestate.gr\/sr\/#\/schema\/logo\/image\/","url":"https:\/\/leptokariarealestate.gr\/wp-content\/uploads\/2024\/03\/Leptokaria-Real-Estate-Logo.svg","contentUrl":"https:\/\/leptokariarealestate.gr\/wp-content\/uploads\/2024\/03\/Leptokaria-Real-Estate-Logo.svg","width":113,"height":59,"caption":"Leptokaria Real Estate"},"image":{"@id":"https:\/\/leptokariarealestate.gr\/sr\/#\/schema\/logo\/image\/"},"sameAs":["https:\/\/www.facebook.com\/jannis.karakitsios"]}]}},"_links":{"self":[{"href":"https:\/\/leptokariarealestate.gr\/sr\/wp-json\/wp\/v2\/product\/2393"}],"collection":[{"href":"https:\/\/leptokariarealestate.gr\/sr\/wp-json\/wp\/v2\/product"}],"about":[{"href":"https:\/\/leptokariarealestate.gr\/sr\/wp-json\/wp\/v2\/types\/product"}],"wp:featuredmedia":[{"embeddable":true,"href":"https:\/\/leptokariarealestate.gr\/sr\/wp-json\/wp\/v2\/media\/2370"}],"wp:attachment":[{"href":"https:\/\/leptokariarealestate.gr\/sr\/wp-json\/wp\/v2\/media?parent=2393"}],"wp:term":[{"taxonomy":"product_cat","embeddable":true,"href":"https:\/\/leptokariarealestate.gr\/sr\/wp-json\/wp\/v2\/product_cat?post=2393"},{"taxonomy":"product_tag","embeddable":true,"href":"https:\/\/leptokariarealestate.gr\/sr\/wp-json\/wp\/v2\/product_tag?post=2393"}],"curies":[{"name":"wp","href":"https:\/\/api.w.org\/{rel}","templated":true}]}}