{"id":2093,"date":"2025-10-02T13:24:27","date_gmt":"2025-10-02T10:24:27","guid":{"rendered":"https:\/\/leptokariarealestate.gr\/product\/na-prodaju-porodicna-kuca-u-leptokariji-pieria\/"},"modified":"2025-10-02T13:24:27","modified_gmt":"2025-10-02T10:24:27","slug":"na-prodaju-porodicna-kuca-u-leptokariji-pieria","status":"publish","type":"product","link":"https:\/\/leptokariarealestate.gr\/sr\/\u043f\u0440\u043e\u0438\u0437\u0432\u043e\u0434\/na-prodaju-porodicna-kuca-u-leptokariji-pieria\/","title":{"rendered":"NA PRODAJU PORODI\u010cNA KU\u0106A U LEPTOKARIJI, PIERIA"},"content":{"rendered":"<p>NA PRODAJU PORODI\u010cNA KU\u0106A U LEPTOKARIJI, PIERIA<br \/>\nNa samo 300 m od mora, prodaje se porodi\u010dna ku\u0107a sa tri nivoa (prizemlje, sprat i potkrovlje), na placu od 800 m\u00b2 sa prostranim dvori\u0161tem.<br \/>\nDetaljan opis<br \/>\nPrizemlje (35 m\u00b2 neto): potpuno name\u0161teno i opremljeno svim elektri\u010dnim ure\u0111ajima, pogodno kao zaseban apartman za goste ili pomo\u0107ni prostor.<\/p>\n<p>Prvi sprat (75 m\u00b2 neto): potpuno name\u0161teno i opremljeno svim elektri\u010dnim ure\u0111ajima, u odli\u010dnom stanju, sa kaminom u dnevnoj sobi.<br \/>\nPotkrovlje (75 m\u00b2 neto): nedovr\u0161eno, sa mogu\u0107no\u0161\u0107u ure\u0111enja po potrebama novog vlasnika (npr. dodatne sobe, kancelarija, apartman za goste).<br \/>\nLokacija \u2013 Prednosti<br \/>\nMirna i povoljna lokacija, samo nekoliko minuta hoda do pla\u017ee.<\/p>\n<p>U blizini prodavnica, restorana, kafi\u0107a i svih potrebnih sadr\u017eaja.<\/p>\n<p>Laka povezanost sa glavnim saobra\u0107ajnicama i obli\u017enjim gradovima (Litohoro, Katerini, Platamonas, Solun).<br \/>\n\ud83d\udcb0 Cena: 160.000 \u20ac<br \/>\nPotpuno name\u0161teno i opremljeno svim elektri\u010dnim ure\u0111ajima<br \/>\nPogodno za stalni boravak ili vikendicu<br \/>\nOdli\u010dna investiciona prilika sa mogu\u0107no\u0161\u0107u izdavanja<br \/>\n69 32 64 83 78  <\/p>\n","protected":false},"excerpt":{"rendered":"<p>NA PRODAJU PORODI\u010cNA KU\u0106A U LEPTOKARIJI, PIERIA<br \/>\nNa samo 300 m od mora, prodaje se porodi\u010dna ku\u0107a sa tri nivoa (prizemlje, sprat i potkrovlje), na placu od 800 m\u00b2 sa prostranim dvori\u0161tem.<br \/>\nDetaljan opis<br \/>\nPrizemlje (35 m\u00b2 neto): potpuno name\u0161teno i opremljeno svim elektri\u010dnim ure\u0111ajima, pogodno kao zaseban apartman za goste ili pomo\u0107ni prostor.<\/p>\n<p>Prvi sprat (75 m\u00b2 neto): potpuno name\u0161teno i opremljeno svim elektri\u010dnim ure\u0111ajima, u odli\u010dnom stanju, sa kaminom u dnevnoj sobi.<br \/>\nPotkrovlje (75 m\u00b2 neto): nedovr\u0161eno, sa mogu\u0107no\u0161\u0107u ure\u0111enja po potrebama novog vlasnika (npr. dodatne sobe, kancelarija, apartman za goste).<br \/>\nLokacija \u2013 Prednosti<br \/>\nMirna i povoljna lokacija, samo nekoliko minuta hoda do pla\u017ee.<\/p>\n<p>U blizini prodavnica, restorana, kafi\u0107a i svih potrebnih sadr\u017eaja.<\/p>\n<p>Laka povezanost sa glavnim saobra\u0107ajnicama i obli\u017enjim gradovima (Litohoro, Katerini, Platamonas, Solun).<br \/>\n\ud83d\udcb0 Cena: 160.000 \u20ac<br \/>\nPotpuno name\u0161teno i opremljeno svim elektri\u010dnim ure\u0111ajima<br \/>\nPogodno za stalni boravak ili vikendicu<br \/>\nOdli\u010dna investiciona prilika sa mogu\u0107no\u0161\u0107u izdavanja<br \/>\n69 32 64 83 78<\/p>\n","protected":false},"featured_media":2069,"template":"","meta":[],"product_cat":[87,56,65],"product_tag":[],"yoast_head":"<!-- This site is optimized with the Yoast SEO plugin v22.8 - https:\/\/yoast.com\/wordpress\/plugins\/seo\/ -->\n<title>NA PRODAJU PORODI\u010cNA KU\u0106A U LEPTOKARIJI, PIERIA - Leptokaria Real Estate<\/title>\n<meta name=\"robots\" content=\"index, follow, max-snippet:-1, max-image-preview:large, max-video-preview:-1\" \/>\n<link rel=\"canonical\" href=\"https:\/\/leptokariarealestate.gr\/sr\/\u043f\u0440\u043e\u0438\u0437\u0432\u043e\u0434\/na-prodaju-porodicna-kuca-u-leptokariji-pieria\/\" \/>\n<meta property=\"og:locale\" content=\"sr_RS\" \/>\n<meta property=\"og:type\" content=\"article\" \/>\n<meta property=\"og:title\" content=\"NA PRODAJU PORODI\u010cNA KU\u0106A U LEPTOKARIJI, PIERIA - Leptokaria Real Estate\" \/>\n<meta property=\"og:description\" content=\"NA PRODAJU PORODI\u010cNA KU\u0106A U LEPTOKARIJI, PIERIA Na samo 300 m od mora, prodaje se porodi\u010dna ku\u0107a sa tri nivoa (prizemlje, sprat i potkrovlje), na placu od 800 m\u00b2 sa prostranim dvori\u0161tem. Detaljan opis Prizemlje (35 m\u00b2 neto): potpuno name\u0161teno i opremljeno svim elektri\u010dnim ure\u0111ajima, pogodno kao zaseban apartman za goste ili pomo\u0107ni prostor.   Prvi sprat (75 m\u00b2 neto): potpuno name\u0161teno i opremljeno svim elektri\u010dnim ure\u0111ajima, u odli\u010dnom stanju, sa kaminom u dnevnoj sobi. Potkrovlje (75 m\u00b2 neto): nedovr\u0161eno, sa mogu\u0107no\u0161\u0107u ure\u0111enja po potrebama novog vlasnika (npr. dodatne sobe, kancelarija, apartman za goste). Lokacija \u2013 Prednosti Mirna i povoljna lokacija, samo nekoliko minuta hoda do pla\u017ee.   U blizini prodavnica, restorana, kafi\u0107a i svih potrebnih sadr\u017eaja.   Laka povezanost sa glavnim saobra\u0107ajnicama i obli\u017enjim gradovima (Litohoro, Katerini, Platamonas, Solun). \ud83d\udcb0 Cena: 160.000 \u20ac Potpuno name\u0161teno i opremljeno svim elektri\u010dnim ure\u0111ajima Pogodno za stalni boravak ili vikendicu Odli\u010dna investiciona prilika sa mogu\u0107no\u0161\u0107u izdavanja 69 32 64 83 78\" \/>\n<meta property=\"og:url\" content=\"https:\/\/leptokariarealestate.gr\/sr\/\u043f\u0440\u043e\u0438\u0437\u0432\u043e\u0434\/na-prodaju-porodicna-kuca-u-leptokariji-pieria\/\" \/>\n<meta property=\"og:site_name\" content=\"Leptokaria Real Estate\" \/>\n<meta property=\"article:publisher\" content=\"https:\/\/www.facebook.com\/jannis.karakitsios\" \/>\n<meta property=\"og:image\" content=\"https:\/\/leptokariarealestate.gr\/wp-content\/uploads\/2025\/10\/viber_image_2025-09-25_18-55-53-848.jpg\" \/>\n\t<meta property=\"og:image:width\" content=\"1600\" \/>\n\t<meta property=\"og:image:height\" content=\"1200\" \/>\n\t<meta property=\"og:image:type\" content=\"image\/jpeg\" \/>\n<meta name=\"twitter:card\" content=\"summary_large_image\" \/>\n<meta name=\"twitter:label1\" content=\"\u041f\u0440\u043e\u0446\u0435\u045a\u0435\u043d\u043e \u0432\u0440\u0435\u043c\u0435 \u0447\u0438\u0442\u0430\u045a\u0430\" \/>\n\t<meta name=\"twitter:data1\" content=\"1 \u043c\u0438\u043d\u0443\u0442\" \/>\n<script type=\"application\/ld+json\" class=\"yoast-schema-graph\">{\"@context\":\"https:\/\/schema.org\",\"@graph\":[{\"@type\":\"WebPage\",\"@id\":\"https:\/\/leptokariarealestate.gr\/sr\/\u043f\u0440\u043e\u0438\u0437\u0432\u043e\u0434\/na-prodaju-porodicna-kuca-u-leptokariji-pieria\/\",\"url\":\"https:\/\/leptokariarealestate.gr\/sr\/\u043f\u0440\u043e\u0438\u0437\u0432\u043e\u0434\/na-prodaju-porodicna-kuca-u-leptokariji-pieria\/\",\"name\":\"NA PRODAJU PORODI\u010cNA KU\u0106A U LEPTOKARIJI, PIERIA - Leptokaria Real Estate\",\"isPartOf\":{\"@id\":\"https:\/\/leptokariarealestate.gr\/sr\/#website\"},\"primaryImageOfPage\":{\"@id\":\"https:\/\/leptokariarealestate.gr\/sr\/\u043f\u0440\u043e\u0438\u0437\u0432\u043e\u0434\/na-prodaju-porodicna-kuca-u-leptokariji-pieria\/#primaryimage\"},\"image\":{\"@id\":\"https:\/\/leptokariarealestate.gr\/sr\/\u043f\u0440\u043e\u0438\u0437\u0432\u043e\u0434\/na-prodaju-porodicna-kuca-u-leptokariji-pieria\/#primaryimage\"},\"thumbnailUrl\":\"https:\/\/leptokariarealestate.gr\/wp-content\/uploads\/2025\/10\/viber_image_2025-09-25_18-55-53-848.jpg\",\"datePublished\":\"2025-10-02T10:24:27+00:00\",\"dateModified\":\"2025-10-02T10:24:27+00:00\",\"breadcrumb\":{\"@id\":\"https:\/\/leptokariarealestate.gr\/sr\/\u043f\u0440\u043e\u0438\u0437\u0432\u043e\u0434\/na-prodaju-porodicna-kuca-u-leptokariji-pieria\/#breadcrumb\"},\"inLanguage\":\"sr-RS\",\"potentialAction\":[{\"@type\":\"ReadAction\",\"target\":[\"https:\/\/leptokariarealestate.gr\/sr\/\u043f\u0440\u043e\u0438\u0437\u0432\u043e\u0434\/na-prodaju-porodicna-kuca-u-leptokariji-pieria\/\"]}]},{\"@type\":\"ImageObject\",\"inLanguage\":\"sr-RS\",\"@id\":\"https:\/\/leptokariarealestate.gr\/sr\/\u043f\u0440\u043e\u0438\u0437\u0432\u043e\u0434\/na-prodaju-porodicna-kuca-u-leptokariji-pieria\/#primaryimage\",\"url\":\"https:\/\/leptokariarealestate.gr\/wp-content\/uploads\/2025\/10\/viber_image_2025-09-25_18-55-53-848.jpg\",\"contentUrl\":\"https:\/\/leptokariarealestate.gr\/wp-content\/uploads\/2025\/10\/viber_image_2025-09-25_18-55-53-848.jpg\",\"width\":1600,\"height\":1200},{\"@type\":\"BreadcrumbList\",\"@id\":\"https:\/\/leptokariarealestate.gr\/sr\/\u043f\u0440\u043e\u0438\u0437\u0432\u043e\u0434\/na-prodaju-porodicna-kuca-u-leptokariji-pieria\/#breadcrumb\",\"itemListElement\":[{\"@type\":\"ListItem\",\"position\":1,\"name\":\"\u041d\u0435\u043a\u0440\u0435\u0442\u043d\u0438\u043d\u0435\",\"item\":\"https:\/\/leptokariarealestate.gr\/sr\/%d0%bd%d0%b5%d0%ba%d1%80%d0%b5%d1%82%d0%bd%d0%b8%d0%bd%d0%b5\/\"},{\"@type\":\"ListItem\",\"position\":2,\"name\":\"NA PRODAJU PORODI\u010cNA KU\u0106A U LEPTOKARIJI, PIERIA\"}]},{\"@type\":\"WebSite\",\"@id\":\"https:\/\/leptokariarealestate.gr\/sr\/#website\",\"url\":\"https:\/\/leptokariarealestate.gr\/sr\/\",\"name\":\"Leptokaria Real Estate\",\"description\":\"\",\"publisher\":{\"@id\":\"https:\/\/leptokariarealestate.gr\/sr\/#organization\"},\"potentialAction\":[{\"@type\":\"SearchAction\",\"target\":{\"@type\":\"EntryPoint\",\"urlTemplate\":\"https:\/\/leptokariarealestate.gr\/sr\/?s={search_term_string}\"},\"query-input\":\"required name=search_term_string\"}],\"inLanguage\":\"sr-RS\"},{\"@type\":\"Organization\",\"@id\":\"https:\/\/leptokariarealestate.gr\/sr\/#organization\",\"name\":\"Leptokaria Real Estate\",\"url\":\"https:\/\/leptokariarealestate.gr\/sr\/\",\"logo\":{\"@type\":\"ImageObject\",\"inLanguage\":\"sr-RS\",\"@id\":\"https:\/\/leptokariarealestate.gr\/sr\/#\/schema\/logo\/image\/\",\"url\":\"https:\/\/leptokariarealestate.gr\/wp-content\/uploads\/2024\/03\/Leptokaria-Real-Estate-Logo.svg\",\"contentUrl\":\"https:\/\/leptokariarealestate.gr\/wp-content\/uploads\/2024\/03\/Leptokaria-Real-Estate-Logo.svg\",\"width\":113,\"height\":59,\"caption\":\"Leptokaria Real Estate\"},\"image\":{\"@id\":\"https:\/\/leptokariarealestate.gr\/sr\/#\/schema\/logo\/image\/\"},\"sameAs\":[\"https:\/\/www.facebook.com\/jannis.karakitsios\"]}]}<\/script>\n<!-- \/ Yoast SEO plugin. -->","yoast_head_json":{"title":"NA PRODAJU PORODI\u010cNA KU\u0106A U LEPTOKARIJI, PIERIA - Leptokaria Real Estate","robots":{"index":"index","follow":"follow","max-snippet":"max-snippet:-1","max-image-preview":"max-image-preview:large","max-video-preview":"max-video-preview:-1"},"canonical":"https:\/\/leptokariarealestate.gr\/sr\/\u043f\u0440\u043e\u0438\u0437\u0432\u043e\u0434\/na-prodaju-porodicna-kuca-u-leptokariji-pieria\/","og_locale":"sr_RS","og_type":"article","og_title":"NA PRODAJU PORODI\u010cNA KU\u0106A U LEPTOKARIJI, PIERIA - Leptokaria Real Estate","og_description":"NA PRODAJU PORODI\u010cNA KU\u0106A U LEPTOKARIJI, PIERIA Na samo 300 m od mora, prodaje se porodi\u010dna ku\u0107a sa tri nivoa (prizemlje, sprat i potkrovlje), na placu od 800 m\u00b2 sa prostranim dvori\u0161tem. Detaljan opis Prizemlje (35 m\u00b2 neto): potpuno name\u0161teno i opremljeno svim elektri\u010dnim ure\u0111ajima, pogodno kao zaseban apartman za goste ili pomo\u0107ni prostor.   Prvi sprat (75 m\u00b2 neto): potpuno name\u0161teno i opremljeno svim elektri\u010dnim ure\u0111ajima, u odli\u010dnom stanju, sa kaminom u dnevnoj sobi. Potkrovlje (75 m\u00b2 neto): nedovr\u0161eno, sa mogu\u0107no\u0161\u0107u ure\u0111enja po potrebama novog vlasnika (npr. dodatne sobe, kancelarija, apartman za goste). Lokacija \u2013 Prednosti Mirna i povoljna lokacija, samo nekoliko minuta hoda do pla\u017ee.   U blizini prodavnica, restorana, kafi\u0107a i svih potrebnih sadr\u017eaja.   Laka povezanost sa glavnim saobra\u0107ajnicama i obli\u017enjim gradovima (Litohoro, Katerini, Platamonas, Solun). \ud83d\udcb0 Cena: 160.000 \u20ac Potpuno name\u0161teno i opremljeno svim elektri\u010dnim ure\u0111ajima Pogodno za stalni boravak ili vikendicu Odli\u010dna investiciona prilika sa mogu\u0107no\u0161\u0107u izdavanja 69 32 64 83 78","og_url":"https:\/\/leptokariarealestate.gr\/sr\/\u043f\u0440\u043e\u0438\u0437\u0432\u043e\u0434\/na-prodaju-porodicna-kuca-u-leptokariji-pieria\/","og_site_name":"Leptokaria Real Estate","article_publisher":"https:\/\/www.facebook.com\/jannis.karakitsios","og_image":[{"width":1600,"height":1200,"url":"https:\/\/leptokariarealestate.gr\/wp-content\/uploads\/2025\/10\/viber_image_2025-09-25_18-55-53-848.jpg","type":"image\/jpeg"}],"twitter_card":"summary_large_image","twitter_misc":{"\u041f\u0440\u043e\u0446\u0435\u045a\u0435\u043d\u043e \u0432\u0440\u0435\u043c\u0435 \u0447\u0438\u0442\u0430\u045a\u0430":"1 \u043c\u0438\u043d\u0443\u0442"},"schema":{"@context":"https:\/\/schema.org","@graph":[{"@type":"WebPage","@id":"https:\/\/leptokariarealestate.gr\/sr\/\u043f\u0440\u043e\u0438\u0437\u0432\u043e\u0434\/na-prodaju-porodicna-kuca-u-leptokariji-pieria\/","url":"https:\/\/leptokariarealestate.gr\/sr\/\u043f\u0440\u043e\u0438\u0437\u0432\u043e\u0434\/na-prodaju-porodicna-kuca-u-leptokariji-pieria\/","name":"NA PRODAJU PORODI\u010cNA KU\u0106A U LEPTOKARIJI, PIERIA - Leptokaria Real Estate","isPartOf":{"@id":"https:\/\/leptokariarealestate.gr\/sr\/#website"},"primaryImageOfPage":{"@id":"https:\/\/leptokariarealestate.gr\/sr\/\u043f\u0440\u043e\u0438\u0437\u0432\u043e\u0434\/na-prodaju-porodicna-kuca-u-leptokariji-pieria\/#primaryimage"},"image":{"@id":"https:\/\/leptokariarealestate.gr\/sr\/\u043f\u0440\u043e\u0438\u0437\u0432\u043e\u0434\/na-prodaju-porodicna-kuca-u-leptokariji-pieria\/#primaryimage"},"thumbnailUrl":"https:\/\/leptokariarealestate.gr\/wp-content\/uploads\/2025\/10\/viber_image_2025-09-25_18-55-53-848.jpg","datePublished":"2025-10-02T10:24:27+00:00","dateModified":"2025-10-02T10:24:27+00:00","breadcrumb":{"@id":"https:\/\/leptokariarealestate.gr\/sr\/\u043f\u0440\u043e\u0438\u0437\u0432\u043e\u0434\/na-prodaju-porodicna-kuca-u-leptokariji-pieria\/#breadcrumb"},"inLanguage":"sr-RS","potentialAction":[{"@type":"ReadAction","target":["https:\/\/leptokariarealestate.gr\/sr\/\u043f\u0440\u043e\u0438\u0437\u0432\u043e\u0434\/na-prodaju-porodicna-kuca-u-leptokariji-pieria\/"]}]},{"@type":"ImageObject","inLanguage":"sr-RS","@id":"https:\/\/leptokariarealestate.gr\/sr\/\u043f\u0440\u043e\u0438\u0437\u0432\u043e\u0434\/na-prodaju-porodicna-kuca-u-leptokariji-pieria\/#primaryimage","url":"https:\/\/leptokariarealestate.gr\/wp-content\/uploads\/2025\/10\/viber_image_2025-09-25_18-55-53-848.jpg","contentUrl":"https:\/\/leptokariarealestate.gr\/wp-content\/uploads\/2025\/10\/viber_image_2025-09-25_18-55-53-848.jpg","width":1600,"height":1200},{"@type":"BreadcrumbList","@id":"https:\/\/leptokariarealestate.gr\/sr\/\u043f\u0440\u043e\u0438\u0437\u0432\u043e\u0434\/na-prodaju-porodicna-kuca-u-leptokariji-pieria\/#breadcrumb","itemListElement":[{"@type":"ListItem","position":1,"name":"\u041d\u0435\u043a\u0440\u0435\u0442\u043d\u0438\u043d\u0435","item":"https:\/\/leptokariarealestate.gr\/sr\/%d0%bd%d0%b5%d0%ba%d1%80%d0%b5%d1%82%d0%bd%d0%b8%d0%bd%d0%b5\/"},{"@type":"ListItem","position":2,"name":"NA PRODAJU PORODI\u010cNA KU\u0106A U LEPTOKARIJI, PIERIA"}]},{"@type":"WebSite","@id":"https:\/\/leptokariarealestate.gr\/sr\/#website","url":"https:\/\/leptokariarealestate.gr\/sr\/","name":"Leptokaria Real Estate","description":"","publisher":{"@id":"https:\/\/leptokariarealestate.gr\/sr\/#organization"},"potentialAction":[{"@type":"SearchAction","target":{"@type":"EntryPoint","urlTemplate":"https:\/\/leptokariarealestate.gr\/sr\/?s={search_term_string}"},"query-input":"required name=search_term_string"}],"inLanguage":"sr-RS"},{"@type":"Organization","@id":"https:\/\/leptokariarealestate.gr\/sr\/#organization","name":"Leptokaria Real Estate","url":"https:\/\/leptokariarealestate.gr\/sr\/","logo":{"@type":"ImageObject","inLanguage":"sr-RS","@id":"https:\/\/leptokariarealestate.gr\/sr\/#\/schema\/logo\/image\/","url":"https:\/\/leptokariarealestate.gr\/wp-content\/uploads\/2024\/03\/Leptokaria-Real-Estate-Logo.svg","contentUrl":"https:\/\/leptokariarealestate.gr\/wp-content\/uploads\/2024\/03\/Leptokaria-Real-Estate-Logo.svg","width":113,"height":59,"caption":"Leptokaria Real Estate"},"image":{"@id":"https:\/\/leptokariarealestate.gr\/sr\/#\/schema\/logo\/image\/"},"sameAs":["https:\/\/www.facebook.com\/jannis.karakitsios"]}]}},"_links":{"self":[{"href":"https:\/\/leptokariarealestate.gr\/sr\/wp-json\/wp\/v2\/product\/2093"}],"collection":[{"href":"https:\/\/leptokariarealestate.gr\/sr\/wp-json\/wp\/v2\/product"}],"about":[{"href":"https:\/\/leptokariarealestate.gr\/sr\/wp-json\/wp\/v2\/types\/product"}],"wp:featuredmedia":[{"embeddable":true,"href":"https:\/\/leptokariarealestate.gr\/sr\/wp-json\/wp\/v2\/media\/2069"}],"wp:attachment":[{"href":"https:\/\/leptokariarealestate.gr\/sr\/wp-json\/wp\/v2\/media?parent=2093"}],"wp:term":[{"taxonomy":"product_cat","embeddable":true,"href":"https:\/\/leptokariarealestate.gr\/sr\/wp-json\/wp\/v2\/product_cat?post=2093"},{"taxonomy":"product_tag","embeddable":true,"href":"https:\/\/leptokariarealestate.gr\/sr\/wp-json\/wp\/v2\/product_tag?post=2093"}],"curies":[{"name":"wp","href":"https:\/\/api.w.org\/{rel}","templated":true}]}}