{"id":2066,"date":"2025-10-02T11:58:52","date_gmt":"2025-10-02T08:58:52","guid":{"rendered":"https:\/\/leptokariarealestate.gr\/product\/na-prodaju-stan-u-plaki-litohoru-pieria\/"},"modified":"2025-10-02T11:58:52","modified_gmt":"2025-10-02T08:58:52","slug":"na-prodaju-stan-u-plaki-litohoru-pieria","status":"publish","type":"product","link":"https:\/\/leptokariarealestate.gr\/sr\/\u043f\u0440\u043e\u0438\u0437\u0432\u043e\u0434\/na-prodaju-stan-u-plaki-litohoru-pieria\/","title":{"rendered":"NA PRODAJU STAN U PLAKI LITOHORU, PIERIA"},"content":{"rendered":"<p>NA PRODAJU STAN U PLAKI LITOHORU, PIERIA<br \/>\nPotpuno name\u0161ten i opremljen stan 30 m\u00b2 neto povr\u0161ine, na 3. spratu, udaljen samo 300 m od pe\u0161\u010danih pla\u017ea.<br \/>\n\ud83d\udd39 Karakteristike :<br \/>\n-Velike terase sa jedinstvenim pogledom na more i planinu<br \/>\n-Sve elektri\u010dne ure\u0111aje i moderan name\u0161taj<br \/>\n-Odli\u010dna stanje \u2013 spreman za useljenje ili izdavanje<br \/>\nLokacija \u2013 Prednosti<br \/>\nNa povoljnoj lokaciji u Plaki Litohoru<br \/>\n-Blizu organizovanih pla\u017ea, prodavnica, restorana i kafi\u0107a<br \/>\n-Brz pristup glavnim saobra\u0107ajnim \u010dvori\u0161tima<br \/>\n-Nekoliko minuta od Olimpa, Litohora, Platamona i Katerinija<br \/>\n Cena: 85.000 \u20ac<br \/>\n Idealno kao stalno ili vikend stanovanje<br \/>\n Odli\u010dna investiciona prilika, spremno za izdavanje (dugoro\u010dno ili kratkoro\u010dno).<br \/>0030 69 32 64 83 78<br \/>\n69 32 64 83 78  <\/p>\n","protected":false},"excerpt":{"rendered":"<p>NA PRODAJU STAN U PLAKI LITOHORU, PIERIA<br \/>\nPotpuno name\u0161ten i opremljen stan 30 m\u00b2 neto povr\u0161ine, na 3. spratu, udaljen samo 300 m od pe\u0161\u010danih pla\u017ea.<br \/>\n\ud83d\udd39 Karakteristike :<br \/>\n-Velike terase sa jedinstvenim pogledom na more i planinu<br \/>\n-Sve elektri\u010dne ure\u0111aje i moderan name\u0161taj<br \/>\n-Odli\u010dna stanje \u2013 spreman za useljenje ili izdavanje<br \/>\nLokacija \u2013 Prednosti<br \/>\nNa povoljnoj lokaciji u Plaki Litohoru<br \/>\n-Blizu organizovanih pla\u017ea, prodavnica, restorana i kafi\u0107a<br \/>\n-Brz pristup glavnim saobra\u0107ajnim \u010dvori\u0161tima<br \/>\n-Nekoliko minuta od Olimpa, Litohora, Platamona i Katerinija<br \/>\nCena: 85.000 \u20ac<br \/>\nIdealno kao stalno ili vikend stanovanje<br \/>\nOdli\u010dna investiciona prilika, spremno za izdavanje (dugoro\u010dno ili kratkoro\u010dno).<br \/>0030 69 32 64 83 78<br \/>\n69 32 64 83 78  <\/p>\n","protected":false},"featured_media":2054,"template":"","meta":[],"product_cat":[75,87],"product_tag":[],"yoast_head":"<!-- This site is optimized with the Yoast SEO plugin v22.8 - https:\/\/yoast.com\/wordpress\/plugins\/seo\/ -->\n<title>NA PRODAJU STAN U PLAKI LITOHORU, PIERIA - Leptokaria Real Estate<\/title>\n<meta name=\"robots\" content=\"index, follow, max-snippet:-1, max-image-preview:large, max-video-preview:-1\" \/>\n<link rel=\"canonical\" href=\"https:\/\/leptokariarealestate.gr\/sr\/\u043f\u0440\u043e\u0438\u0437\u0432\u043e\u0434\/na-prodaju-stan-u-plaki-litohoru-pieria\/\" \/>\n<meta property=\"og:locale\" content=\"sr_RS\" \/>\n<meta property=\"og:type\" content=\"article\" \/>\n<meta property=\"og:title\" content=\"NA PRODAJU STAN U PLAKI LITOHORU, PIERIA - Leptokaria Real Estate\" \/>\n<meta property=\"og:description\" content=\"NA PRODAJU STAN U PLAKI LITOHORU, PIERIA Potpuno name\u0161ten i opremljen stan 30 m\u00b2 neto povr\u0161ine, na 3. spratu, udaljen samo 300 m od pe\u0161\u010danih pla\u017ea. \ud83d\udd39 Karakteristike : -Velike terase sa jedinstvenim pogledom na more i planinu -Sve elektri\u010dne ure\u0111aje i moderan name\u0161taj -Odli\u010dna stanje \u2013 spreman za useljenje ili izdavanje Lokacija \u2013 Prednosti Na povoljnoj lokaciji u Plaki Litohoru -Blizu organizovanih pla\u017ea, prodavnica, restorana i kafi\u0107a -Brz pristup glavnim saobra\u0107ajnim \u010dvori\u0161tima -Nekoliko minuta od Olimpa, Litohora, Platamona i Katerinija Cena: 85.000 \u20ac Idealno kao stalno ili vikend stanovanje Odli\u010dna investiciona prilika, spremno za izdavanje (dugoro\u010dno ili kratkoro\u010dno).0030 69 32 64 83 78 69 32 64 83 78\" \/>\n<meta property=\"og:url\" content=\"https:\/\/leptokariarealestate.gr\/sr\/\u043f\u0440\u043e\u0438\u0437\u0432\u043e\u0434\/na-prodaju-stan-u-plaki-litohoru-pieria\/\" \/>\n<meta property=\"og:site_name\" content=\"Leptokaria Real Estate\" \/>\n<meta property=\"article:publisher\" content=\"https:\/\/www.facebook.com\/jannis.karakitsios\" \/>\n<meta property=\"og:image\" content=\"https:\/\/leptokariarealestate.gr\/wp-content\/uploads\/2025\/10\/viber_image_2025-10-02_11-06-17-230.jpg\" \/>\n\t<meta property=\"og:image:width\" content=\"1600\" \/>\n\t<meta property=\"og:image:height\" content=\"1200\" \/>\n\t<meta property=\"og:image:type\" content=\"image\/jpeg\" \/>\n<meta name=\"twitter:card\" content=\"summary_large_image\" \/>\n<meta name=\"twitter:label1\" content=\"\u041f\u0440\u043e\u0446\u0435\u045a\u0435\u043d\u043e \u0432\u0440\u0435\u043c\u0435 \u0447\u0438\u0442\u0430\u045a\u0430\" \/>\n\t<meta name=\"twitter:data1\" content=\"1 \u043c\u0438\u043d\u0443\u0442\" \/>\n<script type=\"application\/ld+json\" class=\"yoast-schema-graph\">{\"@context\":\"https:\/\/schema.org\",\"@graph\":[{\"@type\":\"WebPage\",\"@id\":\"https:\/\/leptokariarealestate.gr\/sr\/\u043f\u0440\u043e\u0438\u0437\u0432\u043e\u0434\/na-prodaju-stan-u-plaki-litohoru-pieria\/\",\"url\":\"https:\/\/leptokariarealestate.gr\/sr\/\u043f\u0440\u043e\u0438\u0437\u0432\u043e\u0434\/na-prodaju-stan-u-plaki-litohoru-pieria\/\",\"name\":\"NA PRODAJU STAN U PLAKI LITOHORU, PIERIA - Leptokaria Real Estate\",\"isPartOf\":{\"@id\":\"https:\/\/leptokariarealestate.gr\/sr\/#website\"},\"primaryImageOfPage\":{\"@id\":\"https:\/\/leptokariarealestate.gr\/sr\/\u043f\u0440\u043e\u0438\u0437\u0432\u043e\u0434\/na-prodaju-stan-u-plaki-litohoru-pieria\/#primaryimage\"},\"image\":{\"@id\":\"https:\/\/leptokariarealestate.gr\/sr\/\u043f\u0440\u043e\u0438\u0437\u0432\u043e\u0434\/na-prodaju-stan-u-plaki-litohoru-pieria\/#primaryimage\"},\"thumbnailUrl\":\"https:\/\/leptokariarealestate.gr\/wp-content\/uploads\/2025\/10\/viber_image_2025-10-02_11-06-17-230.jpg\",\"datePublished\":\"2025-10-02T08:58:52+00:00\",\"dateModified\":\"2025-10-02T08:58:52+00:00\",\"breadcrumb\":{\"@id\":\"https:\/\/leptokariarealestate.gr\/sr\/\u043f\u0440\u043e\u0438\u0437\u0432\u043e\u0434\/na-prodaju-stan-u-plaki-litohoru-pieria\/#breadcrumb\"},\"inLanguage\":\"sr-RS\",\"potentialAction\":[{\"@type\":\"ReadAction\",\"target\":[\"https:\/\/leptokariarealestate.gr\/sr\/\u043f\u0440\u043e\u0438\u0437\u0432\u043e\u0434\/na-prodaju-stan-u-plaki-litohoru-pieria\/\"]}]},{\"@type\":\"ImageObject\",\"inLanguage\":\"sr-RS\",\"@id\":\"https:\/\/leptokariarealestate.gr\/sr\/\u043f\u0440\u043e\u0438\u0437\u0432\u043e\u0434\/na-prodaju-stan-u-plaki-litohoru-pieria\/#primaryimage\",\"url\":\"https:\/\/leptokariarealestate.gr\/wp-content\/uploads\/2025\/10\/viber_image_2025-10-02_11-06-17-230.jpg\",\"contentUrl\":\"https:\/\/leptokariarealestate.gr\/wp-content\/uploads\/2025\/10\/viber_image_2025-10-02_11-06-17-230.jpg\",\"width\":1600,\"height\":1200},{\"@type\":\"BreadcrumbList\",\"@id\":\"https:\/\/leptokariarealestate.gr\/sr\/\u043f\u0440\u043e\u0438\u0437\u0432\u043e\u0434\/na-prodaju-stan-u-plaki-litohoru-pieria\/#breadcrumb\",\"itemListElement\":[{\"@type\":\"ListItem\",\"position\":1,\"name\":\"\u041d\u0435\u043a\u0440\u0435\u0442\u043d\u0438\u043d\u0435\",\"item\":\"https:\/\/leptokariarealestate.gr\/sr\/%d0%bd%d0%b5%d0%ba%d1%80%d0%b5%d1%82%d0%bd%d0%b8%d0%bd%d0%b5\/\"},{\"@type\":\"ListItem\",\"position\":2,\"name\":\"NA PRODAJU STAN U PLAKI LITOHORU, PIERIA\"}]},{\"@type\":\"WebSite\",\"@id\":\"https:\/\/leptokariarealestate.gr\/sr\/#website\",\"url\":\"https:\/\/leptokariarealestate.gr\/sr\/\",\"name\":\"Leptokaria Real Estate\",\"description\":\"\",\"publisher\":{\"@id\":\"https:\/\/leptokariarealestate.gr\/sr\/#organization\"},\"potentialAction\":[{\"@type\":\"SearchAction\",\"target\":{\"@type\":\"EntryPoint\",\"urlTemplate\":\"https:\/\/leptokariarealestate.gr\/sr\/?s={search_term_string}\"},\"query-input\":\"required name=search_term_string\"}],\"inLanguage\":\"sr-RS\"},{\"@type\":\"Organization\",\"@id\":\"https:\/\/leptokariarealestate.gr\/sr\/#organization\",\"name\":\"Leptokaria Real Estate\",\"url\":\"https:\/\/leptokariarealestate.gr\/sr\/\",\"logo\":{\"@type\":\"ImageObject\",\"inLanguage\":\"sr-RS\",\"@id\":\"https:\/\/leptokariarealestate.gr\/sr\/#\/schema\/logo\/image\/\",\"url\":\"https:\/\/leptokariarealestate.gr\/wp-content\/uploads\/2024\/03\/Leptokaria-Real-Estate-Logo.svg\",\"contentUrl\":\"https:\/\/leptokariarealestate.gr\/wp-content\/uploads\/2024\/03\/Leptokaria-Real-Estate-Logo.svg\",\"width\":113,\"height\":59,\"caption\":\"Leptokaria Real Estate\"},\"image\":{\"@id\":\"https:\/\/leptokariarealestate.gr\/sr\/#\/schema\/logo\/image\/\"},\"sameAs\":[\"https:\/\/www.facebook.com\/jannis.karakitsios\"]}]}<\/script>\n<!-- \/ Yoast SEO plugin. -->","yoast_head_json":{"title":"NA PRODAJU STAN U PLAKI LITOHORU, PIERIA - Leptokaria Real Estate","robots":{"index":"index","follow":"follow","max-snippet":"max-snippet:-1","max-image-preview":"max-image-preview:large","max-video-preview":"max-video-preview:-1"},"canonical":"https:\/\/leptokariarealestate.gr\/sr\/\u043f\u0440\u043e\u0438\u0437\u0432\u043e\u0434\/na-prodaju-stan-u-plaki-litohoru-pieria\/","og_locale":"sr_RS","og_type":"article","og_title":"NA PRODAJU STAN U PLAKI LITOHORU, PIERIA - Leptokaria Real Estate","og_description":"NA PRODAJU STAN U PLAKI LITOHORU, PIERIA Potpuno name\u0161ten i opremljen stan 30 m\u00b2 neto povr\u0161ine, na 3. spratu, udaljen samo 300 m od pe\u0161\u010danih pla\u017ea. \ud83d\udd39 Karakteristike : -Velike terase sa jedinstvenim pogledom na more i planinu -Sve elektri\u010dne ure\u0111aje i moderan name\u0161taj -Odli\u010dna stanje \u2013 spreman za useljenje ili izdavanje Lokacija \u2013 Prednosti Na povoljnoj lokaciji u Plaki Litohoru -Blizu organizovanih pla\u017ea, prodavnica, restorana i kafi\u0107a -Brz pristup glavnim saobra\u0107ajnim \u010dvori\u0161tima -Nekoliko minuta od Olimpa, Litohora, Platamona i Katerinija Cena: 85.000 \u20ac Idealno kao stalno ili vikend stanovanje Odli\u010dna investiciona prilika, spremno za izdavanje (dugoro\u010dno ili kratkoro\u010dno).0030 69 32 64 83 78 69 32 64 83 78","og_url":"https:\/\/leptokariarealestate.gr\/sr\/\u043f\u0440\u043e\u0438\u0437\u0432\u043e\u0434\/na-prodaju-stan-u-plaki-litohoru-pieria\/","og_site_name":"Leptokaria Real Estate","article_publisher":"https:\/\/www.facebook.com\/jannis.karakitsios","og_image":[{"width":1600,"height":1200,"url":"https:\/\/leptokariarealestate.gr\/wp-content\/uploads\/2025\/10\/viber_image_2025-10-02_11-06-17-230.jpg","type":"image\/jpeg"}],"twitter_card":"summary_large_image","twitter_misc":{"\u041f\u0440\u043e\u0446\u0435\u045a\u0435\u043d\u043e \u0432\u0440\u0435\u043c\u0435 \u0447\u0438\u0442\u0430\u045a\u0430":"1 \u043c\u0438\u043d\u0443\u0442"},"schema":{"@context":"https:\/\/schema.org","@graph":[{"@type":"WebPage","@id":"https:\/\/leptokariarealestate.gr\/sr\/\u043f\u0440\u043e\u0438\u0437\u0432\u043e\u0434\/na-prodaju-stan-u-plaki-litohoru-pieria\/","url":"https:\/\/leptokariarealestate.gr\/sr\/\u043f\u0440\u043e\u0438\u0437\u0432\u043e\u0434\/na-prodaju-stan-u-plaki-litohoru-pieria\/","name":"NA PRODAJU STAN U PLAKI LITOHORU, PIERIA - Leptokaria Real Estate","isPartOf":{"@id":"https:\/\/leptokariarealestate.gr\/sr\/#website"},"primaryImageOfPage":{"@id":"https:\/\/leptokariarealestate.gr\/sr\/\u043f\u0440\u043e\u0438\u0437\u0432\u043e\u0434\/na-prodaju-stan-u-plaki-litohoru-pieria\/#primaryimage"},"image":{"@id":"https:\/\/leptokariarealestate.gr\/sr\/\u043f\u0440\u043e\u0438\u0437\u0432\u043e\u0434\/na-prodaju-stan-u-plaki-litohoru-pieria\/#primaryimage"},"thumbnailUrl":"https:\/\/leptokariarealestate.gr\/wp-content\/uploads\/2025\/10\/viber_image_2025-10-02_11-06-17-230.jpg","datePublished":"2025-10-02T08:58:52+00:00","dateModified":"2025-10-02T08:58:52+00:00","breadcrumb":{"@id":"https:\/\/leptokariarealestate.gr\/sr\/\u043f\u0440\u043e\u0438\u0437\u0432\u043e\u0434\/na-prodaju-stan-u-plaki-litohoru-pieria\/#breadcrumb"},"inLanguage":"sr-RS","potentialAction":[{"@type":"ReadAction","target":["https:\/\/leptokariarealestate.gr\/sr\/\u043f\u0440\u043e\u0438\u0437\u0432\u043e\u0434\/na-prodaju-stan-u-plaki-litohoru-pieria\/"]}]},{"@type":"ImageObject","inLanguage":"sr-RS","@id":"https:\/\/leptokariarealestate.gr\/sr\/\u043f\u0440\u043e\u0438\u0437\u0432\u043e\u0434\/na-prodaju-stan-u-plaki-litohoru-pieria\/#primaryimage","url":"https:\/\/leptokariarealestate.gr\/wp-content\/uploads\/2025\/10\/viber_image_2025-10-02_11-06-17-230.jpg","contentUrl":"https:\/\/leptokariarealestate.gr\/wp-content\/uploads\/2025\/10\/viber_image_2025-10-02_11-06-17-230.jpg","width":1600,"height":1200},{"@type":"BreadcrumbList","@id":"https:\/\/leptokariarealestate.gr\/sr\/\u043f\u0440\u043e\u0438\u0437\u0432\u043e\u0434\/na-prodaju-stan-u-plaki-litohoru-pieria\/#breadcrumb","itemListElement":[{"@type":"ListItem","position":1,"name":"\u041d\u0435\u043a\u0440\u0435\u0442\u043d\u0438\u043d\u0435","item":"https:\/\/leptokariarealestate.gr\/sr\/%d0%bd%d0%b5%d0%ba%d1%80%d0%b5%d1%82%d0%bd%d0%b8%d0%bd%d0%b5\/"},{"@type":"ListItem","position":2,"name":"NA PRODAJU STAN U PLAKI LITOHORU, PIERIA"}]},{"@type":"WebSite","@id":"https:\/\/leptokariarealestate.gr\/sr\/#website","url":"https:\/\/leptokariarealestate.gr\/sr\/","name":"Leptokaria Real Estate","description":"","publisher":{"@id":"https:\/\/leptokariarealestate.gr\/sr\/#organization"},"potentialAction":[{"@type":"SearchAction","target":{"@type":"EntryPoint","urlTemplate":"https:\/\/leptokariarealestate.gr\/sr\/?s={search_term_string}"},"query-input":"required name=search_term_string"}],"inLanguage":"sr-RS"},{"@type":"Organization","@id":"https:\/\/leptokariarealestate.gr\/sr\/#organization","name":"Leptokaria Real Estate","url":"https:\/\/leptokariarealestate.gr\/sr\/","logo":{"@type":"ImageObject","inLanguage":"sr-RS","@id":"https:\/\/leptokariarealestate.gr\/sr\/#\/schema\/logo\/image\/","url":"https:\/\/leptokariarealestate.gr\/wp-content\/uploads\/2024\/03\/Leptokaria-Real-Estate-Logo.svg","contentUrl":"https:\/\/leptokariarealestate.gr\/wp-content\/uploads\/2024\/03\/Leptokaria-Real-Estate-Logo.svg","width":113,"height":59,"caption":"Leptokaria Real Estate"},"image":{"@id":"https:\/\/leptokariarealestate.gr\/sr\/#\/schema\/logo\/image\/"},"sameAs":["https:\/\/www.facebook.com\/jannis.karakitsios"]}]}},"_links":{"self":[{"href":"https:\/\/leptokariarealestate.gr\/sr\/wp-json\/wp\/v2\/product\/2066"}],"collection":[{"href":"https:\/\/leptokariarealestate.gr\/sr\/wp-json\/wp\/v2\/product"}],"about":[{"href":"https:\/\/leptokariarealestate.gr\/sr\/wp-json\/wp\/v2\/types\/product"}],"wp:featuredmedia":[{"embeddable":true,"href":"https:\/\/leptokariarealestate.gr\/sr\/wp-json\/wp\/v2\/media\/2054"}],"wp:attachment":[{"href":"https:\/\/leptokariarealestate.gr\/sr\/wp-json\/wp\/v2\/media?parent=2066"}],"wp:term":[{"taxonomy":"product_cat","embeddable":true,"href":"https:\/\/leptokariarealestate.gr\/sr\/wp-json\/wp\/v2\/product_cat?post=2066"},{"taxonomy":"product_tag","embeddable":true,"href":"https:\/\/leptokariarealestate.gr\/sr\/wp-json\/wp\/v2\/product_tag?post=2066"}],"curies":[{"name":"wp","href":"https:\/\/api.w.org\/{rel}","templated":true}]}}