{"id":2005,"date":"2025-08-01T12:26:43","date_gmt":"2025-08-01T09:26:43","guid":{"rendered":"https:\/\/leptokariarealestate.gr\/product\/%f0%9f%8f%a1-na-prodaju-nov-luksuzan-stan-leptokarija-pierija\/"},"modified":"2025-08-01T12:26:43","modified_gmt":"2025-08-01T09:26:43","slug":"%f0%9f%8f%a1-na-prodaju-nov-luksuzan-stan-leptokarija-pierija","status":"publish","type":"product","link":"https:\/\/leptokariarealestate.gr\/sr\/\u043f\u0440\u043e\u0438\u0437\u0432\u043e\u0434\/%f0%9f%8f%a1-na-prodaju-nov-luksuzan-stan-leptokarija-pierija\/","title":{"rendered":"\ud83c\udfe1 NA PRODAJU NOV LUKSUZAN STAN \u2013 LEPTOKARIJA, PIERIJA"},"content":{"rendered":"<p>\ud83c\udfe1 NA PRODAJU NOV LUKSUZAN STAN \u2013 LEPTOKARIJA, PIERIJA<\/p>\n<p>Novogradnja | Potpuno Name\u0161ten i opremljen svim elektronskim uredjajima | 61 m\u00b2 | Panoramski pogled na Egejsko more i planinu Olimp | 140.000 \u20ac<\/p>\n<p>\ud83d\udd38 Op\u0161te karakteristike:<br \/>\n\u2714 Povr\u0161ina: 61 m\u00b2<br \/>\n\u2714 Sprat: Povi\u0161eno prizemlje \/ Polusprat<br \/>\n\u2714 Veoma prostrane terase sa panoramskim pogledom na planinu i more<br \/>\n\u2714 Zgrada: novogradnja<br \/>\n\u2714 Potpuno name\u0161ten i opremljen \u2013 spreman za useljenje ili izdavanje<br \/>\n\u2714 Cena: 140.000 \u20ac<\/p>\n<p>\ud83d\udd38 Raspored i enterijer:<br \/>\n\u2022 Prostran i svetao dnevni boravak u otvorenom konceptu sa kuhinjom<br \/>\n\u2022 2 komforne spava\u0107e sobe sa modernim dizajnom<br \/>\n\u2022 Elegantno, funkcionalno kupatilo<br \/>\n\u2022 Moderna estetika i pa\u017eljivo birane boje u enterijeru<\/p>\n<p>\ud83d\udd38 Oprema i pogodnosti:<br \/>\n\u2022 Elektri\u010dni \u0161poret, rerna, fri\u017eider, ve\u0161 ma\u0161ina<br \/>\n\u2022 Bojler, video-interfon sa kamerom<br \/>\n\u2022 2 klima ure\u0111aja (dnevna soba i glavna spava\u0107a soba)<br \/>\n\u2022 Plafonski ventilator sa svetlom u drugoj spava\u0107oj sobi<br \/>\n\u2022 Sav name\u0161taj i ure\u0111aji su uklju\u010deni u cenu<\/p>\n<p>\ud83d\udd38 Lokacija \u2013 prednosti:<br \/>\n\ud83d\udccd Na samo 100 m od centra Leptokarije<br \/>\n\ud83d\udccd Na 300 m od pla\u017ee<br \/>\n\ud83d\udccd Mirna i pogodna lokacija, blizu prodavnica, kafi\u0107a, restorana i prevoza<br \/>\n\ud83d\udccd Idealno za porodi\u010dni \u017eivot ili investiciju za izdavanje<\/p>\n<p>\ud83d\udcbc Izuzetna prilika za parove, porodice ili investitore koji tra\u017ee kvalitetan stan spreman za kori\u0161\u0107enje, na odli\u010dnoj lokaciji u Leptokariji.<\/p>\n<p>\ud83d\udcde Kontaktirajte nas za vi\u0161e informacija ili za zakazivanje obilaska.<br \/>0030 69 32 64 83 78<\/p>\n<p>69 32 64 83 78<\/p>\n","protected":false},"excerpt":{"rendered":"<p>\ud83c\udfe1 NA PRODAJU NOV LUKSUZAN STAN \u2013 LEPTOKARIJA, PIERIJA<\/p>\n<p>Novogradnja | Potpuno Name\u0161ten i opremljen svim elektronskim uredjajima | 61 m\u00b2 | Panoramski pogled na Egejsko more i planinu Olimp | 140.000 \u20ac<\/p>\n<p>\ud83d\udd38 Op\u0161te karakteristike:<br \/>\n\u2714 Povr\u0161ina: 61 m\u00b2<br \/>\n\u2714 Sprat: Povi\u0161eno prizemlje \/ Polusprat<br \/>\n\u2714 Veoma prostrane terase sa panoramskim pogledom na planinu i more<br \/>\n\u2714 Zgrada: novogradnja<br \/>\n\u2714 Potpuno name\u0161ten i opremljen \u2013 spreman za useljenje ili izdavanje<br \/>\n\u2714 Cena: 140.000 \u20ac<\/p>\n<p>\ud83d\udd38 Raspored i enterijer:<br \/>\n\u2022 Prostran i svetao dnevni boravak u otvorenom konceptu sa kuhinjom<br \/>\n\u2022 2 komforne spava\u0107e sobe sa modernim dizajnom<br \/>\n\u2022 Elegantno, funkcionalno kupatilo<br \/>\n\u2022 Moderna estetika i pa\u017eljivo birane boje u enterijeru<\/p>\n<p>\ud83d\udd38 Oprema i pogodnosti:<br \/>\n\u2022 Elektri\u010dni \u0161poret, rerna, fri\u017eider, ve\u0161 ma\u0161ina<br \/>\n\u2022 Bojler, video-interfon sa kamerom<br \/>\n\u2022 2 klima ure\u0111aja (dnevna soba i glavna spava\u0107a soba)<br \/>\n\u2022 Plafonski ventilator sa svetlom u drugoj spava\u0107oj sobi<br \/>\n\u2022 Sav name\u0161taj i ure\u0111aji su uklju\u010deni u cenu<\/p>\n<p>\ud83d\udd38 Lokacija \u2013 prednosti:<br \/>\n\ud83d\udccd Na samo 100 m od centra Leptokarije<br \/>\n\ud83d\udccd Na 300 m od pla\u017ee<br \/>\n\ud83d\udccd Mirna i pogodna lokacija, blizu prodavnica, kafi\u0107a, restorana i prevoza<br \/>\n\ud83d\udccd Idealno za porodi\u010dni \u017eivot ili investiciju za izdavanje<\/p>\n<p>\ud83d\udcbc Izuzetna prilika za parove, porodice ili investitore koji tra\u017ee kvalitetan stan spreman za kori\u0161\u0107enje, na odli\u010dnoj lokaciji u Leptokariji.<\/p>\n<p>\ud83d\udcde Kontaktirajte nas za vi\u0161e informacija ili za zakazivanje obilaska.<br \/>0030 69 32 64 83 78<\/p>\n<p>69 32 64 83 78<\/p>\n","protected":false},"featured_media":1999,"template":"","meta":[],"product_cat":[75,87],"product_tag":[],"yoast_head":"<!-- This site is optimized with the Yoast SEO plugin v22.8 - https:\/\/yoast.com\/wordpress\/plugins\/seo\/ -->\n<title>\ud83c\udfe1 NA PRODAJU NOV LUKSUZAN STAN \u2013 LEPTOKARIJA, PIERIJA - Leptokaria Real Estate<\/title>\n<meta name=\"robots\" content=\"index, follow, max-snippet:-1, max-image-preview:large, max-video-preview:-1\" \/>\n<link rel=\"canonical\" href=\"https:\/\/leptokariarealestate.gr\/sr\/\u043f\u0440\u043e\u0438\u0437\u0432\u043e\u0434\/%f0%9f%8f%a1-na-prodaju-nov-luksuzan-stan-leptokarija-pierija\/\" \/>\n<meta property=\"og:locale\" content=\"sr_RS\" \/>\n<meta property=\"og:type\" content=\"article\" \/>\n<meta property=\"og:title\" content=\"\ud83c\udfe1 NA PRODAJU NOV LUKSUZAN STAN \u2013 LEPTOKARIJA, PIERIJA - Leptokaria Real Estate\" \/>\n<meta property=\"og:description\" content=\"\ud83c\udfe1 NA PRODAJU NOV LUKSUZAN STAN \u2013 LEPTOKARIJA, PIERIJA Novogradnja | Potpuno Name\u0161ten i opremljen svim elektronskim uredjajima | 61 m\u00b2 | Panoramski pogled na Egejsko more i planinu Olimp | 140.000 \u20ac \ud83d\udd38 Op\u0161te karakteristike: \u2714 Povr\u0161ina: 61 m\u00b2 \u2714 Sprat: Povi\u0161eno prizemlje \/ Polusprat \u2714 Veoma prostrane terase sa panoramskim pogledom na planinu i more \u2714 Zgrada: novogradnja \u2714 Potpuno name\u0161ten i opremljen \u2013 spreman za useljenje ili izdavanje \u2714 Cena: 140.000 \u20ac \ud83d\udd38 Raspored i enterijer: \u2022 Prostran i svetao dnevni boravak u otvorenom konceptu sa kuhinjom \u2022 2 komforne spava\u0107e sobe sa modernim dizajnom \u2022 Elegantno, funkcionalno kupatilo \u2022 Moderna estetika i pa\u017eljivo birane boje u enterijeru \ud83d\udd38 Oprema i pogodnosti: \u2022 Elektri\u010dni \u0161poret, rerna, fri\u017eider, ve\u0161 ma\u0161ina \u2022 Bojler, video-interfon sa kamerom \u2022 2 klima ure\u0111aja (dnevna soba i glavna spava\u0107a soba) \u2022 Plafonski ventilator sa svetlom u drugoj spava\u0107oj sobi \u2022 Sav name\u0161taj i ure\u0111aji su uklju\u010deni u cenu \ud83d\udd38 Lokacija \u2013 prednosti: \ud83d\udccd Na samo 100 m od centra Leptokarije \ud83d\udccd Na 300 m od pla\u017ee \ud83d\udccd Mirna i pogodna lokacija, blizu prodavnica, kafi\u0107a, restorana i prevoza \ud83d\udccd Idealno za porodi\u010dni \u017eivot ili investiciju za izdavanje \ud83d\udcbc Izuzetna prilika za parove, porodice ili investitore koji tra\u017ee kvalitetan stan spreman za kori\u0161\u0107enje, na odli\u010dnoj lokaciji u Leptokariji. \ud83d\udcde Kontaktirajte nas za vi\u0161e informacija ili za zakazivanje obilaska.0030 69 32 64 83 78 69 32 64 83 78\" \/>\n<meta property=\"og:url\" content=\"https:\/\/leptokariarealestate.gr\/sr\/\u043f\u0440\u043e\u0438\u0437\u0432\u043e\u0434\/%f0%9f%8f%a1-na-prodaju-nov-luksuzan-stan-leptokarija-pierija\/\" \/>\n<meta property=\"og:site_name\" content=\"Leptokaria Real Estate\" \/>\n<meta property=\"article:publisher\" content=\"https:\/\/www.facebook.com\/jannis.karakitsios\" \/>\n<meta property=\"og:image\" content=\"https:\/\/leptokariarealestate.gr\/wp-content\/uploads\/2025\/08\/viber_image_2025-07-29_13-29-30-721.jpg\" \/>\n\t<meta property=\"og:image:width\" content=\"1600\" \/>\n\t<meta property=\"og:image:height\" content=\"1200\" \/>\n\t<meta property=\"og:image:type\" content=\"image\/jpeg\" \/>\n<meta name=\"twitter:card\" content=\"summary_large_image\" \/>\n<meta name=\"twitter:label1\" content=\"\u041f\u0440\u043e\u0446\u0435\u045a\u0435\u043d\u043e \u0432\u0440\u0435\u043c\u0435 \u0447\u0438\u0442\u0430\u045a\u0430\" \/>\n\t<meta name=\"twitter:data1\" content=\"1 \u043c\u0438\u043d\u0443\u0442\" \/>\n<script type=\"application\/ld+json\" class=\"yoast-schema-graph\">{\"@context\":\"https:\/\/schema.org\",\"@graph\":[{\"@type\":\"WebPage\",\"@id\":\"https:\/\/leptokariarealestate.gr\/sr\/\u043f\u0440\u043e\u0438\u0437\u0432\u043e\u0434\/%f0%9f%8f%a1-na-prodaju-nov-luksuzan-stan-leptokarija-pierija\/\",\"url\":\"https:\/\/leptokariarealestate.gr\/sr\/\u043f\u0440\u043e\u0438\u0437\u0432\u043e\u0434\/%f0%9f%8f%a1-na-prodaju-nov-luksuzan-stan-leptokarija-pierija\/\",\"name\":\"\ud83c\udfe1 NA PRODAJU NOV LUKSUZAN STAN \u2013 LEPTOKARIJA, PIERIJA - Leptokaria Real Estate\",\"isPartOf\":{\"@id\":\"https:\/\/leptokariarealestate.gr\/sr\/#website\"},\"primaryImageOfPage\":{\"@id\":\"https:\/\/leptokariarealestate.gr\/sr\/\u043f\u0440\u043e\u0438\u0437\u0432\u043e\u0434\/%f0%9f%8f%a1-na-prodaju-nov-luksuzan-stan-leptokarija-pierija\/#primaryimage\"},\"image\":{\"@id\":\"https:\/\/leptokariarealestate.gr\/sr\/\u043f\u0440\u043e\u0438\u0437\u0432\u043e\u0434\/%f0%9f%8f%a1-na-prodaju-nov-luksuzan-stan-leptokarija-pierija\/#primaryimage\"},\"thumbnailUrl\":\"https:\/\/leptokariarealestate.gr\/wp-content\/uploads\/2025\/08\/viber_image_2025-07-29_13-29-30-721.jpg\",\"datePublished\":\"2025-08-01T09:26:43+00:00\",\"dateModified\":\"2025-08-01T09:26:43+00:00\",\"breadcrumb\":{\"@id\":\"https:\/\/leptokariarealestate.gr\/sr\/\u043f\u0440\u043e\u0438\u0437\u0432\u043e\u0434\/%f0%9f%8f%a1-na-prodaju-nov-luksuzan-stan-leptokarija-pierija\/#breadcrumb\"},\"inLanguage\":\"sr-RS\",\"potentialAction\":[{\"@type\":\"ReadAction\",\"target\":[\"https:\/\/leptokariarealestate.gr\/sr\/\u043f\u0440\u043e\u0438\u0437\u0432\u043e\u0434\/%f0%9f%8f%a1-na-prodaju-nov-luksuzan-stan-leptokarija-pierija\/\"]}]},{\"@type\":\"ImageObject\",\"inLanguage\":\"sr-RS\",\"@id\":\"https:\/\/leptokariarealestate.gr\/sr\/\u043f\u0440\u043e\u0438\u0437\u0432\u043e\u0434\/%f0%9f%8f%a1-na-prodaju-nov-luksuzan-stan-leptokarija-pierija\/#primaryimage\",\"url\":\"https:\/\/leptokariarealestate.gr\/wp-content\/uploads\/2025\/08\/viber_image_2025-07-29_13-29-30-721.jpg\",\"contentUrl\":\"https:\/\/leptokariarealestate.gr\/wp-content\/uploads\/2025\/08\/viber_image_2025-07-29_13-29-30-721.jpg\",\"width\":1600,\"height\":1200},{\"@type\":\"BreadcrumbList\",\"@id\":\"https:\/\/leptokariarealestate.gr\/sr\/\u043f\u0440\u043e\u0438\u0437\u0432\u043e\u0434\/%f0%9f%8f%a1-na-prodaju-nov-luksuzan-stan-leptokarija-pierija\/#breadcrumb\",\"itemListElement\":[{\"@type\":\"ListItem\",\"position\":1,\"name\":\"\u041d\u0435\u043a\u0440\u0435\u0442\u043d\u0438\u043d\u0435\",\"item\":\"https:\/\/leptokariarealestate.gr\/sr\/%d0%bd%d0%b5%d0%ba%d1%80%d0%b5%d1%82%d0%bd%d0%b8%d0%bd%d0%b5\/\"},{\"@type\":\"ListItem\",\"position\":2,\"name\":\"\ud83c\udfe1 NA PRODAJU NOV LUKSUZAN STAN \u2013 LEPTOKARIJA, PIERIJA\"}]},{\"@type\":\"WebSite\",\"@id\":\"https:\/\/leptokariarealestate.gr\/sr\/#website\",\"url\":\"https:\/\/leptokariarealestate.gr\/sr\/\",\"name\":\"Leptokaria Real Estate\",\"description\":\"\",\"publisher\":{\"@id\":\"https:\/\/leptokariarealestate.gr\/sr\/#organization\"},\"potentialAction\":[{\"@type\":\"SearchAction\",\"target\":{\"@type\":\"EntryPoint\",\"urlTemplate\":\"https:\/\/leptokariarealestate.gr\/sr\/?s={search_term_string}\"},\"query-input\":\"required name=search_term_string\"}],\"inLanguage\":\"sr-RS\"},{\"@type\":\"Organization\",\"@id\":\"https:\/\/leptokariarealestate.gr\/sr\/#organization\",\"name\":\"Leptokaria Real Estate\",\"url\":\"https:\/\/leptokariarealestate.gr\/sr\/\",\"logo\":{\"@type\":\"ImageObject\",\"inLanguage\":\"sr-RS\",\"@id\":\"https:\/\/leptokariarealestate.gr\/sr\/#\/schema\/logo\/image\/\",\"url\":\"https:\/\/leptokariarealestate.gr\/wp-content\/uploads\/2024\/03\/Leptokaria-Real-Estate-Logo.svg\",\"contentUrl\":\"https:\/\/leptokariarealestate.gr\/wp-content\/uploads\/2024\/03\/Leptokaria-Real-Estate-Logo.svg\",\"width\":113,\"height\":59,\"caption\":\"Leptokaria Real Estate\"},\"image\":{\"@id\":\"https:\/\/leptokariarealestate.gr\/sr\/#\/schema\/logo\/image\/\"},\"sameAs\":[\"https:\/\/www.facebook.com\/jannis.karakitsios\"]}]}<\/script>\n<!-- \/ Yoast SEO plugin. -->","yoast_head_json":{"title":"\ud83c\udfe1 NA PRODAJU NOV LUKSUZAN STAN \u2013 LEPTOKARIJA, PIERIJA - Leptokaria Real Estate","robots":{"index":"index","follow":"follow","max-snippet":"max-snippet:-1","max-image-preview":"max-image-preview:large","max-video-preview":"max-video-preview:-1"},"canonical":"https:\/\/leptokariarealestate.gr\/sr\/\u043f\u0440\u043e\u0438\u0437\u0432\u043e\u0434\/%f0%9f%8f%a1-na-prodaju-nov-luksuzan-stan-leptokarija-pierija\/","og_locale":"sr_RS","og_type":"article","og_title":"\ud83c\udfe1 NA PRODAJU NOV LUKSUZAN STAN \u2013 LEPTOKARIJA, PIERIJA - Leptokaria Real Estate","og_description":"\ud83c\udfe1 NA PRODAJU NOV LUKSUZAN STAN \u2013 LEPTOKARIJA, PIERIJA Novogradnja | Potpuno Name\u0161ten i opremljen svim elektronskim uredjajima | 61 m\u00b2 | Panoramski pogled na Egejsko more i planinu Olimp | 140.000 \u20ac \ud83d\udd38 Op\u0161te karakteristike: \u2714 Povr\u0161ina: 61 m\u00b2 \u2714 Sprat: Povi\u0161eno prizemlje \/ Polusprat \u2714 Veoma prostrane terase sa panoramskim pogledom na planinu i more \u2714 Zgrada: novogradnja \u2714 Potpuno name\u0161ten i opremljen \u2013 spreman za useljenje ili izdavanje \u2714 Cena: 140.000 \u20ac \ud83d\udd38 Raspored i enterijer: \u2022 Prostran i svetao dnevni boravak u otvorenom konceptu sa kuhinjom \u2022 2 komforne spava\u0107e sobe sa modernim dizajnom \u2022 Elegantno, funkcionalno kupatilo \u2022 Moderna estetika i pa\u017eljivo birane boje u enterijeru \ud83d\udd38 Oprema i pogodnosti: \u2022 Elektri\u010dni \u0161poret, rerna, fri\u017eider, ve\u0161 ma\u0161ina \u2022 Bojler, video-interfon sa kamerom \u2022 2 klima ure\u0111aja (dnevna soba i glavna spava\u0107a soba) \u2022 Plafonski ventilator sa svetlom u drugoj spava\u0107oj sobi \u2022 Sav name\u0161taj i ure\u0111aji su uklju\u010deni u cenu \ud83d\udd38 Lokacija \u2013 prednosti: \ud83d\udccd Na samo 100 m od centra Leptokarije \ud83d\udccd Na 300 m od pla\u017ee \ud83d\udccd Mirna i pogodna lokacija, blizu prodavnica, kafi\u0107a, restorana i prevoza \ud83d\udccd Idealno za porodi\u010dni \u017eivot ili investiciju za izdavanje \ud83d\udcbc Izuzetna prilika za parove, porodice ili investitore koji tra\u017ee kvalitetan stan spreman za kori\u0161\u0107enje, na odli\u010dnoj lokaciji u Leptokariji. \ud83d\udcde Kontaktirajte nas za vi\u0161e informacija ili za zakazivanje obilaska.0030 69 32 64 83 78 69 32 64 83 78","og_url":"https:\/\/leptokariarealestate.gr\/sr\/\u043f\u0440\u043e\u0438\u0437\u0432\u043e\u0434\/%f0%9f%8f%a1-na-prodaju-nov-luksuzan-stan-leptokarija-pierija\/","og_site_name":"Leptokaria Real Estate","article_publisher":"https:\/\/www.facebook.com\/jannis.karakitsios","og_image":[{"width":1600,"height":1200,"url":"https:\/\/leptokariarealestate.gr\/wp-content\/uploads\/2025\/08\/viber_image_2025-07-29_13-29-30-721.jpg","type":"image\/jpeg"}],"twitter_card":"summary_large_image","twitter_misc":{"\u041f\u0440\u043e\u0446\u0435\u045a\u0435\u043d\u043e \u0432\u0440\u0435\u043c\u0435 \u0447\u0438\u0442\u0430\u045a\u0430":"1 \u043c\u0438\u043d\u0443\u0442"},"schema":{"@context":"https:\/\/schema.org","@graph":[{"@type":"WebPage","@id":"https:\/\/leptokariarealestate.gr\/sr\/\u043f\u0440\u043e\u0438\u0437\u0432\u043e\u0434\/%f0%9f%8f%a1-na-prodaju-nov-luksuzan-stan-leptokarija-pierija\/","url":"https:\/\/leptokariarealestate.gr\/sr\/\u043f\u0440\u043e\u0438\u0437\u0432\u043e\u0434\/%f0%9f%8f%a1-na-prodaju-nov-luksuzan-stan-leptokarija-pierija\/","name":"\ud83c\udfe1 NA PRODAJU NOV LUKSUZAN STAN \u2013 LEPTOKARIJA, PIERIJA - Leptokaria Real Estate","isPartOf":{"@id":"https:\/\/leptokariarealestate.gr\/sr\/#website"},"primaryImageOfPage":{"@id":"https:\/\/leptokariarealestate.gr\/sr\/\u043f\u0440\u043e\u0438\u0437\u0432\u043e\u0434\/%f0%9f%8f%a1-na-prodaju-nov-luksuzan-stan-leptokarija-pierija\/#primaryimage"},"image":{"@id":"https:\/\/leptokariarealestate.gr\/sr\/\u043f\u0440\u043e\u0438\u0437\u0432\u043e\u0434\/%f0%9f%8f%a1-na-prodaju-nov-luksuzan-stan-leptokarija-pierija\/#primaryimage"},"thumbnailUrl":"https:\/\/leptokariarealestate.gr\/wp-content\/uploads\/2025\/08\/viber_image_2025-07-29_13-29-30-721.jpg","datePublished":"2025-08-01T09:26:43+00:00","dateModified":"2025-08-01T09:26:43+00:00","breadcrumb":{"@id":"https:\/\/leptokariarealestate.gr\/sr\/\u043f\u0440\u043e\u0438\u0437\u0432\u043e\u0434\/%f0%9f%8f%a1-na-prodaju-nov-luksuzan-stan-leptokarija-pierija\/#breadcrumb"},"inLanguage":"sr-RS","potentialAction":[{"@type":"ReadAction","target":["https:\/\/leptokariarealestate.gr\/sr\/\u043f\u0440\u043e\u0438\u0437\u0432\u043e\u0434\/%f0%9f%8f%a1-na-prodaju-nov-luksuzan-stan-leptokarija-pierija\/"]}]},{"@type":"ImageObject","inLanguage":"sr-RS","@id":"https:\/\/leptokariarealestate.gr\/sr\/\u043f\u0440\u043e\u0438\u0437\u0432\u043e\u0434\/%f0%9f%8f%a1-na-prodaju-nov-luksuzan-stan-leptokarija-pierija\/#primaryimage","url":"https:\/\/leptokariarealestate.gr\/wp-content\/uploads\/2025\/08\/viber_image_2025-07-29_13-29-30-721.jpg","contentUrl":"https:\/\/leptokariarealestate.gr\/wp-content\/uploads\/2025\/08\/viber_image_2025-07-29_13-29-30-721.jpg","width":1600,"height":1200},{"@type":"BreadcrumbList","@id":"https:\/\/leptokariarealestate.gr\/sr\/\u043f\u0440\u043e\u0438\u0437\u0432\u043e\u0434\/%f0%9f%8f%a1-na-prodaju-nov-luksuzan-stan-leptokarija-pierija\/#breadcrumb","itemListElement":[{"@type":"ListItem","position":1,"name":"\u041d\u0435\u043a\u0440\u0435\u0442\u043d\u0438\u043d\u0435","item":"https:\/\/leptokariarealestate.gr\/sr\/%d0%bd%d0%b5%d0%ba%d1%80%d0%b5%d1%82%d0%bd%d0%b8%d0%bd%d0%b5\/"},{"@type":"ListItem","position":2,"name":"\ud83c\udfe1 NA PRODAJU NOV LUKSUZAN STAN \u2013 LEPTOKARIJA, PIERIJA"}]},{"@type":"WebSite","@id":"https:\/\/leptokariarealestate.gr\/sr\/#website","url":"https:\/\/leptokariarealestate.gr\/sr\/","name":"Leptokaria Real Estate","description":"","publisher":{"@id":"https:\/\/leptokariarealestate.gr\/sr\/#organization"},"potentialAction":[{"@type":"SearchAction","target":{"@type":"EntryPoint","urlTemplate":"https:\/\/leptokariarealestate.gr\/sr\/?s={search_term_string}"},"query-input":"required name=search_term_string"}],"inLanguage":"sr-RS"},{"@type":"Organization","@id":"https:\/\/leptokariarealestate.gr\/sr\/#organization","name":"Leptokaria Real Estate","url":"https:\/\/leptokariarealestate.gr\/sr\/","logo":{"@type":"ImageObject","inLanguage":"sr-RS","@id":"https:\/\/leptokariarealestate.gr\/sr\/#\/schema\/logo\/image\/","url":"https:\/\/leptokariarealestate.gr\/wp-content\/uploads\/2024\/03\/Leptokaria-Real-Estate-Logo.svg","contentUrl":"https:\/\/leptokariarealestate.gr\/wp-content\/uploads\/2024\/03\/Leptokaria-Real-Estate-Logo.svg","width":113,"height":59,"caption":"Leptokaria Real Estate"},"image":{"@id":"https:\/\/leptokariarealestate.gr\/sr\/#\/schema\/logo\/image\/"},"sameAs":["https:\/\/www.facebook.com\/jannis.karakitsios"]}]}},"_links":{"self":[{"href":"https:\/\/leptokariarealestate.gr\/sr\/wp-json\/wp\/v2\/product\/2005"}],"collection":[{"href":"https:\/\/leptokariarealestate.gr\/sr\/wp-json\/wp\/v2\/product"}],"about":[{"href":"https:\/\/leptokariarealestate.gr\/sr\/wp-json\/wp\/v2\/types\/product"}],"wp:featuredmedia":[{"embeddable":true,"href":"https:\/\/leptokariarealestate.gr\/sr\/wp-json\/wp\/v2\/media\/1999"}],"wp:attachment":[{"href":"https:\/\/leptokariarealestate.gr\/sr\/wp-json\/wp\/v2\/media?parent=2005"}],"wp:term":[{"taxonomy":"product_cat","embeddable":true,"href":"https:\/\/leptokariarealestate.gr\/sr\/wp-json\/wp\/v2\/product_cat?post=2005"},{"taxonomy":"product_tag","embeddable":true,"href":"https:\/\/leptokariarealestate.gr\/sr\/wp-json\/wp\/v2\/product_tag?post=2005"}],"curies":[{"name":"wp","href":"https:\/\/api.w.org\/{rel}","templated":true}]}}