{"id":1985,"date":"2025-07-28T21:43:48","date_gmt":"2025-07-28T18:43:48","guid":{"rendered":"https:\/\/leptokariarealestate.gr\/product\/na-prodaju-dve-mezonete-u-leptokariji-pierija\/"},"modified":"2025-08-01T12:23:08","modified_gmt":"2025-08-01T09:23:08","slug":"na-prodaju-dve-mezonete-u-leptokariji-pierija","status":"publish","type":"product","link":"https:\/\/leptokariarealestate.gr\/sr\/\u043f\u0440\u043e\u0438\u0437\u0432\u043e\u0434\/na-prodaju-dve-mezonete-u-leptokariji-pierija\/","title":{"rendered":"NA PRODAJU DVE MEZONETE U LEPTOKARIJI, PIERIJA"},"content":{"rendered":"<p>Novoizgra\u0111ena zgrada \u2013 Jedinstven pogled \u2013 Idealna lokacija<br \/>\nNa prodaju su dve moderne mezonete u novoizgra\u0111enoj zgradi u prelepoj i turisti\u010dki razvijenoj oblasti Leptokarija, Pierija (Gr\u010dka).<br \/>\nLokacija<br \/>\n\u2022 Samo 500 m od pla\u017ee<br \/>\n\u2022 Samo 100 m od centra mesta<br \/>\n\u2022 Odli\u010dan pristup prodavnicama, tavernama, pijaci i javnom prevozu<br \/>\nMezoneta 1<br \/>\n\u2022 Povr\u0161ina (neto): 58 m\u00b2<br \/>\n\u2022 Terase: 80 m\u00b2<br \/>\n\u2022 Pogled: Panoramski \u2013 kombinacija planine i mora<br \/>\n\u2022 Karakteristike:<br \/>\nProstran dnevni boravak<br \/>\nPotpuno funkcionalna kuhinja<br \/>\n2 udobne spavace sobe<br \/>\nModerna kupatila<br \/>\nVelike terase za opu\u0161tanje i u\u017eivanje<br \/>\nCena &#8211; 125.000e<br \/>\nMezoneta 2<br \/>\n\u2022 Povr\u0161ina (neto): 56 m\u00b2<br \/>\n\u2022 Terase: 20 m\u00b2<br \/>\n\u2022 Pogled: Na mitski Olimp i beskrajno plavetnilo Egejskog mora<br \/>\n\u2022 Karakteristike:<br \/>\nSvetao dnevni boravak<br \/>\nKuhinja<br \/>\n2 spavace sobe<br \/>\nModeran toalet<br \/>\nTerase sa nesmetanim pogledom<br \/>\nCena &#8211; 115.000e<br \/>\nDodatne Prednosti<br \/>\n\u2022 Novoizgra\u0111ena zgrada sa savremenim standardima<br \/>\n\u2022 Visokokvalitetni gra\u0111evinski materijali<br \/>\n\u2022 Tiho i mirno naselje \u2013 idealno za letovanje ili stalno stanovanje<br \/>\n\u2022 Odli\u010dna investiciona prilika zahvaljuju\u0107i lokaciji i turisti\u010dkom potencijalu<br \/>\nKontaktirajte nas za vi\u0161e informacija, cene i zakazivanje obilaska.<br \/>\n69 32 64 83 78  <\/p>\n","protected":false},"excerpt":{"rendered":"<p>Novoizgra\u0111ena zgrada \u2013 Jedinstven pogled \u2013 Idealna lokacija<br \/>\nNa prodaju su dve moderne mezonete u novoizgra\u0111enoj zgradi u prelepoj i turisti\u010dki razvijenoj oblasti Leptokarija, Pierija (Gr\u010dka).<br \/>\nLokacija<br \/>\n\u2022 Samo 500 m od pla\u017ee<br \/>\n\u2022 Samo 100 m od centra mesta<br \/>\n\u2022 Odli\u010dan pristup prodavnicama, tavernama, pijaci i javnom prevozu<br \/>\nMezoneta 1<br \/>\n\u2022 Povr\u0161ina (neto): 58 m\u00b2<br \/>\n\u2022 Terase: 80 m\u00b2<br \/>\n\u2022 Pogled: Panoramski \u2013 kombinacija planine i mora<br \/>\n\u2022 Karakteristike:<br \/>\nProstran dnevni boravak<br \/>\nPotpuno funkcionalna kuhinja<br \/>\n2 udobne spavace sobe<br \/>\nModerna kupatila<br \/>\nVelike terase za opu\u0161tanje i u\u017eivanje<br \/>\nCena &#8211; 125.000e<br \/>\nMezoneta 2<br \/>\n\u2022 Povr\u0161ina (neto): 56 m\u00b2<br \/>\n\u2022 Terase: 20 m\u00b2<br \/>\n\u2022 Pogled: Na mitski Olimp i beskrajno plavetnilo Egejskog mora<br \/>\n\u2022 Karakteristike:<br \/>\nSvetao dnevni boravak<br \/>\nKuhinja<br \/>\n2 spavace sobe<br \/>\nModeran toalet<br \/>\nTerase sa nesmetanim pogledom<br \/>\nCena &#8211; 115.000e<br \/>\nDodatne Prednosti<br \/>\n\u2022 Novoizgra\u0111ena zgrada sa savremenim standardima<br \/>\n\u2022 Visokokvalitetni gra\u0111evinski materijali<br \/>\n\u2022 Tiho i mirno naselje \u2013 idealno za letovanje ili stalno stanovanje<br \/>\n\u2022 Odli\u010dna investiciona prilika zahvaljuju\u0107i lokaciji i turisti\u010dkom potencijalu<br \/>\nKontaktirajte nas za vi\u0161e informacija, cene i zakazivanje obilaska.<br \/>\n69 32 64 83 78  <\/p>\n","protected":false},"featured_media":1977,"template":"","meta":[],"product_cat":[75,87],"product_tag":[],"yoast_head":"<!-- This site is optimized with the Yoast SEO plugin v22.8 - https:\/\/yoast.com\/wordpress\/plugins\/seo\/ -->\n<title>NA PRODAJU DVE MEZONETE U LEPTOKARIJI, PIERIJA - Leptokaria Real Estate<\/title>\n<meta name=\"robots\" content=\"index, follow, max-snippet:-1, max-image-preview:large, max-video-preview:-1\" \/>\n<link rel=\"canonical\" href=\"https:\/\/leptokariarealestate.gr\/sr\/\u043f\u0440\u043e\u0438\u0437\u0432\u043e\u0434\/na-prodaju-dve-mezonete-u-leptokariji-pierija\/\" \/>\n<meta property=\"og:locale\" content=\"sr_RS\" \/>\n<meta property=\"og:type\" content=\"article\" \/>\n<meta property=\"og:title\" content=\"NA PRODAJU DVE MEZONETE U LEPTOKARIJI, PIERIJA - Leptokaria Real Estate\" \/>\n<meta property=\"og:description\" content=\"Novoizgra\u0111ena zgrada \u2013 Jedinstven pogled \u2013 Idealna lokacija Na prodaju su dve moderne mezonete u novoizgra\u0111enoj zgradi u prelepoj i turisti\u010dki razvijenoj oblasti Leptokarija, Pierija (Gr\u010dka). Lokacija \u2022 Samo 500 m od pla\u017ee \u2022 Samo 100 m od centra mesta \u2022 Odli\u010dan pristup prodavnicama, tavernama, pijaci i javnom prevozu Mezoneta 1 \u2022 Povr\u0161ina (neto): 58 m\u00b2  \u2022 Terase: 80 m\u00b2 \u2022 Pogled: Panoramski \u2013 kombinacija planine i mora \u2022 Karakteristike: Prostran dnevni boravak Potpuno funkcionalna kuhinja 2 udobne spavace sobe Moderna kupatila Velike terase za opu\u0161tanje i u\u017eivanje Cena - 125.000e Mezoneta 2 \u2022 Povr\u0161ina (neto): 56 m\u00b2 \u2022 Terase: 20 m\u00b2 \u2022 Pogled: Na mitski Olimp i beskrajno plavetnilo Egejskog mora \u2022 Karakteristike: Svetao dnevni boravak Kuhinja 2 spavace sobe Moderan toalet Terase sa nesmetanim pogledom Cena - 115.000e Dodatne Prednosti \u2022 Novoizgra\u0111ena zgrada sa savremenim standardima \u2022 Visokokvalitetni gra\u0111evinski materijali \u2022 Tiho i mirno naselje \u2013 idealno za letovanje ili stalno stanovanje \u2022 Odli\u010dna investiciona prilika zahvaljuju\u0107i lokaciji i turisti\u010dkom potencijalu Kontaktirajte nas za vi\u0161e informacija, cene i zakazivanje obilaska. 69 32 64 83 78\" \/>\n<meta property=\"og:url\" content=\"https:\/\/leptokariarealestate.gr\/sr\/\u043f\u0440\u043e\u0438\u0437\u0432\u043e\u0434\/na-prodaju-dve-mezonete-u-leptokariji-pierija\/\" \/>\n<meta property=\"og:site_name\" content=\"Leptokaria Real Estate\" \/>\n<meta property=\"article:publisher\" content=\"https:\/\/www.facebook.com\/jannis.karakitsios\" \/>\n<meta property=\"article:modified_time\" content=\"2025-08-01T09:23:08+00:00\" \/>\n<meta property=\"og:image\" content=\"https:\/\/leptokariarealestate.gr\/wp-content\/uploads\/2025\/07\/viber_image_2025-07-26_12-25-12-730.jpg\" \/>\n\t<meta property=\"og:image:width\" content=\"1200\" \/>\n\t<meta property=\"og:image:height\" content=\"1600\" \/>\n\t<meta property=\"og:image:type\" content=\"image\/jpeg\" \/>\n<meta name=\"twitter:card\" content=\"summary_large_image\" \/>\n<meta name=\"twitter:label1\" content=\"\u041f\u0440\u043e\u0446\u0435\u045a\u0435\u043d\u043e \u0432\u0440\u0435\u043c\u0435 \u0447\u0438\u0442\u0430\u045a\u0430\" \/>\n\t<meta name=\"twitter:data1\" content=\"1 \u043c\u0438\u043d\u0443\u0442\" \/>\n<script type=\"application\/ld+json\" class=\"yoast-schema-graph\">{\"@context\":\"https:\/\/schema.org\",\"@graph\":[{\"@type\":\"WebPage\",\"@id\":\"https:\/\/leptokariarealestate.gr\/sr\/\u043f\u0440\u043e\u0438\u0437\u0432\u043e\u0434\/na-prodaju-dve-mezonete-u-leptokariji-pierija\/\",\"url\":\"https:\/\/leptokariarealestate.gr\/sr\/\u043f\u0440\u043e\u0438\u0437\u0432\u043e\u0434\/na-prodaju-dve-mezonete-u-leptokariji-pierija\/\",\"name\":\"NA PRODAJU DVE MEZONETE U LEPTOKARIJI, PIERIJA - Leptokaria Real Estate\",\"isPartOf\":{\"@id\":\"https:\/\/leptokariarealestate.gr\/sr\/#website\"},\"primaryImageOfPage\":{\"@id\":\"https:\/\/leptokariarealestate.gr\/sr\/\u043f\u0440\u043e\u0438\u0437\u0432\u043e\u0434\/na-prodaju-dve-mezonete-u-leptokariji-pierija\/#primaryimage\"},\"image\":{\"@id\":\"https:\/\/leptokariarealestate.gr\/sr\/\u043f\u0440\u043e\u0438\u0437\u0432\u043e\u0434\/na-prodaju-dve-mezonete-u-leptokariji-pierija\/#primaryimage\"},\"thumbnailUrl\":\"https:\/\/leptokariarealestate.gr\/wp-content\/uploads\/2025\/07\/viber_image_2025-07-26_12-25-12-730.jpg\",\"datePublished\":\"2025-07-28T18:43:48+00:00\",\"dateModified\":\"2025-08-01T09:23:08+00:00\",\"breadcrumb\":{\"@id\":\"https:\/\/leptokariarealestate.gr\/sr\/\u043f\u0440\u043e\u0438\u0437\u0432\u043e\u0434\/na-prodaju-dve-mezonete-u-leptokariji-pierija\/#breadcrumb\"},\"inLanguage\":\"sr-RS\",\"potentialAction\":[{\"@type\":\"ReadAction\",\"target\":[\"https:\/\/leptokariarealestate.gr\/sr\/\u043f\u0440\u043e\u0438\u0437\u0432\u043e\u0434\/na-prodaju-dve-mezonete-u-leptokariji-pierija\/\"]}]},{\"@type\":\"ImageObject\",\"inLanguage\":\"sr-RS\",\"@id\":\"https:\/\/leptokariarealestate.gr\/sr\/\u043f\u0440\u043e\u0438\u0437\u0432\u043e\u0434\/na-prodaju-dve-mezonete-u-leptokariji-pierija\/#primaryimage\",\"url\":\"https:\/\/leptokariarealestate.gr\/wp-content\/uploads\/2025\/07\/viber_image_2025-07-26_12-25-12-730.jpg\",\"contentUrl\":\"https:\/\/leptokariarealestate.gr\/wp-content\/uploads\/2025\/07\/viber_image_2025-07-26_12-25-12-730.jpg\",\"width\":1200,\"height\":1600},{\"@type\":\"BreadcrumbList\",\"@id\":\"https:\/\/leptokariarealestate.gr\/sr\/\u043f\u0440\u043e\u0438\u0437\u0432\u043e\u0434\/na-prodaju-dve-mezonete-u-leptokariji-pierija\/#breadcrumb\",\"itemListElement\":[{\"@type\":\"ListItem\",\"position\":1,\"name\":\"\u041d\u0435\u043a\u0440\u0435\u0442\u043d\u0438\u043d\u0435\",\"item\":\"https:\/\/leptokariarealestate.gr\/sr\/%d0%bd%d0%b5%d0%ba%d1%80%d0%b5%d1%82%d0%bd%d0%b8%d0%bd%d0%b5\/\"},{\"@type\":\"ListItem\",\"position\":2,\"name\":\"\u03a7\u03c9\u03c1\u03af\u03c2 \u03ba\u03b1\u03c4\u03b7\u03b3\u03bf\u03c1\u03af\u03b1\",\"item\":\"https:\/\/leptokariarealestate.gr\/sr\/\u043a\u0430\u0442\u0435\u0433\u043e\u0440\u0438\u0458\u0430-\u043f\u0440\u043e\u0438\u0437\u0432\u043e\u0434\u0430\/%cf%87%cf%89%cf%81%ce%af%cf%82-%ce%ba%ce%b1%cf%84%ce%b7%ce%b3%ce%bf%cf%81%ce%af%ce%b1-sr\/\"},{\"@type\":\"ListItem\",\"position\":3,\"name\":\"NA PRODAJU DVE MEZONETE U LEPTOKARIJI, PIERIJA\"}]},{\"@type\":\"WebSite\",\"@id\":\"https:\/\/leptokariarealestate.gr\/sr\/#website\",\"url\":\"https:\/\/leptokariarealestate.gr\/sr\/\",\"name\":\"Leptokaria Real Estate\",\"description\":\"\",\"publisher\":{\"@id\":\"https:\/\/leptokariarealestate.gr\/sr\/#organization\"},\"potentialAction\":[{\"@type\":\"SearchAction\",\"target\":{\"@type\":\"EntryPoint\",\"urlTemplate\":\"https:\/\/leptokariarealestate.gr\/sr\/?s={search_term_string}\"},\"query-input\":\"required name=search_term_string\"}],\"inLanguage\":\"sr-RS\"},{\"@type\":\"Organization\",\"@id\":\"https:\/\/leptokariarealestate.gr\/sr\/#organization\",\"name\":\"Leptokaria Real Estate\",\"url\":\"https:\/\/leptokariarealestate.gr\/sr\/\",\"logo\":{\"@type\":\"ImageObject\",\"inLanguage\":\"sr-RS\",\"@id\":\"https:\/\/leptokariarealestate.gr\/sr\/#\/schema\/logo\/image\/\",\"url\":\"https:\/\/leptokariarealestate.gr\/wp-content\/uploads\/2024\/03\/Leptokaria-Real-Estate-Logo.svg\",\"contentUrl\":\"https:\/\/leptokariarealestate.gr\/wp-content\/uploads\/2024\/03\/Leptokaria-Real-Estate-Logo.svg\",\"width\":113,\"height\":59,\"caption\":\"Leptokaria Real Estate\"},\"image\":{\"@id\":\"https:\/\/leptokariarealestate.gr\/sr\/#\/schema\/logo\/image\/\"},\"sameAs\":[\"https:\/\/www.facebook.com\/jannis.karakitsios\"]}]}<\/script>\n<!-- \/ Yoast SEO plugin. -->","yoast_head_json":{"title":"NA PRODAJU DVE MEZONETE U LEPTOKARIJI, PIERIJA - Leptokaria Real Estate","robots":{"index":"index","follow":"follow","max-snippet":"max-snippet:-1","max-image-preview":"max-image-preview:large","max-video-preview":"max-video-preview:-1"},"canonical":"https:\/\/leptokariarealestate.gr\/sr\/\u043f\u0440\u043e\u0438\u0437\u0432\u043e\u0434\/na-prodaju-dve-mezonete-u-leptokariji-pierija\/","og_locale":"sr_RS","og_type":"article","og_title":"NA PRODAJU DVE MEZONETE U LEPTOKARIJI, PIERIJA - Leptokaria Real Estate","og_description":"Novoizgra\u0111ena zgrada \u2013 Jedinstven pogled \u2013 Idealna lokacija Na prodaju su dve moderne mezonete u novoizgra\u0111enoj zgradi u prelepoj i turisti\u010dki razvijenoj oblasti Leptokarija, Pierija (Gr\u010dka). Lokacija \u2022 Samo 500 m od pla\u017ee \u2022 Samo 100 m od centra mesta \u2022 Odli\u010dan pristup prodavnicama, tavernama, pijaci i javnom prevozu Mezoneta 1 \u2022 Povr\u0161ina (neto): 58 m\u00b2  \u2022 Terase: 80 m\u00b2 \u2022 Pogled: Panoramski \u2013 kombinacija planine i mora \u2022 Karakteristike: Prostran dnevni boravak Potpuno funkcionalna kuhinja 2 udobne spavace sobe Moderna kupatila Velike terase za opu\u0161tanje i u\u017eivanje Cena - 125.000e Mezoneta 2 \u2022 Povr\u0161ina (neto): 56 m\u00b2 \u2022 Terase: 20 m\u00b2 \u2022 Pogled: Na mitski Olimp i beskrajno plavetnilo Egejskog mora \u2022 Karakteristike: Svetao dnevni boravak Kuhinja 2 spavace sobe Moderan toalet Terase sa nesmetanim pogledom Cena - 115.000e Dodatne Prednosti \u2022 Novoizgra\u0111ena zgrada sa savremenim standardima \u2022 Visokokvalitetni gra\u0111evinski materijali \u2022 Tiho i mirno naselje \u2013 idealno za letovanje ili stalno stanovanje \u2022 Odli\u010dna investiciona prilika zahvaljuju\u0107i lokaciji i turisti\u010dkom potencijalu Kontaktirajte nas za vi\u0161e informacija, cene i zakazivanje obilaska. 69 32 64 83 78","og_url":"https:\/\/leptokariarealestate.gr\/sr\/\u043f\u0440\u043e\u0438\u0437\u0432\u043e\u0434\/na-prodaju-dve-mezonete-u-leptokariji-pierija\/","og_site_name":"Leptokaria Real Estate","article_publisher":"https:\/\/www.facebook.com\/jannis.karakitsios","article_modified_time":"2025-08-01T09:23:08+00:00","og_image":[{"width":1200,"height":1600,"url":"https:\/\/leptokariarealestate.gr\/wp-content\/uploads\/2025\/07\/viber_image_2025-07-26_12-25-12-730.jpg","type":"image\/jpeg"}],"twitter_card":"summary_large_image","twitter_misc":{"\u041f\u0440\u043e\u0446\u0435\u045a\u0435\u043d\u043e \u0432\u0440\u0435\u043c\u0435 \u0447\u0438\u0442\u0430\u045a\u0430":"1 \u043c\u0438\u043d\u0443\u0442"},"schema":{"@context":"https:\/\/schema.org","@graph":[{"@type":"WebPage","@id":"https:\/\/leptokariarealestate.gr\/sr\/\u043f\u0440\u043e\u0438\u0437\u0432\u043e\u0434\/na-prodaju-dve-mezonete-u-leptokariji-pierija\/","url":"https:\/\/leptokariarealestate.gr\/sr\/\u043f\u0440\u043e\u0438\u0437\u0432\u043e\u0434\/na-prodaju-dve-mezonete-u-leptokariji-pierija\/","name":"NA PRODAJU DVE MEZONETE U LEPTOKARIJI, PIERIJA - Leptokaria Real Estate","isPartOf":{"@id":"https:\/\/leptokariarealestate.gr\/sr\/#website"},"primaryImageOfPage":{"@id":"https:\/\/leptokariarealestate.gr\/sr\/\u043f\u0440\u043e\u0438\u0437\u0432\u043e\u0434\/na-prodaju-dve-mezonete-u-leptokariji-pierija\/#primaryimage"},"image":{"@id":"https:\/\/leptokariarealestate.gr\/sr\/\u043f\u0440\u043e\u0438\u0437\u0432\u043e\u0434\/na-prodaju-dve-mezonete-u-leptokariji-pierija\/#primaryimage"},"thumbnailUrl":"https:\/\/leptokariarealestate.gr\/wp-content\/uploads\/2025\/07\/viber_image_2025-07-26_12-25-12-730.jpg","datePublished":"2025-07-28T18:43:48+00:00","dateModified":"2025-08-01T09:23:08+00:00","breadcrumb":{"@id":"https:\/\/leptokariarealestate.gr\/sr\/\u043f\u0440\u043e\u0438\u0437\u0432\u043e\u0434\/na-prodaju-dve-mezonete-u-leptokariji-pierija\/#breadcrumb"},"inLanguage":"sr-RS","potentialAction":[{"@type":"ReadAction","target":["https:\/\/leptokariarealestate.gr\/sr\/\u043f\u0440\u043e\u0438\u0437\u0432\u043e\u0434\/na-prodaju-dve-mezonete-u-leptokariji-pierija\/"]}]},{"@type":"ImageObject","inLanguage":"sr-RS","@id":"https:\/\/leptokariarealestate.gr\/sr\/\u043f\u0440\u043e\u0438\u0437\u0432\u043e\u0434\/na-prodaju-dve-mezonete-u-leptokariji-pierija\/#primaryimage","url":"https:\/\/leptokariarealestate.gr\/wp-content\/uploads\/2025\/07\/viber_image_2025-07-26_12-25-12-730.jpg","contentUrl":"https:\/\/leptokariarealestate.gr\/wp-content\/uploads\/2025\/07\/viber_image_2025-07-26_12-25-12-730.jpg","width":1200,"height":1600},{"@type":"BreadcrumbList","@id":"https:\/\/leptokariarealestate.gr\/sr\/\u043f\u0440\u043e\u0438\u0437\u0432\u043e\u0434\/na-prodaju-dve-mezonete-u-leptokariji-pierija\/#breadcrumb","itemListElement":[{"@type":"ListItem","position":1,"name":"\u041d\u0435\u043a\u0440\u0435\u0442\u043d\u0438\u043d\u0435","item":"https:\/\/leptokariarealestate.gr\/sr\/%d0%bd%d0%b5%d0%ba%d1%80%d0%b5%d1%82%d0%bd%d0%b8%d0%bd%d0%b5\/"},{"@type":"ListItem","position":2,"name":"\u03a7\u03c9\u03c1\u03af\u03c2 \u03ba\u03b1\u03c4\u03b7\u03b3\u03bf\u03c1\u03af\u03b1","item":"https:\/\/leptokariarealestate.gr\/sr\/\u043a\u0430\u0442\u0435\u0433\u043e\u0440\u0438\u0458\u0430-\u043f\u0440\u043e\u0438\u0437\u0432\u043e\u0434\u0430\/%cf%87%cf%89%cf%81%ce%af%cf%82-%ce%ba%ce%b1%cf%84%ce%b7%ce%b3%ce%bf%cf%81%ce%af%ce%b1-sr\/"},{"@type":"ListItem","position":3,"name":"NA PRODAJU DVE MEZONETE U LEPTOKARIJI, PIERIJA"}]},{"@type":"WebSite","@id":"https:\/\/leptokariarealestate.gr\/sr\/#website","url":"https:\/\/leptokariarealestate.gr\/sr\/","name":"Leptokaria Real Estate","description":"","publisher":{"@id":"https:\/\/leptokariarealestate.gr\/sr\/#organization"},"potentialAction":[{"@type":"SearchAction","target":{"@type":"EntryPoint","urlTemplate":"https:\/\/leptokariarealestate.gr\/sr\/?s={search_term_string}"},"query-input":"required name=search_term_string"}],"inLanguage":"sr-RS"},{"@type":"Organization","@id":"https:\/\/leptokariarealestate.gr\/sr\/#organization","name":"Leptokaria Real Estate","url":"https:\/\/leptokariarealestate.gr\/sr\/","logo":{"@type":"ImageObject","inLanguage":"sr-RS","@id":"https:\/\/leptokariarealestate.gr\/sr\/#\/schema\/logo\/image\/","url":"https:\/\/leptokariarealestate.gr\/wp-content\/uploads\/2024\/03\/Leptokaria-Real-Estate-Logo.svg","contentUrl":"https:\/\/leptokariarealestate.gr\/wp-content\/uploads\/2024\/03\/Leptokaria-Real-Estate-Logo.svg","width":113,"height":59,"caption":"Leptokaria Real Estate"},"image":{"@id":"https:\/\/leptokariarealestate.gr\/sr\/#\/schema\/logo\/image\/"},"sameAs":["https:\/\/www.facebook.com\/jannis.karakitsios"]}]}},"_links":{"self":[{"href":"https:\/\/leptokariarealestate.gr\/sr\/wp-json\/wp\/v2\/product\/1985"}],"collection":[{"href":"https:\/\/leptokariarealestate.gr\/sr\/wp-json\/wp\/v2\/product"}],"about":[{"href":"https:\/\/leptokariarealestate.gr\/sr\/wp-json\/wp\/v2\/types\/product"}],"wp:featuredmedia":[{"embeddable":true,"href":"https:\/\/leptokariarealestate.gr\/sr\/wp-json\/wp\/v2\/media\/1977"}],"wp:attachment":[{"href":"https:\/\/leptokariarealestate.gr\/sr\/wp-json\/wp\/v2\/media?parent=1985"}],"wp:term":[{"taxonomy":"product_cat","embeddable":true,"href":"https:\/\/leptokariarealestate.gr\/sr\/wp-json\/wp\/v2\/product_cat?post=1985"},{"taxonomy":"product_tag","embeddable":true,"href":"https:\/\/leptokariarealestate.gr\/sr\/wp-json\/wp\/v2\/product_tag?post=1985"}],"curies":[{"name":"wp","href":"https:\/\/api.w.org\/{rel}","templated":true}]}}