{"id":1878,"date":"2025-06-04T14:30:37","date_gmt":"2025-06-04T11:30:37","guid":{"rendered":"https:\/\/leptokariarealestate.gr\/product\/na-prodaju-parcele-sa-gradjevinskom-dozvolom-leptokarija\/"},"modified":"2025-06-04T14:30:37","modified_gmt":"2025-06-04T11:30:37","slug":"na-prodaju-parcele-sa-gradjevinskom-dozvolom-leptokarija","status":"publish","type":"product","link":"https:\/\/leptokariarealestate.gr\/sr\/\u043f\u0440\u043e\u0438\u0437\u0432\u043e\u0434\/na-prodaju-parcele-sa-gradjevinskom-dozvolom-leptokarija\/","title":{"rendered":"NA PRODAJU PARCELE SA GRA\u0110EVINSKOM DOZVOLOM \u2013 LEPTOKARIJA"},"content":{"rendered":"<p>NA PRODAJU PARCELE SA GRA\u0110EVINSKOM DOZVOLOM \u2013 LEPTOKARIJA, PIERIJA<\/p>\n<p>U mirnom podru\u010dju Topoliani, nadomak Leptokarije u Pieriji, prodaju se parcele sa gotovom gra\u0111evinskom dozvolom za izgradnju dvospratne ku\u0107e (mezonete) povr\u0161ine 50 m\u00b2.<\/p>\n<p>Odli\u010dna prilika za izgradnju vikendice ili investiciju u turizam, na idealnoj lokaciji, blizu prirode i mora.<\/p>\n<p>Karakteristike:<\/p>\n<p>Povr\u0161ina parcela: od 300 m\u00b2 do 750 m\u00b2<br \/>\nGotova dozvola za izgradnju mezonete 50 m\u00b2<br \/>\nUdaljenost od mora: samo 1,2 km<br \/>\nLokacija: Mirno prirodno okru\u017eenje, blizu organizovane pla\u017ee i sadr\u017eaja u Leptokariji<\/p>\n<p>Cena:<\/p>\n<p>Ve\u0107 od 23.500 \u20ac, u zavisnosti od veli\u010dine parcele<\/p>\n<p>Parcele su spremne za momentalnu gradnju, bez \u010dekanja na dozvole.<br \/>\nIdealne za li\u010dnu upotrebu, vikendicu, ili turisti\u010dki najam (Airbnb).<\/p>\n<p>Kontaktirajte nas za vi\u0161e informacija ili da zaka\u017eete obilazak:<br \/>+30 6932 648378<\/p>\n","protected":false},"excerpt":{"rendered":"<p>NA PRODAJU PARCELE SA GRA\u0110EVINSKOM DOZVOLOM \u2013 LEPTOKARIJA, PIERIJA<\/p>\n<p>NA PRODAJU PARCELE SA GRA\u0110EVINSKOM DOZVOLOM \u2013 LEPTOKARIJA, PIERIJA<br \/>\nU mirnom podru\u010dju Topoliani, nadomak Leptokarije u Pieriji, prodaju se parcele sa gotovom gra\u0111evinskom dozvolom za izgradnju dvospratne ku\u0107e (mezonete) povr\u0161ine 50 m\u00b2.<br \/>Odli\u010dna prilika za izgradnju vikendice ili investiciju u turizam, na idealnoj lokaciji, blizu prirode i mora.<\/p>\n<p>Karakteristike:<\/p>\n<p>Povr\u0161ina parcela: od 300 m\u00b2 do 750 m\u00b2<br \/>\nGotova dozvola za izgradnju mezonete 50 m\u00b2<br \/>\nUdaljenost od mora: samo 1,2 km<br \/>\nLokacija: Mirno prirodno okru\u017eenje, blizu organizovane pla\u017ee i sadr\u017eaja u Leptokariji<\/p>\n<p>Cena:<\/p>\n<p>Ve\u0107 od 23.500 \u20ac, u zavisnosti od veli\u010dine parcele<\/p>\n<p>Parcele su spremne za momentalnu gradnju, bez \u010dekanja na dozvole.<br \/>\nIdealne za li\u010dnu upotrebu, vikendicu, ili turisti\u010dki najam (Airbnb).<\/p>\n<p>Kontaktirajte nas za vi\u0161e informacija ili da zaka\u017eete obilazak:<br \/>+30 6932 648378<\/p>\n","protected":false},"featured_media":1867,"template":"","meta":[],"product_cat":[87,56,65,73],"product_tag":[],"yoast_head":"<!-- This site is optimized with the Yoast SEO plugin v22.8 - https:\/\/yoast.com\/wordpress\/plugins\/seo\/ -->\n<title>NA PRODAJU PARCELE SA GRA\u0110EVINSKOM DOZVOLOM \u2013 LEPTOKARIJA - Leptokaria Real Estate<\/title>\n<meta name=\"robots\" content=\"index, follow, max-snippet:-1, max-image-preview:large, max-video-preview:-1\" \/>\n<link rel=\"canonical\" href=\"https:\/\/leptokariarealestate.gr\/sr\/\u043f\u0440\u043e\u0438\u0437\u0432\u043e\u0434\/na-prodaju-parcele-sa-gradjevinskom-dozvolom-leptokarija\/\" \/>\n<meta property=\"og:locale\" content=\"sr_RS\" \/>\n<meta property=\"og:type\" content=\"article\" \/>\n<meta property=\"og:title\" content=\"NA PRODAJU PARCELE SA GRA\u0110EVINSKOM DOZVOLOM \u2013 LEPTOKARIJA - Leptokaria Real Estate\" \/>\n<meta property=\"og:description\" content=\"NA PRODAJU PARCELE SA GRA\u0110EVINSKOM DOZVOLOM \u2013 LEPTOKARIJA, PIERIJA NA PRODAJU PARCELE SA GRA\u0110EVINSKOM DOZVOLOM \u2013 LEPTOKARIJA, PIERIJA U mirnom podru\u010dju Topoliani, nadomak Leptokarije u Pieriji, prodaju se parcele sa gotovom gra\u0111evinskom dozvolom za izgradnju dvospratne ku\u0107e (mezonete) povr\u0161ine 50 m\u00b2.Odli\u010dna prilika za izgradnju vikendice ili investiciju u turizam, na idealnoj lokaciji, blizu prirode i mora. Karakteristike: Povr\u0161ina parcela: od 300 m\u00b2 do 750 m\u00b2 Gotova dozvola za izgradnju mezonete 50 m\u00b2 Udaljenost od mora: samo 1,2 km Lokacija: Mirno prirodno okru\u017eenje, blizu organizovane pla\u017ee i sadr\u017eaja u Leptokariji Cena: Ve\u0107 od 23.500 \u20ac, u zavisnosti od veli\u010dine parcele Parcele su spremne za momentalnu gradnju, bez \u010dekanja na dozvole. Idealne za li\u010dnu upotrebu, vikendicu, ili turisti\u010dki najam (Airbnb). Kontaktirajte nas za vi\u0161e informacija ili da zaka\u017eete obilazak:+30 6932 648378\" \/>\n<meta property=\"og:url\" content=\"https:\/\/leptokariarealestate.gr\/sr\/\u043f\u0440\u043e\u0438\u0437\u0432\u043e\u0434\/na-prodaju-parcele-sa-gradjevinskom-dozvolom-leptokarija\/\" \/>\n<meta property=\"og:site_name\" content=\"Leptokaria Real Estate\" \/>\n<meta property=\"article:publisher\" content=\"https:\/\/www.facebook.com\/jannis.karakitsios\" \/>\n<meta property=\"og:image\" content=\"https:\/\/leptokariarealestate.gr\/wp-content\/uploads\/2025\/06\/4.jpeg\" \/>\n\t<meta property=\"og:image:width\" content=\"1600\" \/>\n\t<meta property=\"og:image:height\" content=\"1200\" \/>\n\t<meta property=\"og:image:type\" content=\"image\/jpeg\" \/>\n<meta name=\"twitter:card\" content=\"summary_large_image\" \/>\n<meta name=\"twitter:label1\" content=\"\u041f\u0440\u043e\u0446\u0435\u045a\u0435\u043d\u043e \u0432\u0440\u0435\u043c\u0435 \u0447\u0438\u0442\u0430\u045a\u0430\" \/>\n\t<meta name=\"twitter:data1\" content=\"1 \u043c\u0438\u043d\u0443\u0442\" \/>\n<script type=\"application\/ld+json\" class=\"yoast-schema-graph\">{\"@context\":\"https:\/\/schema.org\",\"@graph\":[{\"@type\":\"WebPage\",\"@id\":\"https:\/\/leptokariarealestate.gr\/sr\/\u043f\u0440\u043e\u0438\u0437\u0432\u043e\u0434\/na-prodaju-parcele-sa-gradjevinskom-dozvolom-leptokarija\/\",\"url\":\"https:\/\/leptokariarealestate.gr\/sr\/\u043f\u0440\u043e\u0438\u0437\u0432\u043e\u0434\/na-prodaju-parcele-sa-gradjevinskom-dozvolom-leptokarija\/\",\"name\":\"NA PRODAJU PARCELE SA GRA\u0110EVINSKOM DOZVOLOM \u2013 LEPTOKARIJA - Leptokaria Real Estate\",\"isPartOf\":{\"@id\":\"https:\/\/leptokariarealestate.gr\/sr\/#website\"},\"primaryImageOfPage\":{\"@id\":\"https:\/\/leptokariarealestate.gr\/sr\/\u043f\u0440\u043e\u0438\u0437\u0432\u043e\u0434\/na-prodaju-parcele-sa-gradjevinskom-dozvolom-leptokarija\/#primaryimage\"},\"image\":{\"@id\":\"https:\/\/leptokariarealestate.gr\/sr\/\u043f\u0440\u043e\u0438\u0437\u0432\u043e\u0434\/na-prodaju-parcele-sa-gradjevinskom-dozvolom-leptokarija\/#primaryimage\"},\"thumbnailUrl\":\"https:\/\/leptokariarealestate.gr\/wp-content\/uploads\/2025\/06\/4.jpeg\",\"datePublished\":\"2025-06-04T11:30:37+00:00\",\"dateModified\":\"2025-06-04T11:30:37+00:00\",\"breadcrumb\":{\"@id\":\"https:\/\/leptokariarealestate.gr\/sr\/\u043f\u0440\u043e\u0438\u0437\u0432\u043e\u0434\/na-prodaju-parcele-sa-gradjevinskom-dozvolom-leptokarija\/#breadcrumb\"},\"inLanguage\":\"sr-RS\",\"potentialAction\":[{\"@type\":\"ReadAction\",\"target\":[\"https:\/\/leptokariarealestate.gr\/sr\/\u043f\u0440\u043e\u0438\u0437\u0432\u043e\u0434\/na-prodaju-parcele-sa-gradjevinskom-dozvolom-leptokarija\/\"]}]},{\"@type\":\"ImageObject\",\"inLanguage\":\"sr-RS\",\"@id\":\"https:\/\/leptokariarealestate.gr\/sr\/\u043f\u0440\u043e\u0438\u0437\u0432\u043e\u0434\/na-prodaju-parcele-sa-gradjevinskom-dozvolom-leptokarija\/#primaryimage\",\"url\":\"https:\/\/leptokariarealestate.gr\/wp-content\/uploads\/2025\/06\/4.jpeg\",\"contentUrl\":\"https:\/\/leptokariarealestate.gr\/wp-content\/uploads\/2025\/06\/4.jpeg\",\"width\":1600,\"height\":1200},{\"@type\":\"BreadcrumbList\",\"@id\":\"https:\/\/leptokariarealestate.gr\/sr\/\u043f\u0440\u043e\u0438\u0437\u0432\u043e\u0434\/na-prodaju-parcele-sa-gradjevinskom-dozvolom-leptokarija\/#breadcrumb\",\"itemListElement\":[{\"@type\":\"ListItem\",\"position\":1,\"name\":\"\u041d\u0435\u043a\u0440\u0435\u0442\u043d\u0438\u043d\u0435\",\"item\":\"https:\/\/leptokariarealestate.gr\/sr\/%d0%bd%d0%b5%d0%ba%d1%80%d0%b5%d1%82%d0%bd%d0%b8%d0%bd%d0%b5\/\"},{\"@type\":\"ListItem\",\"position\":2,\"name\":\"NA PRODAJU PARCELE SA GRA\u0110EVINSKOM DOZVOLOM \u2013 LEPTOKARIJA\"}]},{\"@type\":\"WebSite\",\"@id\":\"https:\/\/leptokariarealestate.gr\/sr\/#website\",\"url\":\"https:\/\/leptokariarealestate.gr\/sr\/\",\"name\":\"Leptokaria Real Estate\",\"description\":\"\",\"publisher\":{\"@id\":\"https:\/\/leptokariarealestate.gr\/sr\/#organization\"},\"potentialAction\":[{\"@type\":\"SearchAction\",\"target\":{\"@type\":\"EntryPoint\",\"urlTemplate\":\"https:\/\/leptokariarealestate.gr\/sr\/?s={search_term_string}\"},\"query-input\":\"required name=search_term_string\"}],\"inLanguage\":\"sr-RS\"},{\"@type\":\"Organization\",\"@id\":\"https:\/\/leptokariarealestate.gr\/sr\/#organization\",\"name\":\"Leptokaria Real Estate\",\"url\":\"https:\/\/leptokariarealestate.gr\/sr\/\",\"logo\":{\"@type\":\"ImageObject\",\"inLanguage\":\"sr-RS\",\"@id\":\"https:\/\/leptokariarealestate.gr\/sr\/#\/schema\/logo\/image\/\",\"url\":\"https:\/\/leptokariarealestate.gr\/wp-content\/uploads\/2024\/03\/Leptokaria-Real-Estate-Logo.svg\",\"contentUrl\":\"https:\/\/leptokariarealestate.gr\/wp-content\/uploads\/2024\/03\/Leptokaria-Real-Estate-Logo.svg\",\"width\":113,\"height\":59,\"caption\":\"Leptokaria Real Estate\"},\"image\":{\"@id\":\"https:\/\/leptokariarealestate.gr\/sr\/#\/schema\/logo\/image\/\"},\"sameAs\":[\"https:\/\/www.facebook.com\/jannis.karakitsios\"]}]}<\/script>\n<!-- \/ Yoast SEO plugin. -->","yoast_head_json":{"title":"NA PRODAJU PARCELE SA GRA\u0110EVINSKOM DOZVOLOM \u2013 LEPTOKARIJA - Leptokaria Real Estate","robots":{"index":"index","follow":"follow","max-snippet":"max-snippet:-1","max-image-preview":"max-image-preview:large","max-video-preview":"max-video-preview:-1"},"canonical":"https:\/\/leptokariarealestate.gr\/sr\/\u043f\u0440\u043e\u0438\u0437\u0432\u043e\u0434\/na-prodaju-parcele-sa-gradjevinskom-dozvolom-leptokarija\/","og_locale":"sr_RS","og_type":"article","og_title":"NA PRODAJU PARCELE SA GRA\u0110EVINSKOM DOZVOLOM \u2013 LEPTOKARIJA - Leptokaria Real Estate","og_description":"NA PRODAJU PARCELE SA GRA\u0110EVINSKOM DOZVOLOM \u2013 LEPTOKARIJA, PIERIJA NA PRODAJU PARCELE SA GRA\u0110EVINSKOM DOZVOLOM \u2013 LEPTOKARIJA, PIERIJA U mirnom podru\u010dju Topoliani, nadomak Leptokarije u Pieriji, prodaju se parcele sa gotovom gra\u0111evinskom dozvolom za izgradnju dvospratne ku\u0107e (mezonete) povr\u0161ine 50 m\u00b2.Odli\u010dna prilika za izgradnju vikendice ili investiciju u turizam, na idealnoj lokaciji, blizu prirode i mora. Karakteristike: Povr\u0161ina parcela: od 300 m\u00b2 do 750 m\u00b2 Gotova dozvola za izgradnju mezonete 50 m\u00b2 Udaljenost od mora: samo 1,2 km Lokacija: Mirno prirodno okru\u017eenje, blizu organizovane pla\u017ee i sadr\u017eaja u Leptokariji Cena: Ve\u0107 od 23.500 \u20ac, u zavisnosti od veli\u010dine parcele Parcele su spremne za momentalnu gradnju, bez \u010dekanja na dozvole. Idealne za li\u010dnu upotrebu, vikendicu, ili turisti\u010dki najam (Airbnb). Kontaktirajte nas za vi\u0161e informacija ili da zaka\u017eete obilazak:+30 6932 648378","og_url":"https:\/\/leptokariarealestate.gr\/sr\/\u043f\u0440\u043e\u0438\u0437\u0432\u043e\u0434\/na-prodaju-parcele-sa-gradjevinskom-dozvolom-leptokarija\/","og_site_name":"Leptokaria Real Estate","article_publisher":"https:\/\/www.facebook.com\/jannis.karakitsios","og_image":[{"width":1600,"height":1200,"url":"https:\/\/leptokariarealestate.gr\/wp-content\/uploads\/2025\/06\/4.jpeg","type":"image\/jpeg"}],"twitter_card":"summary_large_image","twitter_misc":{"\u041f\u0440\u043e\u0446\u0435\u045a\u0435\u043d\u043e \u0432\u0440\u0435\u043c\u0435 \u0447\u0438\u0442\u0430\u045a\u0430":"1 \u043c\u0438\u043d\u0443\u0442"},"schema":{"@context":"https:\/\/schema.org","@graph":[{"@type":"WebPage","@id":"https:\/\/leptokariarealestate.gr\/sr\/\u043f\u0440\u043e\u0438\u0437\u0432\u043e\u0434\/na-prodaju-parcele-sa-gradjevinskom-dozvolom-leptokarija\/","url":"https:\/\/leptokariarealestate.gr\/sr\/\u043f\u0440\u043e\u0438\u0437\u0432\u043e\u0434\/na-prodaju-parcele-sa-gradjevinskom-dozvolom-leptokarija\/","name":"NA PRODAJU PARCELE SA GRA\u0110EVINSKOM DOZVOLOM \u2013 LEPTOKARIJA - Leptokaria Real Estate","isPartOf":{"@id":"https:\/\/leptokariarealestate.gr\/sr\/#website"},"primaryImageOfPage":{"@id":"https:\/\/leptokariarealestate.gr\/sr\/\u043f\u0440\u043e\u0438\u0437\u0432\u043e\u0434\/na-prodaju-parcele-sa-gradjevinskom-dozvolom-leptokarija\/#primaryimage"},"image":{"@id":"https:\/\/leptokariarealestate.gr\/sr\/\u043f\u0440\u043e\u0438\u0437\u0432\u043e\u0434\/na-prodaju-parcele-sa-gradjevinskom-dozvolom-leptokarija\/#primaryimage"},"thumbnailUrl":"https:\/\/leptokariarealestate.gr\/wp-content\/uploads\/2025\/06\/4.jpeg","datePublished":"2025-06-04T11:30:37+00:00","dateModified":"2025-06-04T11:30:37+00:00","breadcrumb":{"@id":"https:\/\/leptokariarealestate.gr\/sr\/\u043f\u0440\u043e\u0438\u0437\u0432\u043e\u0434\/na-prodaju-parcele-sa-gradjevinskom-dozvolom-leptokarija\/#breadcrumb"},"inLanguage":"sr-RS","potentialAction":[{"@type":"ReadAction","target":["https:\/\/leptokariarealestate.gr\/sr\/\u043f\u0440\u043e\u0438\u0437\u0432\u043e\u0434\/na-prodaju-parcele-sa-gradjevinskom-dozvolom-leptokarija\/"]}]},{"@type":"ImageObject","inLanguage":"sr-RS","@id":"https:\/\/leptokariarealestate.gr\/sr\/\u043f\u0440\u043e\u0438\u0437\u0432\u043e\u0434\/na-prodaju-parcele-sa-gradjevinskom-dozvolom-leptokarija\/#primaryimage","url":"https:\/\/leptokariarealestate.gr\/wp-content\/uploads\/2025\/06\/4.jpeg","contentUrl":"https:\/\/leptokariarealestate.gr\/wp-content\/uploads\/2025\/06\/4.jpeg","width":1600,"height":1200},{"@type":"BreadcrumbList","@id":"https:\/\/leptokariarealestate.gr\/sr\/\u043f\u0440\u043e\u0438\u0437\u0432\u043e\u0434\/na-prodaju-parcele-sa-gradjevinskom-dozvolom-leptokarija\/#breadcrumb","itemListElement":[{"@type":"ListItem","position":1,"name":"\u041d\u0435\u043a\u0440\u0435\u0442\u043d\u0438\u043d\u0435","item":"https:\/\/leptokariarealestate.gr\/sr\/%d0%bd%d0%b5%d0%ba%d1%80%d0%b5%d1%82%d0%bd%d0%b8%d0%bd%d0%b5\/"},{"@type":"ListItem","position":2,"name":"NA PRODAJU PARCELE SA GRA\u0110EVINSKOM DOZVOLOM \u2013 LEPTOKARIJA"}]},{"@type":"WebSite","@id":"https:\/\/leptokariarealestate.gr\/sr\/#website","url":"https:\/\/leptokariarealestate.gr\/sr\/","name":"Leptokaria Real Estate","description":"","publisher":{"@id":"https:\/\/leptokariarealestate.gr\/sr\/#organization"},"potentialAction":[{"@type":"SearchAction","target":{"@type":"EntryPoint","urlTemplate":"https:\/\/leptokariarealestate.gr\/sr\/?s={search_term_string}"},"query-input":"required name=search_term_string"}],"inLanguage":"sr-RS"},{"@type":"Organization","@id":"https:\/\/leptokariarealestate.gr\/sr\/#organization","name":"Leptokaria Real Estate","url":"https:\/\/leptokariarealestate.gr\/sr\/","logo":{"@type":"ImageObject","inLanguage":"sr-RS","@id":"https:\/\/leptokariarealestate.gr\/sr\/#\/schema\/logo\/image\/","url":"https:\/\/leptokariarealestate.gr\/wp-content\/uploads\/2024\/03\/Leptokaria-Real-Estate-Logo.svg","contentUrl":"https:\/\/leptokariarealestate.gr\/wp-content\/uploads\/2024\/03\/Leptokaria-Real-Estate-Logo.svg","width":113,"height":59,"caption":"Leptokaria Real Estate"},"image":{"@id":"https:\/\/leptokariarealestate.gr\/sr\/#\/schema\/logo\/image\/"},"sameAs":["https:\/\/www.facebook.com\/jannis.karakitsios"]}]}},"_links":{"self":[{"href":"https:\/\/leptokariarealestate.gr\/sr\/wp-json\/wp\/v2\/product\/1878"}],"collection":[{"href":"https:\/\/leptokariarealestate.gr\/sr\/wp-json\/wp\/v2\/product"}],"about":[{"href":"https:\/\/leptokariarealestate.gr\/sr\/wp-json\/wp\/v2\/types\/product"}],"wp:featuredmedia":[{"embeddable":true,"href":"https:\/\/leptokariarealestate.gr\/sr\/wp-json\/wp\/v2\/media\/1867"}],"wp:attachment":[{"href":"https:\/\/leptokariarealestate.gr\/sr\/wp-json\/wp\/v2\/media?parent=1878"}],"wp:term":[{"taxonomy":"product_cat","embeddable":true,"href":"https:\/\/leptokariarealestate.gr\/sr\/wp-json\/wp\/v2\/product_cat?post=1878"},{"taxonomy":"product_tag","embeddable":true,"href":"https:\/\/leptokariarealestate.gr\/sr\/wp-json\/wp\/v2\/product_tag?post=1878"}],"curies":[{"name":"wp","href":"https:\/\/api.w.org\/{rel}","templated":true}]}}