{"id":1864,"date":"2025-06-04T13:49:36","date_gmt":"2025-06-04T10:49:36","guid":{"rendered":"https:\/\/leptokariarealestate.gr\/product\/%f0%9f%8f%a0-prodaju-se-3-stana-u-istoj-zgradi-u-centru-leptokarije\/"},"modified":"2025-06-07T12:06:27","modified_gmt":"2025-06-07T09:06:27","slug":"%f0%9f%8f%a0-prodaju-se-3-stana-u-istoj-zgradi-u-centru-leptokarije","status":"publish","type":"product","link":"https:\/\/leptokariarealestate.gr\/sr\/\u043f\u0440\u043e\u0438\u0437\u0432\u043e\u0434\/%f0%9f%8f%a0-prodaju-se-3-stana-u-istoj-zgradi-u-centru-leptokarije\/","title":{"rendered":"\ud83c\udfe0 PRODAJU SE 3 STANA U ISTOJ ZGRADI U CENTRU LEPTOKARIJE"},"content":{"rendered":"<p>\ud83c\udfe0 PRODAJU SE 3 STANA U LEPTOKARIJI<\/p>\n<p>U samom centru naselja \u2013 Na samo 500m od mora!<br \/>\nPredstavljamo vam izuzetnu investicionu priliku:<br \/>\nTri (3) potpuno autonomna stana u istoj moderno gra\u0111enoj zgradi, u centru Leptokarije, na samo nekoliko minuta hoda od pla\u017ee.<\/p>\n<p>\ud83d\udcd0 Osnovne karakteristike:<\/p>\n<p>Povr\u0161ina: 92,5 m\u00b2 neto &#8211; svaki stan<br \/>\nRaspored prostorija: Prostrani dnevni boravak, funkcionalna kuhinja, kupatilo i dve spava\u0107e sobe<br \/>\nTerase: Velike i svetle terase sa pogledom na planinu Olimp<br \/>\nParking: Lako dostupan i bez problema za parkiranje<\/p>\n<p>\ud83d\udccd Lokacija:<\/p>\n<p>Nalaze se u samom centru Leptokarije, sa lakim pristupom prodavnicama, restoranima, pijaci i javnom prevozu, a udaljeni su samo 500 metara od pla\u017ee.<\/p>\n<p>\ud83d\udcb0 Cena: 135.000\u20ac po stanu<\/p>\n<p>Bilo da tra\u017eite dom za stalno stanovanje ili sigurnu turisti\u010dku investiciju, ovi stanovi nude savr\u0161en spoj komfora, lokacije i vrednosti.<\/p>\n<p>\ud83d\udcde Kontaktirajte nas ve\u0107 danas za vi\u0161e informacija ili da zaka\u017eete obilazak!<\/p>\n<p>69 32 64 83 78<\/p>\n","protected":false},"excerpt":{"rendered":"<p>\ud83c\udfe0 PRODAJU SE 3 STANA U LEPTOKARIJI<\/p>\n<p>\u2728 U samom centru naselja \u2013 Na samo 500m od mora!<\/p>\n<p>Predstavljamo vam izuzetnu investicionu priliku:<br \/>\nTri (3) potpuno autonomna stana u istoj moderno gra\u0111enoj zgradi, u centru Leptokarije, na samo nekoliko minuta hoda od pla\u017ee.<\/p>\n<p>\ud83d\udcd0 Osnovne karakteristike:<\/p>\n<p>Povr\u0161ina: 92,5 m\u00b2 neto &#8211; svaki stan<br \/>\nRaspored prostorija: Prostrani dnevni boravak, funkcionalna kuhinja, kupatilo i dve spava\u0107e sobe<br \/>\nTerase: Velike i svetle terase sa pogledom na planinu Olimp<br \/>\nParking: Lako dostupan i bez problema za parkiranje<\/p>\n<p>\ud83d\udccd Lokacija:<\/p>\n<p>Nalaze se u samom centru Leptokarije, sa lakim pristupom prodavnicama, restoranima, pijaci i javnom prevozu, a udaljeni su samo 500 metara od pla\u017ee.<\/p>\n<p>\ud83d\udcb0 Cena: 135.000\u20ac po stanu<\/p>\n<p>Bilo da tra\u017eite dom za stalno stanovanje ili sigurnu turisti\u010dku investiciju, ovi stanovi nude savr\u0161en spoj komfora, lokacije i vrednosti.<\/p>\n<p>\ud83d\udcde Kontaktirajte nas ve\u0107 danas za vi\u0161e informacija ili da zaka\u017eete obilazak! <\/p>\n<p>0030 69 32 64 83 78<br \/>\n69 32 64 83 78<\/p>\n","protected":false},"featured_media":1857,"template":"","meta":[],"product_cat":[75,87],"product_tag":[],"yoast_head":"<!-- This site is optimized with the Yoast SEO plugin v22.8 - https:\/\/yoast.com\/wordpress\/plugins\/seo\/ -->\n<title>\ud83c\udfe0 PRODAJU SE 3 STANA U ISTOJ ZGRADI U CENTRU LEPTOKARIJE - Leptokaria Real Estate<\/title>\n<meta name=\"robots\" content=\"index, follow, max-snippet:-1, max-image-preview:large, max-video-preview:-1\" \/>\n<link rel=\"canonical\" href=\"https:\/\/leptokariarealestate.gr\/sr\/\u043f\u0440\u043e\u0438\u0437\u0432\u043e\u0434\/%f0%9f%8f%a0-prodaju-se-3-stana-u-istoj-zgradi-u-centru-leptokarije\/\" \/>\n<meta property=\"og:locale\" content=\"sr_RS\" \/>\n<meta property=\"og:type\" content=\"article\" \/>\n<meta property=\"og:title\" content=\"\ud83c\udfe0 PRODAJU SE 3 STANA U ISTOJ ZGRADI U CENTRU LEPTOKARIJE - Leptokaria Real Estate\" \/>\n<meta property=\"og:description\" content=\"\ud83c\udfe0 PRODAJU SE 3 STANA U LEPTOKARIJI \u2728 U samom centru naselja \u2013 Na samo 500m od mora! Predstavljamo vam izuzetnu investicionu priliku: Tri (3) potpuno autonomna stana u istoj moderno gra\u0111enoj zgradi, u centru Leptokarije, na samo nekoliko minuta hoda od pla\u017ee. \ud83d\udcd0 Osnovne karakteristike: Povr\u0161ina: 92,5 m\u00b2 neto - svaki stan Raspored prostorija: Prostrani dnevni boravak, funkcionalna kuhinja, kupatilo i dve spava\u0107e sobe Terase: Velike i svetle terase sa pogledom na planinu Olimp Parking: Lako dostupan i bez problema za parkiranje \ud83d\udccd Lokacija: Nalaze se u samom centru Leptokarije, sa lakim pristupom prodavnicama, restoranima, pijaci i javnom prevozu, a udaljeni su samo 500 metara od pla\u017ee. \ud83d\udcb0 Cena: 135.000\u20ac po stanu Bilo da tra\u017eite dom za stalno stanovanje ili sigurnu turisti\u010dku investiciju, ovi stanovi nude savr\u0161en spoj komfora, lokacije i vrednosti. \ud83d\udcde Kontaktirajte nas ve\u0107 danas za vi\u0161e informacija ili da zaka\u017eete obilazak!  0030 69 32 64 83 78 69 32 64 83 78\" \/>\n<meta property=\"og:url\" content=\"https:\/\/leptokariarealestate.gr\/sr\/\u043f\u0440\u043e\u0438\u0437\u0432\u043e\u0434\/%f0%9f%8f%a0-prodaju-se-3-stana-u-istoj-zgradi-u-centru-leptokarije\/\" \/>\n<meta property=\"og:site_name\" content=\"Leptokaria Real Estate\" \/>\n<meta property=\"article:publisher\" content=\"https:\/\/www.facebook.com\/jannis.karakitsios\" \/>\n<meta property=\"article:modified_time\" content=\"2025-06-07T09:06:27+00:00\" \/>\n<meta property=\"og:image\" content=\"https:\/\/leptokariarealestate.gr\/wp-content\/uploads\/2025\/06\/viber_image_2025-05-27_12-58-12-230.jpg\" \/>\n\t<meta property=\"og:image:width\" content=\"1200\" \/>\n\t<meta property=\"og:image:height\" content=\"1600\" \/>\n\t<meta property=\"og:image:type\" content=\"image\/jpeg\" \/>\n<meta name=\"twitter:card\" content=\"summary_large_image\" \/>\n<meta name=\"twitter:label1\" content=\"\u041f\u0440\u043e\u0446\u0435\u045a\u0435\u043d\u043e \u0432\u0440\u0435\u043c\u0435 \u0447\u0438\u0442\u0430\u045a\u0430\" \/>\n\t<meta name=\"twitter:data1\" content=\"1 \u043c\u0438\u043d\u0443\u0442\" \/>\n<script type=\"application\/ld+json\" class=\"yoast-schema-graph\">{\"@context\":\"https:\/\/schema.org\",\"@graph\":[{\"@type\":\"WebPage\",\"@id\":\"https:\/\/leptokariarealestate.gr\/sr\/\u043f\u0440\u043e\u0438\u0437\u0432\u043e\u0434\/%f0%9f%8f%a0-prodaju-se-3-stana-u-istoj-zgradi-u-centru-leptokarije\/\",\"url\":\"https:\/\/leptokariarealestate.gr\/sr\/\u043f\u0440\u043e\u0438\u0437\u0432\u043e\u0434\/%f0%9f%8f%a0-prodaju-se-3-stana-u-istoj-zgradi-u-centru-leptokarije\/\",\"name\":\"\ud83c\udfe0 PRODAJU SE 3 STANA U ISTOJ ZGRADI U CENTRU LEPTOKARIJE - Leptokaria Real Estate\",\"isPartOf\":{\"@id\":\"https:\/\/leptokariarealestate.gr\/sr\/#website\"},\"primaryImageOfPage\":{\"@id\":\"https:\/\/leptokariarealestate.gr\/sr\/\u043f\u0440\u043e\u0438\u0437\u0432\u043e\u0434\/%f0%9f%8f%a0-prodaju-se-3-stana-u-istoj-zgradi-u-centru-leptokarije\/#primaryimage\"},\"image\":{\"@id\":\"https:\/\/leptokariarealestate.gr\/sr\/\u043f\u0440\u043e\u0438\u0437\u0432\u043e\u0434\/%f0%9f%8f%a0-prodaju-se-3-stana-u-istoj-zgradi-u-centru-leptokarije\/#primaryimage\"},\"thumbnailUrl\":\"https:\/\/leptokariarealestate.gr\/wp-content\/uploads\/2025\/06\/viber_image_2025-05-27_12-58-12-230.jpg\",\"datePublished\":\"2025-06-04T10:49:36+00:00\",\"dateModified\":\"2025-06-07T09:06:27+00:00\",\"breadcrumb\":{\"@id\":\"https:\/\/leptokariarealestate.gr\/sr\/\u043f\u0440\u043e\u0438\u0437\u0432\u043e\u0434\/%f0%9f%8f%a0-prodaju-se-3-stana-u-istoj-zgradi-u-centru-leptokarije\/#breadcrumb\"},\"inLanguage\":\"sr-RS\",\"potentialAction\":[{\"@type\":\"ReadAction\",\"target\":[\"https:\/\/leptokariarealestate.gr\/sr\/\u043f\u0440\u043e\u0438\u0437\u0432\u043e\u0434\/%f0%9f%8f%a0-prodaju-se-3-stana-u-istoj-zgradi-u-centru-leptokarije\/\"]}]},{\"@type\":\"ImageObject\",\"inLanguage\":\"sr-RS\",\"@id\":\"https:\/\/leptokariarealestate.gr\/sr\/\u043f\u0440\u043e\u0438\u0437\u0432\u043e\u0434\/%f0%9f%8f%a0-prodaju-se-3-stana-u-istoj-zgradi-u-centru-leptokarije\/#primaryimage\",\"url\":\"https:\/\/leptokariarealestate.gr\/wp-content\/uploads\/2025\/06\/viber_image_2025-05-27_12-58-12-230.jpg\",\"contentUrl\":\"https:\/\/leptokariarealestate.gr\/wp-content\/uploads\/2025\/06\/viber_image_2025-05-27_12-58-12-230.jpg\",\"width\":1200,\"height\":1600},{\"@type\":\"BreadcrumbList\",\"@id\":\"https:\/\/leptokariarealestate.gr\/sr\/\u043f\u0440\u043e\u0438\u0437\u0432\u043e\u0434\/%f0%9f%8f%a0-prodaju-se-3-stana-u-istoj-zgradi-u-centru-leptokarije\/#breadcrumb\",\"itemListElement\":[{\"@type\":\"ListItem\",\"position\":1,\"name\":\"\u041d\u0435\u043a\u0440\u0435\u0442\u043d\u0438\u043d\u0435\",\"item\":\"https:\/\/leptokariarealestate.gr\/sr\/%d0%bd%d0%b5%d0%ba%d1%80%d0%b5%d1%82%d0%bd%d0%b8%d0%bd%d0%b5\/\"},{\"@type\":\"ListItem\",\"position\":2,\"name\":\"\u03a7\u03c9\u03c1\u03af\u03c2 \u03ba\u03b1\u03c4\u03b7\u03b3\u03bf\u03c1\u03af\u03b1\",\"item\":\"https:\/\/leptokariarealestate.gr\/sr\/\u043a\u0430\u0442\u0435\u0433\u043e\u0440\u0438\u0458\u0430-\u043f\u0440\u043e\u0438\u0437\u0432\u043e\u0434\u0430\/%cf%87%cf%89%cf%81%ce%af%cf%82-%ce%ba%ce%b1%cf%84%ce%b7%ce%b3%ce%bf%cf%81%ce%af%ce%b1-sr\/\"},{\"@type\":\"ListItem\",\"position\":3,\"name\":\"\ud83c\udfe0 PRODAJU SE 3 STANA U ISTOJ ZGRADI U CENTRU LEPTOKARIJE\"}]},{\"@type\":\"WebSite\",\"@id\":\"https:\/\/leptokariarealestate.gr\/sr\/#website\",\"url\":\"https:\/\/leptokariarealestate.gr\/sr\/\",\"name\":\"Leptokaria Real Estate\",\"description\":\"\",\"publisher\":{\"@id\":\"https:\/\/leptokariarealestate.gr\/sr\/#organization\"},\"potentialAction\":[{\"@type\":\"SearchAction\",\"target\":{\"@type\":\"EntryPoint\",\"urlTemplate\":\"https:\/\/leptokariarealestate.gr\/sr\/?s={search_term_string}\"},\"query-input\":\"required name=search_term_string\"}],\"inLanguage\":\"sr-RS\"},{\"@type\":\"Organization\",\"@id\":\"https:\/\/leptokariarealestate.gr\/sr\/#organization\",\"name\":\"Leptokaria Real Estate\",\"url\":\"https:\/\/leptokariarealestate.gr\/sr\/\",\"logo\":{\"@type\":\"ImageObject\",\"inLanguage\":\"sr-RS\",\"@id\":\"https:\/\/leptokariarealestate.gr\/sr\/#\/schema\/logo\/image\/\",\"url\":\"https:\/\/leptokariarealestate.gr\/wp-content\/uploads\/2024\/03\/Leptokaria-Real-Estate-Logo.svg\",\"contentUrl\":\"https:\/\/leptokariarealestate.gr\/wp-content\/uploads\/2024\/03\/Leptokaria-Real-Estate-Logo.svg\",\"width\":113,\"height\":59,\"caption\":\"Leptokaria Real Estate\"},\"image\":{\"@id\":\"https:\/\/leptokariarealestate.gr\/sr\/#\/schema\/logo\/image\/\"},\"sameAs\":[\"https:\/\/www.facebook.com\/jannis.karakitsios\"]}]}<\/script>\n<!-- \/ Yoast SEO plugin. -->","yoast_head_json":{"title":"\ud83c\udfe0 PRODAJU SE 3 STANA U ISTOJ ZGRADI U CENTRU LEPTOKARIJE - Leptokaria Real Estate","robots":{"index":"index","follow":"follow","max-snippet":"max-snippet:-1","max-image-preview":"max-image-preview:large","max-video-preview":"max-video-preview:-1"},"canonical":"https:\/\/leptokariarealestate.gr\/sr\/\u043f\u0440\u043e\u0438\u0437\u0432\u043e\u0434\/%f0%9f%8f%a0-prodaju-se-3-stana-u-istoj-zgradi-u-centru-leptokarije\/","og_locale":"sr_RS","og_type":"article","og_title":"\ud83c\udfe0 PRODAJU SE 3 STANA U ISTOJ ZGRADI U CENTRU LEPTOKARIJE - Leptokaria Real Estate","og_description":"\ud83c\udfe0 PRODAJU SE 3 STANA U LEPTOKARIJI \u2728 U samom centru naselja \u2013 Na samo 500m od mora! Predstavljamo vam izuzetnu investicionu priliku: Tri (3) potpuno autonomna stana u istoj moderno gra\u0111enoj zgradi, u centru Leptokarije, na samo nekoliko minuta hoda od pla\u017ee. \ud83d\udcd0 Osnovne karakteristike: Povr\u0161ina: 92,5 m\u00b2 neto - svaki stan Raspored prostorija: Prostrani dnevni boravak, funkcionalna kuhinja, kupatilo i dve spava\u0107e sobe Terase: Velike i svetle terase sa pogledom na planinu Olimp Parking: Lako dostupan i bez problema za parkiranje \ud83d\udccd Lokacija: Nalaze se u samom centru Leptokarije, sa lakim pristupom prodavnicama, restoranima, pijaci i javnom prevozu, a udaljeni su samo 500 metara od pla\u017ee. \ud83d\udcb0 Cena: 135.000\u20ac po stanu Bilo da tra\u017eite dom za stalno stanovanje ili sigurnu turisti\u010dku investiciju, ovi stanovi nude savr\u0161en spoj komfora, lokacije i vrednosti. \ud83d\udcde Kontaktirajte nas ve\u0107 danas za vi\u0161e informacija ili da zaka\u017eete obilazak!  0030 69 32 64 83 78 69 32 64 83 78","og_url":"https:\/\/leptokariarealestate.gr\/sr\/\u043f\u0440\u043e\u0438\u0437\u0432\u043e\u0434\/%f0%9f%8f%a0-prodaju-se-3-stana-u-istoj-zgradi-u-centru-leptokarije\/","og_site_name":"Leptokaria Real Estate","article_publisher":"https:\/\/www.facebook.com\/jannis.karakitsios","article_modified_time":"2025-06-07T09:06:27+00:00","og_image":[{"width":1200,"height":1600,"url":"https:\/\/leptokariarealestate.gr\/wp-content\/uploads\/2025\/06\/viber_image_2025-05-27_12-58-12-230.jpg","type":"image\/jpeg"}],"twitter_card":"summary_large_image","twitter_misc":{"\u041f\u0440\u043e\u0446\u0435\u045a\u0435\u043d\u043e \u0432\u0440\u0435\u043c\u0435 \u0447\u0438\u0442\u0430\u045a\u0430":"1 \u043c\u0438\u043d\u0443\u0442"},"schema":{"@context":"https:\/\/schema.org","@graph":[{"@type":"WebPage","@id":"https:\/\/leptokariarealestate.gr\/sr\/\u043f\u0440\u043e\u0438\u0437\u0432\u043e\u0434\/%f0%9f%8f%a0-prodaju-se-3-stana-u-istoj-zgradi-u-centru-leptokarije\/","url":"https:\/\/leptokariarealestate.gr\/sr\/\u043f\u0440\u043e\u0438\u0437\u0432\u043e\u0434\/%f0%9f%8f%a0-prodaju-se-3-stana-u-istoj-zgradi-u-centru-leptokarije\/","name":"\ud83c\udfe0 PRODAJU SE 3 STANA U ISTOJ ZGRADI U CENTRU LEPTOKARIJE - Leptokaria Real Estate","isPartOf":{"@id":"https:\/\/leptokariarealestate.gr\/sr\/#website"},"primaryImageOfPage":{"@id":"https:\/\/leptokariarealestate.gr\/sr\/\u043f\u0440\u043e\u0438\u0437\u0432\u043e\u0434\/%f0%9f%8f%a0-prodaju-se-3-stana-u-istoj-zgradi-u-centru-leptokarije\/#primaryimage"},"image":{"@id":"https:\/\/leptokariarealestate.gr\/sr\/\u043f\u0440\u043e\u0438\u0437\u0432\u043e\u0434\/%f0%9f%8f%a0-prodaju-se-3-stana-u-istoj-zgradi-u-centru-leptokarije\/#primaryimage"},"thumbnailUrl":"https:\/\/leptokariarealestate.gr\/wp-content\/uploads\/2025\/06\/viber_image_2025-05-27_12-58-12-230.jpg","datePublished":"2025-06-04T10:49:36+00:00","dateModified":"2025-06-07T09:06:27+00:00","breadcrumb":{"@id":"https:\/\/leptokariarealestate.gr\/sr\/\u043f\u0440\u043e\u0438\u0437\u0432\u043e\u0434\/%f0%9f%8f%a0-prodaju-se-3-stana-u-istoj-zgradi-u-centru-leptokarije\/#breadcrumb"},"inLanguage":"sr-RS","potentialAction":[{"@type":"ReadAction","target":["https:\/\/leptokariarealestate.gr\/sr\/\u043f\u0440\u043e\u0438\u0437\u0432\u043e\u0434\/%f0%9f%8f%a0-prodaju-se-3-stana-u-istoj-zgradi-u-centru-leptokarije\/"]}]},{"@type":"ImageObject","inLanguage":"sr-RS","@id":"https:\/\/leptokariarealestate.gr\/sr\/\u043f\u0440\u043e\u0438\u0437\u0432\u043e\u0434\/%f0%9f%8f%a0-prodaju-se-3-stana-u-istoj-zgradi-u-centru-leptokarije\/#primaryimage","url":"https:\/\/leptokariarealestate.gr\/wp-content\/uploads\/2025\/06\/viber_image_2025-05-27_12-58-12-230.jpg","contentUrl":"https:\/\/leptokariarealestate.gr\/wp-content\/uploads\/2025\/06\/viber_image_2025-05-27_12-58-12-230.jpg","width":1200,"height":1600},{"@type":"BreadcrumbList","@id":"https:\/\/leptokariarealestate.gr\/sr\/\u043f\u0440\u043e\u0438\u0437\u0432\u043e\u0434\/%f0%9f%8f%a0-prodaju-se-3-stana-u-istoj-zgradi-u-centru-leptokarije\/#breadcrumb","itemListElement":[{"@type":"ListItem","position":1,"name":"\u041d\u0435\u043a\u0440\u0435\u0442\u043d\u0438\u043d\u0435","item":"https:\/\/leptokariarealestate.gr\/sr\/%d0%bd%d0%b5%d0%ba%d1%80%d0%b5%d1%82%d0%bd%d0%b8%d0%bd%d0%b5\/"},{"@type":"ListItem","position":2,"name":"\u03a7\u03c9\u03c1\u03af\u03c2 \u03ba\u03b1\u03c4\u03b7\u03b3\u03bf\u03c1\u03af\u03b1","item":"https:\/\/leptokariarealestate.gr\/sr\/\u043a\u0430\u0442\u0435\u0433\u043e\u0440\u0438\u0458\u0430-\u043f\u0440\u043e\u0438\u0437\u0432\u043e\u0434\u0430\/%cf%87%cf%89%cf%81%ce%af%cf%82-%ce%ba%ce%b1%cf%84%ce%b7%ce%b3%ce%bf%cf%81%ce%af%ce%b1-sr\/"},{"@type":"ListItem","position":3,"name":"\ud83c\udfe0 PRODAJU SE 3 STANA U ISTOJ ZGRADI U CENTRU LEPTOKARIJE"}]},{"@type":"WebSite","@id":"https:\/\/leptokariarealestate.gr\/sr\/#website","url":"https:\/\/leptokariarealestate.gr\/sr\/","name":"Leptokaria Real Estate","description":"","publisher":{"@id":"https:\/\/leptokariarealestate.gr\/sr\/#organization"},"potentialAction":[{"@type":"SearchAction","target":{"@type":"EntryPoint","urlTemplate":"https:\/\/leptokariarealestate.gr\/sr\/?s={search_term_string}"},"query-input":"required name=search_term_string"}],"inLanguage":"sr-RS"},{"@type":"Organization","@id":"https:\/\/leptokariarealestate.gr\/sr\/#organization","name":"Leptokaria Real Estate","url":"https:\/\/leptokariarealestate.gr\/sr\/","logo":{"@type":"ImageObject","inLanguage":"sr-RS","@id":"https:\/\/leptokariarealestate.gr\/sr\/#\/schema\/logo\/image\/","url":"https:\/\/leptokariarealestate.gr\/wp-content\/uploads\/2024\/03\/Leptokaria-Real-Estate-Logo.svg","contentUrl":"https:\/\/leptokariarealestate.gr\/wp-content\/uploads\/2024\/03\/Leptokaria-Real-Estate-Logo.svg","width":113,"height":59,"caption":"Leptokaria Real Estate"},"image":{"@id":"https:\/\/leptokariarealestate.gr\/sr\/#\/schema\/logo\/image\/"},"sameAs":["https:\/\/www.facebook.com\/jannis.karakitsios"]}]}},"_links":{"self":[{"href":"https:\/\/leptokariarealestate.gr\/sr\/wp-json\/wp\/v2\/product\/1864"}],"collection":[{"href":"https:\/\/leptokariarealestate.gr\/sr\/wp-json\/wp\/v2\/product"}],"about":[{"href":"https:\/\/leptokariarealestate.gr\/sr\/wp-json\/wp\/v2\/types\/product"}],"wp:featuredmedia":[{"embeddable":true,"href":"https:\/\/leptokariarealestate.gr\/sr\/wp-json\/wp\/v2\/media\/1857"}],"wp:attachment":[{"href":"https:\/\/leptokariarealestate.gr\/sr\/wp-json\/wp\/v2\/media?parent=1864"}],"wp:term":[{"taxonomy":"product_cat","embeddable":true,"href":"https:\/\/leptokariarealestate.gr\/sr\/wp-json\/wp\/v2\/product_cat?post=1864"},{"taxonomy":"product_tag","embeddable":true,"href":"https:\/\/leptokariarealestate.gr\/sr\/wp-json\/wp\/v2\/product_tag?post=1864"}],"curies":[{"name":"wp","href":"https:\/\/api.w.org\/{rel}","templated":true}]}}