{"id":1824,"date":"2025-05-16T11:12:02","date_gmt":"2025-05-16T08:12:02","guid":{"rendered":"https:\/\/leptokariarealestate.gr\/product\/%f0%9f%8c%85-na-prodaju-stan-sa-prelepim-pogledom-na-more-i-olimp-plaza-leptokarija\/"},"modified":"2025-05-16T11:12:02","modified_gmt":"2025-05-16T08:12:02","slug":"%f0%9f%8c%85-na-prodaju-stan-sa-prelepim-pogledom-na-more-i-olimp-plaza-leptokarija","status":"publish","type":"product","link":"https:\/\/leptokariarealestate.gr\/sr\/\u043f\u0440\u043e\u0438\u0437\u0432\u043e\u0434\/%f0%9f%8c%85-na-prodaju-stan-sa-prelepim-pogledom-na-more-i-olimp-plaza-leptokarija\/","title":{"rendered":"\ud83c\udf05 Na prodaju stan sa prelepim pogledom na more i Olimp \u2013 Pla\u017ea Leptokarija<br><br>"},"content":{"rendered":"<p>\ud83c\udf05 Na prodaju stan sa prelepim pogledom na more i Olimp \u2013 Pla\u017ea Leptokarija<br \/>\nJedinstvena prilika! Na prodaju je svetao i prelep stan povr\u0161ine 31 m\u00b2, na 2. spratu, u srcu Pla\u017ee Leptokarija, samo 80 metara od mora. <\/p>\n<p>\ud83d\udd39 Karakteristike nekretnine:<\/p>\n<p>Prostrana dnevna soba sa izlazom na dva velika balkona<\/p>\n<p>Prelep pogled na besprekorno more i veli\u010danstveni Olimp<\/p>\n<p>Potpuno name\u0161ten i opremljen, uklju\u010duju\u0107i sve elektri\u010dne ure\u0111aje<\/p>\n<p>Moderni unutra\u0161nji dizajn i kvalitetni materijali<\/p>\n<p>Samostalno grejanje na naftu<\/p>\n<p>Klimatizacija (A\/C) za udobnost tokom cele godine<\/p>\n<p>Suncobrani na balkonima za za\u0161titu od sunca<\/p>\n<p>Dostupan parking<\/p>\n<p>\ud83d\udccd Stan se nalazi na izuzetnoj lokaciji, u blizini ure\u0111ene pla\u017ee, prodavnica, supermarketa i javnog prevoza.<\/p>\n<p>\ud83d\udca1 Idealno za:<\/p>\n<p>Letnji odmor<\/p>\n<p>Investiciju sa turisti\u010dkim prihodom (npr. Airbnb)<\/p>\n<p>Parove ili pojedince koji tra\u017ee kvalitetan stan blizu mora<\/p>\n<p>\ud83d\udcb0 Cena: 105.000\u20ac<\/p>\n<p>\ud83d\udcde Za vi\u0161e informacija ili zakazivanje razgledanja, kontaktirajte nas.<\/p>\n","protected":false},"excerpt":{"rendered":"<p>\ud83c\udf05 Na prodaju stan sa prelepim pogledom na more i Olimp \u2013 Pla\u017ea Leptokarija<br \/>\nJedinstvena prilika! Na prodaju je svetao i prelep stan povr\u0161ine 31 m\u00b2, na 2. spratu, u srcu Pla\u017ee Leptokarija, samo 80 metara od mora. <\/p>\n<p>\ud83d\udd39 Karakteristike nekretnine:<\/p>\n<p>Prostrana dnevna soba sa izlazom na dva velika balkona<\/p>\n<p>Prelep pogled na besprekorno more i veli\u010danstveni Olimp<\/p>\n<p>Potpuno name\u0161ten i opremljen, uklju\u010duju\u0107i sve elektri\u010dne ure\u0111aje<\/p>\n<p>Moderni unutra\u0161nji dizajn i kvalitetni materijali<\/p>\n<p>Samostalno grejanje na naftu<\/p>\n<p>Klimatizacija (A\/C) za udobnost tokom cele godine<\/p>\n<p>Suncobrani na balkonima za za\u0161titu od sunca<\/p>\n<p>Dostupan parking<\/p>\n<p>\ud83d\udccd Stan se nalazi na izuzetnoj lokaciji, u blizini ure\u0111ene pla\u017ee, prodavnica, supermarketa i javnog prevoza.<\/p>\n<p>\ud83d\udca1 Idealno za:<\/p>\n<p>Letnji odmor<\/p>\n<p>Investiciju sa turisti\u010dkim prihodom (npr. Airbnb)<\/p>\n<p>Parove ili pojedince koji tra\u017ee kvalitetan stan blizu mora<\/p>\n<p>\ud83d\udcb0 Cena: 105.000\u20ac<\/p>\n<p>\ud83d\udcde Za vi\u0161e informacija ili zakazivanje razgledanja, kontaktirajte nas.<\/p>\n","protected":false},"featured_media":1821,"template":"","meta":[],"product_cat":[75,87],"product_tag":[],"yoast_head":"<!-- This site is optimized with the Yoast SEO plugin v22.8 - https:\/\/yoast.com\/wordpress\/plugins\/seo\/ -->\n<title>\ud83c\udf05 Na prodaju stan sa prelepim pogledom na more i Olimp \u2013 Pla\u017ea Leptokarija - Leptokaria Real Estate<\/title>\n<meta name=\"robots\" content=\"index, follow, max-snippet:-1, max-image-preview:large, max-video-preview:-1\" \/>\n<link rel=\"canonical\" href=\"https:\/\/leptokariarealestate.gr\/sr\/\u043f\u0440\u043e\u0438\u0437\u0432\u043e\u0434\/%f0%9f%8c%85-na-prodaju-stan-sa-prelepim-pogledom-na-more-i-olimp-plaza-leptokarija\/\" \/>\n<meta property=\"og:locale\" content=\"sr_RS\" \/>\n<meta property=\"og:type\" content=\"article\" \/>\n<meta property=\"og:title\" content=\"\ud83c\udf05 Na prodaju stan sa prelepim pogledom na more i Olimp \u2013 Pla\u017ea Leptokarija - Leptokaria Real Estate\" \/>\n<meta property=\"og:description\" content=\"\ud83c\udf05 Na prodaju stan sa prelepim pogledom na more i Olimp \u2013 Pla\u017ea Leptokarija Jedinstvena prilika! Na prodaju je svetao i prelep stan povr\u0161ine 31 m\u00b2, na 2. spratu, u srcu Pla\u017ee Leptokarija, samo 80 metara od mora.  \ud83d\udd39 Karakteristike nekretnine: Prostrana dnevna soba sa izlazom na dva velika balkona Prelep pogled na besprekorno more i veli\u010danstveni Olimp Potpuno name\u0161ten i opremljen, uklju\u010duju\u0107i sve elektri\u010dne ure\u0111aje Moderni unutra\u0161nji dizajn i kvalitetni materijali Samostalno grejanje na naftu Klimatizacija (A\/C) za udobnost tokom cele godine Suncobrani na balkonima za za\u0161titu od sunca Dostupan parking \ud83d\udccd Stan se nalazi na izuzetnoj lokaciji, u blizini ure\u0111ene pla\u017ee, prodavnica, supermarketa i javnog prevoza. \ud83d\udca1 Idealno za: Letnji odmor Investiciju sa turisti\u010dkim prihodom (npr. Airbnb) Parove ili pojedince koji tra\u017ee kvalitetan stan blizu mora \ud83d\udcb0 Cena: 105.000\u20ac \ud83d\udcde Za vi\u0161e informacija ili zakazivanje razgledanja, kontaktirajte nas.\" \/>\n<meta property=\"og:url\" content=\"https:\/\/leptokariarealestate.gr\/sr\/\u043f\u0440\u043e\u0438\u0437\u0432\u043e\u0434\/%f0%9f%8c%85-na-prodaju-stan-sa-prelepim-pogledom-na-more-i-olimp-plaza-leptokarija\/\" \/>\n<meta property=\"og:site_name\" content=\"Leptokaria Real Estate\" \/>\n<meta property=\"article:publisher\" content=\"https:\/\/www.facebook.com\/jannis.karakitsios\" \/>\n<meta property=\"og:image\" content=\"https:\/\/leptokariarealestate.gr\/wp-content\/uploads\/2025\/05\/viber_image_2023-09-02_20-10-32-866.jpg\" \/>\n\t<meta property=\"og:image:width\" content=\"1197\" \/>\n\t<meta property=\"og:image:height\" content=\"1600\" \/>\n\t<meta property=\"og:image:type\" content=\"image\/jpeg\" \/>\n<meta name=\"twitter:card\" content=\"summary_large_image\" \/>\n<meta name=\"twitter:label1\" content=\"\u041f\u0440\u043e\u0446\u0435\u045a\u0435\u043d\u043e \u0432\u0440\u0435\u043c\u0435 \u0447\u0438\u0442\u0430\u045a\u0430\" \/>\n\t<meta name=\"twitter:data1\" content=\"1 \u043c\u0438\u043d\u0443\u0442\" \/>\n<script type=\"application\/ld+json\" class=\"yoast-schema-graph\">{\"@context\":\"https:\/\/schema.org\",\"@graph\":[{\"@type\":\"WebPage\",\"@id\":\"https:\/\/leptokariarealestate.gr\/sr\/\u043f\u0440\u043e\u0438\u0437\u0432\u043e\u0434\/%f0%9f%8c%85-na-prodaju-stan-sa-prelepim-pogledom-na-more-i-olimp-plaza-leptokarija\/\",\"url\":\"https:\/\/leptokariarealestate.gr\/sr\/\u043f\u0440\u043e\u0438\u0437\u0432\u043e\u0434\/%f0%9f%8c%85-na-prodaju-stan-sa-prelepim-pogledom-na-more-i-olimp-plaza-leptokarija\/\",\"name\":\"\ud83c\udf05 Na prodaju stan sa prelepim pogledom na more i Olimp \u2013 Pla\u017ea Leptokarija - Leptokaria Real Estate\",\"isPartOf\":{\"@id\":\"https:\/\/leptokariarealestate.gr\/sr\/#website\"},\"primaryImageOfPage\":{\"@id\":\"https:\/\/leptokariarealestate.gr\/sr\/\u043f\u0440\u043e\u0438\u0437\u0432\u043e\u0434\/%f0%9f%8c%85-na-prodaju-stan-sa-prelepim-pogledom-na-more-i-olimp-plaza-leptokarija\/#primaryimage\"},\"image\":{\"@id\":\"https:\/\/leptokariarealestate.gr\/sr\/\u043f\u0440\u043e\u0438\u0437\u0432\u043e\u0434\/%f0%9f%8c%85-na-prodaju-stan-sa-prelepim-pogledom-na-more-i-olimp-plaza-leptokarija\/#primaryimage\"},\"thumbnailUrl\":\"https:\/\/leptokariarealestate.gr\/wp-content\/uploads\/2025\/05\/viber_image_2023-09-02_20-10-32-866.jpg\",\"datePublished\":\"2025-05-16T08:12:02+00:00\",\"dateModified\":\"2025-05-16T08:12:02+00:00\",\"breadcrumb\":{\"@id\":\"https:\/\/leptokariarealestate.gr\/sr\/\u043f\u0440\u043e\u0438\u0437\u0432\u043e\u0434\/%f0%9f%8c%85-na-prodaju-stan-sa-prelepim-pogledom-na-more-i-olimp-plaza-leptokarija\/#breadcrumb\"},\"inLanguage\":\"sr-RS\",\"potentialAction\":[{\"@type\":\"ReadAction\",\"target\":[\"https:\/\/leptokariarealestate.gr\/sr\/\u043f\u0440\u043e\u0438\u0437\u0432\u043e\u0434\/%f0%9f%8c%85-na-prodaju-stan-sa-prelepim-pogledom-na-more-i-olimp-plaza-leptokarija\/\"]}]},{\"@type\":\"ImageObject\",\"inLanguage\":\"sr-RS\",\"@id\":\"https:\/\/leptokariarealestate.gr\/sr\/\u043f\u0440\u043e\u0438\u0437\u0432\u043e\u0434\/%f0%9f%8c%85-na-prodaju-stan-sa-prelepim-pogledom-na-more-i-olimp-plaza-leptokarija\/#primaryimage\",\"url\":\"https:\/\/leptokariarealestate.gr\/wp-content\/uploads\/2025\/05\/viber_image_2023-09-02_20-10-32-866.jpg\",\"contentUrl\":\"https:\/\/leptokariarealestate.gr\/wp-content\/uploads\/2025\/05\/viber_image_2023-09-02_20-10-32-866.jpg\",\"width\":1197,\"height\":1600},{\"@type\":\"BreadcrumbList\",\"@id\":\"https:\/\/leptokariarealestate.gr\/sr\/\u043f\u0440\u043e\u0438\u0437\u0432\u043e\u0434\/%f0%9f%8c%85-na-prodaju-stan-sa-prelepim-pogledom-na-more-i-olimp-plaza-leptokarija\/#breadcrumb\",\"itemListElement\":[{\"@type\":\"ListItem\",\"position\":1,\"name\":\"\u041d\u0435\u043a\u0440\u0435\u0442\u043d\u0438\u043d\u0435\",\"item\":\"https:\/\/leptokariarealestate.gr\/sr\/%d0%bd%d0%b5%d0%ba%d1%80%d0%b5%d1%82%d0%bd%d0%b8%d0%bd%d0%b5\/\"},{\"@type\":\"ListItem\",\"position\":2,\"name\":\"\ud83c\udf05 Na prodaju stan sa prelepim pogledom na more i Olimp \u2013 Pla\u017ea Leptokarija\"}]},{\"@type\":\"WebSite\",\"@id\":\"https:\/\/leptokariarealestate.gr\/sr\/#website\",\"url\":\"https:\/\/leptokariarealestate.gr\/sr\/\",\"name\":\"Leptokaria Real Estate\",\"description\":\"\",\"publisher\":{\"@id\":\"https:\/\/leptokariarealestate.gr\/sr\/#organization\"},\"potentialAction\":[{\"@type\":\"SearchAction\",\"target\":{\"@type\":\"EntryPoint\",\"urlTemplate\":\"https:\/\/leptokariarealestate.gr\/sr\/?s={search_term_string}\"},\"query-input\":\"required name=search_term_string\"}],\"inLanguage\":\"sr-RS\"},{\"@type\":\"Organization\",\"@id\":\"https:\/\/leptokariarealestate.gr\/sr\/#organization\",\"name\":\"Leptokaria Real Estate\",\"url\":\"https:\/\/leptokariarealestate.gr\/sr\/\",\"logo\":{\"@type\":\"ImageObject\",\"inLanguage\":\"sr-RS\",\"@id\":\"https:\/\/leptokariarealestate.gr\/sr\/#\/schema\/logo\/image\/\",\"url\":\"https:\/\/leptokariarealestate.gr\/wp-content\/uploads\/2024\/03\/Leptokaria-Real-Estate-Logo.svg\",\"contentUrl\":\"https:\/\/leptokariarealestate.gr\/wp-content\/uploads\/2024\/03\/Leptokaria-Real-Estate-Logo.svg\",\"width\":113,\"height\":59,\"caption\":\"Leptokaria Real Estate\"},\"image\":{\"@id\":\"https:\/\/leptokariarealestate.gr\/sr\/#\/schema\/logo\/image\/\"},\"sameAs\":[\"https:\/\/www.facebook.com\/jannis.karakitsios\"]}]}<\/script>\n<!-- \/ Yoast SEO plugin. -->","yoast_head_json":{"title":"\ud83c\udf05 Na prodaju stan sa prelepim pogledom na more i Olimp \u2013 Pla\u017ea Leptokarija - Leptokaria Real Estate","robots":{"index":"index","follow":"follow","max-snippet":"max-snippet:-1","max-image-preview":"max-image-preview:large","max-video-preview":"max-video-preview:-1"},"canonical":"https:\/\/leptokariarealestate.gr\/sr\/\u043f\u0440\u043e\u0438\u0437\u0432\u043e\u0434\/%f0%9f%8c%85-na-prodaju-stan-sa-prelepim-pogledom-na-more-i-olimp-plaza-leptokarija\/","og_locale":"sr_RS","og_type":"article","og_title":"\ud83c\udf05 Na prodaju stan sa prelepim pogledom na more i Olimp \u2013 Pla\u017ea Leptokarija - Leptokaria Real Estate","og_description":"\ud83c\udf05 Na prodaju stan sa prelepim pogledom na more i Olimp \u2013 Pla\u017ea Leptokarija Jedinstvena prilika! Na prodaju je svetao i prelep stan povr\u0161ine 31 m\u00b2, na 2. spratu, u srcu Pla\u017ee Leptokarija, samo 80 metara od mora.  \ud83d\udd39 Karakteristike nekretnine: Prostrana dnevna soba sa izlazom na dva velika balkona Prelep pogled na besprekorno more i veli\u010danstveni Olimp Potpuno name\u0161ten i opremljen, uklju\u010duju\u0107i sve elektri\u010dne ure\u0111aje Moderni unutra\u0161nji dizajn i kvalitetni materijali Samostalno grejanje na naftu Klimatizacija (A\/C) za udobnost tokom cele godine Suncobrani na balkonima za za\u0161titu od sunca Dostupan parking \ud83d\udccd Stan se nalazi na izuzetnoj lokaciji, u blizini ure\u0111ene pla\u017ee, prodavnica, supermarketa i javnog prevoza. \ud83d\udca1 Idealno za: Letnji odmor Investiciju sa turisti\u010dkim prihodom (npr. Airbnb) Parove ili pojedince koji tra\u017ee kvalitetan stan blizu mora \ud83d\udcb0 Cena: 105.000\u20ac \ud83d\udcde Za vi\u0161e informacija ili zakazivanje razgledanja, kontaktirajte nas.","og_url":"https:\/\/leptokariarealestate.gr\/sr\/\u043f\u0440\u043e\u0438\u0437\u0432\u043e\u0434\/%f0%9f%8c%85-na-prodaju-stan-sa-prelepim-pogledom-na-more-i-olimp-plaza-leptokarija\/","og_site_name":"Leptokaria Real Estate","article_publisher":"https:\/\/www.facebook.com\/jannis.karakitsios","og_image":[{"width":1197,"height":1600,"url":"https:\/\/leptokariarealestate.gr\/wp-content\/uploads\/2025\/05\/viber_image_2023-09-02_20-10-32-866.jpg","type":"image\/jpeg"}],"twitter_card":"summary_large_image","twitter_misc":{"\u041f\u0440\u043e\u0446\u0435\u045a\u0435\u043d\u043e \u0432\u0440\u0435\u043c\u0435 \u0447\u0438\u0442\u0430\u045a\u0430":"1 \u043c\u0438\u043d\u0443\u0442"},"schema":{"@context":"https:\/\/schema.org","@graph":[{"@type":"WebPage","@id":"https:\/\/leptokariarealestate.gr\/sr\/\u043f\u0440\u043e\u0438\u0437\u0432\u043e\u0434\/%f0%9f%8c%85-na-prodaju-stan-sa-prelepim-pogledom-na-more-i-olimp-plaza-leptokarija\/","url":"https:\/\/leptokariarealestate.gr\/sr\/\u043f\u0440\u043e\u0438\u0437\u0432\u043e\u0434\/%f0%9f%8c%85-na-prodaju-stan-sa-prelepim-pogledom-na-more-i-olimp-plaza-leptokarija\/","name":"\ud83c\udf05 Na prodaju stan sa prelepim pogledom na more i Olimp \u2013 Pla\u017ea Leptokarija - Leptokaria Real Estate","isPartOf":{"@id":"https:\/\/leptokariarealestate.gr\/sr\/#website"},"primaryImageOfPage":{"@id":"https:\/\/leptokariarealestate.gr\/sr\/\u043f\u0440\u043e\u0438\u0437\u0432\u043e\u0434\/%f0%9f%8c%85-na-prodaju-stan-sa-prelepim-pogledom-na-more-i-olimp-plaza-leptokarija\/#primaryimage"},"image":{"@id":"https:\/\/leptokariarealestate.gr\/sr\/\u043f\u0440\u043e\u0438\u0437\u0432\u043e\u0434\/%f0%9f%8c%85-na-prodaju-stan-sa-prelepim-pogledom-na-more-i-olimp-plaza-leptokarija\/#primaryimage"},"thumbnailUrl":"https:\/\/leptokariarealestate.gr\/wp-content\/uploads\/2025\/05\/viber_image_2023-09-02_20-10-32-866.jpg","datePublished":"2025-05-16T08:12:02+00:00","dateModified":"2025-05-16T08:12:02+00:00","breadcrumb":{"@id":"https:\/\/leptokariarealestate.gr\/sr\/\u043f\u0440\u043e\u0438\u0437\u0432\u043e\u0434\/%f0%9f%8c%85-na-prodaju-stan-sa-prelepim-pogledom-na-more-i-olimp-plaza-leptokarija\/#breadcrumb"},"inLanguage":"sr-RS","potentialAction":[{"@type":"ReadAction","target":["https:\/\/leptokariarealestate.gr\/sr\/\u043f\u0440\u043e\u0438\u0437\u0432\u043e\u0434\/%f0%9f%8c%85-na-prodaju-stan-sa-prelepim-pogledom-na-more-i-olimp-plaza-leptokarija\/"]}]},{"@type":"ImageObject","inLanguage":"sr-RS","@id":"https:\/\/leptokariarealestate.gr\/sr\/\u043f\u0440\u043e\u0438\u0437\u0432\u043e\u0434\/%f0%9f%8c%85-na-prodaju-stan-sa-prelepim-pogledom-na-more-i-olimp-plaza-leptokarija\/#primaryimage","url":"https:\/\/leptokariarealestate.gr\/wp-content\/uploads\/2025\/05\/viber_image_2023-09-02_20-10-32-866.jpg","contentUrl":"https:\/\/leptokariarealestate.gr\/wp-content\/uploads\/2025\/05\/viber_image_2023-09-02_20-10-32-866.jpg","width":1197,"height":1600},{"@type":"BreadcrumbList","@id":"https:\/\/leptokariarealestate.gr\/sr\/\u043f\u0440\u043e\u0438\u0437\u0432\u043e\u0434\/%f0%9f%8c%85-na-prodaju-stan-sa-prelepim-pogledom-na-more-i-olimp-plaza-leptokarija\/#breadcrumb","itemListElement":[{"@type":"ListItem","position":1,"name":"\u041d\u0435\u043a\u0440\u0435\u0442\u043d\u0438\u043d\u0435","item":"https:\/\/leptokariarealestate.gr\/sr\/%d0%bd%d0%b5%d0%ba%d1%80%d0%b5%d1%82%d0%bd%d0%b8%d0%bd%d0%b5\/"},{"@type":"ListItem","position":2,"name":"\ud83c\udf05 Na prodaju stan sa prelepim pogledom na more i Olimp \u2013 Pla\u017ea Leptokarija"}]},{"@type":"WebSite","@id":"https:\/\/leptokariarealestate.gr\/sr\/#website","url":"https:\/\/leptokariarealestate.gr\/sr\/","name":"Leptokaria Real Estate","description":"","publisher":{"@id":"https:\/\/leptokariarealestate.gr\/sr\/#organization"},"potentialAction":[{"@type":"SearchAction","target":{"@type":"EntryPoint","urlTemplate":"https:\/\/leptokariarealestate.gr\/sr\/?s={search_term_string}"},"query-input":"required name=search_term_string"}],"inLanguage":"sr-RS"},{"@type":"Organization","@id":"https:\/\/leptokariarealestate.gr\/sr\/#organization","name":"Leptokaria Real Estate","url":"https:\/\/leptokariarealestate.gr\/sr\/","logo":{"@type":"ImageObject","inLanguage":"sr-RS","@id":"https:\/\/leptokariarealestate.gr\/sr\/#\/schema\/logo\/image\/","url":"https:\/\/leptokariarealestate.gr\/wp-content\/uploads\/2024\/03\/Leptokaria-Real-Estate-Logo.svg","contentUrl":"https:\/\/leptokariarealestate.gr\/wp-content\/uploads\/2024\/03\/Leptokaria-Real-Estate-Logo.svg","width":113,"height":59,"caption":"Leptokaria Real Estate"},"image":{"@id":"https:\/\/leptokariarealestate.gr\/sr\/#\/schema\/logo\/image\/"},"sameAs":["https:\/\/www.facebook.com\/jannis.karakitsios"]}]}},"_links":{"self":[{"href":"https:\/\/leptokariarealestate.gr\/sr\/wp-json\/wp\/v2\/product\/1824"}],"collection":[{"href":"https:\/\/leptokariarealestate.gr\/sr\/wp-json\/wp\/v2\/product"}],"about":[{"href":"https:\/\/leptokariarealestate.gr\/sr\/wp-json\/wp\/v2\/types\/product"}],"wp:featuredmedia":[{"embeddable":true,"href":"https:\/\/leptokariarealestate.gr\/sr\/wp-json\/wp\/v2\/media\/1821"}],"wp:attachment":[{"href":"https:\/\/leptokariarealestate.gr\/sr\/wp-json\/wp\/v2\/media?parent=1824"}],"wp:term":[{"taxonomy":"product_cat","embeddable":true,"href":"https:\/\/leptokariarealestate.gr\/sr\/wp-json\/wp\/v2\/product_cat?post=1824"},{"taxonomy":"product_tag","embeddable":true,"href":"https:\/\/leptokariarealestate.gr\/sr\/wp-json\/wp\/v2\/product_tag?post=1824"}],"curies":[{"name":"wp","href":"https:\/\/api.w.org\/{rel}","templated":true}]}}